{"id":5128,"date":"2021-12-24T09:50:38","date_gmt":"2021-12-24T09:50:38","guid":{"rendered":"http:\/\/linkseride.com\/?post_type=product&#038;p=5128"},"modified":"2022-04-09T06:18:11","modified_gmt":"2022-04-09T06:18:11","slug":"60v25ah-m6-m6g-golf-scooter-battery","status":"publish","type":"product","link":"https:\/\/www.linkseride.com\/es_co\/product\/60v25ah-m6-m6g-golf-scooter-battery\/","title":{"rendered":"Bater\u00eda extra\u00edble para scooter de golf 60 V, 25 Ah, M6, M6G"},"content":{"rendered":"<h6>Linkseride 60V25Ah M6 M6G Golf Scooter Battery Removable Battery<\/h6>\n<p>&nbsp;<\/p>\n<p>Bater\u00eda de litio Quick Swap de 30 Ah: 60 V, capacidad de 30 Ah.<br \/>\n1. Compatibilidad: aplicable a motores de scooter de 1500 W, 2000 W y 3000 W.<br \/>\n2. CE RoHS UN38.3 MSDS<br \/>\n3. Env\u00edo desde nuestro almac\u00e9n en EE. UU. y la UE, entrega a domicilio en 5-7 d\u00edas.<\/p>\n<p>&nbsp;<\/p>\n<p>Voltaje de carga: 67,2 V Voltaje nominal: 60 V<br \/>\nPeso del paquete de bater\u00edas: aproximadamente 8,5 kg.<br \/>\nEntrada: 110 V-240 V<br \/>\nCapacidad: mejorada a 30 Ah \/ 40 Ah<br \/>\nCorriente de descarga: 40 A \/ 50 A<br \/>\nTipo de bater\u00eda: bater\u00eda recargable de iones de litio.<br \/>\nVoltaje de salida: 40-67,2 V CC<br \/>\nCorriente de carga: 5 A<br \/>\nCorriente de carga: est\u00e1ndar 5 A, m\u00e1xima 8,5 A.<br \/>\nVida \u00fatil del producto: Ciclo de vida M\u00e1s de 1000 veces, DOD a 80%<br \/>\nTemperatura de carga: 0~45 \u00b0C<br \/>\nTemperatura de descarga: -20~60 \u00b0C<br \/>\nTemperatura de almacenamiento: -20~45 \u00b0C<\/p>\n<p>&nbsp;<\/p>\n<h6>Charging of the Scooter Battery\uff1a<\/h6>\n<p>\u2022 Se necesitan entre 5 y 6 horas para cargar completamente una bater\u00eda de 30 Ah que est\u00e9 totalmente descargada.<br \/>\n\u2022 Utilice siempre el cargador original que le proporcionamos junto con el paquete para cargar la bater\u00eda.<br \/>\n\u2022 Carga primero la bater\u00eda una vez que tengas tus scooters.<br \/>\n\u2022 Almacenamiento: cargue o descargue la bater\u00eda hasta aproximadamente el 80 % de su capacidad antes de almacenarla. Cargue la bater\u00eda hasta aproximadamente el 80 % de su capacidad al menos una vez cada tres meses. Almacene la bater\u00eda a temperaturas entre 5 \u00b0C y 20 \u00b0C (41 \u00b0F y 68 \u00b0F). El puerto de descarga y el puerto de carga deben estar limpios en todo momento.<\/p>\n<h6>Precauciones de manejo:<\/h6>\n<p>\u2022 No desarme, aplaste ni perfore una bater\u00eda.<br \/>\n\u2022 No cortocircuite los contactos externos de una bater\u00eda.<br \/>\n\u2022 No deseche las bater\u00edas en el fuego ni en el agua.<br \/>\n\u2022 No exponga la bater\u00eda a temperaturas superiores a 60 \u00b0C (140 \u00b0F).<br \/>\n\u2022 Mantenga la bater\u00eda fuera del alcance de los ni\u00f1os.<br \/>\n\u2022 Evite exponer la bater\u00eda a golpes o vibraciones excesivas. No utilice una bater\u00eda da\u00f1ada.<\/p>\n<h6>Transporte:<\/h6>\n<p>Verifique siempre todas las regulaciones locales, nacionales e internacionales aplicables antes de transportar productos con bater\u00edas de iones de litio. Cont\u00e1ctenos para obtener m\u00e1s detalles antes de realizar un pedido.<\/p>\n<p>Quick check here for videos:<\/p>\n<div class=\"ast-oembed-container\" style=\"height: 100%;\"><iframe title=\"Fat Tire Electric Golf Scooter-Make Golf More Fun with Single Rider Golf Scooter Cart\" width=\"500\" height=\"281\" src=\"https:\/\/www.youtube.com\/embed\/zLcRpmkIKAw?feature=oembed\" frameborder=\"0\" allow=\"accelerometer; autoplay; clipboard-write; encrypted-media; gyroscope; picture-in-picture; web-share\" referrerpolicy=\"strict-origin-when-cross-origin\" allowfullscreen><\/iframe><\/div>\n<p class=\"p1\"><span class=\"s1\">M\u00e1s videos en nuestro canal de Youtube: <a href=\"https:\/\/www.youtube.com\/c\/LinksErideTech\" target=\"_blank\" rel=\"noopener\"><span class=\"s2\">https:\/\/www.youtube.com\/c\/LinksErideTech<\/span><\/a><\/span><\/p>\n<p>Si est\u00e1s buscando otros repuestos para las patinetas con llantas gruesas, consulta aqu\u00ed: <a href=\"https:\/\/www.linkseride.com\/es_co\/fat-tire-scooter-accessories-scooter-parts\/\" target=\"_blank\" rel=\"noopener\">http:\/\/linkseride.com\/fat-tire-scooter-accessories-scooter-parts\/<\/a><\/p>","protected":false},"excerpt":{"rendered":"<p>\u25cf 60V25Ah M6 M6G Golf Scooter Battery Removable Battery<\/p>\n<p class=\"p1\"><span class=\"s1\">\u25cf<\/span><span class=\"s2\"> <b>Ajuste:<\/b> Aplicable a motores de scooter de 1500 W, 2000 W y 3000 W.<\/span><\/p>\n<p class=\"p1\"><span class=\"s1\">\u25cf<\/span><span class=\"s2\"> <b>Existencias en almac\u00e9n:<\/b> Modelo M1P\/M2\/M8 patineta con llantas gruesas Disponible en almacenes de EE. UU. y la UE<\/span><\/p>","protected":false},"featured_media":5129,"template":"","meta":{"site-sidebar-layout":"default","site-content-layout":"default","ast-site-content-layout":"default","site-content-style":"default","site-sidebar-style":"default","ast-global-header-display":"","ast-banner-title-visibility":"","ast-main-header-display":"","ast-hfb-above-header-display":"","ast-hfb-below-header-display":"","ast-hfb-mobile-header-display":"","site-post-title":"","ast-breadcrumbs-content":"","ast-featured-img":"","footer-sml-layout":"","ast-disable-related-posts":"","theme-transparent-header-meta":"default","adv-header-id-meta":"","stick-header-meta":"","header-above-stick-meta":"","header-main-stick-meta":"","header-below-stick-meta":"","astra-migrate-meta-layouts":"default","ast-page-background-enabled":"default","ast-page-background-meta":{"desktop":{"background-color":"","background-image":"","background-repeat":"repeat","background-position":"center center","background-size":"auto","background-attachment":"scroll","background-type":"","background-media":"","overlay-type":"","overlay-color":"","overlay-opacity":"","overlay-gradient":""},"tablet":{"background-color":"","background-image":"","background-repeat":"repeat","background-position":"center center","background-size":"auto","background-attachment":"scroll","background-type":"","background-media":"","overlay-type":"","overlay-color":"","overlay-opacity":"","overlay-gradient":""},"mobile":{"background-color":"","background-image":"","background-repeat":"repeat","background-position":"center center","background-size":"auto","background-attachment":"scroll","background-type":"","background-media":"","overlay-type":"","overlay-color":"","overlay-opacity":"","overlay-gradient":""}},"ast-content-background-meta":{"desktop":{"background-color":"var(--ast-global-color-5)","background-image":"","background-repeat":"repeat","background-position":"center center","background-size":"auto","background-attachment":"scroll","background-type":"","background-media":"","overlay-type":"","overlay-color":"","overlay-opacity":"","overlay-gradient":""},"tablet":{"background-color":"var(--ast-global-color-5)","background-image":"","background-repeat":"repeat","background-position":"center center","background-size":"auto","background-attachment":"scroll","background-type":"","background-media":"","overlay-type":"","overlay-color":"","overlay-opacity":"","overlay-gradient":""},"mobile":{"background-color":"var(--ast-global-color-5)","background-image":"","background-repeat":"repeat","background-position":"center center","background-size":"auto","background-attachment":"scroll","background-type":"","background-media":"","overlay-type":"","overlay-color":"","overlay-opacity":"","overlay-gradient":""}}},"product_brand":[],"product_cat":[15],"product_tag":[],"class_list":{"0":"post-5128","1":"product","2":"type-product","3":"status-publish","4":"has-post-thumbnail","6":"product_cat-uncategorized","7":"desktop-align-left","8":"tablet-align-left","9":"mobile-align-left","11":"first","12":"instock","13":"shipping-taxable","14":"product-type-simple"},"_links":{"self":[{"href":"https:\/\/www.linkseride.com\/es_co\/wp-json\/wp\/v2\/product\/5128","targetHints":{"allow":["GET"]}}],"collection":[{"href":"https:\/\/www.linkseride.com\/es_co\/wp-json\/wp\/v2\/product"}],"about":[{"href":"https:\/\/www.linkseride.com\/es_co\/wp-json\/wp\/v2\/types\/product"}],"wp:featuredmedia":[{"embeddable":true,"href":"https:\/\/www.linkseride.com\/es_co\/wp-json\/wp\/v2\/media\/5129"}],"wp:attachment":[{"href":"https:\/\/www.linkseride.com\/es_co\/wp-json\/wp\/v2\/media?parent=5128"}],"wp:term":[{"taxonomy":"product_brand","embeddable":true,"href":"https:\/\/www.linkseride.com\/es_co\/wp-json\/wp\/v2\/product_brand?post=5128"},{"taxonomy":"product_cat","embeddable":true,"href":"https:\/\/www.linkseride.com\/es_co\/wp-json\/wp\/v2\/product_cat?post=5128"},{"taxonomy":"product_tag","embeddable":true,"href":"https:\/\/www.linkseride.com\/es_co\/wp-json\/wp\/v2\/product_tag?post=5128"}],"curies":[{"name":"wp","href":"https:\/\/api.w.org\/{rel}","templated":true}]}}