{"id":6597,"date":"2022-04-18T13:25:24","date_gmt":"2022-04-18T13:25:24","guid":{"rendered":"http:\/\/linkseride.com\/?post_type=product&#038;p=6597"},"modified":"2026-01-07T07:32:46","modified_gmt":"2026-01-07T07:32:46","slug":"linkseride-x7-patineta-de-golf-de-3-ruedas","status":"publish","type":"product","link":"https:\/\/www.linkseride.com\/es_co\/product\/linkseride-x7-3-wheel-golf-scooter\/","title":{"rendered":"Linkseride X7 Scooter el\u00e9ctrico de golf de 3 ruedas Scooter triciclo el\u00e9ctrico"},"content":{"rendered":"<h2>Linkseride X7 Scooter de golf de 3 ruedas Carrito de golf para un solo pasajero<\/h2>\n<p>Nos apasiona lo que estamos haciendo con nuestro futuro el\u00e9ctrico, incluyendo <strong>patinetes el\u00e9ctricos, <a href=\"https:\/\/www.linkseride.com\/es_co\/fabricante-de-motocicletas-electricas\/\" target=\"_blank\" rel=\"noopener\">patineta con llantas gruesas<\/a>, <a href=\"https:\/\/www.linkseride.com\/es_co\/fabricante-de-motocicletas-electricas\/\" target=\"_blank\" rel=\"noopener\">patineta citycoco<\/a>, <a href=\"https:\/\/www.linkseride.com\/es_co\/fabricante-de-ciclomotores-electricos\/\" target=\"_blank\" rel=\"noopener\">ciclomotor el\u00e9ctrico<\/a><\/strong> y dem\u00e1s.<\/p>\n<p>This X7 3 wheel gold scooter is an upgrade of the X7 two-wheel golf scooter. We are now offering different rear rack options for you to choose from. We can do:<\/p>\n<ol>\n<li>option 1: with 2 seats and simple golf rack<\/li>\n<li>option 2: with 1 seat plus storage cage and golf rack<\/li>\n<\/ol>\n<p>For detailes or OEM needs, please contact our sales team. email:<a href=\"mailto:info@linkseride.com\"> info@linkseride.com<\/a><\/p>\n<div id='gallery-1' class='gallery galleryid-6597 gallery-columns-3 gallery-size-full'><figure class='gallery-item'>\n\t\t\t<div class='gallery-icon landscape'>\n\t\t\t\t<img fetchpriority=\"high\" decoding=\"async\" width=\"800\" height=\"533\" src=\"https:\/\/www.linkseride.com\/wp-content\/uploads\/2022\/04\/3-wheel-golf-scooter-1.jpg\" class=\"attachment-full size-full\" alt=\"Scooter de golf de 3 ruedas\" srcset=\"https:\/\/www.linkseride.com\/wp-content\/uploads\/2022\/04\/3-wheel-golf-scooter-1.jpg 800w, https:\/\/www.linkseride.com\/wp-content\/uploads\/2022\/04\/3-wheel-golf-scooter-1-300x200.jpg 300w, https:\/\/www.linkseride.com\/wp-content\/uploads\/2022\/04\/3-wheel-golf-scooter-1-768x512.jpg 768w, https:\/\/www.linkseride.com\/wp-content\/uploads\/2022\/04\/3-wheel-golf-scooter-1-18x12.jpg 18w, https:\/\/www.linkseride.com\/wp-content\/uploads\/2022\/04\/3-wheel-golf-scooter-1-600x400.jpg 600w\" sizes=\"(max-width: 800px) 100vw, 800px\" \/>\n\t\t\t<\/div><\/figure><figure class='gallery-item'>\n\t\t\t<div class='gallery-icon landscape'>\n\t\t\t\t<img decoding=\"async\" width=\"800\" height=\"533\" src=\"https:\/\/www.linkseride.com\/wp-content\/uploads\/2022\/04\/3-wheel-golf-scooter-2.jpg\" class=\"attachment-full size-full\" alt=\"Scooter de golf de 3 ruedas\" srcset=\"https:\/\/www.linkseride.com\/wp-content\/uploads\/2022\/04\/3-wheel-golf-scooter-2.jpg 800w, https:\/\/www.linkseride.com\/wp-content\/uploads\/2022\/04\/3-wheel-golf-scooter-2-300x200.jpg 300w, https:\/\/www.linkseride.com\/wp-content\/uploads\/2022\/04\/3-wheel-golf-scooter-2-768x512.jpg 768w, https:\/\/www.linkseride.com\/wp-content\/uploads\/2022\/04\/3-wheel-golf-scooter-2-18x12.jpg 18w, https:\/\/www.linkseride.com\/wp-content\/uploads\/2022\/04\/3-wheel-golf-scooter-2-600x400.jpg 600w\" sizes=\"(max-width: 800px) 100vw, 800px\" \/>\n\t\t\t<\/div><\/figure><figure class='gallery-item'>\n\t\t\t<div class='gallery-icon landscape'>\n\t\t\t\t<img decoding=\"async\" width=\"800\" height=\"533\" src=\"https:\/\/www.linkseride.com\/wp-content\/uploads\/2022\/04\/3-wheel-golf-scooter-4.jpg\" class=\"attachment-full size-full\" alt=\"Scooter de golf de 3 ruedas\" srcset=\"https:\/\/www.linkseride.com\/wp-content\/uploads\/2022\/04\/3-wheel-golf-scooter-4.jpg 800w, https:\/\/www.linkseride.com\/wp-content\/uploads\/2022\/04\/3-wheel-golf-scooter-4-300x200.jpg 300w, https:\/\/www.linkseride.com\/wp-content\/uploads\/2022\/04\/3-wheel-golf-scooter-4-768x512.jpg 768w, https:\/\/www.linkseride.com\/wp-content\/uploads\/2022\/04\/3-wheel-golf-scooter-4-18x12.jpg 18w, https:\/\/www.linkseride.com\/wp-content\/uploads\/2022\/04\/3-wheel-golf-scooter-4-600x400.jpg 600w\" sizes=\"(max-width: 800px) 100vw, 800px\" \/>\n\t\t\t<\/div><\/figure>\n\t\t<\/div>\n\n<div id='gallery-2' class='gallery galleryid-6597 gallery-columns-2 gallery-size-full'><figure class='gallery-item'>\n\t\t\t<div class='gallery-icon landscape'>\n\t\t\t\t<img loading=\"lazy\" decoding=\"async\" width=\"800\" height=\"533\" src=\"https:\/\/www.linkseride.com\/wp-content\/uploads\/2022\/04\/3-wheel-golf-scooter-5.jpg\" class=\"attachment-full size-full\" alt=\"Scooter de golf de 3 ruedas\" srcset=\"https:\/\/www.linkseride.com\/wp-content\/uploads\/2022\/04\/3-wheel-golf-scooter-5.jpg 800w, https:\/\/www.linkseride.com\/wp-content\/uploads\/2022\/04\/3-wheel-golf-scooter-5-300x200.jpg 300w, https:\/\/www.linkseride.com\/wp-content\/uploads\/2022\/04\/3-wheel-golf-scooter-5-768x512.jpg 768w, https:\/\/www.linkseride.com\/wp-content\/uploads\/2022\/04\/3-wheel-golf-scooter-5-18x12.jpg 18w, https:\/\/www.linkseride.com\/wp-content\/uploads\/2022\/04\/3-wheel-golf-scooter-5-600x400.jpg 600w\" sizes=\"(max-width: 800px) 100vw, 800px\" \/>\n\t\t\t<\/div><\/figure><figure class='gallery-item'>\n\t\t\t<div class='gallery-icon landscape'>\n\t\t\t\t<img loading=\"lazy\" decoding=\"async\" width=\"800\" height=\"533\" src=\"https:\/\/www.linkseride.com\/wp-content\/uploads\/2022\/04\/3-wheel-golf-scooter-3.jpg\" class=\"attachment-full size-full\" alt=\"Scooter de golf de 3 ruedas\" srcset=\"https:\/\/www.linkseride.com\/wp-content\/uploads\/2022\/04\/3-wheel-golf-scooter-3.jpg 800w, https:\/\/www.linkseride.com\/wp-content\/uploads\/2022\/04\/3-wheel-golf-scooter-3-300x200.jpg 300w, https:\/\/www.linkseride.com\/wp-content\/uploads\/2022\/04\/3-wheel-golf-scooter-3-768x512.jpg 768w, https:\/\/www.linkseride.com\/wp-content\/uploads\/2022\/04\/3-wheel-golf-scooter-3-18x12.jpg 18w, https:\/\/www.linkseride.com\/wp-content\/uploads\/2022\/04\/3-wheel-golf-scooter-3-600x400.jpg 600w\" sizes=\"(max-width: 800px) 100vw, 800px\" \/>\n\t\t\t<\/div><\/figure>\n\t\t<\/div>\n\n<h2>\u00bfCu\u00e1les son las caracter\u00edsticas de este scooter de golf de tres ruedas X7?<\/h2>\n<ul>\n<li>Motor el\u00e9ctrico de buje con potencia nominal de 2000 W.<\/li>\n<li><strong>60 V<\/strong>\u00a0<strong>Bater\u00eda de 20 Ah <\/strong>proporciona un alcance m\u00e1ximo de 35 millas<\/li>\n<li>Uso diferente con el patinete de tres ruedas, ya sea para adultos o como patinete de golf de tres ruedas.<\/li>\n<li>Opci\u00f3n de 2 asientos con material acolchado para mejorar la sensaci\u00f3n al conducir.<\/li>\n<li>La pantalla LCD muestra el veloc\u00edmetro, el kilometraje, el voltaje y el nivel de potencia.<\/li>\n<\/ul>\n<table>\n<tbody>\n<tr>\n<td>Potencia del motor<\/td>\n<td>2000 W<\/td>\n<\/tr>\n<tr>\n<td>Velocidad m\u00e1xima<\/td>\n<td>45 km\/h<\/td>\n<\/tr>\n<tr>\n<td>Alcance m\u00e1ximo<\/td>\n<td>60 km<\/td>\n<\/tr>\n<tr>\n<td>Capacidad de la bater\u00eda<\/td>\n<td>60 V, 20 Ah<\/td>\n<\/tr>\n<tr>\n<td>Material del armaz\u00f3n<\/td>\n<td>Tubo de acero sin soldadura<\/td>\n<\/tr>\n<tr>\n<td>Tama\u00f1o de los neum\u00e1ticos<\/td>\n<td>215\/40-8 sin c\u00e1mara<\/td>\n<\/tr>\n<tr>\n<td>Carga m\u00e1xima<\/td>\n<td>200 kg<\/td>\n<\/tr>\n<tr>\n<td>N.W\/G.W<\/td>\n<td>89 kg<\/td>\n<\/tr>\n<tr>\n<td>Otras caracter\u00edsticas<\/td>\n<td>Soporte para tel\u00e9fono con puerto USB<\/p>\n<p>Altavoz Bluetooth<\/p>\n<p>Bolsa de sill\u00edn<\/td>\n<\/tr>\n<\/tbody>\n<\/table>\n<h2>\u00bfPor qu\u00e9 elegir este tipo de scooter de golf para una persona?<\/h2>\n<p>Tambi\u00e9n tenemos otros modelos de scooters el\u00e9ctricos de golf para un solo pasajero. Si necesita m\u00e1s informaci\u00f3n, puede<a href=\"https:\/\/www.linkseride.com\/es_co\/fat-tire-golf-scooter-golf-cart-trouring\/\" target=\"_blank\" rel=\"noopener\"> Encu\u00e9ntralo aqu\u00ed.<\/a><\/p>\n<p>Aqu\u00ed puedes encontrar m\u00e1s videos de presentaci\u00f3n: <a href=\"https:\/\/www.youtube.com\/c\/LinksErideTech\" target=\"_blank\" rel=\"noopener\">https:\/\/www.youtube.com\/c\/LinksErideTech<\/a><\/p>\n<div class=\"ast-oembed-container\" style=\"height: 100%;\"><iframe title=\"X7 Three Wheeler Electric Scooter Tricycle Assembly Video\" width=\"500\" height=\"281\" src=\"https:\/\/www.youtube.com\/embed\/4ZWD6MGbfns?feature=oembed&#038;enablejsapi=1&#038;origin=https:\/\/www.linkseride.com\" frameborder=\"0\" allow=\"accelerometer; autoplay; clipboard-write; encrypted-media; gyroscope; picture-in-picture; web-share\" referrerpolicy=\"strict-origin-when-cross-origin\" allowfullscreen><\/iframe><\/div>","protected":false},"excerpt":{"rendered":"<p>\u25cf Scooter de golf X7 de 3 ruedas con motor el\u00e9ctrico en el cubo con una potencia nominal de 2000 W.<\/p>\n<p>\u25cf <strong>60 V<\/strong>\u00a0<strong>Bater\u00eda de 20 Ah <\/strong>proporciona un alcance m\u00e1ximo de 35 millas<\/p>\n<p>\u25cf Uso diferente con el scooter de tres ruedas, ya sea para adultos o como scooter de golf de tres ruedas.<\/p>\n<p>\u25cf Opci\u00f3n de 2 asientos con material acolchado para mejorar la sensaci\u00f3n al conducir.<\/p>\n<p>\u25cf La pantalla LCD muestra el veloc\u00edmetro, el kilometraje, el voltaje y el nivel de potencia.<\/p>","protected":false},"featured_media":6601,"template":"","meta":{"site-sidebar-layout":"default","site-content-layout":"default","ast-site-content-layout":"default","site-content-style":"default","site-sidebar-style":"default","ast-global-header-display":"","ast-banner-title-visibility":"","ast-main-header-display":"","ast-hfb-above-header-display":"","ast-hfb-below-header-display":"","ast-hfb-mobile-header-display":"","site-post-title":"","ast-breadcrumbs-content":"","ast-featured-img":"","footer-sml-layout":"","ast-disable-related-posts":"","theme-transparent-header-meta":"default","adv-header-id-meta":"","stick-header-meta":"","header-above-stick-meta":"","header-main-stick-meta":"","header-below-stick-meta":"","astra-migrate-meta-layouts":"set","ast-page-background-enabled":"default","ast-page-background-meta":{"desktop":{"background-color":"","background-image":"","background-repeat":"repeat","background-position":"center center","background-size":"auto","background-attachment":"scroll","background-type":"","background-media":"","overlay-type":"","overlay-color":"","overlay-opacity":"","overlay-gradient":""},"tablet":{"background-color":"","background-image":"","background-repeat":"repeat","background-position":"center center","background-size":"auto","background-attachment":"scroll","background-type":"","background-media":"","overlay-type":"","overlay-color":"","overlay-opacity":"","overlay-gradient":""},"mobile":{"background-color":"","background-image":"","background-repeat":"repeat","background-position":"center center","background-size":"auto","background-attachment":"scroll","background-type":"","background-media":"","overlay-type":"","overlay-color":"","overlay-opacity":"","overlay-gradient":""}},"ast-content-background-meta":{"desktop":{"background-color":"var(--ast-global-color-5)","background-image":"","background-repeat":"repeat","background-position":"center center","background-size":"auto","background-attachment":"scroll","background-type":"","background-media":"","overlay-type":"","overlay-color":"","overlay-opacity":"","overlay-gradient":""},"tablet":{"background-color":"var(--ast-global-color-5)","background-image":"","background-repeat":"repeat","background-position":"center center","background-size":"auto","background-attachment":"scroll","background-type":"","background-media":"","overlay-type":"","overlay-color":"","overlay-opacity":"","overlay-gradient":""},"mobile":{"background-color":"var(--ast-global-color-5)","background-image":"","background-repeat":"repeat","background-position":"center center","background-size":"auto","background-attachment":"scroll","background-type":"","background-media":"","overlay-type":"","overlay-color":"","overlay-opacity":"","overlay-gradient":""}}},"product_brand":[],"product_cat":[45],"product_tag":[38,47,48],"class_list":{"0":"post-6597","1":"product","2":"type-product","3":"status-publish","4":"has-post-thumbnail","6":"product_cat-electric-golf-scooter","7":"product_tag-citycoco-scooter","8":"product_tag-golf-scooter","9":"product_tag-single-rider-golf-scooter","10":"desktop-align-left","11":"tablet-align-left","12":"mobile-align-left","14":"first","15":"instock","16":"shipping-taxable","17":"product-type-simple"},"_links":{"self":[{"href":"https:\/\/www.linkseride.com\/es_co\/wp-json\/wp\/v2\/product\/6597","targetHints":{"allow":["GET"]}}],"collection":[{"href":"https:\/\/www.linkseride.com\/es_co\/wp-json\/wp\/v2\/product"}],"about":[{"href":"https:\/\/www.linkseride.com\/es_co\/wp-json\/wp\/v2\/types\/product"}],"wp:featuredmedia":[{"embeddable":true,"href":"https:\/\/www.linkseride.com\/es_co\/wp-json\/wp\/v2\/media\/6601"}],"wp:attachment":[{"href":"https:\/\/www.linkseride.com\/es_co\/wp-json\/wp\/v2\/media?parent=6597"}],"wp:term":[{"taxonomy":"product_brand","embeddable":true,"href":"https:\/\/www.linkseride.com\/es_co\/wp-json\/wp\/v2\/product_brand?post=6597"},{"taxonomy":"product_cat","embeddable":true,"href":"https:\/\/www.linkseride.com\/es_co\/wp-json\/wp\/v2\/product_cat?post=6597"},{"taxonomy":"product_tag","embeddable":true,"href":"https:\/\/www.linkseride.com\/es_co\/wp-json\/wp\/v2\/product_tag?post=6597"}],"curies":[{"name":"wp","href":"https:\/\/api.w.org\/{rel}","templated":true}]}}