{"id":8494,"date":"2022-08-26T09:05:19","date_gmt":"2022-08-26T09:05:19","guid":{"rendered":"http:\/\/linkseride.com\/?post_type=product&#038;p=8494"},"modified":"2022-08-26T09:19:51","modified_gmt":"2022-08-26T09:19:51","slug":"fat-tire-electric-bike-moped-style-electric-bikes","status":"publish","type":"product","link":"https:\/\/www.linkseride.com\/es_co\/product\/fat-tire-electric-bike-moped-style-electric-bikes\/","title":{"rendered":"Bicicleta el\u00e9ctrica HM-1 con neum\u00e1ticos gruesos Bicicletas el\u00e9ctricas estilo ciclomotor Almac\u00e9n en EE. UU."},"content":{"rendered":"<table width=\"100%\">\n<tbody>\n<tr>\n<td><img decoding=\"async\" class=\"aligncenter\" src=\"https:\/\/cdn.shopify.com\/s\/files\/1\/2721\/7242\/files\/power_100x100.png?v=1588931357\" alt=\"\" width=\"74\" height=\"74\" \/><\/td>\n<td>\n<h3 style=\"text-align: left;\">\u00a075<strong>0W HUB MOTOR<\/strong><\/h3>\n<\/td>\n<td>\n<h4><img decoding=\"async\" class=\"aligncenter\" src=\"https:\/\/cdn.shopify.com\/s\/files\/1\/2721\/7242\/files\/1_89318afc-f1b5-47c6-ad35-68a19e133979_100x100.png?v=1588930275\" alt=\"\" width=\"83\" height=\"83\" \/><\/h4>\n<\/td>\n<td>\n<h3>VELOCIDAD M\u00c1XIMA\u00a0<strong>23 MPH<\/strong><\/h3>\n<\/td>\n<\/tr>\n<tr>\n<td><img decoding=\"async\" class=\"aligncenter\" src=\"https:\/\/cdn.shopify.com\/s\/files\/1\/2721\/7242\/files\/battery_100x100.png?v=1588928843\" alt=\"\" width=\"77\" height=\"77\" \/><\/td>\n<td>\n<h3>48 V, 15 Ah<\/h3>\n<\/td>\n<td><img loading=\"lazy\" decoding=\"async\" class=\"aligncenter\" src=\"https:\/\/cdn.shopify.com\/s\/files\/1\/2721\/7242\/files\/1_7af7c125-e351-4f03-ab3e-65ee1e3fff60_100x100.png?v=1588930505\" alt=\"\" width=\"89\" height=\"89\" \/><\/td>\n<td>\n<h3><strong>105 KIL\u00d3METROS<\/strong><\/h3>\n<\/td>\n<\/tr>\n<tr>\n<td>\n<h3><img loading=\"lazy\" decoding=\"async\" class=\"aligncenter\" src=\"https:\/\/cdn.shopify.com\/s\/files\/1\/2721\/7242\/files\/7b98f62f920fff0dd3e96e643c93cc88_100x100.png?v=1588928533\" alt=\"\" width=\"87\" height=\"87\" \/><\/h3>\n<\/td>\n<td>\n<h3><strong>82 kg<\/strong> CARGA M\u00c1XIMA<\/h3>\n<\/td>\n<td>\n<h4><img loading=\"lazy\" decoding=\"async\" class=\"aligncenter\" src=\"https:\/\/cdn.shopify.com\/s\/files\/1\/2721\/7242\/files\/rider_100x100.png?v=1588930714\" alt=\"\" width=\"92\" height=\"92\" \/><\/h4>\n<\/td>\n<td>\n<h3>RIDER&#8217;S HEIGHT: 5&#8217;3&#8243;- 6&#8217;3&#8243;<\/h3>\n<\/td>\n<\/tr>\n<\/tbody>\n<\/table>\n<p><!--more--><\/p>\n<h3><\/h3>\n<h3 style=\"text-align: center;\"><strong>QU\u00c9 INCLUYE\u00a0<\/strong><\/h3>\n<table width=\"100%\">\n<tbody>\n<tr>\n<td>La bicicleta en s\u00ed misma<\/td>\n<td>Luz delantera y luz de freno integradas<\/td>\n<\/tr>\n<tr>\n<td>Cargador y bater\u00eda<\/td>\n<td>Manual de usuario<\/td>\n<\/tr>\n<\/tbody>\n<\/table>\n<div id='gallery-1' class='gallery galleryid-8494 gallery-columns-4 gallery-size-full'><figure class='gallery-item'>\n\t\t\t<div class='gallery-icon landscape'>\n\t\t\t\t<img loading=\"lazy\" decoding=\"async\" width=\"800\" height=\"800\" src=\"https:\/\/www.linkseride.com\/wp-content\/uploads\/2022\/08\/1.jpg\" class=\"attachment-full size-full\" alt=\"Bicicleta el\u00e9ctrica Fat Tire\" srcset=\"https:\/\/www.linkseride.com\/wp-content\/uploads\/2022\/08\/1.jpg 800w, https:\/\/www.linkseride.com\/wp-content\/uploads\/2022\/08\/1-300x300.jpg 300w, https:\/\/www.linkseride.com\/wp-content\/uploads\/2022\/08\/1-150x150.jpg 150w, https:\/\/www.linkseride.com\/wp-content\/uploads\/2022\/08\/1-768x768.jpg 768w, https:\/\/www.linkseride.com\/wp-content\/uploads\/2022\/08\/1-600x600.jpg 600w, https:\/\/www.linkseride.com\/wp-content\/uploads\/2022\/08\/1-100x100.jpg 100w\" sizes=\"(max-width: 800px) 100vw, 800px\" \/>\n\t\t\t<\/div><\/figure><figure class='gallery-item'>\n\t\t\t<div class='gallery-icon landscape'>\n\t\t\t\t<img loading=\"lazy\" decoding=\"async\" width=\"800\" height=\"800\" src=\"https:\/\/www.linkseride.com\/wp-content\/uploads\/2022\/08\/2.jpg\" class=\"attachment-full size-full\" alt=\"Bicicleta el\u00e9ctrica Fat Tire\" srcset=\"https:\/\/www.linkseride.com\/wp-content\/uploads\/2022\/08\/2.jpg 800w, https:\/\/www.linkseride.com\/wp-content\/uploads\/2022\/08\/2-300x300.jpg 300w, https:\/\/www.linkseride.com\/wp-content\/uploads\/2022\/08\/2-150x150.jpg 150w, https:\/\/www.linkseride.com\/wp-content\/uploads\/2022\/08\/2-768x768.jpg 768w, https:\/\/www.linkseride.com\/wp-content\/uploads\/2022\/08\/2-600x600.jpg 600w, https:\/\/www.linkseride.com\/wp-content\/uploads\/2022\/08\/2-100x100.jpg 100w\" sizes=\"(max-width: 800px) 100vw, 800px\" \/>\n\t\t\t<\/div><\/figure><figure class='gallery-item'>\n\t\t\t<div class='gallery-icon landscape'>\n\t\t\t\t<img loading=\"lazy\" decoding=\"async\" width=\"800\" height=\"800\" src=\"https:\/\/www.linkseride.com\/wp-content\/uploads\/2022\/08\/3.jpg\" class=\"attachment-full size-full\" alt=\"Bicicleta el\u00e9ctrica Fat Tire\" srcset=\"https:\/\/www.linkseride.com\/wp-content\/uploads\/2022\/08\/3.jpg 800w, https:\/\/www.linkseride.com\/wp-content\/uploads\/2022\/08\/3-300x300.jpg 300w, https:\/\/www.linkseride.com\/wp-content\/uploads\/2022\/08\/3-150x150.jpg 150w, https:\/\/www.linkseride.com\/wp-content\/uploads\/2022\/08\/3-768x768.jpg 768w, https:\/\/www.linkseride.com\/wp-content\/uploads\/2022\/08\/3-600x600.jpg 600w, https:\/\/www.linkseride.com\/wp-content\/uploads\/2022\/08\/3-100x100.jpg 100w\" sizes=\"(max-width: 800px) 100vw, 800px\" \/>\n\t\t\t<\/div><\/figure><figure class='gallery-item'>\n\t\t\t<div class='gallery-icon landscape'>\n\t\t\t\t<img loading=\"lazy\" decoding=\"async\" width=\"800\" height=\"800\" src=\"https:\/\/www.linkseride.com\/wp-content\/uploads\/2022\/08\/4-.jpg\" class=\"attachment-full size-full\" alt=\"Bicicleta el\u00e9ctrica Fat Tire\" srcset=\"https:\/\/www.linkseride.com\/wp-content\/uploads\/2022\/08\/4-.jpg 800w, https:\/\/www.linkseride.com\/wp-content\/uploads\/2022\/08\/4--300x300.jpg 300w, https:\/\/www.linkseride.com\/wp-content\/uploads\/2022\/08\/4--150x150.jpg 150w, https:\/\/www.linkseride.com\/wp-content\/uploads\/2022\/08\/4--768x768.jpg 768w, https:\/\/www.linkseride.com\/wp-content\/uploads\/2022\/08\/4--600x600.jpg 600w, https:\/\/www.linkseride.com\/wp-content\/uploads\/2022\/08\/4--100x100.jpg 100w\" sizes=\"(max-width: 800px) 100vw, 800px\" \/>\n\t\t\t<\/div><\/figure><figure class='gallery-item'>\n\t\t\t<div class='gallery-icon landscape'>\n\t\t\t\t<img loading=\"lazy\" decoding=\"async\" width=\"800\" height=\"800\" src=\"https:\/\/www.linkseride.com\/wp-content\/uploads\/2022\/08\/white-1.jpg\" class=\"attachment-full size-full\" alt=\"Bicicleta el\u00e9ctrica Fat Tire\" srcset=\"https:\/\/www.linkseride.com\/wp-content\/uploads\/2022\/08\/white-1.jpg 800w, https:\/\/www.linkseride.com\/wp-content\/uploads\/2022\/08\/white-1-300x300.jpg 300w, https:\/\/www.linkseride.com\/wp-content\/uploads\/2022\/08\/white-1-150x150.jpg 150w, https:\/\/www.linkseride.com\/wp-content\/uploads\/2022\/08\/white-1-768x768.jpg 768w, https:\/\/www.linkseride.com\/wp-content\/uploads\/2022\/08\/white-1-600x600.jpg 600w, https:\/\/www.linkseride.com\/wp-content\/uploads\/2022\/08\/white-1-100x100.jpg 100w\" sizes=\"(max-width: 800px) 100vw, 800px\" \/>\n\t\t\t<\/div><\/figure><figure class='gallery-item'>\n\t\t\t<div class='gallery-icon landscape'>\n\t\t\t\t<img loading=\"lazy\" decoding=\"async\" width=\"800\" height=\"800\" src=\"https:\/\/www.linkseride.com\/wp-content\/uploads\/2022\/08\/white-2.jpg\" class=\"attachment-full size-full\" alt=\"Bicicleta el\u00e9ctrica Fat Tire\" srcset=\"https:\/\/www.linkseride.com\/wp-content\/uploads\/2022\/08\/white-2.jpg 800w, https:\/\/www.linkseride.com\/wp-content\/uploads\/2022\/08\/white-2-300x300.jpg 300w, https:\/\/www.linkseride.com\/wp-content\/uploads\/2022\/08\/white-2-150x150.jpg 150w, https:\/\/www.linkseride.com\/wp-content\/uploads\/2022\/08\/white-2-768x768.jpg 768w, https:\/\/www.linkseride.com\/wp-content\/uploads\/2022\/08\/white-2-600x600.jpg 600w, https:\/\/www.linkseride.com\/wp-content\/uploads\/2022\/08\/white-2-100x100.jpg 100w\" sizes=\"(max-width: 800px) 100vw, 800px\" \/>\n\t\t\t<\/div><\/figure><figure class='gallery-item'>\n\t\t\t<div class='gallery-icon landscape'>\n\t\t\t\t<img loading=\"lazy\" decoding=\"async\" width=\"800\" height=\"800\" src=\"https:\/\/www.linkseride.com\/wp-content\/uploads\/2022\/08\/white-7.jpg\" class=\"attachment-full size-full\" alt=\"Bicicleta el\u00e9ctrica Fat Tire\" srcset=\"https:\/\/www.linkseride.com\/wp-content\/uploads\/2022\/08\/white-7.jpg 800w, https:\/\/www.linkseride.com\/wp-content\/uploads\/2022\/08\/white-7-300x300.jpg 300w, https:\/\/www.linkseride.com\/wp-content\/uploads\/2022\/08\/white-7-150x150.jpg 150w, https:\/\/www.linkseride.com\/wp-content\/uploads\/2022\/08\/white-7-768x768.jpg 768w, https:\/\/www.linkseride.com\/wp-content\/uploads\/2022\/08\/white-7-600x600.jpg 600w, https:\/\/www.linkseride.com\/wp-content\/uploads\/2022\/08\/white-7-100x100.jpg 100w\" sizes=\"(max-width: 800px) 100vw, 800px\" \/>\n\t\t\t<\/div><\/figure><figure class='gallery-item'>\n\t\t\t<div class='gallery-icon landscape'>\n\t\t\t\t<img loading=\"lazy\" decoding=\"async\" width=\"800\" height=\"800\" src=\"https:\/\/www.linkseride.com\/wp-content\/uploads\/2022\/08\/white-8.jpg\" class=\"attachment-full size-full\" alt=\"Bicicleta el\u00e9ctrica Fat Tire\" srcset=\"https:\/\/www.linkseride.com\/wp-content\/uploads\/2022\/08\/white-8.jpg 800w, https:\/\/www.linkseride.com\/wp-content\/uploads\/2022\/08\/white-8-300x300.jpg 300w, https:\/\/www.linkseride.com\/wp-content\/uploads\/2022\/08\/white-8-150x150.jpg 150w, https:\/\/www.linkseride.com\/wp-content\/uploads\/2022\/08\/white-8-768x768.jpg 768w, https:\/\/www.linkseride.com\/wp-content\/uploads\/2022\/08\/white-8-600x600.jpg 600w, https:\/\/www.linkseride.com\/wp-content\/uploads\/2022\/08\/white-8-100x100.jpg 100w\" sizes=\"(max-width: 800px) 100vw, 800px\" \/>\n\t\t\t<\/div><\/figure>\n\t\t<\/div>\n\n<h3><\/h3>\n<h3 style=\"text-align: center;\"><strong>ESPECIFICACIONES<\/strong><\/h3>\n<table width=\"100%\">\n<tbody>\n<tr>\n<td>Motor: motor trasero sin escobillas de 750 W<\/td>\n<td>Battery: 48v15Ah li-ion battery<\/td>\n<\/tr>\n<tr>\n<td>Charger: 110-220v,50\/60hz<\/td>\n<td>Controller: 15A Controller<\/td>\n<\/tr>\n<tr>\n<td>Frame: Aluminum Alloy Frame<\/td>\n<td>Tyre: 20*4 Inch Fat Tires<\/td>\n<\/tr>\n<tr>\n<td>Wheel: 26&#8243; Double-layer Alloy Rim &amp; Spoke<\/td>\n<td>Front Fork: Aluminum Shoulder Iron Legs ; T:120mm<\/td>\n<\/tr>\n<tr>\n<td>Suspension: Suspension front fork<\/td>\n<td>Brake: Mechnical Disc\u00a0Brake<\/td>\n<\/tr>\n<tr>\n<td>Derailleur: Rear 6 Speed<\/td>\n<td>Display: S500 LCD display<\/td>\n<\/tr>\n<tr>\n<td>Acelerador: Pulgar<\/td>\n<td>Extra Functions: Cruise Control; Walk Mode<\/td>\n<\/tr>\n<tr>\n<td>Speed: 20-23MPH<\/td>\n<td>Range: 35-40miles(Electric Mode), 60-70miles(PAS Mode)<\/td>\n<\/tr>\n<tr>\n<td>Suggested Load: 180 lbs<\/td>\n<td>N.W.\/G.W: 47.8lbs\/61.7lbs<\/td>\n<\/tr>\n<tr>\n<td>Packing Size: 139*24*71cm<\/td>\n<td><\/td>\n<\/tr>\n<tr>\n<td><\/td>\n<td><\/td>\n<\/tr>\n<\/tbody>\n<\/table>\n<p>Aqu\u00ed puedes encontrar m\u00e1s videos de presentaci\u00f3n: <a href=\"https:\/\/www.youtube.com\/c\/LinksErideTech\" target=\"_blank\" rel=\"noopener\">https:\/\/www.youtube.com\/c\/LinksErideTech<\/a><\/p>\n<p>Si est\u00e1 buscando otros modelos de bicicletas el\u00e9ctricas plegables, puede encontrar informaci\u00f3n detallada. <a href=\"https:\/\/www.linkseride.com\/es_co\/electric-bike-manufacturer\/\" target=\"_blank\" rel=\"noopener\">aqu\u00ed<\/a>.<\/p>","protected":false},"excerpt":{"rendered":"<p>\u25cf Fat Tire Electric Bike Moped Style Electric Bikes available in US Warehouse, stock in California<\/p>\n<p>\u25cf 750W brushless gear motor speed up the max (20~23MPH) in 15s<\/p>\n<p>\u25cf 48V 15AH can reach 35-60 miles range per charge<\/p>\n<p>\u25cf 12months warranty<\/p>","protected":false},"featured_media":8503,"template":"","meta":{"site-sidebar-layout":"default","site-content-layout":"default","ast-site-content-layout":"default","site-content-style":"default","site-sidebar-style":"default","ast-global-header-display":"","ast-banner-title-visibility":"","ast-main-header-display":"","ast-hfb-above-header-display":"","ast-hfb-below-header-display":"","ast-hfb-mobile-header-display":"","site-post-title":"","ast-breadcrumbs-content":"","ast-featured-img":"","footer-sml-layout":"","ast-disable-related-posts":"","theme-transparent-header-meta":"default","adv-header-id-meta":"","stick-header-meta":"","header-above-stick-meta":"","header-main-stick-meta":"","header-below-stick-meta":"","astra-migrate-meta-layouts":"default","ast-page-background-enabled":"default","ast-page-background-meta":{"desktop":{"background-color":"","background-image":"","background-repeat":"repeat","background-position":"center center","background-size":"auto","background-attachment":"scroll","background-type":"","background-media":"","overlay-type":"","overlay-color":"","overlay-opacity":"","overlay-gradient":""},"tablet":{"background-color":"","background-image":"","background-repeat":"repeat","background-position":"center center","background-size":"auto","background-attachment":"scroll","background-type":"","background-media":"","overlay-type":"","overlay-color":"","overlay-opacity":"","overlay-gradient":""},"mobile":{"background-color":"","background-image":"","background-repeat":"repeat","background-position":"center center","background-size":"auto","background-attachment":"scroll","background-type":"","background-media":"","overlay-type":"","overlay-color":"","overlay-opacity":"","overlay-gradient":""}},"ast-content-background-meta":{"desktop":{"background-color":"var(--ast-global-color-5)","background-image":"","background-repeat":"repeat","background-position":"center center","background-size":"auto","background-attachment":"scroll","background-type":"","background-media":"","overlay-type":"","overlay-color":"","overlay-opacity":"","overlay-gradient":""},"tablet":{"background-color":"var(--ast-global-color-5)","background-image":"","background-repeat":"repeat","background-position":"center center","background-size":"auto","background-attachment":"scroll","background-type":"","background-media":"","overlay-type":"","overlay-color":"","overlay-opacity":"","overlay-gradient":""},"mobile":{"background-color":"var(--ast-global-color-5)","background-image":"","background-repeat":"repeat","background-position":"center center","background-size":"auto","background-attachment":"scroll","background-type":"","background-media":"","overlay-type":"","overlay-color":"","overlay-opacity":"","overlay-gradient":""}}},"product_brand":[],"product_cat":[29],"product_tag":[],"class_list":{"0":"post-8494","1":"product","2":"type-product","3":"status-publish","4":"has-post-thumbnail","6":"product_cat-electric-bike","7":"desktop-align-left","8":"tablet-align-left","9":"mobile-align-left","11":"first","12":"instock","13":"shipping-taxable","14":"product-type-simple"},"_links":{"self":[{"href":"https:\/\/www.linkseride.com\/es_co\/wp-json\/wp\/v2\/product\/8494","targetHints":{"allow":["GET"]}}],"collection":[{"href":"https:\/\/www.linkseride.com\/es_co\/wp-json\/wp\/v2\/product"}],"about":[{"href":"https:\/\/www.linkseride.com\/es_co\/wp-json\/wp\/v2\/types\/product"}],"wp:featuredmedia":[{"embeddable":true,"href":"https:\/\/www.linkseride.com\/es_co\/wp-json\/wp\/v2\/media\/8503"}],"wp:attachment":[{"href":"https:\/\/www.linkseride.com\/es_co\/wp-json\/wp\/v2\/media?parent=8494"}],"wp:term":[{"taxonomy":"product_brand","embeddable":true,"href":"https:\/\/www.linkseride.com\/es_co\/wp-json\/wp\/v2\/product_brand?post=8494"},{"taxonomy":"product_cat","embeddable":true,"href":"https:\/\/www.linkseride.com\/es_co\/wp-json\/wp\/v2\/product_cat?post=8494"},{"taxonomy":"product_tag","embeddable":true,"href":"https:\/\/www.linkseride.com\/es_co\/wp-json\/wp\/v2\/product_tag?post=8494"}],"curies":[{"name":"wp","href":"https:\/\/api.w.org\/{rel}","templated":true}]}}