{"id":8898,"date":"2022-12-08T06:45:31","date_gmt":"2022-12-08T06:45:31","guid":{"rendered":"http:\/\/linkseride.com\/?post_type=product&#038;p=8898"},"modified":"2026-01-07T07:12:42","modified_gmt":"2026-01-07T07:12:42","slug":"scooter-electrico-de-tres-ruedas-cp7-con-motor-de-2000-w","status":"publish","type":"product","link":"https:\/\/www.linkseride.com\/es_co\/product\/cp7-electric-trike-scooter-2000w-motor\/","title":{"rendered":"Patinete el\u00e9ctrico de tres ruedas CP7 con doble motor de alta potencia de 2000 W"},"content":{"rendered":"<h2>Scooter el\u00e9ctrico de tres ruedas Linkseride CP7 con motor de alta potencia de 2000 W<\/h2>\n<p>Somos un fabricante chino de patinetes el\u00e9ctricos desde 2014. Nos apasiona lo que hacemos por nuestro futuro el\u00e9ctrico, incluyendo <strong>patinetes el\u00e9ctricos, <a href=\"https:\/\/www.linkseride.com\/es_co\/fabricante-de-motocicletas-electricas\/\" target=\"_blank\" rel=\"noopener\">patineta con llantas gruesas<\/a>, <a href=\"https:\/\/www.linkseride.com\/es_co\/fabricante-de-motocicletas-electricas\/\" target=\"_blank\" rel=\"noopener\">patineta citycoco<\/a>, <a href=\"https:\/\/www.linkseride.com\/es_co\/fabricante-de-ciclomotores-electricos\/\" target=\"_blank\" rel=\"noopener\">ciclomotor el\u00e9ctrico<\/a><\/strong> y dem\u00e1s.<\/p>\n<p>Este triciclo el\u00e9ctrico CP7 cuenta con dos motores de 2000 W cada uno y dos bater\u00edas de 20 Ah cada una. Este triciclo el\u00e9ctrico tiene una parte trasera articulada, lo que le permite desplazarse con gran suavidad por pendientes y campos de golf. Las ruedas delanteras y traseras miden 10 pulgadas. La autonom\u00eda m\u00e1xima de <a href=\"https:\/\/www.linkseride.com\/es_co\/fabricante-de-triciclos-electricos-y-patinetes\/\" target=\"_blank\" rel=\"noopener\"><b>scooter el\u00e9ctrico de tres ruedas<\/b><\/a> podr\u00eda alcanzar una autonom\u00eda de entre 30 y 45 km con una sola bater\u00eda de 20 Ah. Este patinete el\u00e9ctrico de tres ruedas de 2000 W admite dos bater\u00edas de iones de litio extra\u00edbles y alcanza una velocidad m\u00e1xima de 45 km\/h.<\/p>\n<div id='gallery-1' class='gallery galleryid-8898 gallery-columns-4 gallery-size-full'><figure class='gallery-item'>\n\t\t\t<div class='gallery-icon landscape'>\n\t\t\t\t<img fetchpriority=\"high\" decoding=\"async\" width=\"2000\" height=\"2000\" src=\"https:\/\/www.linkseride.com\/wp-content\/uploads\/2022\/12\/CP7-black-1.jpg\" class=\"attachment-full size-full\" alt=\"triciclo el\u00e9ctrico\" srcset=\"https:\/\/www.linkseride.com\/wp-content\/uploads\/2022\/12\/CP7-black-1.jpg 2000w, https:\/\/www.linkseride.com\/wp-content\/uploads\/2022\/12\/CP7-black-1-300x300.jpg 300w, https:\/\/www.linkseride.com\/wp-content\/uploads\/2022\/12\/CP7-black-1-1024x1024.jpg 1024w, https:\/\/www.linkseride.com\/wp-content\/uploads\/2022\/12\/CP7-black-1-150x150.jpg 150w, https:\/\/www.linkseride.com\/wp-content\/uploads\/2022\/12\/CP7-black-1-768x768.jpg 768w, https:\/\/www.linkseride.com\/wp-content\/uploads\/2022\/12\/CP7-black-1-1536x1536.jpg 1536w, https:\/\/www.linkseride.com\/wp-content\/uploads\/2022\/12\/CP7-black-1-600x600.jpg 600w, https:\/\/www.linkseride.com\/wp-content\/uploads\/2022\/12\/CP7-black-1-100x100.jpg 100w\" sizes=\"(max-width: 2000px) 100vw, 2000px\" \/>\n\t\t\t<\/div><\/figure><figure class='gallery-item'>\n\t\t\t<div class='gallery-icon landscape'>\n\t\t\t\t<img decoding=\"async\" width=\"2000\" height=\"2000\" src=\"https:\/\/www.linkseride.com\/wp-content\/uploads\/2022\/12\/CP7-black-2.jpg\" class=\"attachment-full size-full\" alt=\"triciclo el\u00e9ctrico\" srcset=\"https:\/\/www.linkseride.com\/wp-content\/uploads\/2022\/12\/CP7-black-2.jpg 2000w, https:\/\/www.linkseride.com\/wp-content\/uploads\/2022\/12\/CP7-black-2-300x300.jpg 300w, https:\/\/www.linkseride.com\/wp-content\/uploads\/2022\/12\/CP7-black-2-1024x1024.jpg 1024w, https:\/\/www.linkseride.com\/wp-content\/uploads\/2022\/12\/CP7-black-2-150x150.jpg 150w, https:\/\/www.linkseride.com\/wp-content\/uploads\/2022\/12\/CP7-black-2-768x768.jpg 768w, https:\/\/www.linkseride.com\/wp-content\/uploads\/2022\/12\/CP7-black-2-1536x1536.jpg 1536w, https:\/\/www.linkseride.com\/wp-content\/uploads\/2022\/12\/CP7-black-2-600x600.jpg 600w, https:\/\/www.linkseride.com\/wp-content\/uploads\/2022\/12\/CP7-black-2-100x100.jpg 100w\" sizes=\"(max-width: 2000px) 100vw, 2000px\" \/>\n\t\t\t<\/div><\/figure><figure class='gallery-item'>\n\t\t\t<div class='gallery-icon landscape'>\n\t\t\t\t<img decoding=\"async\" width=\"2000\" height=\"2000\" src=\"https:\/\/www.linkseride.com\/wp-content\/uploads\/2022\/12\/CP7-black-3.jpg\" class=\"attachment-full size-full\" alt=\"triciclo el\u00e9ctrico\" srcset=\"https:\/\/www.linkseride.com\/wp-content\/uploads\/2022\/12\/CP7-black-3.jpg 2000w, https:\/\/www.linkseride.com\/wp-content\/uploads\/2022\/12\/CP7-black-3-300x300.jpg 300w, https:\/\/www.linkseride.com\/wp-content\/uploads\/2022\/12\/CP7-black-3-1024x1024.jpg 1024w, https:\/\/www.linkseride.com\/wp-content\/uploads\/2022\/12\/CP7-black-3-150x150.jpg 150w, https:\/\/www.linkseride.com\/wp-content\/uploads\/2022\/12\/CP7-black-3-768x768.jpg 768w, https:\/\/www.linkseride.com\/wp-content\/uploads\/2022\/12\/CP7-black-3-1536x1536.jpg 1536w, https:\/\/www.linkseride.com\/wp-content\/uploads\/2022\/12\/CP7-black-3-600x600.jpg 600w, https:\/\/www.linkseride.com\/wp-content\/uploads\/2022\/12\/CP7-black-3-100x100.jpg 100w\" sizes=\"(max-width: 2000px) 100vw, 2000px\" \/>\n\t\t\t<\/div><\/figure><figure class='gallery-item'>\n\t\t\t<div class='gallery-icon landscape'>\n\t\t\t\t<img loading=\"lazy\" decoding=\"async\" width=\"2000\" height=\"2000\" src=\"https:\/\/www.linkseride.com\/wp-content\/uploads\/2022\/12\/CP7-black-8.jpg\" class=\"attachment-full size-full\" alt=\"triciclo el\u00e9ctrico\" srcset=\"https:\/\/www.linkseride.com\/wp-content\/uploads\/2022\/12\/CP7-black-8.jpg 2000w, https:\/\/www.linkseride.com\/wp-content\/uploads\/2022\/12\/CP7-black-8-300x300.jpg 300w, https:\/\/www.linkseride.com\/wp-content\/uploads\/2022\/12\/CP7-black-8-1024x1024.jpg 1024w, https:\/\/www.linkseride.com\/wp-content\/uploads\/2022\/12\/CP7-black-8-150x150.jpg 150w, https:\/\/www.linkseride.com\/wp-content\/uploads\/2022\/12\/CP7-black-8-768x768.jpg 768w, https:\/\/www.linkseride.com\/wp-content\/uploads\/2022\/12\/CP7-black-8-1536x1536.jpg 1536w, https:\/\/www.linkseride.com\/wp-content\/uploads\/2022\/12\/CP7-black-8-600x600.jpg 600w, https:\/\/www.linkseride.com\/wp-content\/uploads\/2022\/12\/CP7-black-8-100x100.jpg 100w\" sizes=\"(max-width: 2000px) 100vw, 2000px\" \/>\n\t\t\t<\/div><\/figure>\n\t\t<\/div>\n\n<p><img loading=\"lazy\" decoding=\"async\" class=\"alignnone wp-image-11016 size-full\" src=\"https:\/\/www.linkseride.com\/wp-content\/uploads\/2024\/07\/CP7.png\" alt=\"\" width=\"1280\" height=\"720\" srcset=\"https:\/\/www.linkseride.com\/wp-content\/uploads\/2024\/07\/CP7.png 1280w, https:\/\/www.linkseride.com\/wp-content\/uploads\/2024\/07\/CP7-300x169.png 300w, https:\/\/www.linkseride.com\/wp-content\/uploads\/2024\/07\/CP7-1024x576.png 1024w, https:\/\/www.linkseride.com\/wp-content\/uploads\/2024\/07\/CP7-768x432.png 768w, https:\/\/www.linkseride.com\/wp-content\/uploads\/2024\/07\/CP7-600x338.png 600w\" sizes=\"(max-width: 1280px) 100vw, 1280px\" \/><\/p>\n<h2><\/h2>\n<h2>\u00bfCu\u00e1les son las caracter\u00edsticas de este triciclo el\u00e9ctrico CP7 de 2000 W con doble motor de alta potencia?<\/h2>\n<ul>\n<li>Dos motores de 2000 W cada uno proporcionan una excelente capacidad para subir pendientes<\/li>\n<li>Los 2 juegos opcionales de bater\u00edas de iones de litio de \u201ccambio r\u00e1pido\u201d (40 Ah) garantizan una autonom\u00eda m\u00e1xima de 70 km<\/li>\n<li><strong>Fabricante de patinetes homologado por el Departamento de Transporte (D.O.T.)<\/strong> (L\u00edmite de velocidad: 45 km\/h), en algunos estados se puede obtener la matr\u00edcula.<\/li>\n<li>Almac\u00e9n en EE. UU.: color negro y rojo vino en stock.<\/li>\n<li>Opci\u00f3n de 2 asientos con material acolchado para mejorar la sensaci\u00f3n al conducir.<\/li>\n<\/ul>\n<table>\n<tbody>\n<tr>\n<td>Potencia del motor<\/td>\n<td>2000 W \u00d7 2000 W<\/td>\n<\/tr>\n<tr>\n<td>Velocidad m\u00e1xima<\/td>\n<td>45 km\/h<\/td>\n<\/tr>\n<tr>\n<td>Alcance m\u00e1ximo<\/td>\n<td>50 km por bater\u00eda de 20 Ah<\/td>\n<\/tr>\n<tr>\n<td>Capacidad de la bater\u00eda<\/td>\n<td>60 V 20 Ah\/60 V 40 Ah<\/td>\n<\/tr>\n<tr>\n<td>Material del armaz\u00f3n<\/td>\n<td>Tubo de acero sin soldadura<\/td>\n<\/tr>\n<tr>\n<td>Neum\u00e1tico<\/td>\n<td>10 pulgadas<\/td>\n<\/tr>\n<tr>\n<td>Carga m\u00e1xima<\/td>\n<td>200 kg<\/td>\n<\/tr>\n<tr>\n<td>N.W\/G.W<\/td>\n<td>89 kg<\/td>\n<\/tr>\n<tr>\n<td>Otras caracter\u00edsticas<\/td>\n<td>Soporte para tel\u00e9fono con puerto USB<\/p>\n<p>portaequipajes trasero\/soporte<\/td>\n<\/tr>\n<\/tbody>\n<\/table>\n<h2>\u00bfPor qu\u00e9 elegir este tipo de triciclo el\u00e9ctrico?<\/h2>\n<p>Tambi\u00e9n tenemos otros modelos de triciclos el\u00e9ctricos; si necesitas m\u00e1s informaci\u00f3n, puedes<a href=\"https:\/\/www.linkseride.com\/es_co\/fat-tire-golf-scooter-golf-cart-trouring\/\" target=\"_blank\" rel=\"noopener\"> Encu\u00e9ntralo aqu\u00ed.<\/a><\/p>\n<p>Aqu\u00ed puedes encontrar m\u00e1s videos de presentaci\u00f3n: <a href=\"https:\/\/www.youtube.com\/c\/LinksErideTech\" target=\"_blank\" rel=\"noopener\">https:\/\/www.youtube.com\/c\/LinksErideTech<\/a><\/p>\n<div class=\"ast-oembed-container\" style=\"height: 100%;\"><iframe title=\"Todo lo que necesitas saber sobre el patinete el\u00e9ctrico CP-7 de tres ruedas y doble motor de Citycoco\" width=\"500\" height=\"281\" src=\"https:\/\/www.youtube.com\/embed\/mCniA3BqCDM?feature=oembed&#038;enablejsapi=1&#038;origin=https:\/\/www.linkseride.com\" frameborder=\"0\" allow=\"accelerometer; autoplay; clipboard-write; encrypted-media; gyroscope; picture-in-picture; web-share\" referrerpolicy=\"strict-origin-when-cross-origin\" allowfullscreen><\/iframe><\/div>","protected":false},"excerpt":{"rendered":"<p>\u25cf Patinete el\u00e9ctrico de tres ruedas de 2000 W<\/p>\n<p>\u25cf Dos motores de 2000 W*2 proporcionan una excelente capacidad para subir pendientes<\/p>\n<p>\u25cf Patinete el\u00e9ctrico de tres ruedas con un\u00a0<span class=\"il\">articulado<\/span>\u00a0<span class=\"il\">atr\u00e1s<\/span> a la moto<\/p>\n<p>\u25cf Opci\u00f3n de dos plazas con un material acolchado para mejorar la sensaci\u00f3n de conducci\u00f3n<\/p>\n<p>\u25cf 2 juegos opcionales de bater\u00edas de iones de litio de \u201ccambio r\u00e1pido\u201d (40 Ah) para garantizar una autonom\u00eda m\u00e1xima de 70 km<\/p>","protected":false},"featured_media":8903,"template":"","meta":{"site-sidebar-layout":"default","site-content-layout":"default","ast-site-content-layout":"default","site-content-style":"default","site-sidebar-style":"default","ast-global-header-display":"","ast-banner-title-visibility":"","ast-main-header-display":"","ast-hfb-above-header-display":"","ast-hfb-below-header-display":"","ast-hfb-mobile-header-display":"","site-post-title":"","ast-breadcrumbs-content":"","ast-featured-img":"","footer-sml-layout":"","ast-disable-related-posts":"","theme-transparent-header-meta":"default","adv-header-id-meta":"","stick-header-meta":"","header-above-stick-meta":"","header-main-stick-meta":"","header-below-stick-meta":"","astra-migrate-meta-layouts":"set","ast-page-background-enabled":"default","ast-page-background-meta":{"desktop":{"background-color":"","background-image":"","background-repeat":"repeat","background-position":"center center","background-size":"auto","background-attachment":"scroll","background-type":"","background-media":"","overlay-type":"","overlay-color":"","overlay-opacity":"","overlay-gradient":""},"tablet":{"background-color":"","background-image":"","background-repeat":"repeat","background-position":"center center","background-size":"auto","background-attachment":"scroll","background-type":"","background-media":"","overlay-type":"","overlay-color":"","overlay-opacity":"","overlay-gradient":""},"mobile":{"background-color":"","background-image":"","background-repeat":"repeat","background-position":"center center","background-size":"auto","background-attachment":"scroll","background-type":"","background-media":"","overlay-type":"","overlay-color":"","overlay-opacity":"","overlay-gradient":""}},"ast-content-background-meta":{"desktop":{"background-color":"var(--ast-global-color-5)","background-image":"","background-repeat":"repeat","background-position":"center center","background-size":"auto","background-attachment":"scroll","background-type":"","background-media":"","overlay-type":"","overlay-color":"","overlay-opacity":"","overlay-gradient":""},"tablet":{"background-color":"var(--ast-global-color-5)","background-image":"","background-repeat":"repeat","background-position":"center center","background-size":"auto","background-attachment":"scroll","background-type":"","background-media":"","overlay-type":"","overlay-color":"","overlay-opacity":"","overlay-gradient":""},"mobile":{"background-color":"var(--ast-global-color-5)","background-image":"","background-repeat":"repeat","background-position":"center center","background-size":"auto","background-attachment":"scroll","background-type":"","background-media":"","overlay-type":"","overlay-color":"","overlay-opacity":"","overlay-gradient":""}}},"product_brand":[],"product_cat":[28],"product_tag":[38],"class_list":{"0":"post-8898","1":"product","2":"type-product","3":"status-publish","4":"has-post-thumbnail","6":"product_cat-electric-scooter","7":"product_tag-citycoco-scooter","8":"desktop-align-left","9":"tablet-align-left","10":"mobile-align-left","12":"first","13":"instock","14":"shipping-taxable","15":"product-type-simple"},"_links":{"self":[{"href":"https:\/\/www.linkseride.com\/es_co\/wp-json\/wp\/v2\/product\/8898","targetHints":{"allow":["GET"]}}],"collection":[{"href":"https:\/\/www.linkseride.com\/es_co\/wp-json\/wp\/v2\/product"}],"about":[{"href":"https:\/\/www.linkseride.com\/es_co\/wp-json\/wp\/v2\/types\/product"}],"wp:featuredmedia":[{"embeddable":true,"href":"https:\/\/www.linkseride.com\/es_co\/wp-json\/wp\/v2\/media\/8903"}],"wp:attachment":[{"href":"https:\/\/www.linkseride.com\/es_co\/wp-json\/wp\/v2\/media?parent=8898"}],"wp:term":[{"taxonomy":"product_brand","embeddable":true,"href":"https:\/\/www.linkseride.com\/es_co\/wp-json\/wp\/v2\/product_brand?post=8898"},{"taxonomy":"product_cat","embeddable":true,"href":"https:\/\/www.linkseride.com\/es_co\/wp-json\/wp\/v2\/product_cat?post=8898"},{"taxonomy":"product_tag","embeddable":true,"href":"https:\/\/www.linkseride.com\/es_co\/wp-json\/wp\/v2\/product_tag?post=8898"}],"curies":[{"name":"wp","href":"https:\/\/api.w.org\/{rel}","templated":true}]}}