{"id":9246,"date":"2023-03-30T05:36:25","date_gmt":"2023-03-30T05:36:25","guid":{"rendered":"http:\/\/linkseride.com\/?post_type=product&#038;p=9246"},"modified":"2023-08-18T06:45:06","modified_gmt":"2023-08-18T06:45:06","slug":"bicicleta-electrica-con-neumaticos-gruesos-y-bateria-recargable-de-ultima-generacion-2023","status":"publish","type":"product","link":"https:\/\/www.linkseride.com\/es_co\/product\/2023-latest-electic-fat-tire-ebike\/","title":{"rendered":"2023 \u00daltimo modelo de bicicleta el\u00e9ctrica con neum\u00e1ticos gruesos LEB-01"},"content":{"rendered":"<p>Esta bicicleta el\u00e9ctrica con neum\u00e1ticos gruesos es nuestro nuevo modelo 2023 con aspecto vintage. Con sus neum\u00e1ticos gruesos de 4 pulgadas y su amplio y c\u00f3modo asiento, te sentir\u00e1s realmente c\u00f3modo. La bater\u00eda de iones de litio no se ve por ning\u00fan lado, ya que est\u00e1 dentro del tanque, lo que hace que este dise\u00f1o sea a\u00fan m\u00e1s atractivo. Con un motor de 48 V y 750 W, tendr\u00e1s potencia de sobra para recorrer m\u00e1s kil\u00f3metros.<\/p>\n<p>Gracias a su entrada de asistencia al pedaleo, que incluye nuestro sensor de par m\u00e1s preciso hasta la fecha. La potencia reacciona de forma instant\u00e1nea y fluida al movimiento de tus pies.<br \/>\nAlgunas de las caracter\u00edsticas principales de la bicicleta el\u00e9ctrica con llantas gruesas son:<\/p>\n<ul>\n<li>Equipado con motor trasero sin escobillas de 750 W.<\/li>\n<li>Samsung de iones de litio de 48 V y 20 Ah<\/li>\n<li>M\u00e1s de 40 millas de autonom\u00eda<\/li>\n<li>Desviador trasero (Shimano) de 8 velocidades<\/li>\n<li>Resistencia al agua IP65<\/li>\n<li>pantalla de cristal l\u00edquido<\/li>\n<li>Llantas Kenda de 26\u2019\u2019x 4.0<\/li>\n<\/ul>\n<table width=\"100%\">\n<tbody>\n<tr>\n<td><img decoding=\"async\" class=\"aligncenter\" src=\"https:\/\/cdn.shopify.com\/s\/files\/1\/2721\/7242\/files\/power_100x100.png?v=1588931357\" alt=\"\" width=\"74\" height=\"74\" \/><\/td>\n<td>\n<h3 style=\"text-align: left;\">\u00a0<strong>MOTOR DE BUJE DE 750 W<\/strong><\/h3>\n<\/td>\n<td>\n<h4><img decoding=\"async\" class=\"aligncenter\" src=\"https:\/\/cdn.shopify.com\/s\/files\/1\/2721\/7242\/files\/1_89318afc-f1b5-47c6-ad35-68a19e133979_100x100.png?v=1588930275\" alt=\"\" width=\"83\" height=\"83\" \/><\/h4>\n<\/td>\n<td>\n<h3>VELOCIDAD M\u00c1XIMA\u00a0<strong>23 MPH<\/strong><\/h3>\n<\/td>\n<\/tr>\n<tr>\n<td><img decoding=\"async\" class=\"aligncenter\" src=\"https:\/\/cdn.shopify.com\/s\/files\/1\/2721\/7242\/files\/battery_100x100.png?v=1588928843\" alt=\"\" width=\"77\" height=\"77\" \/><\/td>\n<td>\n<h3>48 V, 12 Ah<\/h3>\n<\/td>\n<td><img loading=\"lazy\" decoding=\"async\" class=\"aligncenter\" src=\"https:\/\/cdn.shopify.com\/s\/files\/1\/2721\/7242\/files\/1_7af7c125-e351-4f03-ab3e-65ee1e3fff60_100x100.png?v=1588930505\" alt=\"\" width=\"89\" height=\"89\" \/><\/td>\n<td>\n<h3><strong>45 MILLAS<\/strong><\/h3>\n<\/td>\n<\/tr>\n<tr>\n<td>\n<h3><img loading=\"lazy\" decoding=\"async\" class=\"aligncenter\" src=\"https:\/\/cdn.shopify.com\/s\/files\/1\/2721\/7242\/files\/7b98f62f920fff0dd3e96e643c93cc88_100x100.png?v=1588928533\" alt=\"\" width=\"87\" height=\"87\" \/><\/h3>\n<\/td>\n<td>\n<h3><strong>100 kg<\/strong> CARGA M\u00c1XIMA<\/h3>\n<\/td>\n<td>\n<h4><img loading=\"lazy\" decoding=\"async\" class=\"aligncenter\" src=\"https:\/\/cdn.shopify.com\/s\/files\/1\/2721\/7242\/files\/rider_100x100.png?v=1588930714\" alt=\"\" width=\"92\" height=\"92\" \/><\/h4>\n<\/td>\n<td>\n<h3>ALTURA DEL MOTOCICLISTA: 1,70 m - 2,01 m<\/h3>\n<\/td>\n<\/tr>\n<\/tbody>\n<\/table>\n<p><!--more--><\/p>\n<h3 style=\"text-align: center;\">M\u00e1s especificaciones<\/h3>\n<table width=\"534\">\n<tbody>\n<tr>\n<td width=\"92\"><strong>Potencia del motor<\/strong><\/td>\n<td width=\"175\">Buje trasero de 48 V y 750 W<\/td>\n<td width=\"92\"><strong>Desviador<\/strong><\/td>\n<td width=\"175\">Desviador Shimano de 8 velocidades<\/td>\n<\/tr>\n<tr>\n<td><strong>Velocidad m\u00e1xima<\/strong><\/td>\n<td width=\"175\">32 km\/h<\/td>\n<td><strong>bater\u00eda<\/strong><\/td>\n<td>Samsung 50E-21 700-50 000 mh<\/td>\n<\/tr>\n<tr>\n<td><strong>Alcance m\u00e1ximo<\/strong><\/td>\n<td>60 km<\/td>\n<td><strong>Freno<\/strong><\/td>\n<td>Freno de disco hidr\u00e1ulico<\/td>\n<\/tr>\n<tr>\n<td><strong>Tiempo de carga<\/strong><\/td>\n<td>7-8 horas<\/td>\n<td><strong>Escalada m\u00e1xima<\/strong><\/td>\n<td>7\u00b0<\/td>\n<\/tr>\n<tr>\n<td><strong>Material del armaz\u00f3n<\/strong><\/td>\n<td>Cuadro de aluminio de 26 pulgadas<\/td>\n<td><strong>Pantalla<\/strong><\/td>\n<td>pantalla de cristal l\u00edquido<\/td>\n<\/tr>\n<tr>\n<td><strong>Neum\u00e1tico<\/strong><\/td>\n<td>Kenda 26*4.0<\/td>\n<td><strong>\u00edndice de impermeabilidad<\/strong><\/td>\n<td>IP65<\/td>\n<\/tr>\n<\/tbody>\n<\/table>\n<p>Algunas im\u00e1genes detalladas<\/p>\n<div id='gallery-1' class='gallery galleryid-9246 gallery-columns-5 gallery-size-full'><figure class='gallery-item'>\n\t\t\t<div class='gallery-icon landscape'>\n\t\t\t\t<a href='https:\/\/www.linkseride.com\/es_co\/?attachment_id=9252'><img loading=\"lazy\" decoding=\"async\" width=\"1500\" height=\"1500\" src=\"https:\/\/www.linkseride.com\/wp-content\/uploads\/2023\/03\/1.jpg\" class=\"attachment-full size-full\" alt=\"bicicleta el\u00e9ctrica con neum\u00e1ticos gruesos\" srcset=\"https:\/\/www.linkseride.com\/wp-content\/uploads\/2023\/03\/1.jpg 1500w, https:\/\/www.linkseride.com\/wp-content\/uploads\/2023\/03\/1-300x300.jpg 300w, https:\/\/www.linkseride.com\/wp-content\/uploads\/2023\/03\/1-1024x1024.jpg 1024w, https:\/\/www.linkseride.com\/wp-content\/uploads\/2023\/03\/1-150x150.jpg 150w, https:\/\/www.linkseride.com\/wp-content\/uploads\/2023\/03\/1-768x768.jpg 768w, https:\/\/www.linkseride.com\/wp-content\/uploads\/2023\/03\/1-600x600.jpg 600w, https:\/\/www.linkseride.com\/wp-content\/uploads\/2023\/03\/1-100x100.jpg 100w\" sizes=\"(max-width: 1500px) 100vw, 1500px\" \/><\/a>\n\t\t\t<\/div><\/figure><figure class='gallery-item'>\n\t\t\t<div class='gallery-icon landscape'>\n\t\t\t\t<a href='https:\/\/www.linkseride.com\/es_co\/?attachment_id=9253'><img loading=\"lazy\" decoding=\"async\" width=\"1500\" height=\"1500\" src=\"https:\/\/www.linkseride.com\/wp-content\/uploads\/2023\/03\/2.jpg\" class=\"attachment-full size-full\" alt=\"bicicleta el\u00e9ctrica con neum\u00e1ticos gruesos\" srcset=\"https:\/\/www.linkseride.com\/wp-content\/uploads\/2023\/03\/2.jpg 1500w, https:\/\/www.linkseride.com\/wp-content\/uploads\/2023\/03\/2-300x300.jpg 300w, https:\/\/www.linkseride.com\/wp-content\/uploads\/2023\/03\/2-1024x1024.jpg 1024w, https:\/\/www.linkseride.com\/wp-content\/uploads\/2023\/03\/2-150x150.jpg 150w, https:\/\/www.linkseride.com\/wp-content\/uploads\/2023\/03\/2-768x768.jpg 768w, https:\/\/www.linkseride.com\/wp-content\/uploads\/2023\/03\/2-600x600.jpg 600w, https:\/\/www.linkseride.com\/wp-content\/uploads\/2023\/03\/2-100x100.jpg 100w\" sizes=\"(max-width: 1500px) 100vw, 1500px\" \/><\/a>\n\t\t\t<\/div><\/figure><figure class='gallery-item'>\n\t\t\t<div class='gallery-icon landscape'>\n\t\t\t\t<a href='https:\/\/www.linkseride.com\/es_co\/?attachment_id=9254'><img loading=\"lazy\" decoding=\"async\" width=\"1500\" height=\"1500\" src=\"https:\/\/www.linkseride.com\/wp-content\/uploads\/2023\/03\/3.jpg\" class=\"attachment-full size-full\" alt=\"bicicleta el\u00e9ctrica con neum\u00e1ticos gruesos\" srcset=\"https:\/\/www.linkseride.com\/wp-content\/uploads\/2023\/03\/3.jpg 1500w, https:\/\/www.linkseride.com\/wp-content\/uploads\/2023\/03\/3-300x300.jpg 300w, https:\/\/www.linkseride.com\/wp-content\/uploads\/2023\/03\/3-1024x1024.jpg 1024w, https:\/\/www.linkseride.com\/wp-content\/uploads\/2023\/03\/3-150x150.jpg 150w, https:\/\/www.linkseride.com\/wp-content\/uploads\/2023\/03\/3-768x768.jpg 768w, https:\/\/www.linkseride.com\/wp-content\/uploads\/2023\/03\/3-600x600.jpg 600w, https:\/\/www.linkseride.com\/wp-content\/uploads\/2023\/03\/3-100x100.jpg 100w\" sizes=\"(max-width: 1500px) 100vw, 1500px\" \/><\/a>\n\t\t\t<\/div><\/figure><figure class='gallery-item'>\n\t\t\t<div class='gallery-icon landscape'>\n\t\t\t\t<a href='https:\/\/www.linkseride.com\/es_co\/?attachment_id=9255'><img loading=\"lazy\" decoding=\"async\" width=\"1500\" height=\"1500\" src=\"https:\/\/www.linkseride.com\/wp-content\/uploads\/2023\/03\/4.jpg\" class=\"attachment-full size-full\" alt=\"bicicleta el\u00e9ctrica con neum\u00e1ticos gruesos\" srcset=\"https:\/\/www.linkseride.com\/wp-content\/uploads\/2023\/03\/4.jpg 1500w, https:\/\/www.linkseride.com\/wp-content\/uploads\/2023\/03\/4-300x300.jpg 300w, https:\/\/www.linkseride.com\/wp-content\/uploads\/2023\/03\/4-1024x1024.jpg 1024w, https:\/\/www.linkseride.com\/wp-content\/uploads\/2023\/03\/4-150x150.jpg 150w, https:\/\/www.linkseride.com\/wp-content\/uploads\/2023\/03\/4-768x768.jpg 768w, https:\/\/www.linkseride.com\/wp-content\/uploads\/2023\/03\/4-600x600.jpg 600w, https:\/\/www.linkseride.com\/wp-content\/uploads\/2023\/03\/4-100x100.jpg 100w\" sizes=\"(max-width: 1500px) 100vw, 1500px\" \/><\/a>\n\t\t\t<\/div><\/figure><figure class='gallery-item'>\n\t\t\t<div class='gallery-icon landscape'>\n\t\t\t\t<a href='https:\/\/www.linkseride.com\/es_co\/?attachment_id=9256'><img loading=\"lazy\" decoding=\"async\" width=\"1500\" height=\"1500\" src=\"https:\/\/www.linkseride.com\/wp-content\/uploads\/2023\/03\/5.jpg\" class=\"attachment-full size-full\" alt=\"\" srcset=\"https:\/\/www.linkseride.com\/wp-content\/uploads\/2023\/03\/5.jpg 1500w, https:\/\/www.linkseride.com\/wp-content\/uploads\/2023\/03\/5-300x300.jpg 300w, https:\/\/www.linkseride.com\/wp-content\/uploads\/2023\/03\/5-1024x1024.jpg 1024w, https:\/\/www.linkseride.com\/wp-content\/uploads\/2023\/03\/5-150x150.jpg 150w, https:\/\/www.linkseride.com\/wp-content\/uploads\/2023\/03\/5-768x768.jpg 768w, https:\/\/www.linkseride.com\/wp-content\/uploads\/2023\/03\/5-600x600.jpg 600w, https:\/\/www.linkseride.com\/wp-content\/uploads\/2023\/03\/5-100x100.jpg 100w\" sizes=\"(max-width: 1500px) 100vw, 1500px\" \/><\/a>\n\t\t\t<\/div><\/figure>\n\t\t<\/div>\n\n<p>Si est\u00e1 buscando otros modelos de bicicletas el\u00e9ctricas plegables, puede encontrar informaci\u00f3n detallada. <a href=\"https:\/\/www.linkseride.com\/es_co\/electric-bike-manufacturer\/\" target=\"_blank\" rel=\"noopener\">aqu\u00ed<\/a>.<\/p>\n<p><span style=\"font-size: 16px;\">Aqu\u00ed puedes encontrar m\u00e1s videos de presentaci\u00f3n: <\/span><a style=\"font-size: 16px; background-color: #ffffff;\" href=\"https:\/\/www.youtube.com\/c\/LinksErideTech\" target=\"_blank\" rel=\"noopener\">https:\/\/www.youtube.com\/c\/LinksErideTech<\/a><\/p>\n<div class=\"ast-oembed-container\" style=\"height: 100%;\"><iframe title=\"Bicicleta el\u00e9ctrica de monta\u00f1a LEB-01 750 W 1000 W 26 pulgadas x 4,0 pulgadas con neum\u00e1ticos gruesos\" width=\"500\" height=\"281\" src=\"https:\/\/www.youtube.com\/embed\/oR0A9ZJIaew?feature=oembed\" frameborder=\"0\" allow=\"accelerometer; autoplay; clipboard-write; encrypted-media; gyroscope; picture-in-picture; web-share\" referrerpolicy=\"strict-origin-when-cross-origin\" allowfullscreen><\/iframe><\/div>","protected":false},"excerpt":{"rendered":"<p>\u25cf La bicicleta el\u00e9ctrica con neum\u00e1ticos gruesos est\u00e1 equipada con un motor trasero sin escobillas de 750 W.<\/p>\n<p>\u25cf La bater\u00eda de iones de litio Samsung de 48 V y 20 Ah garantiza una autonom\u00eda de m\u00e1s de 64 km.<\/p>\n<p>\u25cf Desviador trasero (Shimano) de 8 velocidades<\/p>\n<p>\u25cf Resistencia al agua IP65<\/p>\n<p>\u25cf Neum\u00e1tico Kenda de 26\u2019\u2019x 4.0<\/p>","protected":false},"featured_media":9265,"template":"","meta":{"site-sidebar-layout":"default","site-content-layout":"default","ast-site-content-layout":"default","site-content-style":"default","site-sidebar-style":"default","ast-global-header-display":"","ast-banner-title-visibility":"","ast-main-header-display":"","ast-hfb-above-header-display":"","ast-hfb-below-header-display":"","ast-hfb-mobile-header-display":"","site-post-title":"","ast-breadcrumbs-content":"","ast-featured-img":"","footer-sml-layout":"","ast-disable-related-posts":"","theme-transparent-header-meta":"default","adv-header-id-meta":"","stick-header-meta":"","header-above-stick-meta":"","header-main-stick-meta":"","header-below-stick-meta":"","astra-migrate-meta-layouts":"default","ast-page-background-enabled":"default","ast-page-background-meta":{"desktop":{"background-color":"","background-image":"","background-repeat":"repeat","background-position":"center center","background-size":"auto","background-attachment":"scroll","background-type":"","background-media":"","overlay-type":"","overlay-color":"","overlay-opacity":"","overlay-gradient":""},"tablet":{"background-color":"","background-image":"","background-repeat":"repeat","background-position":"center center","background-size":"auto","background-attachment":"scroll","background-type":"","background-media":"","overlay-type":"","overlay-color":"","overlay-opacity":"","overlay-gradient":""},"mobile":{"background-color":"","background-image":"","background-repeat":"repeat","background-position":"center center","background-size":"auto","background-attachment":"scroll","background-type":"","background-media":"","overlay-type":"","overlay-color":"","overlay-opacity":"","overlay-gradient":""}},"ast-content-background-meta":{"desktop":{"background-color":"var(--ast-global-color-5)","background-image":"","background-repeat":"repeat","background-position":"center center","background-size":"auto","background-attachment":"scroll","background-type":"","background-media":"","overlay-type":"","overlay-color":"","overlay-opacity":"","overlay-gradient":""},"tablet":{"background-color":"var(--ast-global-color-5)","background-image":"","background-repeat":"repeat","background-position":"center center","background-size":"auto","background-attachment":"scroll","background-type":"","background-media":"","overlay-type":"","overlay-color":"","overlay-opacity":"","overlay-gradient":""},"mobile":{"background-color":"var(--ast-global-color-5)","background-image":"","background-repeat":"repeat","background-position":"center center","background-size":"auto","background-attachment":"scroll","background-type":"","background-media":"","overlay-type":"","overlay-color":"","overlay-opacity":"","overlay-gradient":""}}},"product_brand":[],"product_cat":[29],"product_tag":[],"class_list":{"0":"post-9246","1":"product","2":"type-product","3":"status-publish","4":"has-post-thumbnail","6":"product_cat-electric-bike","7":"desktop-align-left","8":"tablet-align-left","9":"mobile-align-left","11":"first","12":"instock","13":"shipping-taxable","14":"product-type-simple"},"_links":{"self":[{"href":"https:\/\/www.linkseride.com\/es_co\/wp-json\/wp\/v2\/product\/9246","targetHints":{"allow":["GET"]}}],"collection":[{"href":"https:\/\/www.linkseride.com\/es_co\/wp-json\/wp\/v2\/product"}],"about":[{"href":"https:\/\/www.linkseride.com\/es_co\/wp-json\/wp\/v2\/types\/product"}],"wp:featuredmedia":[{"embeddable":true,"href":"https:\/\/www.linkseride.com\/es_co\/wp-json\/wp\/v2\/media\/9265"}],"wp:attachment":[{"href":"https:\/\/www.linkseride.com\/es_co\/wp-json\/wp\/v2\/media?parent=9246"}],"wp:term":[{"taxonomy":"product_brand","embeddable":true,"href":"https:\/\/www.linkseride.com\/es_co\/wp-json\/wp\/v2\/product_brand?post=9246"},{"taxonomy":"product_cat","embeddable":true,"href":"https:\/\/www.linkseride.com\/es_co\/wp-json\/wp\/v2\/product_cat?post=9246"},{"taxonomy":"product_tag","embeddable":true,"href":"https:\/\/www.linkseride.com\/es_co\/wp-json\/wp\/v2\/product_tag?post=9246"}],"curies":[{"name":"wp","href":"https:\/\/api.w.org\/{rel}","templated":true}]}}