{"id":9631,"date":"2023-10-13T03:15:06","date_gmt":"2023-10-13T03:15:06","guid":{"rendered":"https:\/\/www.linkseride.com\/?post_type=product&#038;p=9631"},"modified":"2023-10-13T06:28:06","modified_gmt":"2023-10-13T06:28:06","slug":"fabrica-china-de-scooters-electricos-de-3-ruedas","status":"publish","type":"product","link":"https:\/\/www.linkseride.com\/es_co\/product\/china-factory-electric-scooters-3-wheel\/","title":{"rendered":"F\u00e1brica china de scooters el\u00e9ctricos de 3 ruedas con certificado COC\/EEC"},"content":{"rendered":"<h5>Aceleraci\u00f3n suave y controlada<\/h5>\n<p>Equipado con un controlador integrado de 60 V y 40 A, el patineta el\u00e9ctrica de 3 ruedas ofrece una estabilidad excepcional en el control de potencia y una alta salida de corriente, lo que se traduce en ajustes de velocidad fluidos en tres niveles. Incluso cuenta con marcha atr\u00e1s para mayor comodidad.<\/p>\n<h5>M\u00e1s de 36 hoyos de golf<\/h5>\n<p>Prueba el triciclo el\u00e9ctrico de golf Fat Tire de 3 ruedas en el green, equipado con una extraordinaria bater\u00eda de litio de alta densidad de 60 V y 20 Ah que ofrece una impresionante autonom\u00eda de 56 km en ciudad o una vers\u00e1til capacidad de arranque y parada. Con dos cajas de bater\u00eda, puedes duplicar tu potencia con 60 V y 40 Ah, lo que te garantiza la energ\u00eda necesaria para una ronda de m\u00e1s de 36 hoyos.<\/p>\n<h5>Multifuncionalidad para los entusiastas del golf<\/h5>\n<p>La scooter el\u00e9ctrica de golf de tres ruedas puede incorporar accesorios opcionales para golf, como un soporte para palos y un soporte para nevera, lo que le permitir\u00e1 llevar su juego al siguiente nivel mientras mantiene frescos sus refrigerios.<\/p>\n<h5>Comodidad de conducci\u00f3n superior<\/h5>\n<p>Disfruta de una conducci\u00f3n suave con la horquilla hidr\u00e1ulica ajustable y la suspensi\u00f3n trasera con amortiguador de acero. Adem\u00e1s, los neum\u00e1ticos gruesos sin c\u00e1mara de 10 pulgadas no solo reducen el riesgo de pinchazos, sino que tambi\u00e9n mejoran el rendimiento de frenado para tu seguridad.<\/p>\n<h5>Pantalla LCD con todo incluido<\/h5>\n<p>La pantalla LCD integrada muestra informaci\u00f3n crucial como la velocidad, el kilometraje, el voltaje y el nivel de potencia, lo que le garantiza el control en todo momento. Desp\u00eddase de la preocupaci\u00f3n por quedarse sin bater\u00eda y diagnostique f\u00e1cilmente cualquier problema gracias a los c\u00f3digos de error que se muestran en la pantalla. Disfrute del golf con estilo con el triciclo de golf de 3 ruedas y neum\u00e1ticos gruesos Electric Scooters.<\/p>\n<p>&nbsp;<\/p>\n<h2>\u00bfCu\u00e1les son las caracter\u00edsticas principales de este patinete el\u00e9ctrico de 3 ruedas con certificado COC\/EEC?<\/h2>\n<table width=\"638\">\n<tbody>\n<tr>\n<td style=\"font-weight: 400;\" width=\"114\"><strong>Motor<\/strong><\/td>\n<td style=\"font-weight: 400;\" width=\"172\">2000 W<\/td>\n<td style=\"font-weight: 400;\" width=\"114\"><strong>Bater\u00eda<\/strong><\/td>\n<td style=\"font-weight: 400;\" width=\"238\">Bater\u00eda de litio extra\u00edble<\/td>\n<\/tr>\n<tr>\n<td style=\"font-weight: 400;\" width=\"114\"><strong>Freno<\/strong><\/td>\n<td style=\"font-weight: 400;\" width=\"172\">Freno de disco hidr\u00e1ulico delantero y trasero<\/td>\n<td style=\"font-weight: 400;\" width=\"114\"><strong>Capacidad de la bater\u00eda<\/strong><\/td>\n<td style=\"font-weight: 400;\" width=\"238\">60 V, 20 Ah*2<\/td>\n<\/tr>\n<tr>\n<td style=\"font-weight: 400;\" width=\"114\"><strong>Luz<\/strong><\/td>\n<td style=\"font-weight: 400;\" width=\"172\">Faro LED, luz de giro, reflector trasero<\/td>\n<td style=\"font-weight: 400;\" width=\"114\"><strong>Asiento<\/strong><\/td>\n<td style=\"font-weight: 400;\" width=\"238\">2 asientos<\/td>\n<\/tr>\n<tr>\n<td style=\"font-weight: 400;\" width=\"114\"><strong>Pantalla<\/strong><\/td>\n<td style=\"font-weight: 400;\" width=\"172\">Pantalla LCD<\/td>\n<td style=\"font-weight: 400;\" width=\"114\"><strong>Neum\u00e1tico<\/strong><\/td>\n<td style=\"font-weight: 400;\" width=\"238\">Neum\u00e1tico ancho de 12 pulgadas<\/td>\n<\/tr>\n<tr>\n<td style=\"font-weight: 400;\" width=\"114\"><strong>Marco<\/strong><\/td>\n<td style=\"font-weight: 400;\" width=\"172\">Tubo de acero sin soldadura<\/td>\n<td style=\"font-weight: 400;\" width=\"114\"><strong>Velocidad m\u00e1xima<\/strong><\/td>\n<td style=\"font-weight: 400;\" width=\"238\">45 km\/h<\/td>\n<\/tr>\n<tr>\n<td style=\"font-weight: 400;\" width=\"114\"><strong>Suspensi\u00f3n<\/strong><\/td>\n<td style=\"font-weight: 400;\" width=\"172\">Horquilla de suspensi\u00f3n delantera; amortiguador trasero de doble resorte.<\/td>\n<td style=\"font-weight: 400;\" width=\"114\"><strong>Alcance m\u00e1ximo<\/strong><\/td>\n<td style=\"font-weight: 400;\" width=\"238\">60-80 km por carga (dependiendo del peso, el terreno, las condiciones meteorol\u00f3gicas, etc.)<\/td>\n<\/tr>\n<\/tbody>\n<\/table>\n<p>Tambi\u00e9n tenemos otro nuevo modelo de scooter chopper Citycoco con forma de Harley. Si necesita m\u00e1s informaci\u00f3n, puede<a href=\"https:\/\/www.linkseride.com\/es_co\/electric-scooter-manufacturer\/\"> Encu\u00e9ntralo aqu\u00ed.<\/a><\/p>\n<p>Aqu\u00ed puedes encontrar m\u00e1s videos de presentaci\u00f3n:\u00a0<a href=\"https:\/\/www.youtube.com\/channel\/UCw4wsO7M_kRsCHTxcFeqTAA\" target=\"_blank\" rel=\"noopener\">https:\/\/www.youtube.com\/channel\/UCw4wsO7M_kRsCHTxcFeqTAA<\/a><\/p>\n<div class=\"ast-oembed-container\" style=\"height: 100%;\"><iframe title=\"Patinete el\u00e9ctrico Citycoco CP5 Certificado EEC COC Biplaza\" width=\"500\" height=\"281\" src=\"https:\/\/www.youtube.com\/embed\/WkBVeokNhn8?feature=oembed\" frameborder=\"0\" allow=\"accelerometer; autoplay; clipboard-write; encrypted-media; gyroscope; picture-in-picture; web-share\" referrerpolicy=\"strict-origin-when-cross-origin\" allowfullscreen><\/iframe><\/div>","protected":false},"excerpt":{"rendered":"<p>\u25cf Patinetes el\u00e9ctricos Linkseride de 3 ruedas con certificado COC\/EEC<\/p>\n<p>\u25cf Bater\u00edas dobles para bater\u00eda de iones de litio de 60 V y 20 Ah*2.<\/p>\n<p>\u25cf Opci\u00f3n adicional para el triciclo de golf con portaequipajes para palos de golf y portaequipajes para nevera port\u00e1til.<\/p>\n<p>\u25cf Triciclos el\u00e9ctricos para adultos de 60 V y 20 Ah<\/p>","protected":false},"featured_media":9637,"template":"","meta":{"site-sidebar-layout":"default","site-content-layout":"default","ast-site-content-layout":"default","site-content-style":"default","site-sidebar-style":"default","ast-global-header-display":"","ast-banner-title-visibility":"","ast-main-header-display":"","ast-hfb-above-header-display":"","ast-hfb-below-header-display":"","ast-hfb-mobile-header-display":"","site-post-title":"","ast-breadcrumbs-content":"","ast-featured-img":"","footer-sml-layout":"","ast-disable-related-posts":"","theme-transparent-header-meta":"default","adv-header-id-meta":"","stick-header-meta":"","header-above-stick-meta":"","header-main-stick-meta":"","header-below-stick-meta":"","astra-migrate-meta-layouts":"default","ast-page-background-enabled":"default","ast-page-background-meta":{"desktop":{"background-color":"","background-image":"","background-repeat":"repeat","background-position":"center center","background-size":"auto","background-attachment":"scroll","background-type":"","background-media":"","overlay-type":"","overlay-color":"","overlay-opacity":"","overlay-gradient":""},"tablet":{"background-color":"","background-image":"","background-repeat":"repeat","background-position":"center center","background-size":"auto","background-attachment":"scroll","background-type":"","background-media":"","overlay-type":"","overlay-color":"","overlay-opacity":"","overlay-gradient":""},"mobile":{"background-color":"","background-image":"","background-repeat":"repeat","background-position":"center center","background-size":"auto","background-attachment":"scroll","background-type":"","background-media":"","overlay-type":"","overlay-color":"","overlay-opacity":"","overlay-gradient":""}},"ast-content-background-meta":{"desktop":{"background-color":"var(--ast-global-color-5)","background-image":"","background-repeat":"repeat","background-position":"center center","background-size":"auto","background-attachment":"scroll","background-type":"","background-media":"","overlay-type":"","overlay-color":"","overlay-opacity":"","overlay-gradient":""},"tablet":{"background-color":"var(--ast-global-color-5)","background-image":"","background-repeat":"repeat","background-position":"center center","background-size":"auto","background-attachment":"scroll","background-type":"","background-media":"","overlay-type":"","overlay-color":"","overlay-opacity":"","overlay-gradient":""},"mobile":{"background-color":"var(--ast-global-color-5)","background-image":"","background-repeat":"repeat","background-position":"center center","background-size":"auto","background-attachment":"scroll","background-type":"","background-media":"","overlay-type":"","overlay-color":"","overlay-opacity":"","overlay-gradient":""}}},"product_brand":[],"product_cat":[27,28],"product_tag":[38],"class_list":{"0":"post-9631","1":"product","2":"type-product","3":"status-publish","4":"has-post-thumbnail","6":"product_cat-electric-motorcycle","7":"product_cat-electric-scooter","8":"product_tag-citycoco-scooter","9":"desktop-align-left","10":"tablet-align-left","11":"mobile-align-left","13":"first","14":"instock","15":"shipping-taxable","16":"product-type-simple"},"_links":{"self":[{"href":"https:\/\/www.linkseride.com\/es_co\/wp-json\/wp\/v2\/product\/9631","targetHints":{"allow":["GET"]}}],"collection":[{"href":"https:\/\/www.linkseride.com\/es_co\/wp-json\/wp\/v2\/product"}],"about":[{"href":"https:\/\/www.linkseride.com\/es_co\/wp-json\/wp\/v2\/types\/product"}],"wp:featuredmedia":[{"embeddable":true,"href":"https:\/\/www.linkseride.com\/es_co\/wp-json\/wp\/v2\/media\/9637"}],"wp:attachment":[{"href":"https:\/\/www.linkseride.com\/es_co\/wp-json\/wp\/v2\/media?parent=9631"}],"wp:term":[{"taxonomy":"product_brand","embeddable":true,"href":"https:\/\/www.linkseride.com\/es_co\/wp-json\/wp\/v2\/product_brand?post=9631"},{"taxonomy":"product_cat","embeddable":true,"href":"https:\/\/www.linkseride.com\/es_co\/wp-json\/wp\/v2\/product_cat?post=9631"},{"taxonomy":"product_tag","embeddable":true,"href":"https:\/\/www.linkseride.com\/es_co\/wp-json\/wp\/v2\/product_tag?post=9631"}],"curies":[{"name":"wp","href":"https:\/\/api.w.org\/{rel}","templated":true}]}}