{"id":5378,"date":"2022-01-14T09:03:19","date_gmt":"2022-01-14T09:03:19","guid":{"rendered":"http:\/\/linkseride.com\/?page_id=5378"},"modified":"2025-12-04T08:22:19","modified_gmt":"2025-12-04T08:22:19","slug":"blog","status":"publish","type":"page","link":"https:\/\/www.linkseride.com\/fr\/blog\/","title":{"rendered":"Blog"},"content":{"rendered":"<div data-elementor-type=\"wp-page\" data-elementor-id=\"5378\" class=\"elementor elementor-5378\" data-elementor-post-type=\"page\">\n\t\t\t\t\t\t<section class=\"elementor-section elementor-top-section elementor-element elementor-element-7b0e367 elementor-section-boxed elementor-section-height-default elementor-section-height-default\" data-id=\"7b0e367\" data-element_type=\"section\" data-e-type=\"section\" data-settings=\"{&quot;background_background&quot;:&quot;classic&quot;}\">\n\t\t\t\t\t\t<div class=\"elementor-container elementor-column-gap-default\">\n\t\t\t\t\t<div class=\"elementor-column elementor-col-100 elementor-top-column elementor-element elementor-element-424b7ec\" data-id=\"424b7ec\" data-element_type=\"column\" data-e-type=\"column\">\n\t\t\t<div class=\"elementor-widget-wrap elementor-element-populated\">\n\t\t\t\t\t\t<div class=\"elementor-element elementor-element-94fe66d elementor-widget elementor-widget-heading\" data-id=\"94fe66d\" data-element_type=\"widget\" data-e-type=\"widget\" data-widget_type=\"heading.default\">\n\t\t\t\t<div class=\"elementor-widget-container\">\n\t\t\t\t\t<h1 class=\"elementor-heading-title elementor-size-default\">The Blogs<\/h1>\t\t\t\t<\/div>\n\t\t\t\t<\/div>\n\t\t\t\t\t<\/div>\n\t\t<\/div>\n\t\t\t\t\t<\/div>\n\t\t<\/section>\n\t\t\t\t<section class=\"elementor-section elementor-top-section elementor-element elementor-element-14b2b80 elementor-section-boxed elementor-section-height-default elementor-section-height-default\" data-id=\"14b2b80\" data-element_type=\"section\" data-e-type=\"section\">\n\t\t\t\t\t\t<div class=\"elementor-container elementor-column-gap-default\">\n\t\t\t\t\t<div class=\"elementor-column elementor-col-100 elementor-top-column elementor-element elementor-element-7673451\" data-id=\"7673451\" data-element_type=\"column\" data-e-type=\"column\">\n\t\t\t<div class=\"elementor-widget-wrap elementor-element-populated\">\n\t\t\t\t\t\t<div class=\"elementor-element elementor-element-a6a7013 elementor-grid-3 elementor-grid-tablet-2 elementor-grid-mobile-1 elementor-posts--thumbnail-top load-more-align-center elementor-widget elementor-widget-posts\" data-id=\"a6a7013\" data-element_type=\"widget\" data-e-type=\"widget\" data-settings=\"{&quot;pagination_type&quot;:&quot;load_more_on_click&quot;,&quot;classic_columns&quot;:&quot;3&quot;,&quot;classic_columns_tablet&quot;:&quot;2&quot;,&quot;classic_columns_mobile&quot;:&quot;1&quot;,&quot;classic_row_gap&quot;:{&quot;unit&quot;:&quot;px&quot;,&quot;size&quot;:35,&quot;sizes&quot;:[]},&quot;classic_row_gap_tablet&quot;:{&quot;unit&quot;:&quot;px&quot;,&quot;size&quot;:&quot;&quot;,&quot;sizes&quot;:[]},&quot;classic_row_gap_mobile&quot;:{&quot;unit&quot;:&quot;px&quot;,&quot;size&quot;:&quot;&quot;,&quot;sizes&quot;:[]},&quot;load_more_spinner&quot;:{&quot;value&quot;:&quot;fas fa-spinner&quot;,&quot;library&quot;:&quot;fa-solid&quot;}}\" data-widget_type=\"posts.classic\">\n\t\t\t\t<div class=\"elementor-widget-container\">\n\t\t\t\t\t\t\t<div class=\"elementor-posts-container elementor-posts elementor-posts--skin-classic elementor-grid\" role=\"list\">\n\t\t\t\t<article class=\"elementor-post elementor-grid-item post-11067 post type-post status-publish format-standard has-post-thumbnail hentry category-blog\" role=\"listitem\">\n\t\t\t\t<a class=\"elementor-post__thumbnail__link\" href=\"https:\/\/www.linkseride.com\/fr\/choosing-an-electric-scooter-for-business\/\" tabindex=\"-1\" >\n\t\t\t<div class=\"elementor-post__thumbnail\"><img fetchpriority=\"high\" decoding=\"async\" width=\"300\" height=\"169\" src=\"https:\/\/www.linkseride.com\/wp-content\/uploads\/2024\/11\/Electric-Scooter-for-Business-300x169.png\" class=\"attachment-medium size-medium wp-image-11073\" alt=\"Scooter \u00e9lectrique pour les entreprises\" srcset=\"https:\/\/www.linkseride.com\/wp-content\/uploads\/2024\/11\/Electric-Scooter-for-Business-300x169.png 300w, https:\/\/www.linkseride.com\/wp-content\/uploads\/2024\/11\/Electric-Scooter-for-Business-1024x576.png 1024w, https:\/\/www.linkseride.com\/wp-content\/uploads\/2024\/11\/Electric-Scooter-for-Business-768x432.png 768w, https:\/\/www.linkseride.com\/wp-content\/uploads\/2024\/11\/Electric-Scooter-for-Business-600x338.png 600w, https:\/\/www.linkseride.com\/wp-content\/uploads\/2024\/11\/Electric-Scooter-for-Business.png 1280w\" sizes=\"(max-width: 300px) 100vw, 300px\" \/><\/div>\n\t\t<\/a>\n\t\t\t\t<div class=\"elementor-post__text\">\n\t\t\t\t<h3 class=\"elementor-post__title\">\n\t\t\t<a href=\"https:\/\/www.linkseride.com\/fr\/choosing-an-electric-scooter-for-business\/\" >\n\t\t\t\tQuels sont les crit\u00e8res \u00e0 prendre en compte lors du choix d'un scooter \u00e9lectrique pour les entreprises ?\t\t\t<\/a>\n\t\t<\/h3>\n\t\t\t\t<div class=\"elementor-post__meta-data\">\n\t\t\t\t\t<span class=\"elementor-post-date\">\n\t\t\t27 novembre 2024\t\t<\/span>\n\t\t\t\t<span class=\"elementor-post-avatar\">\n\t\t\tPas de commentaire\t\t<\/span>\n\t\t\t\t<\/div>\n\t\t\t\t<div class=\"elementor-post__excerpt\">\n\t\t\t<p>Introduction Les scooters \u00e9lectriques s'int\u00e8grent rapidement dans les principales entreprises de divers secteurs, des services de livraison au dernier kilom\u00e8tre aux transports quotidiens. Ils offrent un moyen de transport \u00e9cologique, rentable, et<\/p>\n\t\t<\/div>\n\t\t\n\t\t<a class=\"elementor-post__read-more\" href=\"https:\/\/www.linkseride.com\/fr\/choosing-an-electric-scooter-for-business\/\" aria-label=\"Read more about What to Look for When Choosing an Electric Scooter for Business\" tabindex=\"-1\" >\n\t\t\tLire la suite \u00bb\t\t<\/a>\n\n\t\t\t\t<\/div>\n\t\t\t\t<\/article>\n\t\t\t\t<article class=\"elementor-post elementor-grid-item post-11038 post type-post status-publish format-standard has-post-thumbnail hentry category-blog\" role=\"listitem\">\n\t\t\t\t<a class=\"elementor-post__thumbnail__link\" href=\"https:\/\/www.linkseride.com\/fr\/electric-scooters-innovations-by-2025\/\" tabindex=\"-1\" >\n\t\t\t<div class=\"elementor-post__thumbnail\"><img decoding=\"async\" width=\"300\" height=\"171\" src=\"https:\/\/www.linkseride.com\/wp-content\/uploads\/2024\/09\/Electric-Scooters-Innovations-300x171.webp\" class=\"attachment-medium size-medium wp-image-11046\" alt=\"Innovations en mati\u00e8re de scooters \u00e9lectriques\" srcset=\"https:\/\/www.linkseride.com\/wp-content\/uploads\/2024\/09\/Electric-Scooters-Innovations-300x171.webp 300w, https:\/\/www.linkseride.com\/wp-content\/uploads\/2024\/09\/Electric-Scooters-Innovations-1024x585.webp 1024w, https:\/\/www.linkseride.com\/wp-content\/uploads\/2024\/09\/Electric-Scooters-Innovations-768x439.webp 768w, https:\/\/www.linkseride.com\/wp-content\/uploads\/2024\/09\/Electric-Scooters-Innovations-1536x878.webp 1536w, https:\/\/www.linkseride.com\/wp-content\/uploads\/2024\/09\/Electric-Scooters-Innovations-600x343.webp 600w, https:\/\/www.linkseride.com\/wp-content\/uploads\/2024\/09\/Electric-Scooters-Innovations.webp 1792w\" sizes=\"(max-width: 300px) 100vw, 300px\" \/><\/div>\n\t\t<\/a>\n\t\t\t\t<div class=\"elementor-post__text\">\n\t\t\t\t<h3 class=\"elementor-post__title\">\n\t\t\t<a href=\"https:\/\/www.linkseride.com\/fr\/electric-scooters-innovations-by-2025\/\" >\n\t\t\t\tQue peut-on attendre des innovations en mati\u00e8re de scooters \u00e9lectriques d'ici 2025 ? Tendances de l'industrie\t\t\t<\/a>\n\t\t<\/h3>\n\t\t\t\t<div class=\"elementor-post__meta-data\">\n\t\t\t\t\t<span class=\"elementor-post-date\">\n\t\t\t13 septembre 2024\t\t<\/span>\n\t\t\t\t<span class=\"elementor-post-avatar\">\n\t\t\tPas de commentaire\t\t<\/span>\n\t\t\t\t<\/div>\n\t\t\t\t<div class=\"elementor-post__excerpt\">\n\t\t\t<p>Introduction Alors que les scooters \u00e9lectriques deviennent un \u00e9l\u00e9ment essentiel du transport urbain et de la livraison du dernier kilom\u00e8tre, l'industrie continue de repousser les limites de la technologie et de la durabilit\u00e9. En regardant<\/p>\n\t\t<\/div>\n\t\t\n\t\t<a class=\"elementor-post__read-more\" href=\"https:\/\/www.linkseride.com\/fr\/electric-scooters-innovations-by-2025\/\" aria-label=\"Read more about What to Expect in Electric Scooters Innovations by 2025: Industry Trends\" tabindex=\"-1\" >\n\t\t\tLire la suite \u00bb\t\t<\/a>\n\n\t\t\t\t<\/div>\n\t\t\t\t<\/article>\n\t\t\t\t<article class=\"elementor-post elementor-grid-item post-10977 post type-post status-publish format-standard has-post-thumbnail hentry category-blog\" role=\"listitem\">\n\t\t\t\t<a class=\"elementor-post__thumbnail__link\" href=\"https:\/\/www.linkseride.com\/fr\/electric-mopeds-vs-electric-motorcycles\/\" tabindex=\"-1\" >\n\t\t\t<div class=\"elementor-post__thumbnail\"><img decoding=\"async\" width=\"300\" height=\"169\" src=\"https:\/\/www.linkseride.com\/wp-content\/uploads\/2024\/08\/electric-mopeds-electric-motorcycles-business-transportation-300x169.png\" class=\"attachment-medium size-medium wp-image-10985\" alt=\"cyclomoteurs \u00e9lectriques motocycles \u00e9lectriques entreprise transport\" srcset=\"https:\/\/www.linkseride.com\/wp-content\/uploads\/2024\/08\/electric-mopeds-electric-motorcycles-business-transportation-300x169.png 300w, https:\/\/www.linkseride.com\/wp-content\/uploads\/2024\/08\/electric-mopeds-electric-motorcycles-business-transportation-1024x576.png 1024w, https:\/\/www.linkseride.com\/wp-content\/uploads\/2024\/08\/electric-mopeds-electric-motorcycles-business-transportation-768x432.png 768w, https:\/\/www.linkseride.com\/wp-content\/uploads\/2024\/08\/electric-mopeds-electric-motorcycles-business-transportation-600x338.png 600w, https:\/\/www.linkseride.com\/wp-content\/uploads\/2024\/08\/electric-mopeds-electric-motorcycles-business-transportation.png 1280w\" sizes=\"(max-width: 300px) 100vw, 300px\" \/><\/div>\n\t\t<\/a>\n\t\t\t\t<div class=\"elementor-post__text\">\n\t\t\t\t<h3 class=\"elementor-post__title\">\n\t\t\t<a href=\"https:\/\/www.linkseride.com\/fr\/electric-mopeds-vs-electric-motorcycles\/\" >\n\t\t\t\tComparaison des cyclomoteurs \u00e9lectriques et des motos \u00e9lectriques : Qu'est-ce qui convient le mieux \u00e0 votre entreprise ?\t\t\t<\/a>\n\t\t<\/h3>\n\t\t\t\t<div class=\"elementor-post__meta-data\">\n\t\t\t\t\t<span class=\"elementor-post-date\">\n\t\t\t14 ao\u00fbt 2024\t\t<\/span>\n\t\t\t\t<span class=\"elementor-post-avatar\">\n\t\t\tPas de commentaire\t\t<\/span>\n\t\t\t\t<\/div>\n\t\t\t\t<div class=\"elementor-post__excerpt\">\n\t\t\t<p>Alors que les entreprises continuent de rechercher des solutions durables pour r\u00e9duire leurs co\u00fbts op\u00e9rationnels et leur impact sur l'environnement, les v\u00e9hicules \u00e9lectriques (VE) se sont impos\u00e9s comme un \u00e9l\u00e9ment cl\u00e9 de l'\u00e9conomie moderne.<\/p>\n\t\t<\/div>\n\t\t\n\t\t<a class=\"elementor-post__read-more\" href=\"https:\/\/www.linkseride.com\/fr\/electric-mopeds-vs-electric-motorcycles\/\" aria-label=\"Read more about Comparing Electric Mopeds vs. Electric Motorcycles: Which Is Right for Your Business?\" tabindex=\"-1\" >\n\t\t\tLire la suite \u00bb\t\t<\/a>\n\n\t\t\t\t<\/div>\n\t\t\t\t<\/article>\n\t\t\t\t<article class=\"elementor-post elementor-grid-item post-10868 post type-post status-publish format-standard has-post-thumbnail hentry category-blog\" role=\"listitem\">\n\t\t\t\t<a class=\"elementor-post__thumbnail__link\" href=\"https:\/\/www.linkseride.com\/fr\/know-about-the-ss-8-electric-dirt-bike\/\" tabindex=\"-1\" >\n\t\t\t<div class=\"elementor-post__thumbnail\"><img loading=\"lazy\" decoding=\"async\" width=\"300\" height=\"169\" src=\"https:\/\/www.linkseride.com\/wp-content\/uploads\/2024\/07\/SS-8.0-Electric-Dirt-Bike-2-300x169.png\" class=\"attachment-medium size-medium wp-image-10879\" alt=\"SS-8.0 Electric Dirt Bike\" srcset=\"https:\/\/www.linkseride.com\/wp-content\/uploads\/2024\/07\/SS-8.0-Electric-Dirt-Bike-2-300x169.png 300w, https:\/\/www.linkseride.com\/wp-content\/uploads\/2024\/07\/SS-8.0-Electric-Dirt-Bike-2-1024x576.png 1024w, https:\/\/www.linkseride.com\/wp-content\/uploads\/2024\/07\/SS-8.0-Electric-Dirt-Bike-2-768x432.png 768w, https:\/\/www.linkseride.com\/wp-content\/uploads\/2024\/07\/SS-8.0-Electric-Dirt-Bike-2-600x338.png 600w, https:\/\/www.linkseride.com\/wp-content\/uploads\/2024\/07\/SS-8.0-Electric-Dirt-Bike-2.png 1280w\" sizes=\"(max-width: 300px) 100vw, 300px\" \/><\/div>\n\t\t<\/a>\n\t\t\t\t<div class=\"elementor-post__text\">\n\t\t\t\t<h3 class=\"elementor-post__title\">\n\t\t\t<a href=\"https:\/\/www.linkseride.com\/fr\/know-about-the-ss-8-electric-dirt-bike\/\" >\n\t\t\t\tTout ce qu'il faut savoir sur la moto \u00e9lectrique SS-8\t\t\t<\/a>\n\t\t<\/h3>\n\t\t\t\t<div class=\"elementor-post__meta-data\">\n\t\t\t\t\t<span class=\"elementor-post-date\">\n\t\t\t15 juillet 2024\t\t<\/span>\n\t\t\t\t<span class=\"elementor-post-avatar\">\n\t\t\tPas de commentaire\t\t<\/span>\n\t\t\t\t<\/div>\n\t\t\t\t<div class=\"elementor-post__excerpt\">\n\t\t\t<p>Les v\u00e9hicules \u00e9lectriques gagnent de plus en plus de parts de march\u00e9 et commencent \u00e0 concurrencer s\u00e9rieusement les v\u00e9hicules \u00e0 combustion interne. C'est ce qui ressort, par exemple, de la salet\u00e9...<\/p>\n\t\t<\/div>\n\t\t\n\t\t<a class=\"elementor-post__read-more\" href=\"https:\/\/www.linkseride.com\/fr\/know-about-the-ss-8-electric-dirt-bike\/\" aria-label=\"Read more about Everything You Need to Know About the SS-8 Electric Dirt Bike\" tabindex=\"-1\" >\n\t\t\tLire la suite \u00bb\t\t<\/a>\n\n\t\t\t\t<\/div>\n\t\t\t\t<\/article>\n\t\t\t\t<article class=\"elementor-post elementor-grid-item post-10818 post type-post status-publish format-standard has-post-thumbnail hentry category-blog\" role=\"listitem\">\n\t\t\t\t<a class=\"elementor-post__thumbnail__link\" href=\"https:\/\/www.linkseride.com\/fr\/how-to-avoid-traffic-jams-7-tips-to-follow\/\" tabindex=\"-1\" >\n\t\t\t<div class=\"elementor-post__thumbnail\"><img loading=\"lazy\" decoding=\"async\" width=\"300\" height=\"169\" src=\"https:\/\/www.linkseride.com\/wp-content\/uploads\/2024\/06\/How-to-Avoid-Traffic-Jams-300x169.png\" class=\"attachment-medium size-medium wp-image-10823\" alt=\"Comment \u00e9viter les embouteillages\" srcset=\"https:\/\/www.linkseride.com\/wp-content\/uploads\/2024\/06\/How-to-Avoid-Traffic-Jams-300x169.png 300w, https:\/\/www.linkseride.com\/wp-content\/uploads\/2024\/06\/How-to-Avoid-Traffic-Jams-1024x576.png 1024w, https:\/\/www.linkseride.com\/wp-content\/uploads\/2024\/06\/How-to-Avoid-Traffic-Jams-768x432.png 768w, https:\/\/www.linkseride.com\/wp-content\/uploads\/2024\/06\/How-to-Avoid-Traffic-Jams-600x338.png 600w, https:\/\/www.linkseride.com\/wp-content\/uploads\/2024\/06\/How-to-Avoid-Traffic-Jams.png 1280w\" sizes=\"(max-width: 300px) 100vw, 300px\" \/><\/div>\n\t\t<\/a>\n\t\t\t\t<div class=\"elementor-post__text\">\n\t\t\t\t<h3 class=\"elementor-post__title\">\n\t\t\t<a href=\"https:\/\/www.linkseride.com\/fr\/how-to-avoid-traffic-jams-7-tips-to-follow\/\" >\n\t\t\t\tComment \u00e9viter les embouteillages : 7 conseils \u00e0 suivre\t\t\t<\/a>\n\t\t<\/h3>\n\t\t\t\t<div class=\"elementor-post__meta-data\">\n\t\t\t\t\t<span class=\"elementor-post-date\">\n\t\t\t20 juin 2024\t\t<\/span>\n\t\t\t\t<span class=\"elementor-post-avatar\">\n\t\t\tPas de commentaire\t\t<\/span>\n\t\t\t\t<\/div>\n\t\t\t\t<div class=\"elementor-post__excerpt\">\n\t\t\t<p>En se demandant comment \u00e9viter les embouteillages, qui constituent l'un des principaux probl\u00e8mes dans les villes. Ce probl\u00e8me entra\u00eene des retards quotidiens, ce qui fait que beaucoup de gens<\/p>\n\t\t<\/div>\n\t\t\n\t\t<a class=\"elementor-post__read-more\" href=\"https:\/\/www.linkseride.com\/fr\/how-to-avoid-traffic-jams-7-tips-to-follow\/\" aria-label=\"Read more about How to Avoid Traffic Jams: 7 Tips to Follow\" tabindex=\"-1\" >\n\t\t\tLire la suite \u00bb\t\t<\/a>\n\n\t\t\t\t<\/div>\n\t\t\t\t<\/article>\n\t\t\t\t<article class=\"elementor-post elementor-grid-item post-10785 post type-post status-publish format-standard has-post-thumbnail hentry category-blog\" role=\"listitem\">\n\t\t\t\t<a class=\"elementor-post__thumbnail__link\" href=\"https:\/\/www.linkseride.com\/fr\/electric-motorcycle-maintenance-tips\/\" tabindex=\"-1\" >\n\t\t\t<div class=\"elementor-post__thumbnail\"><img loading=\"lazy\" decoding=\"async\" width=\"300\" height=\"169\" src=\"https:\/\/www.linkseride.com\/wp-content\/uploads\/2024\/05\/Electric-Motorcycle-Maintenance-300x169.png\" class=\"attachment-medium size-medium wp-image-10796\" alt=\"Entretien des motos \u00e9lectriques\" srcset=\"https:\/\/www.linkseride.com\/wp-content\/uploads\/2024\/05\/Electric-Motorcycle-Maintenance-300x169.png 300w, https:\/\/www.linkseride.com\/wp-content\/uploads\/2024\/05\/Electric-Motorcycle-Maintenance-1024x576.png 1024w, https:\/\/www.linkseride.com\/wp-content\/uploads\/2024\/05\/Electric-Motorcycle-Maintenance-768x432.png 768w, https:\/\/www.linkseride.com\/wp-content\/uploads\/2024\/05\/Electric-Motorcycle-Maintenance-600x338.png 600w, https:\/\/www.linkseride.com\/wp-content\/uploads\/2024\/05\/Electric-Motorcycle-Maintenance.png 1280w\" sizes=\"(max-width: 300px) 100vw, 300px\" \/><\/div>\n\t\t<\/a>\n\t\t\t\t<div class=\"elementor-post__text\">\n\t\t\t\t<h3 class=\"elementor-post__title\">\n\t\t\t<a href=\"https:\/\/www.linkseride.com\/fr\/electric-motorcycle-maintenance-tips\/\" >\n\t\t\t\tConseils d'entretien pour les motos \u00e9lectriques\t\t\t<\/a>\n\t\t<\/h3>\n\t\t\t\t<div class=\"elementor-post__meta-data\">\n\t\t\t\t\t<span class=\"elementor-post-date\">\n\t\t\t13 mai 2024\t\t<\/span>\n\t\t\t\t<span class=\"elementor-post-avatar\">\n\t\t\tPas de commentaire\t\t<\/span>\n\t\t\t\t<\/div>\n\t\t\t\t<div class=\"elementor-post__excerpt\">\n\t\t\t<p>Les motos \u00e9lectriques ont gagn\u00e9 en popularit\u00e9 ces derni\u00e8res ann\u00e9es. Gr\u00e2ce \u00e0 leur efficacit\u00e9 \u00e9nerg\u00e9tique et \u00e0 leur impact environnemental r\u00e9duit, par rapport aux motos \u00e0 combustion. L'une des plus remarquables<\/p>\n\t\t<\/div>\n\t\t\n\t\t<a class=\"elementor-post__read-more\" href=\"https:\/\/www.linkseride.com\/fr\/electric-motorcycle-maintenance-tips\/\" aria-label=\"Read more about Electric Motorcycle Maintenance Tips\" tabindex=\"-1\" >\n\t\t\tLire la suite \u00bb\t\t<\/a>\n\n\t\t\t\t<\/div>\n\t\t\t\t<\/article>\n\t\t\t\t<\/div>\n\t\t\t\t\t<span class=\"e-load-more-spinner\">\n\t\t\t\t<i aria-hidden=\"true\" class=\"fas fa-spinner\"><\/i>\t\t\t<\/span>\n\t\t\n\t\t\t\t<div class=\"e-load-more-anchor\" data-page=\"1\" data-max-page=\"7\" data-next-page=\"https:\/\/www.linkseride.com\/fr\/wp-json\/wp\/v2\/pages\/5378\/page\/2\/\"><\/div>\n\t\t\t\t<div class=\"elementor-button-wrapper\">\n\t\t\t<a class=\"elementor-button elementor-size-sm\" role=\"button\">\n\t\t\t\t\t\t<span class=\"elementor-button-content-wrapper\">\n\t\t\t\t\t\t\t\t\t<span class=\"elementor-button-text\">Charger plus<\/span>\n\t\t\t\t\t<\/span>\n\t\t\t\t\t<\/a>\n\t\t<\/div>\n\t\t\t\t<div class=\"e-load-more-message\"><\/div>\n\t\t\t\t\t\t<\/div>\n\t\t\t\t<\/div>\n\t\t\t\t\t<\/div>\n\t\t<\/div>\n\t\t\t\t\t<\/div>\n\t\t<\/section>\n\t\t\t\t<\/div>","protected":false},"excerpt":{"rendered":"<p>The Blogs<\/p>","protected":false},"author":2,"featured_media":0,"parent":0,"menu_order":0,"comment_status":"closed","ping_status":"closed","template":"","meta":{"site-sidebar-layout":"no-sidebar","site-content-layout":"page-builder","ast-site-content-layout":"default","site-content-style":"default","site-sidebar-style":"default","ast-global-header-display":"","ast-banner-title-visibility":"","ast-main-header-display":"","ast-hfb-above-header-display":"","ast-hfb-below-header-display":"","ast-hfb-mobile-header-display":"","site-post-title":"disabled","ast-breadcrumbs-content":"","ast-featured-img":"disabled","footer-sml-layout":"","ast-disable-related-posts":"","theme-transparent-header-meta":"","adv-header-id-meta":"","stick-header-meta":"","header-above-stick-meta":"","header-main-stick-meta":"","header-below-stick-meta":"","astra-migrate-meta-layouts":"default","ast-page-background-enabled":"default","ast-page-background-meta":{"desktop":{"background-color":"","background-image":"","background-repeat":"repeat","background-position":"center center","background-size":"auto","background-attachment":"scroll","background-type":"","background-media":"","overlay-type":"","overlay-color":"","overlay-opacity":"","overlay-gradient":""},"tablet":{"background-color":"","background-image":"","background-repeat":"repeat","background-position":"center center","background-size":"auto","background-attachment":"scroll","background-type":"","background-media":"","overlay-type":"","overlay-color":"","overlay-opacity":"","overlay-gradient":""},"mobile":{"background-color":"","background-image":"","background-repeat":"repeat","background-position":"center center","background-size":"auto","background-attachment":"scroll","background-type":"","background-media":"","overlay-type":"","overlay-color":"","overlay-opacity":"","overlay-gradient":""}},"ast-content-background-meta":{"desktop":{"background-color":"var(--ast-global-color-5)","background-image":"","background-repeat":"repeat","background-position":"center center","background-size":"auto","background-attachment":"scroll","background-type":"","background-media":"","overlay-type":"","overlay-color":"","overlay-opacity":"","overlay-gradient":""},"tablet":{"background-color":"var(--ast-global-color-5)","background-image":"","background-repeat":"repeat","background-position":"center center","background-size":"auto","background-attachment":"scroll","background-type":"","background-media":"","overlay-type":"","overlay-color":"","overlay-opacity":"","overlay-gradient":""},"mobile":{"background-color":"var(--ast-global-color-5)","background-image":"","background-repeat":"repeat","background-position":"center center","background-size":"auto","background-attachment":"scroll","background-type":"","background-media":"","overlay-type":"","overlay-color":"","overlay-opacity":"","overlay-gradient":""}},"footnotes":""},"class_list":["post-5378","page","type-page","status-publish","hentry"],"_links":{"self":[{"href":"https:\/\/www.linkseride.com\/fr\/wp-json\/wp\/v2\/pages\/5378","targetHints":{"allow":["GET"]}}],"collection":[{"href":"https:\/\/www.linkseride.com\/fr\/wp-json\/wp\/v2\/pages"}],"about":[{"href":"https:\/\/www.linkseride.com\/fr\/wp-json\/wp\/v2\/types\/page"}],"author":[{"embeddable":true,"href":"https:\/\/www.linkseride.com\/fr\/wp-json\/wp\/v2\/users\/2"}],"replies":[{"embeddable":true,"href":"https:\/\/www.linkseride.com\/fr\/wp-json\/wp\/v2\/comments?post=5378"}],"version-history":[{"count":21,"href":"https:\/\/www.linkseride.com\/fr\/wp-json\/wp\/v2\/pages\/5378\/revisions"}],"predecessor-version":[{"id":11383,"href":"https:\/\/www.linkseride.com\/fr\/wp-json\/wp\/v2\/pages\/5378\/revisions\/11383"}],"wp:attachment":[{"href":"https:\/\/www.linkseride.com\/fr\/wp-json\/wp\/v2\/media?parent=5378"}],"curies":[{"name":"wp","href":"https:\/\/api.w.org\/{rel}","templated":true}]}}