{"id":10858,"date":"2024-07-15T02:28:09","date_gmt":"2024-07-15T02:28:09","guid":{"rendered":"https:\/\/www.linkseride.com\/?post_type=product&#038;p=10858"},"modified":"2024-07-17T06:24:36","modified_gmt":"2024-07-17T06:24:36","slug":"linkseride-three-wheel-electric-scooter","status":"publish","type":"product","link":"https:\/\/www.linkseride.com\/fr\/product\/linkseride-three-wheel-electric-scooter\/","title":{"rendered":"Linkseride X7 Popular Adult Fat Tire Mobility Three Wheel Electric Scooter"},"content":{"rendered":"<h2>Linkseride X7 Popular Adult Fat Tire Mobility Three Wheel Electric Scooter<\/h2>\n<p>Nous sommes passionn\u00e9s par ce que nous faisons pour notre avenir \u00e9lectrique, notamment <strong>les scooters \u00e9lectriques, <a href=\"https:\/\/www.linkseride.com\/fr\/fabricant-de-motos-electriques\/\" target=\"_blank\" rel=\"noopener\">scooter \u00e0 pneus larges<\/a>, <a href=\"https:\/\/www.linkseride.com\/fr\/fabricant-de-motos-electriques\/\" target=\"_blank\" rel=\"noopener\">scooter citycoco<\/a>, <a href=\"https:\/\/www.linkseride.com\/fr\/electric-moped-manufacturer\/\" target=\"_blank\" rel=\"noopener\">cyclomoteur \u00e9lectrique<\/a><\/strong> etc.<\/p>\n<p>This 3 wheel electric scooter for adults\u00a0to your daily transport for a fun and easy ride and have plenty of storage space while riding.<\/p>\n<div id='gallery-1' class='gallery galleryid-10858 gallery-columns-2 gallery-size-full'><figure class='gallery-item'>\n\t\t\t<div class='gallery-icon landscape'>\n\t\t\t\t<img fetchpriority=\"high\" decoding=\"async\" width=\"540\" height=\"540\" src=\"https:\/\/www.linkseride.com\/wp-content\/uploads\/2024\/07\/3_c248a1bf-4a04-44c7-aeb0-0078e3395a38_540x-1.jpg\" class=\"attachment-full size-full\" alt=\"\" srcset=\"https:\/\/www.linkseride.com\/wp-content\/uploads\/2024\/07\/3_c248a1bf-4a04-44c7-aeb0-0078e3395a38_540x-1.jpg 540w, https:\/\/www.linkseride.com\/wp-content\/uploads\/2024\/07\/3_c248a1bf-4a04-44c7-aeb0-0078e3395a38_540x-1-300x300.jpg 300w, https:\/\/www.linkseride.com\/wp-content\/uploads\/2024\/07\/3_c248a1bf-4a04-44c7-aeb0-0078e3395a38_540x-1-150x150.jpg 150w, https:\/\/www.linkseride.com\/wp-content\/uploads\/2024\/07\/3_c248a1bf-4a04-44c7-aeb0-0078e3395a38_540x-1-100x100.jpg 100w\" sizes=\"(max-width: 540px) 100vw, 540px\" \/>\n\t\t\t<\/div><\/figure><figure class='gallery-item'>\n\t\t\t<div class='gallery-icon landscape'>\n\t\t\t\t<img decoding=\"async\" width=\"540\" height=\"540\" src=\"https:\/\/www.linkseride.com\/wp-content\/uploads\/2024\/07\/4_21177c97-66ee-4228-b233-c11b3f4fbee6_540x.jpg\" class=\"attachment-full size-full\" alt=\"three wheel electric scooter\" srcset=\"https:\/\/www.linkseride.com\/wp-content\/uploads\/2024\/07\/4_21177c97-66ee-4228-b233-c11b3f4fbee6_540x.jpg 540w, https:\/\/www.linkseride.com\/wp-content\/uploads\/2024\/07\/4_21177c97-66ee-4228-b233-c11b3f4fbee6_540x-300x300.jpg 300w, https:\/\/www.linkseride.com\/wp-content\/uploads\/2024\/07\/4_21177c97-66ee-4228-b233-c11b3f4fbee6_540x-150x150.jpg 150w, https:\/\/www.linkseride.com\/wp-content\/uploads\/2024\/07\/4_21177c97-66ee-4228-b233-c11b3f4fbee6_540x-100x100.jpg 100w\" sizes=\"(max-width: 540px) 100vw, 540px\" \/>\n\t\t\t<\/div><\/figure>\n\t\t<\/div>\n\n<div id='gallery-2' class='gallery galleryid-10858 gallery-columns-2 gallery-size-full'><figure class='gallery-item'>\n\t\t\t<div class='gallery-icon landscape'>\n\t\t\t\t<img decoding=\"async\" width=\"500\" height=\"375\" src=\"https:\/\/www.linkseride.com\/wp-content\/uploads\/2024\/07\/6.jpg\" class=\"attachment-full size-full\" alt=\"\" srcset=\"https:\/\/www.linkseride.com\/wp-content\/uploads\/2024\/07\/6.jpg 500w, https:\/\/www.linkseride.com\/wp-content\/uploads\/2024\/07\/6-300x225.jpg 300w\" sizes=\"(max-width: 500px) 100vw, 500px\" \/>\n\t\t\t<\/div><\/figure><figure class='gallery-item'>\n\t\t\t<div class='gallery-icon landscape'>\n\t\t\t\t<img loading=\"lazy\" decoding=\"async\" width=\"540\" height=\"405\" src=\"https:\/\/www.linkseride.com\/wp-content\/uploads\/2024\/07\/5.jpg\" class=\"attachment-full size-full\" alt=\"three wheeler scooter manufacturer\" srcset=\"https:\/\/www.linkseride.com\/wp-content\/uploads\/2024\/07\/5.jpg 540w, https:\/\/www.linkseride.com\/wp-content\/uploads\/2024\/07\/5-300x225.jpg 300w\" sizes=\"(max-width: 540px) 100vw, 540px\" \/>\n\t\t\t<\/div><\/figure>\n\t\t<\/div>\n\n<h2>what is the features of this X7 3 Wheel Electric Scooter<\/h2>\n<ul>\n<li>1500w\/2000w rated power electric hub motor<\/li>\n<li><strong>60 V<\/strong> <strong>\u00a0batterie <\/strong>offre une autonomie maximale de 40 miles<\/li>\n<li>different usage with the 3 wheel trike scooter, either for adults or for 3 wheel electric scooter<\/li>\n<li>Option 2 places avec rembourrage pour am\u00e9liorer le confort de conduite<\/li>\n<li>L'\u00e9cran LCD affiche le compteur de vitesse, le kilom\u00e9trage, la tension, le niveau de puissance.<\/li>\n<\/ul>\n<table>\n<tbody>\n<tr>\n<td>Puissance du moteur<\/td>\n<td>1500w\/2000w<\/td>\n<\/tr>\n<tr>\n<td>Vitesse maximale<\/td>\n<td>45km\/h<\/td>\n<\/tr>\n<tr>\n<td>Port\u00e9e maximale<\/td>\n<td>40km<\/td>\n<\/tr>\n<tr>\n<td>Capacit\u00e9 de la batterie<\/td>\n<td>60V 12Ah \/60V 20Ah<\/td>\n<\/tr>\n<tr>\n<td>Mat\u00e9riau du cadre<\/td>\n<td>Tube en acier sans soudure<\/td>\n<\/tr>\n<tr>\n<td>Taille des pneus<\/td>\n<td>215\/40-8 \u00e0 vide Tubeless<\/td>\n<\/tr>\n<tr>\n<td>Charge maximale<\/td>\n<td>200 kg<\/td>\n<\/tr>\n<tr>\n<td>N.W\/G.W<\/td>\n<td>70kg<\/td>\n<\/tr>\n<tr>\n<td>Autres caract\u00e9ristiques<\/td>\n<td>Porte-t\u00e9l\u00e9phone avec port USB<\/p>\n<p>Haut-parleur Bluetooth<\/p>\n<p>Sacoche de selle<\/td>\n<\/tr>\n<\/tbody>\n<\/table>\n<h2>Pourquoi choisir ce type de scooter \u00e9lectrique \u00e0 trois roues ?<\/h2>\n<p>Nous proposons \u00e9galement d'autres mod\u00e8les de scooters \u00e9lectriques pour une personne. Si vous souhaitez obtenir plus d'informations, vous pouvez<a href=\"https:\/\/www.linkseride.com\/fr\/fat-tire-golf-scooter-golf-cart-trouring\/\" target=\"_blank\" rel=\"noopener\"> trouver ici.<\/a><\/p>\n<p>Vous trouverez plus de vid\u00e9os d'introduction ici : <a href=\"https:\/\/www.youtube.com\/c\/LinksErideTech\" target=\"_blank\" rel=\"noopener\">https:\/\/www.youtube.com\/c\/LinksErideTech<\/a><\/p>\n<div class=\"ast-oembed-container\" style=\"height: 100%;\"><iframe title=\"CP 3 Electric Scooter Citycoco Super 3 wheels Scooter EEC COC 25km\/h or 45km\/h\" width=\"500\" height=\"281\" src=\"https:\/\/www.youtube.com\/embed\/ic0scxsVikQ?feature=oembed&#038;enablejsapi=1&#038;origin=https:\/\/www.linkseride.com\" frameborder=\"0\" allow=\"accelerometer; autoplay; clipboard-write; encrypted-media; gyroscope; picture-in-picture; web-share\" referrerpolicy=\"strict-origin-when-cross-origin\" allowfullscreen><\/iframe><\/div>","protected":false},"excerpt":{"rendered":"<p>\u25cf X7 three wheel electric scooter with 2000w rated power electric hub motor<\/p>\n<p>\u25cf <strong>60v 12Ah\/20Ah<\/strong>\u00a0<strong>\u00a0batterie <\/strong>offre une autonomie maximale de 40 miles<\/p>\n<p>\u25cf different usage with the 3 wheel trike scooter, either for adults or for three wheel electric scooter<\/p>\n<p>\u25cf Option 2 places avec rembourrage pour am\u00e9liorer le confort de conduite<\/p>\n<p>\u25cf L'\u00e9cran LCD affiche la vitesse, le kilom\u00e9trage, la tension et le niveau de puissance.<\/p>","protected":false},"featured_media":10864,"template":"","meta":{"site-sidebar-layout":"default","site-content-layout":"default","ast-site-content-layout":"default","site-content-style":"default","site-sidebar-style":"default","ast-global-header-display":"","ast-banner-title-visibility":"","ast-main-header-display":"","ast-hfb-above-header-display":"","ast-hfb-below-header-display":"","ast-hfb-mobile-header-display":"","site-post-title":"","ast-breadcrumbs-content":"","ast-featured-img":"","footer-sml-layout":"","ast-disable-related-posts":"","theme-transparent-header-meta":"default","adv-header-id-meta":"","stick-header-meta":"","header-above-stick-meta":"","header-main-stick-meta":"","header-below-stick-meta":"","astra-migrate-meta-layouts":"set","ast-page-background-enabled":"default","ast-page-background-meta":{"desktop":{"background-color":"","background-image":"","background-repeat":"repeat","background-position":"center center","background-size":"auto","background-attachment":"scroll","background-type":"","background-media":"","overlay-type":"","overlay-color":"","overlay-opacity":"","overlay-gradient":""},"tablet":{"background-color":"","background-image":"","background-repeat":"repeat","background-position":"center center","background-size":"auto","background-attachment":"scroll","background-type":"","background-media":"","overlay-type":"","overlay-color":"","overlay-opacity":"","overlay-gradient":""},"mobile":{"background-color":"","background-image":"","background-repeat":"repeat","background-position":"center center","background-size":"auto","background-attachment":"scroll","background-type":"","background-media":"","overlay-type":"","overlay-color":"","overlay-opacity":"","overlay-gradient":""}},"ast-content-background-meta":{"desktop":{"background-color":"var(--ast-global-color-5)","background-image":"","background-repeat":"repeat","background-position":"center center","background-size":"auto","background-attachment":"scroll","background-type":"","background-media":"","overlay-type":"","overlay-color":"","overlay-opacity":"","overlay-gradient":""},"tablet":{"background-color":"var(--ast-global-color-5)","background-image":"","background-repeat":"repeat","background-position":"center center","background-size":"auto","background-attachment":"scroll","background-type":"","background-media":"","overlay-type":"","overlay-color":"","overlay-opacity":"","overlay-gradient":""},"mobile":{"background-color":"var(--ast-global-color-5)","background-image":"","background-repeat":"repeat","background-position":"center center","background-size":"auto","background-attachment":"scroll","background-type":"","background-media":"","overlay-type":"","overlay-color":"","overlay-opacity":"","overlay-gradient":""}}},"product_brand":[],"product_cat":[28],"product_tag":[38,47,48],"class_list":{"0":"post-10858","1":"product","2":"type-product","3":"status-publish","4":"has-post-thumbnail","6":"product_cat-electric-scooter","7":"product_tag-citycoco-scooter","8":"product_tag-golf-scooter","9":"product_tag-single-rider-golf-scooter","10":"desktop-align-left","11":"tablet-align-left","12":"mobile-align-left","14":"first","15":"instock","16":"shipping-taxable","17":"product-type-simple"},"_links":{"self":[{"href":"https:\/\/www.linkseride.com\/fr\/wp-json\/wp\/v2\/product\/10858","targetHints":{"allow":["GET"]}}],"collection":[{"href":"https:\/\/www.linkseride.com\/fr\/wp-json\/wp\/v2\/product"}],"about":[{"href":"https:\/\/www.linkseride.com\/fr\/wp-json\/wp\/v2\/types\/product"}],"wp:featuredmedia":[{"embeddable":true,"href":"https:\/\/www.linkseride.com\/fr\/wp-json\/wp\/v2\/media\/10864"}],"wp:attachment":[{"href":"https:\/\/www.linkseride.com\/fr\/wp-json\/wp\/v2\/media?parent=10858"}],"wp:term":[{"taxonomy":"product_brand","embeddable":true,"href":"https:\/\/www.linkseride.com\/fr\/wp-json\/wp\/v2\/product_brand?post=10858"},{"taxonomy":"product_cat","embeddable":true,"href":"https:\/\/www.linkseride.com\/fr\/wp-json\/wp\/v2\/product_cat?post=10858"},{"taxonomy":"product_tag","embeddable":true,"href":"https:\/\/www.linkseride.com\/fr\/wp-json\/wp\/v2\/product_tag?post=10858"}],"curies":[{"name":"wp","href":"https:\/\/api.w.org\/{rel}","templated":true}]}}