{"id":11148,"date":"2025-05-19T08:27:12","date_gmt":"2025-05-19T08:27:12","guid":{"rendered":"https:\/\/www.linkseride.com\/?post_type=product&#038;p=11148"},"modified":"2025-05-23T06:22:28","modified_gmt":"2025-05-23T06:22:28","slug":"mini-citycoco-scooter-electrique-pas-cher","status":"publish","type":"product","link":"https:\/\/www.linkseride.com\/fr\/product\/mini-citycoco-cheap-electric-scooter\/","title":{"rendered":"Mini Citycoco MINI-M8 Scooter \u00e9lectrique bon march\u00e9 \u00e0 empattement court March\u00e9 br\u00e9silien"},"content":{"rendered":"<h2>Mini Citycoco MINI-M8 Scooter \u00e9lectrique bon march\u00e9 \u00e0 empattement court March\u00e9 br\u00e9silien<\/h2>\n<p>Nous sommes passionn\u00e9s par ce que nous faisons pour notre avenir \u00e9lectrique, notamment <strong><a href=\"https:\/\/www.linkseride.com\/fr\/fabricant-de-scooters-electriques\/\" target=\"_blank\" rel=\"noopener\">scooters \u00e9lectriques<\/a>, <a href=\"https:\/\/www.linkseride.com\/fr\/scooter-electrique-a-pneus-larges\/\" target=\"_blank\" rel=\"noopener\">escooter \u00e0 pneus larges<\/a>, <a href=\"https:\/\/www.linkseride.com\/fr\/fabricant-de-motos-electriques\/\" target=\"_blank\" rel=\"noopener\">scooter citycoco<\/a>, <a href=\"https:\/\/www.linkseride.com\/fr\/electric-moped-manufacturer\/\" target=\"_blank\" rel=\"noopener\">cyclomoteur \u00e9lectrique<\/a><\/strong> etc.<\/p>\n<p>Mini Citycoco X9 Scooter \u00e9lectrique pas cher \u00e0 empattement court pour le march\u00e9 br\u00e9silien avec deux si\u00e8ges. Ce mod\u00e8le est le mod\u00e8le de base du scooter Citycoco qui dispose \u00e9galement d'une option 2 places.<\/p>\n<h2>Quelles sont les principales caract\u00e9ristiques de ce Mini Citycoco X9 Cheap Electric Scooter Short Wheelbase Brazilian Market ?<\/h2>\n<table style=\"font-size: 16px; font-style: normal;\">\n<tbody>\n<tr>\n<td width=\"265\">TAILLE DU V\u00c9HICULE<\/td>\n<td width=\"333\">1500*630*920mm<\/td>\n<\/tr>\n<tr>\n<td width=\"265\">TAILLE DE L'EMBALLAGE<\/td>\n<td width=\"333\">1250*400*750mm<\/td>\n<\/tr>\n<tr>\n<td width=\"156\">MAT\u00c9RIAU<\/td>\n<td width=\"265\">Mat\u00e9riau du cadre<\/td>\n<td width=\"333\">fer<\/td>\n<\/tr>\n<tr>\n<td colspan=\"1\" rowspan=\"2\" width=\"156\">MAIN<\/td>\n<td width=\"265\">VITESSE(km\/h)<\/td>\n<td width=\"333\"><\/td>\n<\/tr>\n<tr>\n<td width=\"265\">CHOC<\/td>\n<td width=\"333\">DOUBLE<\/td>\n<\/tr>\n<tr>\n<td colspan=\"1\" rowspan=\"4\" width=\"156\">BATTERIE<\/td>\n<td width=\"265\">TENSION NOMINALE\uff08V\uff09<\/td>\n<td width=\"333\">60V<\/td>\n<\/tr>\n<tr>\n<td width=\"265\">CAPACIT\u00c9\uff08mAh\uff09<\/td>\n<td width=\"333\">12AH 20AH<\/td>\n<\/tr>\n<tr>\n<td width=\"265\">Port\u00e9e\uff08km\uff09<\/td>\n<td width=\"333\">25-30km 40-45km<\/td>\n<\/tr>\n<tr>\n<td width=\"265\">SMART BMS<\/td>\n<td width=\"333\">Charge d'\u00e9quilibre \/ Protection de la charge \/ Protection contre les basses tensions \/ Protection contre les hautes temp\u00e9ratures<\/td>\n<\/tr>\n<tr>\n<td colspan=\"1\" rowspan=\"3\" width=\"156\">MOTEUR<\/td>\n<td width=\"265\">PUISSANCE NOMINALE\uff08W\uff09<\/td>\n<td width=\"333\">1000w<\/td>\n<\/tr>\n<tr>\n<td width=\"265\">GRADIENT<\/td>\n<td width=\"333\">\u226440\u00b0<\/td>\n<\/tr>\n<tr>\n<td width=\"265\">CERTIFICAT<\/td>\n<td width=\"333\">CE\u3001ROHS<\/td>\n<\/tr>\n<tr>\n<td colspan=\"1\" rowspan=\"5\" width=\"156\">CHARGER<\/td>\n<td width=\"265\">Temps de charge<\/td>\n<td width=\"333\">4-6 heures<\/td>\n<\/tr>\n<tr>\n<td width=\"265\">TENSION D'ENTR\u00c9E\uff08V\uff09<\/td>\n<td width=\"333\">100 ~ 240v<\/td>\n<\/tr>\n<tr>\n<td width=\"265\">TENSION DE SORTIE\uff08V\uff09<\/td>\n<td width=\"333\">67.2V<\/td>\n<\/tr>\n<tr>\n<td width=\"265\">COURANT NOMINAL\uff08A\uff09<\/td>\n<td width=\"333\">2A<\/td>\n<\/tr>\n<tr>\n<td width=\"265\">CERTIFICAT<\/td>\n<td width=\"333\">CE, UL, SAA<\/td>\n<\/tr>\n<tr>\n<td colspan=\"1\" rowspan=\"2\" width=\"156\">PNEU<\/td>\n<td width=\"265\">PNEU AVANT<\/td>\n<td width=\"333\">10 pouces<\/td>\n<\/tr>\n<tr>\n<td width=\"265\">PNEU ARRI\u00c8RE<\/td>\n<td width=\"333\">10 pouces<\/td>\n<\/tr>\n<tr>\n<td width=\"156\">FREIN<\/td>\n<td width=\"265\">FREIN \uff1a\uff08Front$rear)<\/td>\n<td width=\"333\">Frein \u00e0 disque hydraulique<\/td>\n<\/tr>\n<tr>\n<td width=\"156\">POIDS<\/td>\n<td width=\"265\">N.W<\/td>\n<td width=\"333\">55 kg<\/td>\n<\/tr>\n<\/tbody>\n<\/table>\n<p>Nous avons \u00e9galement un nouveau mod\u00e8le de scooter Citycoco en forme de harley, si vous avez besoin de plus d'informations, vous pouvez le consulter.<a href=\"https:\/\/www.linkseride.com\/fr\/fabricant-de-scooters-electriques\/\" target=\"_blank\" rel=\"noopener\"> trouver ici.<\/a><\/p>\n<p>Vous trouverez plus de vid\u00e9os d'introduction ici : https:\/\/www.youtube.com\/@LinksErideTech<\/p>\n<div class=\"ast-oembed-container\" style=\"height: 100%;\"><iframe title=\"Linkseride - Scooter \u00e9lectrique Citycoco - Visite d&#039;usine pour la production\" width=\"500\" height=\"281\" src=\"https:\/\/www.youtube.com\/embed\/p-1JrDoZQBs?feature=oembed&#038;enablejsapi=1&#038;origin=https:\/\/www.linkseride.com\" frameborder=\"0\" allow=\"accelerometer; autoplay; clipboard-write; encrypted-media; gyroscope; picture-in-picture; web-share\" referrerpolicy=\"strict-origin-when-cross-origin\" allowfullscreen><\/iframe><\/div>","protected":false},"excerpt":{"rendered":"<p>\u25cf Mini Citycoco M8 Scooter \u00e9lectrique pas cher \u00e0 empattement court March\u00e9 br\u00e9silien avec deux si\u00e8ges<\/p>\n<p>\u25cf Double batterie pour une batterie li-ion de 60V12Ah ou 60V20Ah.<\/p>\n<p>\u25cf Suspension avant et arri\u00e8re<\/p>\n<p>\u25cf 3 g\u00e9n\u00e9rations diff\u00e9rentes au choix<\/p>","protected":false},"featured_media":11157,"template":"","meta":{"site-sidebar-layout":"default","site-content-layout":"default","ast-site-content-layout":"default","site-content-style":"default","site-sidebar-style":"default","ast-global-header-display":"","ast-banner-title-visibility":"","ast-main-header-display":"","ast-hfb-above-header-display":"","ast-hfb-below-header-display":"","ast-hfb-mobile-header-display":"","site-post-title":"","ast-breadcrumbs-content":"","ast-featured-img":"","footer-sml-layout":"","ast-disable-related-posts":"","theme-transparent-header-meta":"default","adv-header-id-meta":"","stick-header-meta":"","header-above-stick-meta":"","header-main-stick-meta":"","header-below-stick-meta":"","astra-migrate-meta-layouts":"set","ast-page-background-enabled":"default","ast-page-background-meta":{"desktop":{"background-color":"","background-image":"","background-repeat":"repeat","background-position":"center center","background-size":"auto","background-attachment":"scroll","background-type":"","background-media":"","overlay-type":"","overlay-color":"","overlay-opacity":"","overlay-gradient":""},"tablet":{"background-color":"","background-image":"","background-repeat":"repeat","background-position":"center center","background-size":"auto","background-attachment":"scroll","background-type":"","background-media":"","overlay-type":"","overlay-color":"","overlay-opacity":"","overlay-gradient":""},"mobile":{"background-color":"","background-image":"","background-repeat":"repeat","background-position":"center center","background-size":"auto","background-attachment":"scroll","background-type":"","background-media":"","overlay-type":"","overlay-color":"","overlay-opacity":"","overlay-gradient":""}},"ast-content-background-meta":{"desktop":{"background-color":"var(--ast-global-color-5)","background-image":"","background-repeat":"repeat","background-position":"center center","background-size":"auto","background-attachment":"scroll","background-type":"","background-media":"","overlay-type":"","overlay-color":"","overlay-opacity":"","overlay-gradient":""},"tablet":{"background-color":"var(--ast-global-color-5)","background-image":"","background-repeat":"repeat","background-position":"center center","background-size":"auto","background-attachment":"scroll","background-type":"","background-media":"","overlay-type":"","overlay-color":"","overlay-opacity":"","overlay-gradient":""},"mobile":{"background-color":"var(--ast-global-color-5)","background-image":"","background-repeat":"repeat","background-position":"center center","background-size":"auto","background-attachment":"scroll","background-type":"","background-media":"","overlay-type":"","overlay-color":"","overlay-opacity":"","overlay-gradient":""}}},"product_brand":[],"product_cat":[27,28],"product_tag":[38],"class_list":{"0":"post-11148","1":"product","2":"type-product","3":"status-publish","4":"has-post-thumbnail","6":"product_cat-electric-motorcycle","7":"product_cat-electric-scooter","8":"product_tag-citycoco-scooter","9":"desktop-align-left","10":"tablet-align-left","11":"mobile-align-left","13":"first","14":"instock","15":"shipping-taxable","16":"product-type-simple"},"_links":{"self":[{"href":"https:\/\/www.linkseride.com\/fr\/wp-json\/wp\/v2\/product\/11148","targetHints":{"allow":["GET"]}}],"collection":[{"href":"https:\/\/www.linkseride.com\/fr\/wp-json\/wp\/v2\/product"}],"about":[{"href":"https:\/\/www.linkseride.com\/fr\/wp-json\/wp\/v2\/types\/product"}],"wp:featuredmedia":[{"embeddable":true,"href":"https:\/\/www.linkseride.com\/fr\/wp-json\/wp\/v2\/media\/11157"}],"wp:attachment":[{"href":"https:\/\/www.linkseride.com\/fr\/wp-json\/wp\/v2\/media?parent=11148"}],"wp:term":[{"taxonomy":"product_brand","embeddable":true,"href":"https:\/\/www.linkseride.com\/fr\/wp-json\/wp\/v2\/product_brand?post=11148"},{"taxonomy":"product_cat","embeddable":true,"href":"https:\/\/www.linkseride.com\/fr\/wp-json\/wp\/v2\/product_cat?post=11148"},{"taxonomy":"product_tag","embeddable":true,"href":"https:\/\/www.linkseride.com\/fr\/wp-json\/wp\/v2\/product_tag?post=11148"}],"curies":[{"name":"wp","href":"https:\/\/api.w.org\/{rel}","templated":true}]}}