{"id":11176,"date":"2025-05-20T04:34:59","date_gmt":"2025-05-20T04:34:59","guid":{"rendered":"https:\/\/www.linkseride.com\/?post_type=product&#038;p=11176"},"modified":"2025-05-23T05:57:09","modified_gmt":"2025-05-23T05:57:09","slug":"scooter-electrique-citycoco-m10","status":"publish","type":"product","link":"https:\/\/www.linkseride.com\/fr\/product\/m10-electric-citycoco-e-scooter\/","title":{"rendered":"2025 Electric Citycoco E-Scooter New Upgrades Short-Axle Model Suitable Brazil 2000W"},"content":{"rendered":"<h2>2025 Electric Citycoco E-Scooter New Upgrades Short-Axle Model Suitable Brazil 2000W<\/h2>\n<p>Nous sommes passionn\u00e9s par ce que nous faisons pour notre avenir \u00e9lectrique, notamment <strong>les scooters \u00e9lectriques, <a href=\"https:\/\/www.linkseride.com\/fr\/fabricant-de-motos-electriques\/\" target=\"_blank\" rel=\"noopener\">scooter \u00e0 pneus larges<\/a>, <a href=\"https:\/\/www.linkseride.com\/fr\/fabricant-de-motos-electriques\/\" target=\"_blank\" rel=\"noopener\">scooter citycoco<\/a>, <a href=\"https:\/\/www.linkseride.com\/fr\/electric-moped-manufacturer\/\" target=\"_blank\" rel=\"noopener\">cyclomoteur \u00e9lectrique<\/a><\/strong> etc.<\/p>\n<p>Ce scooter \u00e9lectrique Brazil Mini Electric Citycoco Scooter 1500W rend votre quotidien plus s\u00fbr, plus amusant et plus confortable !<\/p>\n<h2>Quelles sont les caract\u00e9ristiques de cette trottinette \u00e9lectrique Citycoco E-Scooter ?<\/h2>\n<table width=\"849\">\n<tbody>\n<tr>\n<td width=\"153\"><strong>TAILLE\u00a0<\/strong><\/td>\n<td width=\"248\">1500*630*920mm<\/td>\n<td width=\"168\"><strong>PUISSANCE NOMINALE\uff08W\uff09<\/strong><\/td>\n<td width=\"279\">1000w<\/td>\n<\/tr>\n<tr>\n<td width=\"153\"><strong>DIMENSIONS DE L'EMBALLAGE\u00a0<\/strong><\/td>\n<td width=\"248\">1250*400*750mm<\/td>\n<td width=\"168\"><strong>GRADIENT<\/strong><\/td>\n<td width=\"279\">\u226440\u00b0<\/td>\n<\/tr>\n<tr>\n<td width=\"153\"><strong>Mat\u00e9riau du cadre :<\/strong><\/td>\n<td width=\"248\">fer<\/td>\n<td width=\"168\"><strong>CERTIFICAT<\/strong><\/td>\n<td width=\"279\">CE\u3001ROHS<\/td>\n<\/tr>\n<tr>\n<td width=\"153\"><strong>VITESSE(km\/h)<\/strong><\/td>\n<td width=\"248\">limite 32 km\/h, rel\u00e2cher 45 km\/h<\/td>\n<td width=\"168\"><strong>Temps de charge<\/strong><\/td>\n<td width=\"279\">4-6 heures<\/td>\n<\/tr>\n<tr>\n<td width=\"153\"><strong>CHOC\u00a0<\/strong><\/td>\n<td width=\"248\">DOUBLE<\/td>\n<td width=\"168\"><strong>TENSION D'ENTR\u00c9E\uff08V\uff09<\/strong><\/td>\n<td width=\"279\">100 ~ 240v<\/td>\n<\/tr>\n<tr>\n<td width=\"153\"><strong>TENSION NOMINALE (V)<\/strong><\/td>\n<td width=\"248\">60V<\/td>\n<td width=\"168\"><strong>TENSION DE SORTIE\uff08V\uff09<\/strong><\/td>\n<td width=\"279\">67.2V<\/td>\n<\/tr>\n<tr>\n<td width=\"153\"><strong>CAPACIT\u00c9\uff08mAh\uff09<\/strong><\/td>\n<td width=\"248\">12AH 20AH<\/td>\n<td width=\"168\"><strong>COURANT NOMINAL\uff08A\uff09<\/strong><\/td>\n<td width=\"279\">2A<\/td>\n<\/tr>\n<tr>\n<td width=\"153\"><strong>Port\u00e9e\uff08km\uff09<\/strong><\/td>\n<td width=\"248\">25-30km 40-45km<\/td>\n<td width=\"168\"><strong>CERTIFICAT<\/strong><\/td>\n<td width=\"279\">CE, UL, SAA<\/td>\n<\/tr>\n<tr>\n<td width=\"153\"><strong>SMART BMS<\/strong><\/td>\n<td width=\"248\">Charge d'\u00e9quilibre \/ Protection de la charge \/ Protection contre les basses tensions \/ Protection contre les hautes temp\u00e9ratures<\/td>\n<td width=\"168\"><strong>PNEU<\/strong><\/td>\n<td width=\"279\">Pneu sans chambre \u00e0 air F &amp; R 10 pouces<\/td>\n<\/tr>\n<tr>\n<td width=\"153\"><strong>FREINS : (avant et arri\u00e8re)<\/strong><\/td>\n<td width=\"248\">Frein \u00e0 disque hydraulique<\/td>\n<td width=\"168\"><strong>N.W<\/strong><\/td>\n<td width=\"279\">55 kg<\/td>\n<\/tr>\n<\/tbody>\n<\/table>\n<p>Nous proposons \u00e9galement d'autres mod\u00e8les de trottinettes \u00e9lectriques Citycoco. Si vous souhaitez obtenir plus d'informations, vous pouvez<a href=\"https:\/\/www.linkseride.com\/fr\/fabricant-de-scooters-electriques\/\" target=\"_blank\" rel=\"noopener\"> trouver ici.<\/a><\/p>\n<p>Vous trouverez plus de vid\u00e9os d'introduction ici : <a href=\"https:\/\/www.youtube.com\/c\/LinksErideTech\" target=\"_blank\" rel=\"noopener\">https:\/\/www.youtube.com\/c\/LinksErideTech<\/a><\/p>\n<p>&nbsp;<\/p>","protected":false},"excerpt":{"rendered":"<p>\u25cfTrottinette \u00e9lectrique Citycoco avec moteur \u00e9lectrique dans le moyeu d'une puissance nominale de 1000 W<\/p>\n<p>\u25cf <strong>60 V\/12 Ah 20 Ah<\/strong>\u00a0<strong>\u00a0batterie <\/strong>offre une autonomie maximale de 40 miles<\/p>\n<p>\u25cf Empattement court de 1,3 m, homologu\u00e9 pour la circulation routi\u00e8re<\/p>\n<p>\u25cf L'\u00e9cran LCD affiche la vitesse, le kilom\u00e9trage, la tension et le niveau de puissance.<\/p>","protected":false},"featured_media":11209,"template":"","meta":{"site-sidebar-layout":"default","site-content-layout":"default","ast-site-content-layout":"default","site-content-style":"default","site-sidebar-style":"default","ast-global-header-display":"","ast-banner-title-visibility":"","ast-main-header-display":"","ast-hfb-above-header-display":"","ast-hfb-below-header-display":"","ast-hfb-mobile-header-display":"","site-post-title":"","ast-breadcrumbs-content":"","ast-featured-img":"","footer-sml-layout":"","ast-disable-related-posts":"","theme-transparent-header-meta":"default","adv-header-id-meta":"","stick-header-meta":"","header-above-stick-meta":"","header-main-stick-meta":"","header-below-stick-meta":"","astra-migrate-meta-layouts":"set","ast-page-background-enabled":"default","ast-page-background-meta":{"desktop":{"background-color":"","background-image":"","background-repeat":"repeat","background-position":"center center","background-size":"auto","background-attachment":"scroll","background-type":"","background-media":"","overlay-type":"","overlay-color":"","overlay-opacity":"","overlay-gradient":""},"tablet":{"background-color":"","background-image":"","background-repeat":"repeat","background-position":"center center","background-size":"auto","background-attachment":"scroll","background-type":"","background-media":"","overlay-type":"","overlay-color":"","overlay-opacity":"","overlay-gradient":""},"mobile":{"background-color":"","background-image":"","background-repeat":"repeat","background-position":"center center","background-size":"auto","background-attachment":"scroll","background-type":"","background-media":"","overlay-type":"","overlay-color":"","overlay-opacity":"","overlay-gradient":""}},"ast-content-background-meta":{"desktop":{"background-color":"var(--ast-global-color-5)","background-image":"","background-repeat":"repeat","background-position":"center center","background-size":"auto","background-attachment":"scroll","background-type":"","background-media":"","overlay-type":"","overlay-color":"","overlay-opacity":"","overlay-gradient":""},"tablet":{"background-color":"var(--ast-global-color-5)","background-image":"","background-repeat":"repeat","background-position":"center center","background-size":"auto","background-attachment":"scroll","background-type":"","background-media":"","overlay-type":"","overlay-color":"","overlay-opacity":"","overlay-gradient":""},"mobile":{"background-color":"var(--ast-global-color-5)","background-image":"","background-repeat":"repeat","background-position":"center center","background-size":"auto","background-attachment":"scroll","background-type":"","background-media":"","overlay-type":"","overlay-color":"","overlay-opacity":"","overlay-gradient":""}}},"product_brand":[],"product_cat":[28],"product_tag":[38,47,48],"class_list":{"0":"post-11176","1":"product","2":"type-product","3":"status-publish","4":"has-post-thumbnail","6":"product_cat-electric-scooter","7":"product_tag-citycoco-scooter","8":"product_tag-golf-scooter","9":"product_tag-single-rider-golf-scooter","10":"desktop-align-left","11":"tablet-align-left","12":"mobile-align-left","14":"first","15":"instock","16":"shipping-taxable","17":"product-type-simple"},"_links":{"self":[{"href":"https:\/\/www.linkseride.com\/fr\/wp-json\/wp\/v2\/product\/11176","targetHints":{"allow":["GET"]}}],"collection":[{"href":"https:\/\/www.linkseride.com\/fr\/wp-json\/wp\/v2\/product"}],"about":[{"href":"https:\/\/www.linkseride.com\/fr\/wp-json\/wp\/v2\/types\/product"}],"wp:featuredmedia":[{"embeddable":true,"href":"https:\/\/www.linkseride.com\/fr\/wp-json\/wp\/v2\/media\/11209"}],"wp:attachment":[{"href":"https:\/\/www.linkseride.com\/fr\/wp-json\/wp\/v2\/media?parent=11176"}],"wp:term":[{"taxonomy":"product_brand","embeddable":true,"href":"https:\/\/www.linkseride.com\/fr\/wp-json\/wp\/v2\/product_brand?post=11176"},{"taxonomy":"product_cat","embeddable":true,"href":"https:\/\/www.linkseride.com\/fr\/wp-json\/wp\/v2\/product_cat?post=11176"},{"taxonomy":"product_tag","embeddable":true,"href":"https:\/\/www.linkseride.com\/fr\/wp-json\/wp\/v2\/product_tag?post=11176"}],"curies":[{"name":"wp","href":"https:\/\/api.w.org\/{rel}","templated":true}]}}