{"id":11453,"date":"2026-01-08T09:36:50","date_gmt":"2026-01-08T09:36:50","guid":{"rendered":"https:\/\/www.linkseride.com\/?post_type=product&#038;p=11453"},"modified":"2026-01-08T10:02:56","modified_gmt":"2026-01-08T10:02:56","slug":"classic-citycoco-electric-scooter","status":"publish","type":"product","link":"https:\/\/www.linkseride.com\/fr\/product\/classic-citycoco-electric-scooter\/","title":{"rendered":"Linkseride X7 Classic Citycoco Electric Scooter Two Wheeler"},"content":{"rendered":"<h2>Linkseride X7 Classic Citycoco Electric Scooter Two Wheeler<\/h2>\n<p>Nous sommes passionn\u00e9s par ce que nous faisons pour notre avenir \u00e9lectrique, notamment <strong><a href=\"https:\/\/www.linkseride.com\/fr\/fabricant-de-scooters-electriques\/\" target=\"_blank\" rel=\"noopener\">scooters \u00e9lectriques<\/a>, <a href=\"https:\/\/www.linkseride.com\/fr\/fabricant-de-motos-electriques\/\" target=\"_blank\" rel=\"noopener\">scooter \u00e0 pneus larges<\/a>, <a href=\"https:\/\/www.linkseride.com\/fr\/fabricant-de-motos-electriques\/\" target=\"_blank\" rel=\"noopener\">scooter citycoco<\/a>, <a href=\"https:\/\/www.linkseride.com\/fr\/electric-moped-manufacturer\/\" target=\"_blank\" rel=\"noopener\">cyclomoteur \u00e9lectrique<\/a><\/strong> etc.<\/p>\n<p>Ce scooter de golf \u00e0 deux roues pour une personne utilise une batterie lithium interchangeable, et son large repose-pied offre une conduite confortable et bien \u00e9quilibr\u00e9e.<\/p>\n<h2><\/h2>\n<h2><\/h2>\n<h2>what is the features of this X7 Classic Citycoco Electric Scooter Two Wheeler?<\/h2>\n<ul>\n<li>1500-2000w rated power electric hub motor<\/li>\n<li><strong>60 V<\/strong> <strong>12ah\/20AH battery available<\/strong><\/li>\n<li>standard 2ah charger<\/li>\n<li>Option 2 places avec rembourrage pour am\u00e9liorer le confort de conduite<\/li>\n<li>also have EEC version refers to <a href=\"https:\/\/www.linkseride.com\/fr\/product\/scooters-electriques\/\" target=\"_blank\" rel=\"noopener\">cp-1.3\/cp-1.0\/cp-1.4<\/a><\/li>\n<\/ul>\n<table>\n<tbody>\n<tr>\n<td>Puissance du moteur<\/td>\n<td>1500-2000w<\/td>\n<\/tr>\n<tr>\n<td>Vitesse maximale<\/td>\n<td>45km\/h<\/td>\n<\/tr>\n<tr>\n<td>Port\u00e9e maximale<\/td>\n<td>60 km<\/td>\n<\/tr>\n<tr>\n<td>Capacit\u00e9 de la batterie<\/td>\n<td>60V 20Ah, 60V 12Ah<\/td>\n<\/tr>\n<tr>\n<td>Mat\u00e9riau du cadre<\/td>\n<td>Tube en acier sans soudure<\/td>\n<\/tr>\n<tr>\n<td>Jantes<\/td>\n<td>8 pouces<\/td>\n<\/tr>\n<tr>\n<td>Charge maximale<\/td>\n<td>200 kg<\/td>\n<\/tr>\n<tr>\n<td>Ascension maximale<\/td>\n<td>30\u00b0<\/td>\n<\/tr>\n<tr>\n<td>Frein<\/td>\n<td>Freins \u00e0 disque hydrauliques avant et arri\u00e8re<\/td>\n<\/tr>\n<tr>\n<td>Taille de l'emballage<\/td>\n<td>177x37x85cm<\/td>\n<\/tr>\n<tr>\n<td>N.W\/G.W<\/td>\n<td>75kg<\/td>\n<\/tr>\n<\/tbody>\n<\/table>\n<h2>Why choosing this kind of X7 Classic Citycoco Electric Scooter Two Wheeler?<\/h2>\n<p>Nous proposons \u00e9galement d'autres mod\u00e8les de scooters \u00e9lectriques pour une personne. Si vous souhaitez obtenir plus d'informations, vous pouvez<a href=\"https:\/\/www.linkseride.com\/fr\/fat-tire-golf-scooter-golf-cart-trouring\/\" target=\"_blank\" rel=\"noopener\"> trouver ici.<\/a><\/p>\n<p>Vous trouverez plus de vid\u00e9os d'introduction ici : <a href=\"https:\/\/www.youtube.com\/c\/LinksErideTech\" target=\"_blank\" rel=\"noopener\">https:\/\/www.youtube.com\/c\/LinksErideTech<\/a><\/p>","protected":false},"excerpt":{"rendered":"<p>\u25cf X7 Classic Citycoco Electric Scooter Two Wheeler<\/p>\n<p>\u25cf\u00a0 Retro looking with LED lights<\/p>\n<p>\u25cf 60v20ah battery offers a range of 35miles per charge<\/p>\n<p>\u25cf 2-seated option with more practical riding feelings<\/p>","protected":false},"featured_media":11457,"template":"","meta":{"site-sidebar-layout":"default","site-content-layout":"default","ast-site-content-layout":"default","site-content-style":"default","site-sidebar-style":"default","ast-global-header-display":"","ast-banner-title-visibility":"","ast-main-header-display":"","ast-hfb-above-header-display":"","ast-hfb-below-header-display":"","ast-hfb-mobile-header-display":"","site-post-title":"","ast-breadcrumbs-content":"","ast-featured-img":"","footer-sml-layout":"","ast-disable-related-posts":"","theme-transparent-header-meta":"default","adv-header-id-meta":"","stick-header-meta":"","header-above-stick-meta":"","header-main-stick-meta":"","header-below-stick-meta":"","astra-migrate-meta-layouts":"set","ast-page-background-enabled":"default","ast-page-background-meta":{"desktop":{"background-color":"","background-image":"","background-repeat":"repeat","background-position":"center center","background-size":"auto","background-attachment":"scroll","background-type":"","background-media":"","overlay-type":"","overlay-color":"","overlay-opacity":"","overlay-gradient":""},"tablet":{"background-color":"","background-image":"","background-repeat":"repeat","background-position":"center center","background-size":"auto","background-attachment":"scroll","background-type":"","background-media":"","overlay-type":"","overlay-color":"","overlay-opacity":"","overlay-gradient":""},"mobile":{"background-color":"","background-image":"","background-repeat":"repeat","background-position":"center center","background-size":"auto","background-attachment":"scroll","background-type":"","background-media":"","overlay-type":"","overlay-color":"","overlay-opacity":"","overlay-gradient":""}},"ast-content-background-meta":{"desktop":{"background-color":"var(--ast-global-color-5)","background-image":"","background-repeat":"repeat","background-position":"center center","background-size":"auto","background-attachment":"scroll","background-type":"","background-media":"","overlay-type":"","overlay-color":"","overlay-opacity":"","overlay-gradient":""},"tablet":{"background-color":"var(--ast-global-color-5)","background-image":"","background-repeat":"repeat","background-position":"center center","background-size":"auto","background-attachment":"scroll","background-type":"","background-media":"","overlay-type":"","overlay-color":"","overlay-opacity":"","overlay-gradient":""},"mobile":{"background-color":"var(--ast-global-color-5)","background-image":"","background-repeat":"repeat","background-position":"center center","background-size":"auto","background-attachment":"scroll","background-type":"","background-media":"","overlay-type":"","overlay-color":"","overlay-opacity":"","overlay-gradient":""}}},"product_brand":[],"product_cat":[28],"product_tag":[38],"class_list":{"0":"post-11453","1":"product","2":"type-product","3":"status-publish","4":"has-post-thumbnail","6":"product_cat-electric-scooter","7":"product_tag-citycoco-scooter","8":"desktop-align-left","9":"tablet-align-left","10":"mobile-align-left","12":"first","13":"instock","14":"shipping-taxable","15":"product-type-simple"},"_links":{"self":[{"href":"https:\/\/www.linkseride.com\/fr\/wp-json\/wp\/v2\/product\/11453","targetHints":{"allow":["GET"]}}],"collection":[{"href":"https:\/\/www.linkseride.com\/fr\/wp-json\/wp\/v2\/product"}],"about":[{"href":"https:\/\/www.linkseride.com\/fr\/wp-json\/wp\/v2\/types\/product"}],"wp:featuredmedia":[{"embeddable":true,"href":"https:\/\/www.linkseride.com\/fr\/wp-json\/wp\/v2\/media\/11457"}],"wp:attachment":[{"href":"https:\/\/www.linkseride.com\/fr\/wp-json\/wp\/v2\/media?parent=11453"}],"wp:term":[{"taxonomy":"product_brand","embeddable":true,"href":"https:\/\/www.linkseride.com\/fr\/wp-json\/wp\/v2\/product_brand?post=11453"},{"taxonomy":"product_cat","embeddable":true,"href":"https:\/\/www.linkseride.com\/fr\/wp-json\/wp\/v2\/product_cat?post=11453"},{"taxonomy":"product_tag","embeddable":true,"href":"https:\/\/www.linkseride.com\/fr\/wp-json\/wp\/v2\/product_tag?post=11453"}],"curies":[{"name":"wp","href":"https:\/\/api.w.org\/{rel}","templated":true}]}}