{"id":1841,"date":"2020-10-25T02:35:21","date_gmt":"2020-10-25T02:35:21","guid":{"rendered":"http:\/\/linkseride.com\/?post_type=product&#038;p=1841"},"modified":"2021-08-28T08:28:18","modified_gmt":"2021-08-28T08:28:18","slug":"cyclomoteur-electrique-4000w-li-ion-pour-adulte","status":"publish","type":"product","link":"https:\/\/www.linkseride.com\/fr\/product\/4000w-li-ion-adult-electric-moped\/","title":{"rendered":"LEM-02 Cyclomoteur \u00e9lectrique adulte Ninja 4000W batterie li-ion"},"content":{"rendered":"<p>Il s'agit d'une version am\u00e9lior\u00e9e pour 3000w. Ce cyclomoteur \u00e9lectrique adulte l\u00e9gal pour la route vous apporte un style cool et vous permet de vous rendre \u00e0 une r\u00e9union en tant qu'homme d'affaires. Ce cyclomoteur \u00e9lectrique est adapt\u00e9 \u00e0 une utilisation quotidienne comme cyclomoteur et comme mod\u00e8le d'entreprise. Le num\u00e9ro de certificat CEE et le num\u00e9ro VIN sont grav\u00e9s sur la plaque d'aluminium du cadre. Le document COC, qui pr\u00e9sente tous les d\u00e9tails de ce cyclomoteur \u00e9lectrique pour adultes, vous sera livr\u00e9 avec le v\u00e9hicule. Vous obtiendrez tr\u00e8s facilement l'immatriculation locale avec les documents ci-dessus.<\/p>\n<div id='gallery-1' class='gallery galleryid-1841 gallery-columns-4 gallery-size-full'><figure class='gallery-item'>\n\t\t\t<div class='gallery-icon landscape'>\n\t\t\t\t<img fetchpriority=\"high\" decoding=\"async\" width=\"645\" height=\"360\" src=\"https:\/\/www.linkseride.com\/wp-content\/uploads\/2020\/10\/11-3.jpg\" class=\"attachment-full size-full\" alt=\"Cyclomoteur \u00e9lectrique pour adultes\" srcset=\"https:\/\/www.linkseride.com\/wp-content\/uploads\/2020\/10\/11-3.jpg 645w, https:\/\/www.linkseride.com\/wp-content\/uploads\/2020\/10\/11-3-300x167.jpg 300w, https:\/\/www.linkseride.com\/wp-content\/uploads\/2020\/10\/11-3-600x335.jpg 600w\" sizes=\"(max-width: 645px) 100vw, 645px\" \/>\n\t\t\t<\/div><\/figure><figure class='gallery-item'>\n\t\t\t<div class='gallery-icon landscape'>\n\t\t\t\t<img decoding=\"async\" width=\"645\" height=\"360\" src=\"https:\/\/www.linkseride.com\/wp-content\/uploads\/2020\/10\/10-3.jpg\" class=\"attachment-full size-full\" alt=\"Cyclomoteur \u00e9lectrique pour adultes\" srcset=\"https:\/\/www.linkseride.com\/wp-content\/uploads\/2020\/10\/10-3.jpg 645w, https:\/\/www.linkseride.com\/wp-content\/uploads\/2020\/10\/10-3-300x167.jpg 300w, https:\/\/www.linkseride.com\/wp-content\/uploads\/2020\/10\/10-3-600x335.jpg 600w\" sizes=\"(max-width: 645px) 100vw, 645px\" \/>\n\t\t\t<\/div><\/figure><figure class='gallery-item'>\n\t\t\t<div class='gallery-icon landscape'>\n\t\t\t\t<img decoding=\"async\" width=\"645\" height=\"360\" src=\"https:\/\/www.linkseride.com\/wp-content\/uploads\/2020\/10\/9-2.jpg\" class=\"attachment-full size-full\" alt=\"Cyclomoteur \u00e9lectrique pour adultes\" srcset=\"https:\/\/www.linkseride.com\/wp-content\/uploads\/2020\/10\/9-2.jpg 645w, https:\/\/www.linkseride.com\/wp-content\/uploads\/2020\/10\/9-2-300x167.jpg 300w, https:\/\/www.linkseride.com\/wp-content\/uploads\/2020\/10\/9-2-600x335.jpg 600w\" sizes=\"(max-width: 645px) 100vw, 645px\" \/>\n\t\t\t<\/div><\/figure><figure class='gallery-item'>\n\t\t\t<div class='gallery-icon landscape'>\n\t\t\t\t<img loading=\"lazy\" decoding=\"async\" width=\"645\" height=\"360\" src=\"https:\/\/www.linkseride.com\/wp-content\/uploads\/2020\/10\/12-2.jpg\" class=\"attachment-full size-full\" alt=\"Cyclomoteur \u00e9lectrique pour adultes\" srcset=\"https:\/\/www.linkseride.com\/wp-content\/uploads\/2020\/10\/12-2.jpg 645w, https:\/\/www.linkseride.com\/wp-content\/uploads\/2020\/10\/12-2-300x167.jpg 300w, https:\/\/www.linkseride.com\/wp-content\/uploads\/2020\/10\/12-2-600x335.jpg 600w\" sizes=\"(max-width: 645px) 100vw, 645px\" \/>\n\t\t\t<\/div><\/figure>\n\t\t<\/div>\n\n<h4>Comparez les cyclomoteurs \u00e9lectriques 3000W VS 4000W pour adultes.<\/h4>\n<table width=\"402\">\n<tbody>\n<tr>\n<td style=\"font-weight: 400;\" width=\"150\"><strong>Certificat<\/strong><\/td>\n<td style=\"font-weight: 400;\" width=\"201\"><strong>EURO 5 L1e-B, certificat CEE &amp; COC<\/strong><\/td>\n<td style=\"font-weight: 400;\" width=\"51\"><strong>EURO 5 L3e-B, certificat CEE &amp; COC<\/strong><\/td>\n<\/tr>\n<tr>\n<td style=\"font-weight: 400;\" width=\"150\"><strong>Num\u00e9ro d'article.<\/strong><\/td>\n<td style=\"font-weight: 400;\" width=\"201\"><strong>LEM-02\u00a0<span style=\"color: #ff0000;\">3000W<\/span><\/strong><\/td>\n<td style=\"font-weight: 400;\" width=\"51\"><strong>LEM-02\u00a0<span style=\"color: #ff0000;\">4000W<\/span><\/strong><\/td>\n<\/tr>\n<tr>\n<td style=\"font-weight: 400;\" width=\"150\"><strong>Moteur\u00a0<\/strong><\/td>\n<td style=\"font-weight: 400;\" width=\"201\">Moteur sans brosse 3000W 60V 12\u201d QS<\/td>\n<td style=\"font-weight: 400;\" width=\"51\">Moteur 4000W 72V 12\u201d QS sans brosse<\/td>\n<\/tr>\n<tr>\n<td style=\"font-weight: 400;\" width=\"150\"><strong>Contr\u00f4leur<\/strong><\/td>\n<td style=\"font-weight: 400;\" width=\"201\">60V 55A d\u00e9charge<\/td>\n<td style=\"font-weight: 400;\" width=\"51\">72V 70A d\u00e9charge<\/td>\n<\/tr>\n<tr>\n<td style=\"font-weight: 400;\" width=\"150\"><strong>Capacit\u00e9 de la batterie<\/strong><\/td>\n<td style=\"font-weight: 400;\" width=\"201\">60V 23.4\/47AH<br \/>\n(Pleine charge 72V, nominale 60V)<\/td>\n<td style=\"font-weight: 400;\" width=\"51\">72V40AH (84V au maximum, 72V au maximum)<\/td>\n<\/tr>\n<tr>\n<td style=\"font-weight: 400;\" width=\"150\"><strong>Num\u00e9ro de la batterie<\/strong><\/td>\n<td style=\"font-weight: 400;\" width=\"201\">1 jeu ou 2 jeux (23,4 Ah par jeu)<\/td>\n<td style=\"font-weight: 400;\" width=\"51\">1 jeu<\/td>\n<\/tr>\n<tr>\n<td style=\"font-weight: 400;\" width=\"150\"><strong>Poids de la batterie<\/strong><\/td>\n<td style=\"font-weight: 400;\" width=\"201\">7,5 kg par batterie<\/td>\n<td style=\"font-weight: 400;\" width=\"51\">15KG<\/td>\n<\/tr>\n<tr>\n<td style=\"font-weight: 400;\" width=\"150\"><strong>Chargeur\/tension d'entr\u00e9e<\/strong><\/td>\n<td style=\"font-weight: 400;\" width=\"201\">60V6A, 110\/220V, 50-60Hz<\/td>\n<td style=\"font-weight: 400;\" width=\"51\">72V8A, 110\/220V, 50-60Hz<\/td>\n<\/tr>\n<tr>\n<td style=\"font-weight: 400;\" width=\"150\"><strong>Capacit\u00e9 d'escalade<\/strong><\/td>\n<td style=\"font-weight: 400;\" width=\"201\">25\u00b0<\/td>\n<td style=\"font-weight: 400;\" width=\"51\">30\u00b0<\/td>\n<\/tr>\n<tr>\n<td style=\"font-weight: 400;\" width=\"150\"><strong>Vitesse maximale<\/strong><\/td>\n<td style=\"font-weight: 400;\" width=\"201\">45 km\/h (28mph)<\/td>\n<td style=\"font-weight: 400;\" width=\"51\">75 km\/h (45mph)<\/td>\n<\/tr>\n<tr>\n<td style=\"font-weight: 400;\" width=\"150\"><strong>Autonomie par charge<\/strong><\/td>\n<td style=\"font-weight: 400;\" width=\"201\">40-45km (1 batterie)<br \/>\n65-70km (2 batteries)<\/td>\n<td style=\"font-weight: 400;\" width=\"51\">60-65km (jusqu'\u00e0 41miles)<\/td>\n<\/tr>\n<\/tbody>\n<\/table>\n<p>Vous trouverez plus de vid\u00e9os d'introduction ici :\u00a0<a href=\"https:\/\/www.youtube.com\/channel\/UCw4wsO7M_kRsCHTxcFeqTAA\" target=\"_blank\" rel=\"noopener\">https:\/\/www.youtube.com\/channel\/UCw4wsO7M_kRsCHTxcFeqTAA<\/a><\/p>\n<div class=\"ast-oembed-container\" style=\"height: 100%;\"><iframe title=\"Scooter \u00e9lectrique Ninja Road Legal Review 2021\" width=\"500\" height=\"281\" src=\"https:\/\/www.youtube.com\/embed\/_czBZ6OpKLg?feature=oembed\" frameborder=\"0\" allow=\"accelerometer; autoplay; clipboard-write; encrypted-media; gyroscope; picture-in-picture; web-share\" referrerpolicy=\"strict-origin-when-cross-origin\" allowfullscreen><\/iframe><\/div>\n<p>nous avons aussi une version avec un moteur de 3000w. C'est un cyclomoteur \u00e9lectrique L1e pour adultes. <a href=\"https:\/\/www.linkseride.com\/fr\/product\/3000w-electric-commuter-scooter\/\" target=\"_blank\" rel=\"noopener\">Cliquez ici pour plus de d\u00e9tails.<\/a><\/p>","protected":false},"excerpt":{"rendered":"<p>\u25cf Certificats : Certificat CEE, COC et UN38.3<\/p>\n<p>\u25cf Cyclomoteur \u00e9lectrique pour adulte avec 2 modes de conduite, en fonction de vos besoins : le mode basse vitesse permet d'\u00e9tendre le kilom\u00e9trage ; le mode sport \u00e0 grande vitesse permet d'\u00e9quilibrer la puissance et la vitesse.<\/p>\n<p>\u25cf La batterie li-ion amovible p\u00e8se 15 kg et est facile \u00e0 transporter et \u00e0 charger.<\/p>\n<p>\u25cf Le frein \u00e0 disque F &amp; R haute performance raccourcit votre distance de freinage pour vous garantir la s\u00e9curit\u00e9.<\/p>\n<p>\u25cf Moteur \u00e9lectrique sans balais de 4000W. Vitesse maximale jusqu'\u00e0 75 km\/h (47Mph), \u00e9quivalent 125cc.<\/p>\n<p>\u25cf Couleurs ou motifs personnalis\u00e9s disponibles<\/p>","protected":false},"featured_media":1842,"template":"","meta":{"site-sidebar-layout":"default","site-content-layout":"default","ast-site-content-layout":"default","site-content-style":"default","site-sidebar-style":"default","ast-global-header-display":"","ast-banner-title-visibility":"","ast-main-header-display":"","ast-hfb-above-header-display":"","ast-hfb-below-header-display":"","ast-hfb-mobile-header-display":"","site-post-title":"","ast-breadcrumbs-content":"","ast-featured-img":"","footer-sml-layout":"","ast-disable-related-posts":"","theme-transparent-header-meta":"default","adv-header-id-meta":"","stick-header-meta":"","header-above-stick-meta":"","header-main-stick-meta":"","header-below-stick-meta":"","astra-migrate-meta-layouts":"default","ast-page-background-enabled":"default","ast-page-background-meta":{"desktop":{"background-color":"","background-image":"","background-repeat":"repeat","background-position":"center center","background-size":"auto","background-attachment":"scroll","background-type":"","background-media":"","overlay-type":"","overlay-color":"","overlay-opacity":"","overlay-gradient":""},"tablet":{"background-color":"","background-image":"","background-repeat":"repeat","background-position":"center center","background-size":"auto","background-attachment":"scroll","background-type":"","background-media":"","overlay-type":"","overlay-color":"","overlay-opacity":"","overlay-gradient":""},"mobile":{"background-color":"","background-image":"","background-repeat":"repeat","background-position":"center center","background-size":"auto","background-attachment":"scroll","background-type":"","background-media":"","overlay-type":"","overlay-color":"","overlay-opacity":"","overlay-gradient":""}},"ast-content-background-meta":{"desktop":{"background-color":"var(--ast-global-color-5)","background-image":"","background-repeat":"repeat","background-position":"center center","background-size":"auto","background-attachment":"scroll","background-type":"","background-media":"","overlay-type":"","overlay-color":"","overlay-opacity":"","overlay-gradient":""},"tablet":{"background-color":"var(--ast-global-color-5)","background-image":"","background-repeat":"repeat","background-position":"center center","background-size":"auto","background-attachment":"scroll","background-type":"","background-media":"","overlay-type":"","overlay-color":"","overlay-opacity":"","overlay-gradient":""},"mobile":{"background-color":"var(--ast-global-color-5)","background-image":"","background-repeat":"repeat","background-position":"center center","background-size":"auto","background-attachment":"scroll","background-type":"","background-media":"","overlay-type":"","overlay-color":"","overlay-opacity":"","overlay-gradient":""}}},"product_brand":[],"product_cat":[26],"product_tag":[],"class_list":{"0":"post-1841","1":"product","2":"type-product","3":"status-publish","4":"has-post-thumbnail","6":"product_cat-electric-moped","7":"desktop-align-left","8":"tablet-align-left","9":"mobile-align-left","11":"first","12":"instock","13":"shipping-taxable","14":"purchasable","15":"product-type-simple"},"_links":{"self":[{"href":"https:\/\/www.linkseride.com\/fr\/wp-json\/wp\/v2\/product\/1841","targetHints":{"allow":["GET"]}}],"collection":[{"href":"https:\/\/www.linkseride.com\/fr\/wp-json\/wp\/v2\/product"}],"about":[{"href":"https:\/\/www.linkseride.com\/fr\/wp-json\/wp\/v2\/types\/product"}],"wp:featuredmedia":[{"embeddable":true,"href":"https:\/\/www.linkseride.com\/fr\/wp-json\/wp\/v2\/media\/1842"}],"wp:attachment":[{"href":"https:\/\/www.linkseride.com\/fr\/wp-json\/wp\/v2\/media?parent=1841"}],"wp:term":[{"taxonomy":"product_brand","embeddable":true,"href":"https:\/\/www.linkseride.com\/fr\/wp-json\/wp\/v2\/product_brand?post=1841"},{"taxonomy":"product_cat","embeddable":true,"href":"https:\/\/www.linkseride.com\/fr\/wp-json\/wp\/v2\/product_cat?post=1841"},{"taxonomy":"product_tag","embeddable":true,"href":"https:\/\/www.linkseride.com\/fr\/wp-json\/wp\/v2\/product_tag?post=1841"}],"curies":[{"name":"wp","href":"https:\/\/api.w.org\/{rel}","templated":true}]}}