{"id":1904,"date":"2020-10-25T07:08:03","date_gmt":"2020-10-25T07:08:03","guid":{"rendered":"http:\/\/linkseride.com\/?post_type=product&#038;p=1904"},"modified":"2021-03-11T08:05:57","modified_gmt":"2021-03-11T08:05:57","slug":"lem-07-scooter-electrique-de-livraison-de-pizza","status":"publish","type":"product","link":"https:\/\/www.linkseride.com\/fr\/product\/lem-07-electric-pizza-delivery-scooter\/","title":{"rendered":"LEM-07 3000W Scooter \u00e9lectrique de livraison de pizzas"},"content":{"rendered":"<p>Toujours \u00e0 votre service : Voici notre scooter \u00e9lectrique de livraison de pizzas. La raison pour laquelle tant de gens choisissent ce mod\u00e8le ? Parce qu'il est capable de r\u00e9pondre aux besoins des livreurs professionnels les plus stricts ! Compl\u00e9t\u00e9 par des bo\u00eetes de transport de grand espace. \u00c9quip\u00e9 de moteurs de 3000w, c'est \u00e0 peu pr\u00e8s tout ce dont vous avez besoin pour arriver \u00e0 votre destination rapidement et sans trafic. Il dispose de plusieurs choix de tailles de batteries li-ion, qui peuvent vous assurer une vitesse maximale de 45 km\/h (28Mph) et une autonomie maximale de 200km (125 miles). En outre, la batterie amovible est facile \u00e0 recharger lorsque vous rentrez chez vous. De plus, nous avons \u00e9galement des options pour deux pneus arri\u00e8re afin d'am\u00e9liorer les performances de stabilit\u00e9.<\/p>\n<div id='gallery-1' class='gallery galleryid-1904 gallery-columns-4 gallery-size-medium'><figure class='gallery-item'>\n\t\t\t<div class='gallery-icon landscape'>\n\t\t\t\t<a href='https:\/\/www.linkseride.com\/fr\/?attachment_id=1911'><img fetchpriority=\"high\" decoding=\"async\" width=\"300\" height=\"300\" src=\"https:\/\/www.linkseride.com\/wp-content\/uploads\/2020\/10\/pizza-delivery-electric-scooter-7-300x300.jpg\" class=\"attachment-medium size-medium\" alt=\"\" srcset=\"https:\/\/www.linkseride.com\/wp-content\/uploads\/2020\/10\/pizza-delivery-electric-scooter-7-300x300.jpg 300w, https:\/\/www.linkseride.com\/wp-content\/uploads\/2020\/10\/pizza-delivery-electric-scooter-7-1024x1024.jpg 1024w, https:\/\/www.linkseride.com\/wp-content\/uploads\/2020\/10\/pizza-delivery-electric-scooter-7-150x150.jpg 150w, https:\/\/www.linkseride.com\/wp-content\/uploads\/2020\/10\/pizza-delivery-electric-scooter-7-768x768.jpg 768w, https:\/\/www.linkseride.com\/wp-content\/uploads\/2020\/10\/pizza-delivery-electric-scooter-7-600x600.jpg 600w, https:\/\/www.linkseride.com\/wp-content\/uploads\/2020\/10\/pizza-delivery-electric-scooter-7-100x100.jpg 100w, https:\/\/www.linkseride.com\/wp-content\/uploads\/2020\/10\/pizza-delivery-electric-scooter-7.jpg 1040w\" sizes=\"(max-width: 300px) 100vw, 300px\" \/><\/a>\n\t\t\t<\/div><\/figure><figure class='gallery-item'>\n\t\t\t<div class='gallery-icon landscape'>\n\t\t\t\t<a href='https:\/\/www.linkseride.com\/fr\/?attachment_id=1910'><img decoding=\"async\" width=\"300\" height=\"300\" src=\"https:\/\/www.linkseride.com\/wp-content\/uploads\/2020\/10\/pizza-delivery-electric-scooter-6-300x300.jpg\" class=\"attachment-medium size-medium\" alt=\"\" srcset=\"https:\/\/www.linkseride.com\/wp-content\/uploads\/2020\/10\/pizza-delivery-electric-scooter-6-300x300.jpg 300w, https:\/\/www.linkseride.com\/wp-content\/uploads\/2020\/10\/pizza-delivery-electric-scooter-6-1024x1024.jpg 1024w, https:\/\/www.linkseride.com\/wp-content\/uploads\/2020\/10\/pizza-delivery-electric-scooter-6-150x150.jpg 150w, https:\/\/www.linkseride.com\/wp-content\/uploads\/2020\/10\/pizza-delivery-electric-scooter-6-768x768.jpg 768w, https:\/\/www.linkseride.com\/wp-content\/uploads\/2020\/10\/pizza-delivery-electric-scooter-6-600x600.jpg 600w, https:\/\/www.linkseride.com\/wp-content\/uploads\/2020\/10\/pizza-delivery-electric-scooter-6-100x100.jpg 100w, https:\/\/www.linkseride.com\/wp-content\/uploads\/2020\/10\/pizza-delivery-electric-scooter-6.jpg 1040w\" sizes=\"(max-width: 300px) 100vw, 300px\" \/><\/a>\n\t\t\t<\/div><\/figure><figure class='gallery-item'>\n\t\t\t<div class='gallery-icon landscape'>\n\t\t\t\t<a href='https:\/\/www.linkseride.com\/fr\/?attachment_id=1909'><img decoding=\"async\" width=\"300\" height=\"300\" src=\"https:\/\/www.linkseride.com\/wp-content\/uploads\/2020\/10\/pizza-delivery-electric-scooter-5-300x300.jpg\" class=\"attachment-medium size-medium\" alt=\"\" srcset=\"https:\/\/www.linkseride.com\/wp-content\/uploads\/2020\/10\/pizza-delivery-electric-scooter-5-300x300.jpg 300w, https:\/\/www.linkseride.com\/wp-content\/uploads\/2020\/10\/pizza-delivery-electric-scooter-5-1024x1024.jpg 1024w, https:\/\/www.linkseride.com\/wp-content\/uploads\/2020\/10\/pizza-delivery-electric-scooter-5-150x150.jpg 150w, https:\/\/www.linkseride.com\/wp-content\/uploads\/2020\/10\/pizza-delivery-electric-scooter-5-768x768.jpg 768w, https:\/\/www.linkseride.com\/wp-content\/uploads\/2020\/10\/pizza-delivery-electric-scooter-5-600x600.jpg 600w, https:\/\/www.linkseride.com\/wp-content\/uploads\/2020\/10\/pizza-delivery-electric-scooter-5-100x100.jpg 100w, https:\/\/www.linkseride.com\/wp-content\/uploads\/2020\/10\/pizza-delivery-electric-scooter-5.jpg 1040w\" sizes=\"(max-width: 300px) 100vw, 300px\" \/><\/a>\n\t\t\t<\/div><\/figure><figure class='gallery-item'>\n\t\t\t<div class='gallery-icon landscape'>\n\t\t\t\t<a href='https:\/\/www.linkseride.com\/fr\/?attachment_id=1908'><img loading=\"lazy\" decoding=\"async\" width=\"300\" height=\"300\" src=\"https:\/\/www.linkseride.com\/wp-content\/uploads\/2020\/10\/pizza-delivery-electric-scooter-4-300x300.jpg\" class=\"attachment-medium size-medium\" alt=\"\" srcset=\"https:\/\/www.linkseride.com\/wp-content\/uploads\/2020\/10\/pizza-delivery-electric-scooter-4-300x300.jpg 300w, https:\/\/www.linkseride.com\/wp-content\/uploads\/2020\/10\/pizza-delivery-electric-scooter-4-1024x1024.jpg 1024w, https:\/\/www.linkseride.com\/wp-content\/uploads\/2020\/10\/pizza-delivery-electric-scooter-4-150x150.jpg 150w, https:\/\/www.linkseride.com\/wp-content\/uploads\/2020\/10\/pizza-delivery-electric-scooter-4-768x768.jpg 768w, https:\/\/www.linkseride.com\/wp-content\/uploads\/2020\/10\/pizza-delivery-electric-scooter-4-600x600.jpg 600w, https:\/\/www.linkseride.com\/wp-content\/uploads\/2020\/10\/pizza-delivery-electric-scooter-4-100x100.jpg 100w, https:\/\/www.linkseride.com\/wp-content\/uploads\/2020\/10\/pizza-delivery-electric-scooter-4.jpg 1040w\" sizes=\"(max-width: 300px) 100vw, 300px\" \/><\/a>\n\t\t\t<\/div><\/figure>\n\t\t<\/div>\n\n<p>Nous avons ouvert un nouveau moule pour ce scooter \u00e9lectrique de livraison de pizza afin de nous assurer qu'il est correctement con\u00e7u et durable. Les certificats EEC et COC seront fournis si vous \u00eates int\u00e9ress\u00e9s par l'importation de ce mod\u00e8le !<\/p>\n<p>Si vous cherchez d'autres mod\u00e8les de cyclomoteurs \u00e9lectriques, vous pouvez trouver <a href=\"https:\/\/www.linkseride.com\/fr\/product-electric-vehicle\/\" target=\"_blank\" rel=\"noopener\">ici<\/a>.<\/p>\n<p>&nbsp;<\/p>","protected":false},"excerpt":{"rendered":"<p>\u25cf Certificats : L\u00e9galit\u00e9 routi\u00e8re avec CEE, Certificat COC<\/p>\n<p>\u25cf Sp\u00e9cialement con\u00e7u pour la livraison de nourriture. les personnes qui ont besoin d'un grand espace de stockage, comme le scooter \u00e9lectrique de livraison de pizza.<\/p>\n<p>\u25cf Le puissant moteur sans balai de 3000W fournit suffisamment de puissance pour assurer la capacit\u00e9 de mont\u00e9e et les performances d'acc\u00e9l\u00e9ration.<\/p>\n<p>\u25cf 60V 26Ah\/35Ah\/50Ah\/80Ah plus d'options de batteries pour garantir les capacit\u00e9s d'autonomie.<\/p>\n<p>\u25cf Conception du plancher plat \u00e0 l'avant pour que vous puissiez vous reposer pendant les travaux de livraison.<\/p>\n<p>\u25cf Deux pneus arri\u00e8re personnalis\u00e9s disponibles si vous avez besoin d'une stabilit\u00e9 durable.<\/p>","protected":false},"featured_media":1905,"template":"","meta":{"site-sidebar-layout":"default","site-content-layout":"default","ast-site-content-layout":"default","site-content-style":"default","site-sidebar-style":"default","ast-global-header-display":"","ast-banner-title-visibility":"","ast-main-header-display":"","ast-hfb-above-header-display":"","ast-hfb-below-header-display":"","ast-hfb-mobile-header-display":"","site-post-title":"","ast-breadcrumbs-content":"","ast-featured-img":"","footer-sml-layout":"","ast-disable-related-posts":"","theme-transparent-header-meta":"default","adv-header-id-meta":"","stick-header-meta":"","header-above-stick-meta":"","header-main-stick-meta":"","header-below-stick-meta":"","astra-migrate-meta-layouts":"default","ast-page-background-enabled":"default","ast-page-background-meta":{"desktop":{"background-color":"","background-image":"","background-repeat":"repeat","background-position":"center center","background-size":"auto","background-attachment":"scroll","background-type":"","background-media":"","overlay-type":"","overlay-color":"","overlay-opacity":"","overlay-gradient":""},"tablet":{"background-color":"","background-image":"","background-repeat":"repeat","background-position":"center center","background-size":"auto","background-attachment":"scroll","background-type":"","background-media":"","overlay-type":"","overlay-color":"","overlay-opacity":"","overlay-gradient":""},"mobile":{"background-color":"","background-image":"","background-repeat":"repeat","background-position":"center center","background-size":"auto","background-attachment":"scroll","background-type":"","background-media":"","overlay-type":"","overlay-color":"","overlay-opacity":"","overlay-gradient":""}},"ast-content-background-meta":{"desktop":{"background-color":"var(--ast-global-color-5)","background-image":"","background-repeat":"repeat","background-position":"center center","background-size":"auto","background-attachment":"scroll","background-type":"","background-media":"","overlay-type":"","overlay-color":"","overlay-opacity":"","overlay-gradient":""},"tablet":{"background-color":"var(--ast-global-color-5)","background-image":"","background-repeat":"repeat","background-position":"center center","background-size":"auto","background-attachment":"scroll","background-type":"","background-media":"","overlay-type":"","overlay-color":"","overlay-opacity":"","overlay-gradient":""},"mobile":{"background-color":"var(--ast-global-color-5)","background-image":"","background-repeat":"repeat","background-position":"center center","background-size":"auto","background-attachment":"scroll","background-type":"","background-media":"","overlay-type":"","overlay-color":"","overlay-opacity":"","overlay-gradient":""}}},"product_brand":[],"product_cat":[26],"product_tag":[],"class_list":{"0":"post-1904","1":"product","2":"type-product","3":"status-publish","4":"has-post-thumbnail","6":"product_cat-electric-moped","7":"desktop-align-left","8":"tablet-align-left","9":"mobile-align-left","11":"first","12":"instock","13":"shipping-taxable","14":"purchasable","15":"product-type-simple"},"_links":{"self":[{"href":"https:\/\/www.linkseride.com\/fr\/wp-json\/wp\/v2\/product\/1904","targetHints":{"allow":["GET"]}}],"collection":[{"href":"https:\/\/www.linkseride.com\/fr\/wp-json\/wp\/v2\/product"}],"about":[{"href":"https:\/\/www.linkseride.com\/fr\/wp-json\/wp\/v2\/types\/product"}],"wp:featuredmedia":[{"embeddable":true,"href":"https:\/\/www.linkseride.com\/fr\/wp-json\/wp\/v2\/media\/1905"}],"wp:attachment":[{"href":"https:\/\/www.linkseride.com\/fr\/wp-json\/wp\/v2\/media?parent=1904"}],"wp:term":[{"taxonomy":"product_brand","embeddable":true,"href":"https:\/\/www.linkseride.com\/fr\/wp-json\/wp\/v2\/product_brand?post=1904"},{"taxonomy":"product_cat","embeddable":true,"href":"https:\/\/www.linkseride.com\/fr\/wp-json\/wp\/v2\/product_cat?post=1904"},{"taxonomy":"product_tag","embeddable":true,"href":"https:\/\/www.linkseride.com\/fr\/wp-json\/wp\/v2\/product_tag?post=1904"}],"curies":[{"name":"wp","href":"https:\/\/api.w.org\/{rel}","templated":true}]}}