{"id":1941,"date":"2020-10-25T11:46:37","date_gmt":"2020-10-25T11:46:37","guid":{"rendered":"http:\/\/linkseride.com\/?post_type=product&#038;p=1941"},"modified":"2022-12-16T03:42:33","modified_gmt":"2022-12-16T03:42:33","slug":"lec-01-2000w-citycoco-harley-electric","status":"publish","type":"product","link":"https:\/\/www.linkseride.com\/fr\/product\/lec-01-2000w-citycoco-harley-electric\/","title":{"rendered":"LEC-M8 2000W Citycoco Harley Moto \u00e9lectrique"},"content":{"rendered":"<p>The two-wheel 2000W Citycoco Harley Electric motorcycle, your perfect companion for the city or beach, with a road-legal top speed of 45 km\/h (28Mph) and a 60km (37 miles) range. The 2000w scooter brushless hub motor propels this adult electric scooter to a max speed of 28mph, Keeping you safe can also make you enjoy cycling.<\/p>\n<p>EU &amp; US WAREHOUSE NOW BACK IN STOCKS FOR THESE CITYCOCO HARLEY SCOOTERS! CHECK <a href=\"https:\/\/www.linkseride.com\/fr\/scooter-electrique-grossiste-scooter-dropship\/\" target=\"_blank\" rel=\"noopener\">HERE<\/a> FOR MORE DETAILS.<\/p>\n<div id='gallery-1' class='gallery galleryid-1941 gallery-columns-3 gallery-size-full'><figure class='gallery-item'>\n\t\t\t<div class='gallery-icon landscape'>\n\t\t\t\t<img fetchpriority=\"high\" decoding=\"async\" width=\"540\" height=\"360\" src=\"https:\/\/www.linkseride.com\/wp-content\/uploads\/2020\/10\/11-1.jpg\" class=\"attachment-full size-full\" alt=\"Citycoco Harley chopper scooter\" srcset=\"https:\/\/www.linkseride.com\/wp-content\/uploads\/2020\/10\/11-1.jpg 540w, https:\/\/www.linkseride.com\/wp-content\/uploads\/2020\/10\/11-1-300x200.jpg 300w\" sizes=\"(max-width: 540px) 100vw, 540px\" \/>\n\t\t\t<\/div><\/figure><figure class='gallery-item'>\n\t\t\t<div class='gallery-icon landscape'>\n\t\t\t\t<img decoding=\"async\" width=\"540\" height=\"360\" src=\"https:\/\/www.linkseride.com\/wp-content\/uploads\/2020\/10\/22.jpg\" class=\"attachment-full size-full\" alt=\"Citycoco Harley chopper scooter\" srcset=\"https:\/\/www.linkseride.com\/wp-content\/uploads\/2020\/10\/22.jpg 540w, https:\/\/www.linkseride.com\/wp-content\/uploads\/2020\/10\/22-300x200.jpg 300w\" sizes=\"(max-width: 540px) 100vw, 540px\" \/>\n\t\t\t<\/div><\/figure><figure class='gallery-item'>\n\t\t\t<div class='gallery-icon landscape'>\n\t\t\t\t<img decoding=\"async\" width=\"540\" height=\"360\" src=\"https:\/\/www.linkseride.com\/wp-content\/uploads\/2020\/10\/33.jpg\" class=\"attachment-full size-full\" alt=\"Citycoco Harley chopper scooter\" srcset=\"https:\/\/www.linkseride.com\/wp-content\/uploads\/2020\/10\/33.jpg 540w, https:\/\/www.linkseride.com\/wp-content\/uploads\/2020\/10\/33-300x200.jpg 300w\" sizes=\"(max-width: 540px) 100vw, 540px\" \/>\n\t\t\t<\/div><\/figure><figure class='gallery-item'>\n\t\t\t<div class='gallery-icon landscape'>\n\t\t\t\t<img loading=\"lazy\" decoding=\"async\" width=\"540\" height=\"360\" src=\"https:\/\/www.linkseride.com\/wp-content\/uploads\/2020\/10\/44.jpg\" class=\"attachment-full size-full\" alt=\"Citycoco Harley chopper scooter\" srcset=\"https:\/\/www.linkseride.com\/wp-content\/uploads\/2020\/10\/44.jpg 540w, https:\/\/www.linkseride.com\/wp-content\/uploads\/2020\/10\/44-300x200.jpg 300w\" sizes=\"(max-width: 540px) 100vw, 540px\" \/>\n\t\t\t<\/div><\/figure><figure class='gallery-item'>\n\t\t\t<div class='gallery-icon landscape'>\n\t\t\t\t<img loading=\"lazy\" decoding=\"async\" width=\"540\" height=\"360\" src=\"https:\/\/www.linkseride.com\/wp-content\/uploads\/2020\/10\/55.jpg\" class=\"attachment-full size-full\" alt=\"Citycoco Harley chopper scooter\" srcset=\"https:\/\/www.linkseride.com\/wp-content\/uploads\/2020\/10\/55.jpg 540w, https:\/\/www.linkseride.com\/wp-content\/uploads\/2020\/10\/55-300x200.jpg 300w\" sizes=\"(max-width: 540px) 100vw, 540px\" \/>\n\t\t\t<\/div><\/figure><figure class='gallery-item'>\n\t\t\t<div class='gallery-icon landscape'>\n\t\t\t\t<img loading=\"lazy\" decoding=\"async\" width=\"540\" height=\"360\" src=\"https:\/\/www.linkseride.com\/wp-content\/uploads\/2020\/10\/66.jpg\" class=\"attachment-full size-full\" alt=\"Citycoco Harley chopper scooter\" srcset=\"https:\/\/www.linkseride.com\/wp-content\/uploads\/2020\/10\/66.jpg 540w, https:\/\/www.linkseride.com\/wp-content\/uploads\/2020\/10\/66-300x200.jpg 300w\" sizes=\"(max-width: 540px) 100vw, 540px\" \/>\n\t\t\t<\/div><\/figure>\n\t\t<\/div>\n\n<h5>LARGE BATTERY CAGE OF THIS CITYCOCO HARLEY SCOOTER M8<\/h5>\n<p>60V20Ah\/60V30Ah battery options for this M8. Large battery cage offer you the possibility to upgrade to 40Ah if you need longer range.<\/p>\n<div id='gallery-2' class='gallery galleryid-1941 gallery-columns-2 gallery-size-full'><figure class='gallery-item'>\n\t\t\t<div class='gallery-icon landscape'>\n\t\t\t\t<img loading=\"lazy\" decoding=\"async\" width=\"540\" height=\"360\" src=\"https:\/\/www.linkseride.com\/wp-content\/uploads\/2020\/10\/9-1.jpg\" class=\"attachment-full size-full\" alt=\"citycoco harley scooter\" srcset=\"https:\/\/www.linkseride.com\/wp-content\/uploads\/2020\/10\/9-1.jpg 540w, https:\/\/www.linkseride.com\/wp-content\/uploads\/2020\/10\/9-1-300x200.jpg 300w\" sizes=\"(max-width: 540px) 100vw, 540px\" \/>\n\t\t\t<\/div><\/figure><figure class='gallery-item'>\n\t\t\t<div class='gallery-icon landscape'>\n\t\t\t\t<img loading=\"lazy\" decoding=\"async\" width=\"540\" height=\"360\" src=\"https:\/\/www.linkseride.com\/wp-content\/uploads\/2020\/10\/8-1.jpg\" class=\"attachment-full size-full\" alt=\"citycoco harley scooter\" srcset=\"https:\/\/www.linkseride.com\/wp-content\/uploads\/2020\/10\/8-1.jpg 540w, https:\/\/www.linkseride.com\/wp-content\/uploads\/2020\/10\/8-1-300x200.jpg 300w\" sizes=\"(max-width: 540px) 100vw, 540px\" \/>\n\t\t\t<\/div><\/figure>\n\t\t<\/div>\n\n<h5 class=\"h5--accent strong home--uppercase\">12\u2033 ALUMINUM TUBELESS TIRES<\/h5>\n<div class=\"rte\">\n<p>Les pneus sans chambre \u00e0 air sont plus \u00e9tanches et plus stables, ce qui r\u00e9duit consid\u00e9rablement le risque d'\u00e9clatement du pneu. La conception des talons plus larges et plus \u00e9pais garantit que les pneus sans chambre \u00e0 air sont moins susceptibles d'\u00e9clater et prot\u00e8gent la jante.<\/p>\n<\/div>\n<div id='gallery-3' class='gallery galleryid-1941 gallery-columns-2 gallery-size-full'><figure class='gallery-item'>\n\t\t\t<div class='gallery-icon landscape'>\n\t\t\t\t<img loading=\"lazy\" decoding=\"async\" width=\"540\" height=\"360\" src=\"https:\/\/www.linkseride.com\/wp-content\/uploads\/2020\/10\/6-3.jpg\" class=\"attachment-full size-full\" alt=\"citycoco harley scooter\" srcset=\"https:\/\/www.linkseride.com\/wp-content\/uploads\/2020\/10\/6-3.jpg 540w, https:\/\/www.linkseride.com\/wp-content\/uploads\/2020\/10\/6-3-300x200.jpg 300w\" sizes=\"(max-width: 540px) 100vw, 540px\" \/>\n\t\t\t<\/div><\/figure><figure class='gallery-item'>\n\t\t\t<div class='gallery-icon landscape'>\n\t\t\t\t<img loading=\"lazy\" decoding=\"async\" width=\"540\" height=\"360\" src=\"https:\/\/www.linkseride.com\/wp-content\/uploads\/2020\/10\/5-2.jpg\" class=\"attachment-full size-full\" alt=\"citycoco harley scooter\" srcset=\"https:\/\/www.linkseride.com\/wp-content\/uploads\/2020\/10\/5-2.jpg 540w, https:\/\/www.linkseride.com\/wp-content\/uploads\/2020\/10\/5-2-300x200.jpg 300w\" sizes=\"(max-width: 540px) 100vw, 540px\" \/>\n\t\t\t<\/div><\/figure>\n\t\t<\/div>\n\n<h5 class=\"h5--accent strong home--uppercase\">FOLDABLE FOOTPEG<\/h5>\n<div class=\"rte\">\n<p>N\u00e9cessite un pliage manuel. Des repose-pieds pliables suppl\u00e9mentaires soutiennent vos pieds en position allong\u00e9e.<\/p>\n<\/div>\n<div id='gallery-4' class='gallery galleryid-1941 gallery-columns-2 gallery-size-full'><figure class='gallery-item'>\n\t\t\t<div class='gallery-icon landscape'>\n\t\t\t\t<img loading=\"lazy\" decoding=\"async\" width=\"540\" height=\"360\" src=\"https:\/\/www.linkseride.com\/wp-content\/uploads\/2020\/10\/3-4.jpg\" class=\"attachment-full size-full\" alt=\"citycoco harley scooter\" srcset=\"https:\/\/www.linkseride.com\/wp-content\/uploads\/2020\/10\/3-4.jpg 540w, https:\/\/www.linkseride.com\/wp-content\/uploads\/2020\/10\/3-4-300x200.jpg 300w\" sizes=\"(max-width: 540px) 100vw, 540px\" \/>\n\t\t\t<\/div><\/figure><figure class='gallery-item'>\n\t\t\t<div class='gallery-icon landscape'>\n\t\t\t\t<img loading=\"lazy\" decoding=\"async\" width=\"540\" height=\"360\" src=\"https:\/\/www.linkseride.com\/wp-content\/uploads\/2020\/10\/2-3.jpg\" class=\"attachment-full size-full\" alt=\"citycoco harley scooter\" srcset=\"https:\/\/www.linkseride.com\/wp-content\/uploads\/2020\/10\/2-3.jpg 540w, https:\/\/www.linkseride.com\/wp-content\/uploads\/2020\/10\/2-3-300x200.jpg 300w\" sizes=\"(max-width: 540px) 100vw, 540px\" \/>\n\t\t\t<\/div><\/figure>\n\t\t<\/div>\n\n<h5 class=\"h5--accent strong home--uppercase\">LCD DISPLAY AND LED LIGHTS<\/h5>\n<div id='gallery-5' class='gallery galleryid-1941 gallery-columns-3 gallery-size-full'><figure class='gallery-item'>\n\t\t\t<div class='gallery-icon landscape'>\n\t\t\t\t<img loading=\"lazy\" decoding=\"async\" width=\"540\" height=\"360\" src=\"https:\/\/www.linkseride.com\/wp-content\/uploads\/2020\/10\/1-4.jpg\" class=\"attachment-full size-full\" alt=\"citycoco harley scooter\" srcset=\"https:\/\/www.linkseride.com\/wp-content\/uploads\/2020\/10\/1-4.jpg 540w, https:\/\/www.linkseride.com\/wp-content\/uploads\/2020\/10\/1-4-300x200.jpg 300w\" sizes=\"(max-width: 540px) 100vw, 540px\" \/>\n\t\t\t<\/div><\/figure><figure class='gallery-item'>\n\t\t\t<div class='gallery-icon landscape'>\n\t\t\t\t<img loading=\"lazy\" decoding=\"async\" width=\"540\" height=\"360\" src=\"https:\/\/www.linkseride.com\/wp-content\/uploads\/2020\/10\/7-1.jpg\" class=\"attachment-full size-full\" alt=\"citycoco harley scooter\" srcset=\"https:\/\/www.linkseride.com\/wp-content\/uploads\/2020\/10\/7-1.jpg 540w, https:\/\/www.linkseride.com\/wp-content\/uploads\/2020\/10\/7-1-300x200.jpg 300w\" sizes=\"(max-width: 540px) 100vw, 540px\" \/>\n\t\t\t<\/div><\/figure><figure class='gallery-item'>\n\t\t\t<div class='gallery-icon landscape'>\n\t\t\t\t<img loading=\"lazy\" decoding=\"async\" width=\"540\" height=\"360\" src=\"https:\/\/www.linkseride.com\/wp-content\/uploads\/2020\/10\/4-2.jpg\" class=\"attachment-full size-full\" alt=\"citycoco harley scooter\" srcset=\"https:\/\/www.linkseride.com\/wp-content\/uploads\/2020\/10\/4-2.jpg 540w, https:\/\/www.linkseride.com\/wp-content\/uploads\/2020\/10\/4-2-300x200.jpg 300w\" sizes=\"(max-width: 540px) 100vw, 540px\" \/>\n\t\t\t<\/div><\/figure>\n\t\t<\/div>\n\n<p>check below for the brief introduction of our M1P citycoco harley scooter!<\/p>\n<div class=\"ast-oembed-container\" style=\"height: 100%;\"><iframe title=\"Everything You Need to Know About M8 Electric Scooter M8 Citycoco Chopper Scooter\" width=\"500\" height=\"281\" src=\"https:\/\/www.youtube.com\/embed\/NSF4opfbW-U?feature=oembed\" frameborder=\"0\" allow=\"accelerometer; autoplay; clipboard-write; encrypted-media; gyroscope; picture-in-picture; web-share\" referrerpolicy=\"strict-origin-when-cross-origin\" allowfullscreen><\/iframe><\/div>","protected":false},"excerpt":{"rendered":"<p>\u25cf Certificats : L\u00e9galit\u00e9 routi\u00e8re avec CEE, Certificat COC<\/p>\n<p>\u25cf 2020 new lease for citycoco harley electric motorcycle<\/p>\n<p>\u25cf Les pneus larges\/gras permettent \u00e0 cette trottinette de rester en \u00e9quilibre toute seule. M\u00eame si une b\u00e9quille est fournie, vous n'en aurez pas vraiment besoin<\/p>\n<p>\u25cf Le moteur de moyeu sans balai de 2000w de la trottinette fournit \u00e0 cette trottinette \u00e9lectrique pour adultes une vitesse maximale de 28mph.<\/p>\n<p>\u25cf Les scooters pour adultes avec la fonction de fonctionnement des phares \u00e0 leds avant et arri\u00e8re vous assurent de voir et d'\u00eatre vu.<\/p>\n<p>\u25cf Le syst\u00e8me d'affichage de la puissance LCD est plus \u00e9vident pour montrer l'\u00e9tat de la batterie \u00e0 l'utilisateur.<\/p>","protected":false},"featured_media":4688,"template":"","meta":{"site-sidebar-layout":"default","site-content-layout":"default","ast-site-content-layout":"default","site-content-style":"default","site-sidebar-style":"default","ast-global-header-display":"","ast-banner-title-visibility":"","ast-main-header-display":"","ast-hfb-above-header-display":"","ast-hfb-below-header-display":"","ast-hfb-mobile-header-display":"","site-post-title":"","ast-breadcrumbs-content":"","ast-featured-img":"","footer-sml-layout":"","ast-disable-related-posts":"","theme-transparent-header-meta":"default","adv-header-id-meta":"","stick-header-meta":"","header-above-stick-meta":"","header-main-stick-meta":"","header-below-stick-meta":"","astra-migrate-meta-layouts":"default","ast-page-background-enabled":"default","ast-page-background-meta":{"desktop":{"background-color":"","background-image":"","background-repeat":"repeat","background-position":"center center","background-size":"auto","background-attachment":"scroll","background-type":"","background-media":"","overlay-type":"","overlay-color":"","overlay-opacity":"","overlay-gradient":""},"tablet":{"background-color":"","background-image":"","background-repeat":"repeat","background-position":"center center","background-size":"auto","background-attachment":"scroll","background-type":"","background-media":"","overlay-type":"","overlay-color":"","overlay-opacity":"","overlay-gradient":""},"mobile":{"background-color":"","background-image":"","background-repeat":"repeat","background-position":"center center","background-size":"auto","background-attachment":"scroll","background-type":"","background-media":"","overlay-type":"","overlay-color":"","overlay-opacity":"","overlay-gradient":""}},"ast-content-background-meta":{"desktop":{"background-color":"var(--ast-global-color-5)","background-image":"","background-repeat":"repeat","background-position":"center center","background-size":"auto","background-attachment":"scroll","background-type":"","background-media":"","overlay-type":"","overlay-color":"","overlay-opacity":"","overlay-gradient":""},"tablet":{"background-color":"var(--ast-global-color-5)","background-image":"","background-repeat":"repeat","background-position":"center center","background-size":"auto","background-attachment":"scroll","background-type":"","background-media":"","overlay-type":"","overlay-color":"","overlay-opacity":"","overlay-gradient":""},"mobile":{"background-color":"var(--ast-global-color-5)","background-image":"","background-repeat":"repeat","background-position":"center center","background-size":"auto","background-attachment":"scroll","background-type":"","background-media":"","overlay-type":"","overlay-color":"","overlay-opacity":"","overlay-gradient":""}}},"product_brand":[],"product_cat":[27],"product_tag":[],"class_list":{"0":"post-1941","1":"product","2":"type-product","3":"status-publish","4":"has-post-thumbnail","6":"product_cat-electric-motorcycle","7":"desktop-align-left","8":"tablet-align-left","9":"mobile-align-left","11":"first","12":"instock","13":"shipping-taxable","14":"product-type-simple"},"_links":{"self":[{"href":"https:\/\/www.linkseride.com\/fr\/wp-json\/wp\/v2\/product\/1941","targetHints":{"allow":["GET"]}}],"collection":[{"href":"https:\/\/www.linkseride.com\/fr\/wp-json\/wp\/v2\/product"}],"about":[{"href":"https:\/\/www.linkseride.com\/fr\/wp-json\/wp\/v2\/types\/product"}],"wp:featuredmedia":[{"embeddable":true,"href":"https:\/\/www.linkseride.com\/fr\/wp-json\/wp\/v2\/media\/4688"}],"wp:attachment":[{"href":"https:\/\/www.linkseride.com\/fr\/wp-json\/wp\/v2\/media?parent=1941"}],"wp:term":[{"taxonomy":"product_brand","embeddable":true,"href":"https:\/\/www.linkseride.com\/fr\/wp-json\/wp\/v2\/product_brand?post=1941"},{"taxonomy":"product_cat","embeddable":true,"href":"https:\/\/www.linkseride.com\/fr\/wp-json\/wp\/v2\/product_cat?post=1941"},{"taxonomy":"product_tag","embeddable":true,"href":"https:\/\/www.linkseride.com\/fr\/wp-json\/wp\/v2\/product_tag?post=1941"}],"curies":[{"name":"wp","href":"https:\/\/api.w.org\/{rel}","templated":true}]}}