{"id":1951,"date":"2020-10-25T11:50:36","date_gmt":"2020-10-25T11:50:36","guid":{"rendered":"http:\/\/linkseride.com\/?post_type=product&#038;p=1951"},"modified":"2022-12-16T03:41:31","modified_gmt":"2022-12-16T03:41:31","slug":"lec-02-2000w-electric-harley-scooter","status":"publish","type":"product","link":"https:\/\/www.linkseride.com\/fr\/product\/lec-02-2000w-electric-harley-scooter\/","title":{"rendered":"LEC-M1 2000W Scooter \u00e9lectrique r\u00e9tro \u00e0 deux roues Harley Citycoco"},"content":{"rendered":"<p>The two-wheel Electric Harley Scooter Citycoco, your perfect companion for the city or beach, with a road legal top speed of 45 km\/h (28Mph) and a 60km (37 miles) range. Features include Bluetooth sound system, with radio, powder-coated frame for long life, keyless ignition, alarm with immobilization wheel lock, quick-release battery for charging anywhere. Choose harley motor to explore new roads without all the noise.<\/p>\n<h2>Check out some detailed features of our M1 Electric Harley Scooter.<\/h2>\n<div id='gallery-1' class='gallery galleryid-1951 gallery-columns-3 gallery-size-full'><figure class='gallery-item'>\n\t\t\t<div class='gallery-icon landscape'>\n\t\t\t\t<img fetchpriority=\"high\" decoding=\"async\" width=\"1024\" height=\"768\" src=\"https:\/\/www.linkseride.com\/wp-content\/uploads\/2020\/10\/1-3.jpg\" class=\"attachment-full size-full\" alt=\"\" srcset=\"https:\/\/www.linkseride.com\/wp-content\/uploads\/2020\/10\/1-3.jpg 1024w, https:\/\/www.linkseride.com\/wp-content\/uploads\/2020\/10\/1-3-300x225.jpg 300w, https:\/\/www.linkseride.com\/wp-content\/uploads\/2020\/10\/1-3-768x576.jpg 768w, https:\/\/www.linkseride.com\/wp-content\/uploads\/2020\/10\/1-3-600x450.jpg 600w\" sizes=\"(max-width: 1024px) 100vw, 1024px\" \/>\n\t\t\t<\/div><\/figure><figure class='gallery-item'>\n\t\t\t<div class='gallery-icon landscape'>\n\t\t\t\t<img decoding=\"async\" width=\"853\" height=\"640\" src=\"https:\/\/www.linkseride.com\/wp-content\/uploads\/2020\/10\/2-2.jpg\" class=\"attachment-full size-full\" alt=\"\" srcset=\"https:\/\/www.linkseride.com\/wp-content\/uploads\/2020\/10\/2-2.jpg 853w, https:\/\/www.linkseride.com\/wp-content\/uploads\/2020\/10\/2-2-300x225.jpg 300w, https:\/\/www.linkseride.com\/wp-content\/uploads\/2020\/10\/2-2-768x576.jpg 768w, https:\/\/www.linkseride.com\/wp-content\/uploads\/2020\/10\/2-2-600x450.jpg 600w\" sizes=\"(max-width: 853px) 100vw, 853px\" \/>\n\t\t\t<\/div><\/figure><figure class='gallery-item'>\n\t\t\t<div class='gallery-icon landscape'>\n\t\t\t\t<img decoding=\"async\" width=\"1024\" height=\"768\" src=\"https:\/\/www.linkseride.com\/wp-content\/uploads\/2020\/10\/3-3.jpg\" class=\"attachment-full size-full\" alt=\"\" srcset=\"https:\/\/www.linkseride.com\/wp-content\/uploads\/2020\/10\/3-3.jpg 1024w, https:\/\/www.linkseride.com\/wp-content\/uploads\/2020\/10\/3-3-300x225.jpg 300w, https:\/\/www.linkseride.com\/wp-content\/uploads\/2020\/10\/3-3-768x576.jpg 768w, https:\/\/www.linkseride.com\/wp-content\/uploads\/2020\/10\/3-3-600x450.jpg 600w\" sizes=\"(max-width: 1024px) 100vw, 1024px\" \/>\n\t\t\t<\/div><\/figure>\n\t\t<\/div>\n\n<p>Handle bar width: 78cm<br \/>\nHeight: 109cm<br \/>\nLength: 203cm<br \/>\nMotor power: 2000W\/3000W hub brushless motor<br \/>\n<strong>Battery capacity: 60V 12Ah\/20Ah\/30Ah Li-ion battery<\/strong><br \/>\nLoad Capacity: &gt;180kgs\/396Ibs<br \/>\nCharging time:\u00a06-8\u00a0hours<br \/>\n<strong>Max speed:\u00a050km\/h for\u00a02000W<\/strong><br \/>\n<strong>Range per charge: 35km-12Ah \/ 55KM-20Ah<\/strong><br \/>\nBrake: Front and Rear Disc Brake<br \/>\nSeat height: 58CM<br \/>\nClimbing Capacity:\u00a0&gt;18\u00a0degree<br \/>\nColor available: Blue, Red, Pink, Yellow, Green, Black etc<br \/>\n<strong>Package: Carton Packing<\/strong><br \/>\nNet weight: 80kgs<br \/>\nGross weight: 92kgs<br \/>\nOut carton size: 192&#215;37.5x77cm\/1pc<br \/>\nContainer: 42pcs\/20GP, 87pcs\/40GP,102pcs\/40&#8217;HQ<\/p>\n<h2>Saddle cases and bags available for your electric Harley scooter.<\/h2>\n<div id='gallery-2' class='gallery galleryid-1951 gallery-columns-2 gallery-size-full'><figure class='gallery-item'>\n\t\t\t<div class='gallery-icon landscape'>\n\t\t\t\t<img loading=\"lazy\" decoding=\"async\" width=\"1024\" height=\"768\" src=\"https:\/\/www.linkseride.com\/wp-content\/uploads\/2020\/10\/4-1.jpg\" class=\"attachment-full size-full\" alt=\"Scooter \u00e9lectrique Harley\" srcset=\"https:\/\/www.linkseride.com\/wp-content\/uploads\/2020\/10\/4-1.jpg 1024w, https:\/\/www.linkseride.com\/wp-content\/uploads\/2020\/10\/4-1-300x225.jpg 300w, https:\/\/www.linkseride.com\/wp-content\/uploads\/2020\/10\/4-1-768x576.jpg 768w, https:\/\/www.linkseride.com\/wp-content\/uploads\/2020\/10\/4-1-600x450.jpg 600w\" sizes=\"(max-width: 1024px) 100vw, 1024px\" \/>\n\t\t\t<\/div><\/figure><figure class='gallery-item'>\n\t\t\t<div class='gallery-icon landscape'>\n\t\t\t\t<img loading=\"lazy\" decoding=\"async\" width=\"1024\" height=\"683\" src=\"https:\/\/www.linkseride.com\/wp-content\/uploads\/2020\/10\/5678.jpg\" class=\"attachment-full size-full\" alt=\"Scooter \u00e9lectrique Harley\" srcset=\"https:\/\/www.linkseride.com\/wp-content\/uploads\/2020\/10\/5678.jpg 1024w, https:\/\/www.linkseride.com\/wp-content\/uploads\/2020\/10\/5678-300x200.jpg 300w, https:\/\/www.linkseride.com\/wp-content\/uploads\/2020\/10\/5678-768x512.jpg 768w, https:\/\/www.linkseride.com\/wp-content\/uploads\/2020\/10\/5678-600x400.jpg 600w\" sizes=\"(max-width: 1024px) 100vw, 1024px\" \/>\n\t\t\t<\/div><\/figure>\n\t\t<\/div>\n\n<div id='gallery-3' class='gallery galleryid-1951 gallery-columns-2 gallery-size-full'><figure class='gallery-item'>\n\t\t\t<div class='gallery-icon landscape'>\n\t\t\t\t<img loading=\"lazy\" decoding=\"async\" width=\"1024\" height=\"768\" src=\"https:\/\/www.linkseride.com\/wp-content\/uploads\/2020\/10\/6-2.jpg\" class=\"attachment-full size-full\" alt=\"Scooter \u00e9lectrique Harley\" srcset=\"https:\/\/www.linkseride.com\/wp-content\/uploads\/2020\/10\/6-2.jpg 1024w, https:\/\/www.linkseride.com\/wp-content\/uploads\/2020\/10\/6-2-300x225.jpg 300w, https:\/\/www.linkseride.com\/wp-content\/uploads\/2020\/10\/6-2-768x576.jpg 768w, https:\/\/www.linkseride.com\/wp-content\/uploads\/2020\/10\/6-2-600x450.jpg 600w\" sizes=\"(max-width: 1024px) 100vw, 1024px\" \/>\n\t\t\t<\/div><\/figure><figure class='gallery-item'>\n\t\t\t<div class='gallery-icon landscape'>\n\t\t\t\t<img loading=\"lazy\" decoding=\"async\" width=\"1024\" height=\"768\" src=\"https:\/\/www.linkseride.com\/wp-content\/uploads\/2020\/10\/5-1.jpg\" class=\"attachment-full size-full\" alt=\"Citycoco Scooter \u00e9lectrique grossiste\" srcset=\"https:\/\/www.linkseride.com\/wp-content\/uploads\/2020\/10\/5-1.jpg 1024w, https:\/\/www.linkseride.com\/wp-content\/uploads\/2020\/10\/5-1-300x225.jpg 300w, https:\/\/www.linkseride.com\/wp-content\/uploads\/2020\/10\/5-1-768x576.jpg 768w, https:\/\/www.linkseride.com\/wp-content\/uploads\/2020\/10\/5-1-600x450.jpg 600w\" sizes=\"(max-width: 1024px) 100vw, 1024px\" \/>\n\t\t\t<\/div><\/figure>\n\t\t<\/div>\n\n<h2>What&#8217;s the biggest difference between M1 and <a href=\"https:\/\/www.linkseride.com\/fr\/product\/trottinette-electrique-m1p-fat-tire-citycoco-scooter\/\" target=\"_blank\" rel=\"noopener\">M1P<\/a> electric harley scooter?<\/h2>\n<h5>first, the rear suspension.<\/h5>\n<p><img loading=\"lazy\" decoding=\"async\" class=\"aligncenter wp-image-3665 size-full\" src=\"http:\/\/linkseride.com\/wp-content\/uploads\/2020\/10\/QQ20210620-141834.png\" alt=\"\" width=\"707\" height=\"360\" srcset=\"https:\/\/www.linkseride.com\/wp-content\/uploads\/2020\/10\/QQ20210620-141834.png 707w, https:\/\/www.linkseride.com\/wp-content\/uploads\/2020\/10\/QQ20210620-141834-300x153.png 300w, https:\/\/www.linkseride.com\/wp-content\/uploads\/2020\/10\/QQ20210620-141834-600x306.png 600w\" sizes=\"(max-width: 707px) 100vw, 707px\" \/><\/p>\n<h5>second, the lights.<\/h5>\n<p><img loading=\"lazy\" decoding=\"async\" class=\"aligncenter wp-image-3666 size-full\" src=\"http:\/\/linkseride.com\/wp-content\/uploads\/2020\/10\/QQ20210620-141911.png\" alt=\"\" width=\"706\" height=\"325\" srcset=\"https:\/\/www.linkseride.com\/wp-content\/uploads\/2020\/10\/QQ20210620-141911.png 706w, https:\/\/www.linkseride.com\/wp-content\/uploads\/2020\/10\/QQ20210620-141911-300x138.png 300w, https:\/\/www.linkseride.com\/wp-content\/uploads\/2020\/10\/QQ20210620-141911-600x276.png 600w\" sizes=\"(max-width: 706px) 100vw, 706px\" \/><\/p>\n<p>We&#8217;ve also got other new harley-shaped model, if you need more info, you can<a href=\"https:\/\/www.linkseride.com\/fr\/fabricant-de-motos-electriques\/\" target=\"_blank\" rel=\"noopener\"> trouver ici.<\/a><\/p>\n<p><a href=\"https:\/\/www.youtube.com\/channel\/UCw4wsO7M_kRsCHTxcFeqTAA\" target=\"_blank\" rel=\"noopener\">cha\u00eene youtube<\/a> for our product introduction:<\/p>\n<div class=\"ast-oembed-container\" style=\"height: 100%;\"><iframe title=\"Tout ce que vous devez savoir avant d&#039;acheter votre scooter \u00e9lectrique M1P\" width=\"500\" height=\"281\" src=\"https:\/\/www.youtube.com\/embed\/KE1jDJdzs4Q?feature=oembed\" frameborder=\"0\" allow=\"accelerometer; autoplay; clipboard-write; encrypted-media; gyroscope; picture-in-picture; web-share\" referrerpolicy=\"strict-origin-when-cross-origin\" allowfullscreen><\/iframe><\/div>\n<p>&nbsp;<\/p>\n<p>Check out our production lines here.<\/p>\n<div id='gallery-4' class='gallery galleryid-1951 gallery-columns-4 gallery-size-full'><figure class='gallery-item'>\n\t\t\t<div class='gallery-icon landscape'>\n\t\t\t\t<img loading=\"lazy\" decoding=\"async\" width=\"1024\" height=\"683\" src=\"https:\/\/www.linkseride.com\/wp-content\/uploads\/2020\/10\/factory-4.jpg\" class=\"attachment-full size-full\" alt=\"Usine de scooters \u00e9lectriques Harley\" srcset=\"https:\/\/www.linkseride.com\/wp-content\/uploads\/2020\/10\/factory-4.jpg 1024w, https:\/\/www.linkseride.com\/wp-content\/uploads\/2020\/10\/factory-4-300x200.jpg 300w, https:\/\/www.linkseride.com\/wp-content\/uploads\/2020\/10\/factory-4-768x512.jpg 768w, https:\/\/www.linkseride.com\/wp-content\/uploads\/2020\/10\/factory-4-600x400.jpg 600w\" sizes=\"(max-width: 1024px) 100vw, 1024px\" \/>\n\t\t\t<\/div><\/figure><figure class='gallery-item'>\n\t\t\t<div class='gallery-icon landscape'>\n\t\t\t\t<img loading=\"lazy\" decoding=\"async\" width=\"1024\" height=\"683\" src=\"https:\/\/www.linkseride.com\/wp-content\/uploads\/2020\/10\/factory-3.jpg\" class=\"attachment-full size-full\" alt=\"Electric Harley Scooter factory China scooter factory\" srcset=\"https:\/\/www.linkseride.com\/wp-content\/uploads\/2020\/10\/factory-3.jpg 1024w, https:\/\/www.linkseride.com\/wp-content\/uploads\/2020\/10\/factory-3-300x200.jpg 300w, https:\/\/www.linkseride.com\/wp-content\/uploads\/2020\/10\/factory-3-768x512.jpg 768w, https:\/\/www.linkseride.com\/wp-content\/uploads\/2020\/10\/factory-3-600x400.jpg 600w\" sizes=\"(max-width: 1024px) 100vw, 1024px\" \/>\n\t\t\t<\/div><\/figure><figure class='gallery-item'>\n\t\t\t<div class='gallery-icon landscape'>\n\t\t\t\t<img loading=\"lazy\" decoding=\"async\" width=\"1024\" height=\"683\" src=\"https:\/\/www.linkseride.com\/wp-content\/uploads\/2020\/10\/factory-2.jpg\" class=\"attachment-full size-full\" alt=\"Usine de scooters \u00e9lectriques Harley\" srcset=\"https:\/\/www.linkseride.com\/wp-content\/uploads\/2020\/10\/factory-2.jpg 1024w, https:\/\/www.linkseride.com\/wp-content\/uploads\/2020\/10\/factory-2-300x200.jpg 300w, https:\/\/www.linkseride.com\/wp-content\/uploads\/2020\/10\/factory-2-768x512.jpg 768w, https:\/\/www.linkseride.com\/wp-content\/uploads\/2020\/10\/factory-2-600x400.jpg 600w\" sizes=\"(max-width: 1024px) 100vw, 1024px\" \/>\n\t\t\t<\/div><\/figure><figure class='gallery-item'>\n\t\t\t<div class='gallery-icon landscape'>\n\t\t\t\t<img loading=\"lazy\" decoding=\"async\" width=\"1024\" height=\"683\" src=\"https:\/\/www.linkseride.com\/wp-content\/uploads\/2020\/10\/factory-1.jpg\" class=\"attachment-full size-full\" alt=\"Electric Harley Scooter factory china scooter factory electric scooter wholesale\" srcset=\"https:\/\/www.linkseride.com\/wp-content\/uploads\/2020\/10\/factory-1.jpg 1024w, https:\/\/www.linkseride.com\/wp-content\/uploads\/2020\/10\/factory-1-300x200.jpg 300w, https:\/\/www.linkseride.com\/wp-content\/uploads\/2020\/10\/factory-1-768x512.jpg 768w, https:\/\/www.linkseride.com\/wp-content\/uploads\/2020\/10\/factory-1-600x400.jpg 600w\" sizes=\"(max-width: 1024px) 100vw, 1024px\" \/>\n\t\t\t<\/div><\/figure>\n\t\t<\/div>\n\n<p>&nbsp;<\/p>\n<p>packing and loading:<\/p>\n<div id='gallery-5' class='gallery galleryid-1951 gallery-columns-2 gallery-size-full'><figure class='gallery-item'>\n\t\t\t<div class='gallery-icon landscape'>\n\t\t\t\t<img loading=\"lazy\" decoding=\"async\" width=\"1024\" height=\"683\" src=\"https:\/\/www.linkseride.com\/wp-content\/uploads\/2020\/10\/loading-2.jpg\" class=\"attachment-full size-full\" alt=\"scooter \u00e9lectrique \u00e0 roues larges usine de scooters en Chine scooter \u00e9lectrique en gros\" srcset=\"https:\/\/www.linkseride.com\/wp-content\/uploads\/2020\/10\/loading-2.jpg 1024w, https:\/\/www.linkseride.com\/wp-content\/uploads\/2020\/10\/loading-2-300x200.jpg 300w, https:\/\/www.linkseride.com\/wp-content\/uploads\/2020\/10\/loading-2-768x512.jpg 768w, https:\/\/www.linkseride.com\/wp-content\/uploads\/2020\/10\/loading-2-600x400.jpg 600w\" sizes=\"(max-width: 1024px) 100vw, 1024px\" \/>\n\t\t\t<\/div><\/figure><figure class='gallery-item'>\n\t\t\t<div class='gallery-icon landscape'>\n\t\t\t\t<img loading=\"lazy\" decoding=\"async\" width=\"1024\" height=\"683\" src=\"https:\/\/www.linkseride.com\/wp-content\/uploads\/2020\/10\/loading-1.jpg\" class=\"attachment-full size-full\" alt=\"Electric Harley Scooter factory China scooter factory\" srcset=\"https:\/\/www.linkseride.com\/wp-content\/uploads\/2020\/10\/loading-1.jpg 1024w, https:\/\/www.linkseride.com\/wp-content\/uploads\/2020\/10\/loading-1-300x200.jpg 300w, https:\/\/www.linkseride.com\/wp-content\/uploads\/2020\/10\/loading-1-768x512.jpg 768w, https:\/\/www.linkseride.com\/wp-content\/uploads\/2020\/10\/loading-1-600x400.jpg 600w\" sizes=\"(max-width: 1024px) 100vw, 1024px\" \/>\n\t\t\t<\/div><\/figure>\n\t\t<\/div>","protected":false},"excerpt":{"rendered":"<p>\u25cf Certificats : L\u00e9galit\u00e9 routi\u00e8re avec CEE, Certificat COC<\/p>\n<p>\u25cf 2020 new lease for electric harley scooter citycoco<\/p>\n<p>\u25cf Les pneus larges\/gras permettent \u00e0 cette trottinette de rester en \u00e9quilibre toute seule. M\u00eame si une b\u00e9quille est fournie, vous n'en aurez pas vraiment besoin<\/p>\n<p>\u25cf Le moteur de moyeu sans balai de 2000w de la trottinette fournit \u00e0 cette trottinette \u00e9lectrique pour adultes une vitesse maximale de 28mph.<\/p>\n<p>\u25cf Les scooters pour adultes avec la fonction de fonctionnement des phares \u00e0 leds avant et arri\u00e8re vous assurent de voir et d'\u00eatre vu.<\/p>\n<p>\u25cf Le syst\u00e8me d'affichage de la puissance LCD est plus \u00e9vident pour montrer l'\u00e9tat de la batterie \u00e0 l'utilisateur.<\/p>","protected":false},"featured_media":3640,"template":"","meta":{"site-sidebar-layout":"default","site-content-layout":"default","ast-site-content-layout":"default","site-content-style":"default","site-sidebar-style":"default","ast-global-header-display":"","ast-banner-title-visibility":"","ast-main-header-display":"","ast-hfb-above-header-display":"","ast-hfb-below-header-display":"","ast-hfb-mobile-header-display":"","site-post-title":"","ast-breadcrumbs-content":"","ast-featured-img":"","footer-sml-layout":"","ast-disable-related-posts":"","theme-transparent-header-meta":"default","adv-header-id-meta":"","stick-header-meta":"","header-above-stick-meta":"","header-main-stick-meta":"","header-below-stick-meta":"","astra-migrate-meta-layouts":"default","ast-page-background-enabled":"default","ast-page-background-meta":{"desktop":{"background-color":"","background-image":"","background-repeat":"repeat","background-position":"center center","background-size":"auto","background-attachment":"scroll","background-type":"","background-media":"","overlay-type":"","overlay-color":"","overlay-opacity":"","overlay-gradient":""},"tablet":{"background-color":"","background-image":"","background-repeat":"repeat","background-position":"center center","background-size":"auto","background-attachment":"scroll","background-type":"","background-media":"","overlay-type":"","overlay-color":"","overlay-opacity":"","overlay-gradient":""},"mobile":{"background-color":"","background-image":"","background-repeat":"repeat","background-position":"center center","background-size":"auto","background-attachment":"scroll","background-type":"","background-media":"","overlay-type":"","overlay-color":"","overlay-opacity":"","overlay-gradient":""}},"ast-content-background-meta":{"desktop":{"background-color":"var(--ast-global-color-5)","background-image":"","background-repeat":"repeat","background-position":"center center","background-size":"auto","background-attachment":"scroll","background-type":"","background-media":"","overlay-type":"","overlay-color":"","overlay-opacity":"","overlay-gradient":""},"tablet":{"background-color":"var(--ast-global-color-5)","background-image":"","background-repeat":"repeat","background-position":"center center","background-size":"auto","background-attachment":"scroll","background-type":"","background-media":"","overlay-type":"","overlay-color":"","overlay-opacity":"","overlay-gradient":""},"mobile":{"background-color":"var(--ast-global-color-5)","background-image":"","background-repeat":"repeat","background-position":"center center","background-size":"auto","background-attachment":"scroll","background-type":"","background-media":"","overlay-type":"","overlay-color":"","overlay-opacity":"","overlay-gradient":""}}},"product_brand":[],"product_cat":[27],"product_tag":[],"class_list":{"0":"post-1951","1":"product","2":"type-product","3":"status-publish","4":"has-post-thumbnail","6":"product_cat-electric-motorcycle","7":"desktop-align-left","8":"tablet-align-left","9":"mobile-align-left","11":"first","12":"instock","13":"shipping-taxable","14":"product-type-simple"},"_links":{"self":[{"href":"https:\/\/www.linkseride.com\/fr\/wp-json\/wp\/v2\/product\/1951","targetHints":{"allow":["GET"]}}],"collection":[{"href":"https:\/\/www.linkseride.com\/fr\/wp-json\/wp\/v2\/product"}],"about":[{"href":"https:\/\/www.linkseride.com\/fr\/wp-json\/wp\/v2\/types\/product"}],"wp:featuredmedia":[{"embeddable":true,"href":"https:\/\/www.linkseride.com\/fr\/wp-json\/wp\/v2\/media\/3640"}],"wp:attachment":[{"href":"https:\/\/www.linkseride.com\/fr\/wp-json\/wp\/v2\/media?parent=1951"}],"wp:term":[{"taxonomy":"product_brand","embeddable":true,"href":"https:\/\/www.linkseride.com\/fr\/wp-json\/wp\/v2\/product_brand?post=1951"},{"taxonomy":"product_cat","embeddable":true,"href":"https:\/\/www.linkseride.com\/fr\/wp-json\/wp\/v2\/product_cat?post=1951"},{"taxonomy":"product_tag","embeddable":true,"href":"https:\/\/www.linkseride.com\/fr\/wp-json\/wp\/v2\/product_tag?post=1951"}],"curies":[{"name":"wp","href":"https:\/\/api.w.org\/{rel}","templated":true}]}}