{"id":1960,"date":"2020-10-25T11:53:09","date_gmt":"2020-10-25T11:53:09","guid":{"rendered":"http:\/\/linkseride.com\/?post_type=product&#038;p=1960"},"modified":"2021-06-01T04:44:53","modified_gmt":"2021-06-01T04:44:53","slug":"lec-06-2000w-fat-wheels-electric-scooter","status":"publish","type":"product","link":"https:\/\/www.linkseride.com\/fr\/product\/lec-06-2000w-fat-wheels-electric-scooter\/","title":{"rendered":"LEC-6.0 2000W Citycoco Fat Wheels Scooter \u00e9lectrique"},"content":{"rendered":"<p>Ce scooter \u00e9lectrique l\u00e9gal \u00e0 grosses roues a un look futuriste. Les derni\u00e8res technologies en mati\u00e8re d'\u00e9lectricit\u00e9 et de batterie, associ\u00e9es \u00e0 un cadre et \u00e0 une suspension innovants, lui conf\u00e8rent un s\u00e9rieux avantage sur le march\u00e9 actuel des motos \u00e9lectriques. Nous avons \u00e9galement une option de vitesse am\u00e9lior\u00e9e pour l'ann\u00e9e 2021 ! Contactez-nous pour plus d'informations !<\/p>","protected":false},"excerpt":{"rendered":"<p>\u25cf Certificats : L\u00e9galit\u00e9 routi\u00e8re avec CEE, Certificat COC<\/p>\n<p>\u25cf 2020 nouveau bail pour fat wheels scooter \u00e9lectrique harley style citycoco.<\/p>\n<p>\u25cf Les pneus larges\/gras permettent \u00e0 cette trottinette de rester en \u00e9quilibre toute seule. M\u00eame si une b\u00e9quille est fournie, vous n'en aurez pas vraiment besoin<\/p>\n<p>\u25cf Le moteur de moyeu sans balai de 2000w de la trottinette fournit \u00e0 cette trottinette \u00e9lectrique pour adultes une vitesse maximale de 28mph.<\/p>\n<p>\u25cf Les scooters pour adultes avec la fonction de fonctionnement des phares \u00e0 leds avant et arri\u00e8re vous assurent de voir et d'\u00eatre vu.<\/p>\n<p>\u25cf Le syst\u00e8me d'affichage de la puissance LCD est plus \u00e9vident pour montrer l'\u00e9tat de la batterie \u00e0 l'utilisateur.<\/p>\n<p>&nbsp;<\/p>","protected":false},"featured_media":1961,"template":"","meta":{"site-sidebar-layout":"default","site-content-layout":"default","ast-site-content-layout":"default","site-content-style":"default","site-sidebar-style":"default","ast-global-header-display":"","ast-banner-title-visibility":"","ast-main-header-display":"","ast-hfb-above-header-display":"","ast-hfb-below-header-display":"","ast-hfb-mobile-header-display":"","site-post-title":"","ast-breadcrumbs-content":"","ast-featured-img":"","footer-sml-layout":"","ast-disable-related-posts":"","theme-transparent-header-meta":"default","adv-header-id-meta":"","stick-header-meta":"","header-above-stick-meta":"","header-main-stick-meta":"","header-below-stick-meta":"","astra-migrate-meta-layouts":"default","ast-page-background-enabled":"default","ast-page-background-meta":{"desktop":{"background-color":"","background-image":"","background-repeat":"repeat","background-position":"center center","background-size":"auto","background-attachment":"scroll","background-type":"","background-media":"","overlay-type":"","overlay-color":"","overlay-opacity":"","overlay-gradient":""},"tablet":{"background-color":"","background-image":"","background-repeat":"repeat","background-position":"center center","background-size":"auto","background-attachment":"scroll","background-type":"","background-media":"","overlay-type":"","overlay-color":"","overlay-opacity":"","overlay-gradient":""},"mobile":{"background-color":"","background-image":"","background-repeat":"repeat","background-position":"center center","background-size":"auto","background-attachment":"scroll","background-type":"","background-media":"","overlay-type":"","overlay-color":"","overlay-opacity":"","overlay-gradient":""}},"ast-content-background-meta":{"desktop":{"background-color":"var(--ast-global-color-5)","background-image":"","background-repeat":"repeat","background-position":"center center","background-size":"auto","background-attachment":"scroll","background-type":"","background-media":"","overlay-type":"","overlay-color":"","overlay-opacity":"","overlay-gradient":""},"tablet":{"background-color":"var(--ast-global-color-5)","background-image":"","background-repeat":"repeat","background-position":"center center","background-size":"auto","background-attachment":"scroll","background-type":"","background-media":"","overlay-type":"","overlay-color":"","overlay-opacity":"","overlay-gradient":""},"mobile":{"background-color":"var(--ast-global-color-5)","background-image":"","background-repeat":"repeat","background-position":"center center","background-size":"auto","background-attachment":"scroll","background-type":"","background-media":"","overlay-type":"","overlay-color":"","overlay-opacity":"","overlay-gradient":""}}},"product_brand":[],"product_cat":[27],"product_tag":[],"class_list":{"0":"post-1960","1":"product","2":"type-product","3":"status-publish","4":"has-post-thumbnail","6":"product_cat-electric-motorcycle","7":"desktop-align-left","8":"tablet-align-left","9":"mobile-align-left","11":"first","12":"instock","13":"shipping-taxable","14":"purchasable","15":"product-type-simple"},"_links":{"self":[{"href":"https:\/\/www.linkseride.com\/fr\/wp-json\/wp\/v2\/product\/1960","targetHints":{"allow":["GET"]}}],"collection":[{"href":"https:\/\/www.linkseride.com\/fr\/wp-json\/wp\/v2\/product"}],"about":[{"href":"https:\/\/www.linkseride.com\/fr\/wp-json\/wp\/v2\/types\/product"}],"wp:featuredmedia":[{"embeddable":true,"href":"https:\/\/www.linkseride.com\/fr\/wp-json\/wp\/v2\/media\/1961"}],"wp:attachment":[{"href":"https:\/\/www.linkseride.com\/fr\/wp-json\/wp\/v2\/media?parent=1960"}],"wp:term":[{"taxonomy":"product_brand","embeddable":true,"href":"https:\/\/www.linkseride.com\/fr\/wp-json\/wp\/v2\/product_brand?post=1960"},{"taxonomy":"product_cat","embeddable":true,"href":"https:\/\/www.linkseride.com\/fr\/wp-json\/wp\/v2\/product_cat?post=1960"},{"taxonomy":"product_tag","embeddable":true,"href":"https:\/\/www.linkseride.com\/fr\/wp-json\/wp\/v2\/product_tag?post=1960"}],"curies":[{"name":"wp","href":"https:\/\/api.w.org\/{rel}","templated":true}]}}