{"id":1968,"date":"2020-10-25T12:08:13","date_gmt":"2020-10-25T12:08:13","guid":{"rendered":"http:\/\/linkseride.com\/?post_type=product&#038;p=1968"},"modified":"2024-01-13T08:43:55","modified_gmt":"2024-01-13T08:43:55","slug":"2000w-electric-motorcycle-for-adults","status":"publish","type":"product","link":"https:\/\/www.linkseride.com\/fr\/product\/2000w-electric-motorcycle-for-adults\/","title":{"rendered":"LEC-11 2000w Moto \u00e9lectrique pour adultes Hurricane 8KW 150km\/h"},"content":{"rendered":"<p>We are excited to unveil our latest high-end 2000w electric motorcycle for adults, the Hurricane. Designed with passionate electric sports bike enthusiasts in mind, this sleek and stylish model is the result of two years of investment and 1 million dollars in research and development.<\/p>\n<p>At our company, we hold exclusive rights to the Hurricane&#8217;s appearance, making it a unique and highly coveted addition to the 2000w electric motorcycle market. The Hurricane is available in three versions: 3000W, 5000W, and 8000W, with maximum speeds of 100km\/h, 120km\/h, and 150km\/h, respectively. It is equivalent to a 125cc motorcycle.<\/p>\n<p>With the growing demand for 2000w electric motorcycle for adults, especially in Europe, the Storm is poised to become a major player in the industry. Join us as we set a new standard for high-speed electric motorcycles with the Hurricane.<\/p>\n<table width=\"755\">\n<tbody>\n<tr>\n<td style=\"text-align: center;\" width=\"212\"><strong>Mod\u00e8le<\/strong><\/td>\n<td style=\"text-align: center;\" width=\"180\"><strong>Ouragan E<\/strong><\/td>\n<td style=\"text-align: center;\" width=\"180\"><strong>Ouragan<\/strong><\/td>\n<td style=\"text-align: center;\" width=\"180\"><strong>Ouragan S<\/strong><\/td>\n<\/tr>\n<tr>\n<td><strong>Photo<\/strong><\/td>\n<td><img fetchpriority=\"high\" decoding=\"async\" class=\"alignnone size-medium wp-image-9176\" src=\"http:\/\/linkseride.com\/wp-content\/uploads\/2020\/10\/electric-motorcycle-1-300x204.png\" alt=\"moto \u00e9lectrique\" width=\"300\" height=\"204\" srcset=\"https:\/\/www.linkseride.com\/wp-content\/uploads\/2020\/10\/electric-motorcycle-1-300x204.png 300w, https:\/\/www.linkseride.com\/wp-content\/uploads\/2020\/10\/electric-motorcycle-1-1024x697.png 1024w, https:\/\/www.linkseride.com\/wp-content\/uploads\/2020\/10\/electric-motorcycle-1-768x523.png 768w, https:\/\/www.linkseride.com\/wp-content\/uploads\/2020\/10\/electric-motorcycle-1-1536x1045.png 1536w, https:\/\/www.linkseride.com\/wp-content\/uploads\/2020\/10\/electric-motorcycle-1-2048x1394.png 2048w, https:\/\/www.linkseride.com\/wp-content\/uploads\/2020\/10\/electric-motorcycle-1-600x408.png 600w\" sizes=\"(max-width: 300px) 100vw, 300px\" \/><\/td>\n<td><img decoding=\"async\" class=\"alignnone size-medium wp-image-9177\" src=\"http:\/\/linkseride.com\/wp-content\/uploads\/2020\/10\/electric-motorcycle-2-300x198.png\" alt=\"moto \u00e9lectrique\" width=\"300\" height=\"198\" srcset=\"https:\/\/www.linkseride.com\/wp-content\/uploads\/2020\/10\/electric-motorcycle-2-300x198.png 300w, https:\/\/www.linkseride.com\/wp-content\/uploads\/2020\/10\/electric-motorcycle-2-768x506.png 768w, https:\/\/www.linkseride.com\/wp-content\/uploads\/2020\/10\/electric-motorcycle-2-600x395.png 600w, https:\/\/www.linkseride.com\/wp-content\/uploads\/2020\/10\/electric-motorcycle-2.png 927w\" sizes=\"(max-width: 300px) 100vw, 300px\" \/><\/td>\n<td><img decoding=\"async\" class=\"alignnone size-medium wp-image-9178\" src=\"http:\/\/linkseride.com\/wp-content\/uploads\/2020\/10\/electric-motorcycle-3-300x202.png\" alt=\"moto \u00e9lectrique\" width=\"300\" height=\"202\" srcset=\"https:\/\/www.linkseride.com\/wp-content\/uploads\/2020\/10\/electric-motorcycle-3-300x202.png 300w, https:\/\/www.linkseride.com\/wp-content\/uploads\/2020\/10\/electric-motorcycle-3-768x518.png 768w, https:\/\/www.linkseride.com\/wp-content\/uploads\/2020\/10\/electric-motorcycle-3-600x404.png 600w, https:\/\/www.linkseride.com\/wp-content\/uploads\/2020\/10\/electric-motorcycle-3.png 936w\" sizes=\"(max-width: 300px) 100vw, 300px\" \/><\/td>\n<\/tr>\n<tr>\n<td style=\"text-align: center;\" colspan=\"4\"><strong>Sp\u00e9cifications techniques<\/strong><\/td>\n<\/tr>\n<tr>\n<td><strong>Vitesse maximale (max)<\/strong><\/td>\n<td>100 km\/h (62 mph)<\/td>\n<td>120 km\/h (75 mph)<\/td>\n<td>150 km\/h (93 mph)<\/td>\n<\/tr>\n<tr>\n<td><strong>Couple de pointe<\/strong><\/td>\n<td>108 Nm<\/td>\n<td>118 Nm<\/td>\n<td>148 Nm<\/td>\n<\/tr>\n<tr>\n<td><strong>Capacit\u00e9 maximale<\/strong><\/td>\n<td>3,6 kWh (72V52Ah)<\/td>\n<td>6,2 kWh (72V86Ah)<\/td>\n<td>7,2 kWh (72V102Ah)<\/td>\n<\/tr>\n<tr>\n<td><strong>Garantie du bloc d'alimentation<\/strong><\/td>\n<td>2 ans\/kms illimit\u00e9s<\/td>\n<td>2 ans\/kms illimit\u00e9s<\/td>\n<td>2 ans\/kms illimit\u00e9s<\/td>\n<\/tr>\n<tr>\n<td style=\"text-align: center;\" colspan=\"4\"><strong>Gamme<\/strong><\/td>\n<\/tr>\n<tr>\n<td><strong>Ville<\/strong><\/td>\n<td>120 km (75 miles)<\/td>\n<td>180 km (112 miles)<\/td>\n<td>200 km (124 miles)<\/td>\n<\/tr>\n<tr>\n<td><strong>Autoroute, 80 km\/h (50 mph)<\/strong><\/td>\n<td>80 km (50 miles)<\/td>\n<td>120 km (75 miles)<\/td>\n<td>135 km (84 miles)<\/td>\n<\/tr>\n<tr>\n<td><strong>Autoroute, 113 km\/h (70 mph)<\/strong><\/td>\n<td>\/<\/td>\n<td>90 km<\/td>\n<td>100 km (62 miles)<\/td>\n<\/tr>\n<tr>\n<td><strong>Autoroute, 130 km\/h (80 mph)<\/strong><\/td>\n<td>\/<\/td>\n<td>\/<\/td>\n<td>85 km (53 miles)<\/td>\n<\/tr>\n<tr>\n<td style=\"text-align: center;\" colspan=\"4\"><strong>Moteur<\/strong><\/td>\n<\/tr>\n<tr>\n<td><strong>Couple de pointe<\/strong><\/td>\n<td>108 Nm<\/td>\n<td>118 Nm<\/td>\n<td>148 Nm<\/td>\n<\/tr>\n<tr>\n<td><strong>Puissance nominale<\/strong><\/td>\n<td>3 kW<\/td>\n<td>5 kW<\/td>\n<td>8 kW<\/td>\n<\/tr>\n<tr>\n<td><strong>Puissance de cr\u00eate<\/strong><\/td>\n<td>4 kW<\/td>\n<td>6 kW<\/td>\n<td>11 kW<\/td>\n<\/tr>\n<tr>\n<td><strong>Vitesse maximale (max)<\/strong><\/td>\n<td>100 km\/h (63 mph)<\/td>\n<td>120 km\/h (75 mph)<\/td>\n<td>150 km\/h (93 mph)<\/td>\n<\/tr>\n<tr>\n<td><strong>Vitesse maximale (soutenue)<\/strong><\/td>\n<td>80 km\/h (50 mph)<\/td>\n<td>100 km\/h (62 mph)<\/td>\n<td>130 km\/h (81 mph)<\/td>\n<\/tr>\n<tr>\n<td><strong>Type<\/strong><\/td>\n<td>Moyeu CC sans balais<\/td>\n<td>Moyeu CC sans balais<\/td>\n<td>Moyeu CC sans balais<\/td>\n<\/tr>\n<tr>\n<td><strong>Contr\u00f4leur<\/strong><\/td>\n<td>Onde sinuso\u00efdale<\/td>\n<td>Onde sinuso\u00efdale<\/td>\n<td>Onde sinuso\u00efdale<\/td>\n<\/tr>\n<tr>\n<td style=\"text-align: center;\" colspan=\"4\"><strong>Syst\u00e8me d'alimentation<\/strong><\/td>\n<\/tr>\n<tr>\n<td><strong>Capacit\u00e9 maximale<\/strong><\/td>\n<td>3,6 kWh (72V52Ah)<\/td>\n<td>6,2 kWh (72V86Ah)<\/td>\n<td>7,2 kWh (72V102Ah)<\/td>\n<\/tr>\n<tr>\n<td><strong>Type de chargeur<\/strong><\/td>\n<td>Chargeur 10A<\/td>\n<td>Chargeur 10A<\/td>\n<td>Chargeur rapide de voiture 18A<\/td>\n<\/tr>\n<tr>\n<td><strong>Temps de charge (chargeur 10A)<\/strong><\/td>\n<td>5,5 heures<\/td>\n<td>9 heures<\/td>\n<td>\/<\/td>\n<\/tr>\n<tr>\n<td><strong>Temps de charge (chargeur rapide de voiture 18A)<\/strong><\/td>\n<td>3 heures<\/td>\n<td>5 heures<\/td>\n<td>6 heures<\/td>\n<\/tr>\n<tr>\n<td><strong>Entr\u00e9e<\/strong><\/td>\n<td>Standard 110 V ou 220 V<\/td>\n<td>Standard 110 V ou 220 V<\/td>\n<td>Standard 110 V ou 220 V<\/td>\n<\/tr>\n<\/tbody>\n<\/table>\n<p>Vous trouverez plus de vid\u00e9os d'introduction ici : <a href=\"https:\/\/www.youtube.com\/c\/LinksErideTech\" target=\"_blank\" rel=\"noopener\">https:\/\/www.youtube.com\/c\/LinksErideTech<\/a><\/p>\n<div class=\"ast-oembed-container\" style=\"height: 100%;\"><iframe title=\"Electric Motorcycle Storm 5KW-8KW High Power Electric Motorbike\" width=\"500\" height=\"281\" src=\"https:\/\/www.youtube.com\/embed\/YhVEg53J0Es?feature=oembed\" frameborder=\"0\" allow=\"accelerometer; autoplay; clipboard-write; encrypted-media; gyroscope; picture-in-picture; web-share\" referrerpolicy=\"strict-origin-when-cross-origin\" allowfullscreen><\/iframe><\/div>","protected":false},"excerpt":{"rendered":"<p>\u25cf The electric motorcycle for adults range can be up to 135 km (84 miles). Never feel afraid of losing power in the halfway.<\/p>\n<p>\u25cf The electric motorcycle for adults Hurricane has 2 layers inside and 4 layers outside, totally 6 layers.<\/p>\n<p>\u25cf Disque avec \u00e9triers \u00e0 piston hydraulique et CBS. Lorsque la vitesse est inf\u00e9rieure \u00e0 100km\/h, la distance de freinage est d'environ 15m.<\/p>\n<p>\u25cf L'alimentation est coup\u00e9e lorsque la b\u00e9quille bascule.<\/p>\n<p>\u25cf La personnalisation est possible !<\/p>","protected":false},"featured_media":9179,"template":"","meta":{"site-sidebar-layout":"default","site-content-layout":"default","ast-site-content-layout":"default","site-content-style":"default","site-sidebar-style":"default","ast-global-header-display":"","ast-banner-title-visibility":"","ast-main-header-display":"","ast-hfb-above-header-display":"","ast-hfb-below-header-display":"","ast-hfb-mobile-header-display":"","site-post-title":"","ast-breadcrumbs-content":"","ast-featured-img":"","footer-sml-layout":"","ast-disable-related-posts":"","theme-transparent-header-meta":"default","adv-header-id-meta":"","stick-header-meta":"","header-above-stick-meta":"","header-main-stick-meta":"","header-below-stick-meta":"","astra-migrate-meta-layouts":"set","ast-page-background-enabled":"default","ast-page-background-meta":{"desktop":{"background-color":"","background-image":"","background-repeat":"repeat","background-position":"center center","background-size":"auto","background-attachment":"scroll","background-type":"","background-media":"","overlay-type":"","overlay-color":"","overlay-opacity":"","overlay-gradient":""},"tablet":{"background-color":"","background-image":"","background-repeat":"repeat","background-position":"center center","background-size":"auto","background-attachment":"scroll","background-type":"","background-media":"","overlay-type":"","overlay-color":"","overlay-opacity":"","overlay-gradient":""},"mobile":{"background-color":"","background-image":"","background-repeat":"repeat","background-position":"center center","background-size":"auto","background-attachment":"scroll","background-type":"","background-media":"","overlay-type":"","overlay-color":"","overlay-opacity":"","overlay-gradient":""}},"ast-content-background-meta":{"desktop":{"background-color":"var(--ast-global-color-5)","background-image":"","background-repeat":"repeat","background-position":"center center","background-size":"auto","background-attachment":"scroll","background-type":"","background-media":"","overlay-type":"","overlay-color":"","overlay-opacity":"","overlay-gradient":""},"tablet":{"background-color":"var(--ast-global-color-5)","background-image":"","background-repeat":"repeat","background-position":"center center","background-size":"auto","background-attachment":"scroll","background-type":"","background-media":"","overlay-type":"","overlay-color":"","overlay-opacity":"","overlay-gradient":""},"mobile":{"background-color":"var(--ast-global-color-5)","background-image":"","background-repeat":"repeat","background-position":"center center","background-size":"auto","background-attachment":"scroll","background-type":"","background-media":"","overlay-type":"","overlay-color":"","overlay-opacity":"","overlay-gradient":""}}},"product_brand":[],"product_cat":[27],"product_tag":[],"class_list":{"0":"post-1968","1":"product","2":"type-product","3":"status-publish","4":"has-post-thumbnail","6":"product_cat-electric-motorcycle","7":"desktop-align-left","8":"tablet-align-left","9":"mobile-align-left","11":"first","12":"instock","13":"shipping-taxable","14":"purchasable","15":"product-type-simple"},"_links":{"self":[{"href":"https:\/\/www.linkseride.com\/fr\/wp-json\/wp\/v2\/product\/1968","targetHints":{"allow":["GET"]}}],"collection":[{"href":"https:\/\/www.linkseride.com\/fr\/wp-json\/wp\/v2\/product"}],"about":[{"href":"https:\/\/www.linkseride.com\/fr\/wp-json\/wp\/v2\/types\/product"}],"wp:featuredmedia":[{"embeddable":true,"href":"https:\/\/www.linkseride.com\/fr\/wp-json\/wp\/v2\/media\/9179"}],"wp:attachment":[{"href":"https:\/\/www.linkseride.com\/fr\/wp-json\/wp\/v2\/media?parent=1968"}],"wp:term":[{"taxonomy":"product_brand","embeddable":true,"href":"https:\/\/www.linkseride.com\/fr\/wp-json\/wp\/v2\/product_brand?post=1968"},{"taxonomy":"product_cat","embeddable":true,"href":"https:\/\/www.linkseride.com\/fr\/wp-json\/wp\/v2\/product_cat?post=1968"},{"taxonomy":"product_tag","embeddable":true,"href":"https:\/\/www.linkseride.com\/fr\/wp-json\/wp\/v2\/product_tag?post=1968"}],"curies":[{"name":"wp","href":"https:\/\/api.w.org\/{rel}","templated":true}]}}