{"id":2037,"date":"2020-10-26T09:00:39","date_gmt":"2020-10-26T09:00:39","guid":{"rendered":"http:\/\/linkseride.com\/?post_type=product&#038;p=2037"},"modified":"2021-03-11T08:18:52","modified_gmt":"2021-03-11T08:18:52","slug":"les-07-350w-25km-h-mi-scooter-electrique","status":"publish","type":"product","link":"https:\/\/www.linkseride.com\/fr\/product\/les-07-350w-25km-h-mi-electric-scooter\/","title":{"rendered":"LES-08 350W 25km\/h Mi Scooter \u00e9lectrique"},"content":{"rendered":"<p>Le scooter \u00e9lectrique Mi est \u00e9quip\u00e9 d'un moteur \u00e0 courant continu sans balais de 300W qui permet de rouler avec facilit\u00e9 et confort. Les batteries de haute qualit\u00e9 garantissent une distance de conduite allant jusqu'\u00e0 45 km.<br \/>\nIl est \u00e9quip\u00e9 d'un syst\u00e8me de freinage r\u00e9g\u00e9n\u00e9ratif et \u00e0 disque aux roues arri\u00e8re, et d'un syst\u00e8me E-ABS aux roues avant. Le r\u00e9gulateur de vitesse permet de maintenir une vitesse constante d\u00e9finie par le conducteur afin de le soulager d'une pression et d'une tension constantes. Les pneus de 8,5 pouces absorbent efficacement les chocs et \u00e9vitent les d\u00e9rapages.<\/p>","protected":false},"excerpt":{"rendered":"<p>\u25cf Scooter \u00e9lectrique Mi Dot\u00e9 d'un puissant moteur de 350W, le Segway ES2 KickScooter peut atteindre 16 mph, parcourir jusqu'\u00e0 16 miles et accueillir une charge maximale de 265 lbs.<\/p>\n<p>\u25cf Avec un poids total de 13,5 kg et le syst\u00e8me de pliage en un clic, ce kickScooter peut \u00eatre transport\u00e9 d'une seule main. Facile \u00e0 plier et \u00e0 ranger dans une voiture ou dans les transports en commun, ce qui en fait un parfait compagnon de voyage.<\/p>\n<p>\u25cf Le syst\u00e8me de gestion de la batterie 36V 7,8Ah assure la s\u00e9curit\u00e9 de la batterie et prolonge sa dur\u00e9e de vie.<\/p>\n<p>\u25cf Comprend un \u00e9cran LED, des capacit\u00e9s bluetooth, un r\u00e9gulateur de vitesse, des couleurs de lumi\u00e8re ambiante personnalisables, une connectivit\u00e9 APP mobile pour une s\u00e9curit\u00e9 suppl\u00e9mentaire, des mises \u00e0 jour du micrologiciel et plus encore.<\/p>","protected":false},"featured_media":2038,"template":"","meta":{"site-sidebar-layout":"default","site-content-layout":"default","ast-site-content-layout":"default","site-content-style":"default","site-sidebar-style":"default","ast-global-header-display":"","ast-banner-title-visibility":"","ast-main-header-display":"","ast-hfb-above-header-display":"","ast-hfb-below-header-display":"","ast-hfb-mobile-header-display":"","site-post-title":"","ast-breadcrumbs-content":"","ast-featured-img":"","footer-sml-layout":"","ast-disable-related-posts":"","theme-transparent-header-meta":"default","adv-header-id-meta":"","stick-header-meta":"","header-above-stick-meta":"","header-main-stick-meta":"","header-below-stick-meta":"","astra-migrate-meta-layouts":"default","ast-page-background-enabled":"default","ast-page-background-meta":{"desktop":{"background-color":"","background-image":"","background-repeat":"repeat","background-position":"center center","background-size":"auto","background-attachment":"scroll","background-type":"","background-media":"","overlay-type":"","overlay-color":"","overlay-opacity":"","overlay-gradient":""},"tablet":{"background-color":"","background-image":"","background-repeat":"repeat","background-position":"center center","background-size":"auto","background-attachment":"scroll","background-type":"","background-media":"","overlay-type":"","overlay-color":"","overlay-opacity":"","overlay-gradient":""},"mobile":{"background-color":"","background-image":"","background-repeat":"repeat","background-position":"center center","background-size":"auto","background-attachment":"scroll","background-type":"","background-media":"","overlay-type":"","overlay-color":"","overlay-opacity":"","overlay-gradient":""}},"ast-content-background-meta":{"desktop":{"background-color":"var(--ast-global-color-5)","background-image":"","background-repeat":"repeat","background-position":"center center","background-size":"auto","background-attachment":"scroll","background-type":"","background-media":"","overlay-type":"","overlay-color":"","overlay-opacity":"","overlay-gradient":""},"tablet":{"background-color":"var(--ast-global-color-5)","background-image":"","background-repeat":"repeat","background-position":"center center","background-size":"auto","background-attachment":"scroll","background-type":"","background-media":"","overlay-type":"","overlay-color":"","overlay-opacity":"","overlay-gradient":""},"mobile":{"background-color":"var(--ast-global-color-5)","background-image":"","background-repeat":"repeat","background-position":"center center","background-size":"auto","background-attachment":"scroll","background-type":"","background-media":"","overlay-type":"","overlay-color":"","overlay-opacity":"","overlay-gradient":""}}},"product_brand":[],"product_cat":[28],"product_tag":[],"class_list":{"0":"post-2037","1":"product","2":"type-product","3":"status-publish","4":"has-post-thumbnail","6":"product_cat-electric-scooter","7":"desktop-align-left","8":"tablet-align-left","9":"mobile-align-left","11":"first","12":"instock","13":"shipping-taxable","14":"purchasable","15":"product-type-simple"},"_links":{"self":[{"href":"https:\/\/www.linkseride.com\/fr\/wp-json\/wp\/v2\/product\/2037","targetHints":{"allow":["GET"]}}],"collection":[{"href":"https:\/\/www.linkseride.com\/fr\/wp-json\/wp\/v2\/product"}],"about":[{"href":"https:\/\/www.linkseride.com\/fr\/wp-json\/wp\/v2\/types\/product"}],"wp:featuredmedia":[{"embeddable":true,"href":"https:\/\/www.linkseride.com\/fr\/wp-json\/wp\/v2\/media\/2038"}],"wp:attachment":[{"href":"https:\/\/www.linkseride.com\/fr\/wp-json\/wp\/v2\/media?parent=2037"}],"wp:term":[{"taxonomy":"product_brand","embeddable":true,"href":"https:\/\/www.linkseride.com\/fr\/wp-json\/wp\/v2\/product_brand?post=2037"},{"taxonomy":"product_cat","embeddable":true,"href":"https:\/\/www.linkseride.com\/fr\/wp-json\/wp\/v2\/product_cat?post=2037"},{"taxonomy":"product_tag","embeddable":true,"href":"https:\/\/www.linkseride.com\/fr\/wp-json\/wp\/v2\/product_tag?post=2037"}],"curies":[{"name":"wp","href":"https:\/\/api.w.org\/{rel}","templated":true}]}}