{"id":3115,"date":"2021-03-02T07:36:43","date_gmt":"2021-03-02T07:36:43","guid":{"rendered":"http:\/\/linkseride.com\/?post_type=product&#038;p=3115"},"modified":"2021-03-11T08:10:27","modified_gmt":"2021-03-11T08:10:27","slug":"scooter-electrique-lem-09-500w-avec-pedales","status":"publish","type":"product","link":"https:\/\/www.linkseride.com\/fr\/product\/lem-09-500w-electric-scooter-with-pedals\/","title":{"rendered":"LEM-09 Scooter \u00e9lectrique 500W avec p\u00e9dales pour les trajets quotidiens"},"content":{"rendered":"<p>Voici un autre mod\u00e8le de scooter \u00e9lectrique avec p\u00e9dales. Il s'agit d'un tr\u00e8s beau v\u00e9lo pour les trajets quotidiens dans les villes. Le scooter \u00e9lectrique \u00e0 p\u00e9dales de 500 watts est un excellent v\u00e9hicule pour les familles et les individus qui veulent simplement voyager ou utiliser les v\u00e9los pour les loisirs ou les affaires. Le scooter \u00e9lectrique de 500 watts avec p\u00e9dales est typiquement con\u00e7u pour \u00eatre utilis\u00e9 par des personnes dans les zones urbaines et celui-ci n'a pas besoin d'\u00eatre immatricul\u00e9 puisqu'il est class\u00e9 comme un v\u00e9lo \u00e9lectrique. Ce scooter est tr\u00e8s facile \u00e0 utiliser : il suffit d'apprendre les commandes de base, puis d'apprendre progressivement \u00e0 le conduire. Il est enti\u00e8rement \u00e9lectrique !<\/p>\n<p>Nous avons toutes les couleurs possibles et imaginables !<\/p>","protected":false},"excerpt":{"rendered":"<p>\u25cfPuissance du moteur : 500w scooter \u00e9lectrique avec p\u00e9dales.<\/p>\n<p>\u25cfType de batterie : Batterie 48V20ah \/ 60v20ah au plomb-acide\/lithium-ion.<\/p>\n<p>\u25cfVitesse maximale : 35-40 km\/h<\/p>\n<p>\u25cfPort\u00e9e maximale : 40-45km\/55-60km<\/p>\n<p>\u25cfTaille du pneu : 16\u2033X3.0 tubeless tire<\/p>\n<p>\u25cfFrein : Freins \u00e0 disque F &amp; R<\/p>","protected":false},"featured_media":3116,"template":"","meta":{"site-sidebar-layout":"default","site-content-layout":"default","ast-site-content-layout":"default","site-content-style":"default","site-sidebar-style":"default","ast-global-header-display":"","ast-banner-title-visibility":"","ast-main-header-display":"","ast-hfb-above-header-display":"","ast-hfb-below-header-display":"","ast-hfb-mobile-header-display":"","site-post-title":"","ast-breadcrumbs-content":"","ast-featured-img":"","footer-sml-layout":"","ast-disable-related-posts":"","theme-transparent-header-meta":"default","adv-header-id-meta":"","stick-header-meta":"","header-above-stick-meta":"","header-main-stick-meta":"","header-below-stick-meta":"","astra-migrate-meta-layouts":"default","ast-page-background-enabled":"default","ast-page-background-meta":{"desktop":{"background-color":"","background-image":"","background-repeat":"repeat","background-position":"center center","background-size":"auto","background-attachment":"scroll","background-type":"","background-media":"","overlay-type":"","overlay-color":"","overlay-opacity":"","overlay-gradient":""},"tablet":{"background-color":"","background-image":"","background-repeat":"repeat","background-position":"center center","background-size":"auto","background-attachment":"scroll","background-type":"","background-media":"","overlay-type":"","overlay-color":"","overlay-opacity":"","overlay-gradient":""},"mobile":{"background-color":"","background-image":"","background-repeat":"repeat","background-position":"center center","background-size":"auto","background-attachment":"scroll","background-type":"","background-media":"","overlay-type":"","overlay-color":"","overlay-opacity":"","overlay-gradient":""}},"ast-content-background-meta":{"desktop":{"background-color":"var(--ast-global-color-5)","background-image":"","background-repeat":"repeat","background-position":"center center","background-size":"auto","background-attachment":"scroll","background-type":"","background-media":"","overlay-type":"","overlay-color":"","overlay-opacity":"","overlay-gradient":""},"tablet":{"background-color":"var(--ast-global-color-5)","background-image":"","background-repeat":"repeat","background-position":"center center","background-size":"auto","background-attachment":"scroll","background-type":"","background-media":"","overlay-type":"","overlay-color":"","overlay-opacity":"","overlay-gradient":""},"mobile":{"background-color":"var(--ast-global-color-5)","background-image":"","background-repeat":"repeat","background-position":"center center","background-size":"auto","background-attachment":"scroll","background-type":"","background-media":"","overlay-type":"","overlay-color":"","overlay-opacity":"","overlay-gradient":""}}},"product_brand":[],"product_cat":[26],"product_tag":[30],"class_list":{"0":"post-3115","1":"product","2":"type-product","3":"status-publish","4":"has-post-thumbnail","6":"product_cat-electric-moped","7":"product_tag-vespa-style-electric-scooter","8":"desktop-align-left","9":"tablet-align-left","10":"mobile-align-left","12":"first","13":"instock","14":"shipping-taxable","15":"purchasable","16":"product-type-simple"},"_links":{"self":[{"href":"https:\/\/www.linkseride.com\/fr\/wp-json\/wp\/v2\/product\/3115","targetHints":{"allow":["GET"]}}],"collection":[{"href":"https:\/\/www.linkseride.com\/fr\/wp-json\/wp\/v2\/product"}],"about":[{"href":"https:\/\/www.linkseride.com\/fr\/wp-json\/wp\/v2\/types\/product"}],"wp:featuredmedia":[{"embeddable":true,"href":"https:\/\/www.linkseride.com\/fr\/wp-json\/wp\/v2\/media\/3116"}],"wp:attachment":[{"href":"https:\/\/www.linkseride.com\/fr\/wp-json\/wp\/v2\/media?parent=3115"}],"wp:term":[{"taxonomy":"product_brand","embeddable":true,"href":"https:\/\/www.linkseride.com\/fr\/wp-json\/wp\/v2\/product_brand?post=3115"},{"taxonomy":"product_cat","embeddable":true,"href":"https:\/\/www.linkseride.com\/fr\/wp-json\/wp\/v2\/product_cat?post=3115"},{"taxonomy":"product_tag","embeddable":true,"href":"https:\/\/www.linkseride.com\/fr\/wp-json\/wp\/v2\/product_tag?post=3115"}],"curies":[{"name":"wp","href":"https:\/\/api.w.org\/{rel}","templated":true}]}}