{"id":3192,"date":"2021-04-21T12:14:14","date_gmt":"2021-04-21T12:14:14","guid":{"rendered":"http:\/\/linkseride.com\/?post_type=product&#038;p=3192"},"modified":"2021-04-21T13:05:26","modified_gmt":"2021-04-21T13:05:26","slug":"scooter-electrique-avec-panier-pour-animaux","status":"publish","type":"product","link":"https:\/\/www.linkseride.com\/fr\/product\/electric-scooter-bike-with-pet-basket\/","title":{"rendered":"LES-10 Scooter \u00e9lectrique pliable avec panier pour animaux de compagnie et assistance au p\u00e9dalage"},"content":{"rendered":"<p class=\"p1\"><span class=\"s1\">Ce mini scooter \u00e9lectrique vous aidera \u00e0 vous d\u00e9placer sans effort. Le scooter \u00e9lectrique peut supporter un poids maximal de 120 kg, une autonomie maximale de 40 miles avec une charge compl\u00e8te de la batterie, en fonction du terrain. Vitesse 25-45 km \/ h, peut monter jusqu'\u00e0 30\u00b0, temps de charge 3-8h, \u00e9cran couleur LCD, performance, vitesse, n'importe o\u00f9, t\u00e9l\u00e9commande personnalis\u00e9e. <\/span><\/p>\n<p class=\"p1\"><span class=\"s1\">Amortisseurs hydrauliques sur les roues avant, amortisseurs hydrauliques \u00e0 double ressort avec suspension ind\u00e9pendante sur les roues arri\u00e8re, confortable et ne craignant pas les bosses. Ce mod\u00e8le est un scooter \u00e9lectrique pour les hommes et les femmes transportant des animaux de compagnie en vacances, compos\u00e9 de syst\u00e8mes d'absorption des chocs avant et arri\u00e8re, \u00e9quip\u00e9 d'une cage pour animaux de compagnie, ce qui est s\u00fbr pour voyager avec des animaux de compagnie, avec des p\u00e9dales des deux c\u00f4t\u00e9s. <\/span><\/p>\n<p class=\"p1\"><span class=\"s1\">Con\u00e7ues pour faciliter le stockage et le transport, les poign\u00e9es peuvent \u00eatre rapidement pli\u00e9es et plac\u00e9es, et peuvent \u00eatre mises en \u0153uvre \u00e0 l'ext\u00e9rieur, dans la voiture, dans le coffre.<\/span><\/p>\n<table width=\"389\">\n<tbody>\n<tr>\n<td style=\"font-weight: 400;\" colspan=\"2\" width=\"196\"><strong>Certificats<\/strong><\/td>\n<td style=\"font-weight: 400;\" width=\"138\">KC, CE, FCC, Rosh<\/td>\n<td style=\"font-weight: 400;\" width=\"51\">KC, CE, FCC, Rosh<\/td>\n<td style=\"font-weight: 400;\" width=\"51\">KC, CE, FCC, Rosh<\/td>\n<\/tr>\n<tr>\n<td style=\"font-weight: 400;\" colspan=\"2\" width=\"196\"><strong>Liens Num\u00e9ro de l'article.<\/strong><\/td>\n<td style=\"font-weight: 400;\" width=\"138\"><strong>LES-10 350W<\/strong><\/td>\n<td style=\"font-weight: 400;\" width=\"51\"><strong>LES-10 500W<\/strong><\/td>\n<td style=\"font-weight: 400;\" width=\"51\"><strong>LES-10 500W*2<\/strong><\/td>\n<\/tr>\n<tr>\n<td style=\"font-weight: 400;\" rowspan=\"5\" width=\"98\"><strong>Syst\u00e8me d'alimentation<\/strong><\/td>\n<td style=\"font-weight: 400;\" width=\"51\"><strong>Moteur\u00a0<\/strong><\/td>\n<td style=\"font-weight: 400;\" width=\"138\">BLDC 350W (Max 700W)<\/td>\n<td style=\"font-weight: 400;\" width=\"51\">BLDC 500W (Max 1000W)<\/td>\n<td style=\"font-weight: 400;\" width=\"51\">BLDC 500W*2 (Max 2000W)<\/td>\n<\/tr>\n<tr>\n<td style=\"font-weight: 400;\" width=\"51\"><strong>Type de batterie<\/strong><\/td>\n<td style=\"font-weight: 400;\" width=\"138\">batterie au lithium<\/td>\n<td style=\"font-weight: 400;\" width=\"51\">batterie au lithium<\/td>\n<td style=\"font-weight: 400;\" width=\"51\">batterie au lithium<\/td>\n<\/tr>\n<tr>\n<td style=\"font-weight: 400;\" width=\"51\"><strong>Capacit\u00e9 de la batterie<\/strong><\/td>\n<td style=\"font-weight: 400;\" width=\"138\">48V 10AH<\/td>\n<td style=\"font-weight: 400;\" width=\"51\">48V 15AH<\/td>\n<td style=\"font-weight: 400;\" width=\"51\">48V 20AH<\/td>\n<\/tr>\n<tr>\n<td style=\"font-weight: 400;\" width=\"51\"><strong>Chargeur<\/strong><\/td>\n<td style=\"font-weight: 400;\" width=\"138\">54,6V 2A, AC 100~240V 50~60Hz<\/td>\n<td style=\"font-weight: 400;\" width=\"51\">54,6V 2A, AC 100~240V 50~60Hz<\/td>\n<td style=\"font-weight: 400;\" width=\"51\">54,6V 2A, AC 100~240V 50~60Hz<\/td>\n<\/tr>\n<tr>\n<td style=\"font-weight: 400;\" width=\"51\"><strong>Temps de charge<\/strong><\/td>\n<td style=\"font-weight: 400;\" width=\"138\">3~5H<\/td>\n<td style=\"font-weight: 400;\" width=\"51\">5~7H<\/td>\n<td style=\"font-weight: 400;\" width=\"51\">6~8H<\/td>\n<\/tr>\n<tr>\n<td style=\"font-weight: 400;\" rowspan=\"5\" width=\"98\"><strong>Performance<\/strong><\/td>\n<td style=\"font-weight: 400;\" width=\"51\"><strong>Capacit\u00e9 d'escalade<\/strong><\/td>\n<td style=\"font-weight: 400;\" width=\"138\">10\u00b0<\/td>\n<td style=\"font-weight: 400;\" width=\"51\">20\u00b0<\/td>\n<td style=\"font-weight: 400;\" width=\"51\">30\u00b0<\/td>\n<\/tr>\n<tr>\n<td style=\"font-weight: 400;\" width=\"51\"><strong>Charge maximale<\/strong><\/td>\n<td style=\"font-weight: 400;\" width=\"138\">120KG (265 lbs)<\/td>\n<td style=\"font-weight: 400;\" width=\"51\">120KG (265 lbs)<\/td>\n<td style=\"font-weight: 400;\" width=\"51\">120KG (265 lbs)<\/td>\n<\/tr>\n<tr>\n<td style=\"font-weight: 400;\" width=\"51\"><strong>Vitesse maximale<\/strong><\/td>\n<td style=\"font-weight: 400;\" width=\"138\">25KM\/H (16 mph)<\/td>\n<td style=\"font-weight: 400;\" width=\"51\">35KM\/H<\/td>\n<td style=\"font-weight: 400;\" width=\"51\">45KM\/H<\/td>\n<\/tr>\n<tr>\n<td style=\"font-weight: 400;\" width=\"51\"><strong>Autonomie par charge<\/strong><\/td>\n<td style=\"font-weight: 400;\" width=\"138\">35KM<\/td>\n<td style=\"font-weight: 400;\" width=\"51\">50KM<\/td>\n<td style=\"font-weight: 400;\" width=\"51\">65KM<\/td>\n<\/tr>\n<tr>\n<td style=\"font-weight: 400;\" width=\"51\"><strong>Niveau d'\u00e9tanch\u00e9it\u00e9<\/strong><\/td>\n<td style=\"font-weight: 400;\" width=\"138\">IP54<\/td>\n<td style=\"font-weight: 400;\" width=\"51\">IP54<\/td>\n<td style=\"font-weight: 400;\" width=\"51\">IP54<\/td>\n<\/tr>\n<tr>\n<td style=\"font-weight: 400;\" rowspan=\"4\" width=\"98\"><strong>Principaux \u00e9l\u00e9ments<\/strong><\/td>\n<td style=\"font-weight: 400;\" width=\"51\"><strong>Cadre<\/strong><\/td>\n<td style=\"font-weight: 400;\" width=\"138\">Alliage d'aluminium<\/td>\n<td style=\"font-weight: 400;\" width=\"51\">Alliage d'aluminium<\/td>\n<td style=\"font-weight: 400;\" width=\"51\">Alliage d'aluminium<\/td>\n<\/tr>\n<tr>\n<td style=\"font-weight: 400;\" width=\"51\"><strong>Suspension<\/strong><\/td>\n<td style=\"font-weight: 400;\" width=\"138\">suspension avant et arri\u00e8re<\/td>\n<td style=\"font-weight: 400;\" width=\"51\">suspension avant et arri\u00e8re<\/td>\n<td style=\"font-weight: 400;\" width=\"51\">suspension avant et arri\u00e8re<\/td>\n<\/tr>\n<tr>\n<td style=\"font-weight: 400;\" width=\"51\"><strong>Frein<\/strong><\/td>\n<td style=\"font-weight: 400;\" width=\"138\">tambour arri\u00e8re Frein \u00e0 disque avant<\/td>\n<td style=\"font-weight: 400;\" width=\"51\">tambour arri\u00e8re Frein \u00e0 disque avant<\/td>\n<td style=\"font-weight: 400;\" width=\"51\">tambour arri\u00e8re Frein \u00e0 disque avant<\/td>\n<\/tr>\n<tr>\n<td style=\"font-weight: 400;\" width=\"51\"><strong>Pneu<\/strong><\/td>\n<td style=\"font-weight: 400;\" width=\"138\">12*1.75<\/td>\n<td style=\"font-weight: 400;\" width=\"51\">12*2.125<\/td>\n<td style=\"font-weight: 400;\" width=\"51\">12*2.125<\/td>\n<\/tr>\n<tr>\n<td style=\"font-weight: 400;\" rowspan=\"3\" width=\"98\">Taille et exp\u00e9dition<\/td>\n<td style=\"font-weight: 400;\" width=\"51\"><strong>G.W<\/strong><\/td>\n<td style=\"font-weight: 400;\" width=\"138\">32KG<\/td>\n<td style=\"font-weight: 400;\" width=\"51\">37KG<\/td>\n<td style=\"font-weight: 400;\" width=\"51\">41KG<\/td>\n<\/tr>\n<tr>\n<td style=\"font-weight: 400;\" width=\"51\"><strong>Taille de d\u00e9pliage<\/strong><\/td>\n<td style=\"font-weight: 400;\" width=\"138\">1150*580*1060mm<\/td>\n<td style=\"font-weight: 400;\" width=\"51\">1150*580*1060mm<\/td>\n<td style=\"font-weight: 400;\" width=\"51\">1150*580*1060mm<\/td>\n<\/tr>\n<tr>\n<td style=\"font-weight: 400;\" width=\"51\"><strong>Taille de pliage<\/strong><\/td>\n<td style=\"font-weight: 400;\" width=\"138\">1150*550*720mm<\/td>\n<td style=\"font-weight: 400;\" width=\"51\">1150*550*720mm<\/td>\n<td style=\"font-weight: 400;\" width=\"51\">1150*550*720mm<\/td>\n<\/tr>\n<\/tbody>\n<\/table>\n<p>Si vous recherchez d'autres mod\u00e8les, vous pouvez cliquer sur <a href=\"https:\/\/www.linkseride.com\/fr\/fabricant-de-vehicules-electriques\/\" target=\"_blank\" rel=\"noopener\">ici<\/a> pour revenir.<\/p>\n<div class=\"ast-oembed-container\" style=\"height: 100%;\"><iframe title=\"LIENS Visite d&#039;usine pour scooters \u00e9lectriques et cyclomoteurs \u00e9lectriques\" width=\"500\" height=\"281\" src=\"https:\/\/www.youtube.com\/embed\/sPCPYP3ZQpQ?feature=oembed\" frameborder=\"0\" allow=\"accelerometer; autoplay; clipboard-write; encrypted-media; gyroscope; picture-in-picture; web-share\" referrerpolicy=\"strict-origin-when-cross-origin\" allowfullscreen><\/iframe><\/div>","protected":false},"excerpt":{"rendered":"<p>\u25cf Scooter \u00e9lectrique pliable avec panier pour animaux de compagnie et assistance au p\u00e9dalage<\/p>\n<p><span class=\"s1\">\u25cf \u00e9quip\u00e9 d'une cage pour animaux de compagnie, qui permet de voyager en toute s\u00e9curit\u00e9 avec des animaux de compagnie.<\/span><\/p>\n<p>\u25cf<span class=\"s1\">Con\u00e7ues pour faciliter le stockage et le transport, les poign\u00e9es peuvent \u00eatre rapidement pli\u00e9es et plac\u00e9es.<\/span><\/p>\n<p>\u25cf Verrouillage\/d\u00e9marrage par une seule cl\u00e9, phares \u00e0 LED, grande stabilit\u00e9 du syst\u00e8me de freinage.<\/p>","protected":false},"featured_media":3194,"template":"","meta":{"site-sidebar-layout":"default","site-content-layout":"default","ast-site-content-layout":"default","site-content-style":"default","site-sidebar-style":"default","ast-global-header-display":"","ast-banner-title-visibility":"","ast-main-header-display":"","ast-hfb-above-header-display":"","ast-hfb-below-header-display":"","ast-hfb-mobile-header-display":"","site-post-title":"","ast-breadcrumbs-content":"","ast-featured-img":"","footer-sml-layout":"","ast-disable-related-posts":"","theme-transparent-header-meta":"default","adv-header-id-meta":"","stick-header-meta":"","header-above-stick-meta":"","header-main-stick-meta":"","header-below-stick-meta":"","astra-migrate-meta-layouts":"default","ast-page-background-enabled":"default","ast-page-background-meta":{"desktop":{"background-color":"","background-image":"","background-repeat":"repeat","background-position":"center center","background-size":"auto","background-attachment":"scroll","background-type":"","background-media":"","overlay-type":"","overlay-color":"","overlay-opacity":"","overlay-gradient":""},"tablet":{"background-color":"","background-image":"","background-repeat":"repeat","background-position":"center center","background-size":"auto","background-attachment":"scroll","background-type":"","background-media":"","overlay-type":"","overlay-color":"","overlay-opacity":"","overlay-gradient":""},"mobile":{"background-color":"","background-image":"","background-repeat":"repeat","background-position":"center center","background-size":"auto","background-attachment":"scroll","background-type":"","background-media":"","overlay-type":"","overlay-color":"","overlay-opacity":"","overlay-gradient":""}},"ast-content-background-meta":{"desktop":{"background-color":"var(--ast-global-color-5)","background-image":"","background-repeat":"repeat","background-position":"center center","background-size":"auto","background-attachment":"scroll","background-type":"","background-media":"","overlay-type":"","overlay-color":"","overlay-opacity":"","overlay-gradient":""},"tablet":{"background-color":"var(--ast-global-color-5)","background-image":"","background-repeat":"repeat","background-position":"center center","background-size":"auto","background-attachment":"scroll","background-type":"","background-media":"","overlay-type":"","overlay-color":"","overlay-opacity":"","overlay-gradient":""},"mobile":{"background-color":"var(--ast-global-color-5)","background-image":"","background-repeat":"repeat","background-position":"center center","background-size":"auto","background-attachment":"scroll","background-type":"","background-media":"","overlay-type":"","overlay-color":"","overlay-opacity":"","overlay-gradient":""}}},"product_brand":[],"product_cat":[29,28],"product_tag":[],"class_list":{"0":"post-3192","1":"product","2":"type-product","3":"status-publish","4":"has-post-thumbnail","6":"product_cat-electric-bike","7":"product_cat-electric-scooter","8":"desktop-align-left","9":"tablet-align-left","10":"mobile-align-left","12":"first","13":"instock","14":"shipping-taxable","15":"purchasable","16":"product-type-simple"},"_links":{"self":[{"href":"https:\/\/www.linkseride.com\/fr\/wp-json\/wp\/v2\/product\/3192","targetHints":{"allow":["GET"]}}],"collection":[{"href":"https:\/\/www.linkseride.com\/fr\/wp-json\/wp\/v2\/product"}],"about":[{"href":"https:\/\/www.linkseride.com\/fr\/wp-json\/wp\/v2\/types\/product"}],"wp:featuredmedia":[{"embeddable":true,"href":"https:\/\/www.linkseride.com\/fr\/wp-json\/wp\/v2\/media\/3194"}],"wp:attachment":[{"href":"https:\/\/www.linkseride.com\/fr\/wp-json\/wp\/v2\/media?parent=3192"}],"wp:term":[{"taxonomy":"product_brand","embeddable":true,"href":"https:\/\/www.linkseride.com\/fr\/wp-json\/wp\/v2\/product_brand?post=3192"},{"taxonomy":"product_cat","embeddable":true,"href":"https:\/\/www.linkseride.com\/fr\/wp-json\/wp\/v2\/product_cat?post=3192"},{"taxonomy":"product_tag","embeddable":true,"href":"https:\/\/www.linkseride.com\/fr\/wp-json\/wp\/v2\/product_tag?post=3192"}],"curies":[{"name":"wp","href":"https:\/\/api.w.org\/{rel}","templated":true}]}}