{"id":3514,"date":"2021-06-16T07:45:15","date_gmt":"2021-06-16T07:45:15","guid":{"rendered":"http:\/\/linkseride.com\/?post_type=product&#038;p=3514"},"modified":"2026-01-08T09:13:54","modified_gmt":"2026-01-08T09:13:54","slug":"scooter-electrique-m6g-pour-voiturette-de-golf","status":"publish","type":"product","link":"https:\/\/www.linkseride.com\/fr\/product\/m6g-electric-golf-cart-scooter-moped\/","title":{"rendered":"M6G Chariot de golf \u00e9lectrique Scooter de golf \u00e0 conducteur unique"},"content":{"rendered":"<p>Nous sommes passionn\u00e9s par ce que nous faisons pour notre avenir \u00e9lectrique, notamment <strong>les scooters \u00e9lectriques, <a href=\"https:\/\/www.linkseride.com\/fr\/fabricant-de-motos-electriques\/\" target=\"_blank\" rel=\"noopener\">scooter \u00e0 pneus larges<\/a>, <a href=\"https:\/\/www.linkseride.com\/fr\/fabricant-de-motos-electriques\/\" target=\"_blank\" rel=\"noopener\">scooter citycoco<\/a>, <a href=\"https:\/\/www.linkseride.com\/fr\/electric-moped-manufacturer\/\" target=\"_blank\" rel=\"noopener\">cyclomoteur \u00e9lectrique<\/a><\/strong> etc.<\/p>\n<p>Ce scooter \u00e9lectrique \u00e0 deux roues pour voiturette de golf utilise une batterie au lithium. Son poids l\u00e9ger et son centre de gravit\u00e9 bas garantissent une conduite confortable et bien \u00e9quilibr\u00e9e. Le scooter \u00e9lectrique Links M6G 2000W 60V est \u00e9quip\u00e9 d'un moteur QS de 2000W, con\u00e7u pour les conditions difficiles et pouvant atteindre un rendement exceptionnel de 92%. Le contr\u00f4leur int\u00e9gr\u00e9 60V 55A permet une acc\u00e9l\u00e9ration rapide, jusqu'\u00e0 37 mph.<\/p>\n<div id='gallery-1' class='gallery galleryid-3514 gallery-columns-2 gallery-size-full'><figure class='gallery-item'>\n\t\t\t<div class='gallery-icon landscape'>\n\t\t\t\t<a href=\"https:\/\/www.linkseride.com\/fr\/?attachment_id=3522\"><img fetchpriority=\"high\" decoding=\"async\" width=\"1024\" height=\"768\" src=\"https:\/\/www.linkseride.com\/wp-content\/uploads\/2021\/06\/4-6.jpg\" class=\"attachment-full size-full\" alt=\"\" srcset=\"https:\/\/www.linkseride.com\/wp-content\/uploads\/2021\/06\/4-6.jpg 1024w, https:\/\/www.linkseride.com\/wp-content\/uploads\/2021\/06\/4-6-300x225.jpg 300w, https:\/\/www.linkseride.com\/wp-content\/uploads\/2021\/06\/4-6-768x576.jpg 768w, https:\/\/www.linkseride.com\/wp-content\/uploads\/2021\/06\/4-6-600x450.jpg 600w\" sizes=\"(max-width: 1024px) 100vw, 1024px\" \/><\/a>\n\t\t\t<\/div><\/figure><figure class='gallery-item'>\n\t\t\t<div class='gallery-icon landscape'>\n\t\t\t\t<a href=\"https:\/\/www.linkseride.com\/fr\/?attachment_id=3527\"><img decoding=\"async\" width=\"1024\" height=\"768\" src=\"https:\/\/www.linkseride.com\/wp-content\/uploads\/2021\/06\/3-6.jpg\" class=\"attachment-full size-full\" alt=\"fabricant de motos \u00e9lectriques\" srcset=\"https:\/\/www.linkseride.com\/wp-content\/uploads\/2021\/06\/3-6.jpg 1024w, https:\/\/www.linkseride.com\/wp-content\/uploads\/2021\/06\/3-6-300x225.jpg 300w, https:\/\/www.linkseride.com\/wp-content\/uploads\/2021\/06\/3-6-768x576.jpg 768w, https:\/\/www.linkseride.com\/wp-content\/uploads\/2021\/06\/3-6-600x450.jpg 600w\" sizes=\"(max-width: 1024px) 100vw, 1024px\" \/><\/a>\n\t\t\t<\/div><\/figure>\n\t\t<\/div>\n\n<h2>Quelles sont les caract\u00e9ristiques de cette voiturette de golf \u00e9lectrique M6G Single Rider ?<\/h2>\n<div class=\"rte\">\n<div class=\"rte\">\n<div id='gallery-2' class='gallery galleryid-3514 gallery-columns-2 gallery-size-full'><figure class='gallery-item'>\n\t\t\t<div class='gallery-icon landscape'>\n\t\t\t\t<a href=\"https:\/\/www.linkseride.com\/wp-content\/uploads\/2021\/06\/5-7.jpg\"><img decoding=\"async\" width=\"1024\" height=\"768\" src=\"https:\/\/www.linkseride.com\/wp-content\/uploads\/2021\/06\/5-7.jpg\" class=\"attachment-full size-full\" alt=\"fabricant de motos \u00e9lectriques\" srcset=\"https:\/\/www.linkseride.com\/wp-content\/uploads\/2021\/06\/5-7.jpg 1024w, https:\/\/www.linkseride.com\/wp-content\/uploads\/2021\/06\/5-7-300x225.jpg 300w, https:\/\/www.linkseride.com\/wp-content\/uploads\/2021\/06\/5-7-768x576.jpg 768w, https:\/\/www.linkseride.com\/wp-content\/uploads\/2021\/06\/5-7-600x450.jpg 600w\" sizes=\"(max-width: 1024px) 100vw, 1024px\" \/><\/a>\n\t\t\t<\/div><\/figure><figure class='gallery-item'>\n\t\t\t<div class='gallery-icon landscape'>\n\t\t\t\t<a href=\"https:\/\/www.linkseride.com\/wp-content\/uploads\/2021\/06\/2-8.jpg\"><img loading=\"lazy\" decoding=\"async\" width=\"1024\" height=\"768\" src=\"https:\/\/www.linkseride.com\/wp-content\/uploads\/2021\/06\/2-8.jpg\" class=\"attachment-full size-full\" alt=\"\" srcset=\"https:\/\/www.linkseride.com\/wp-content\/uploads\/2021\/06\/2-8.jpg 1024w, https:\/\/www.linkseride.com\/wp-content\/uploads\/2021\/06\/2-8-300x225.jpg 300w, https:\/\/www.linkseride.com\/wp-content\/uploads\/2021\/06\/2-8-768x576.jpg 768w, https:\/\/www.linkseride.com\/wp-content\/uploads\/2021\/06\/2-8-600x450.jpg 600w\" sizes=\"(max-width: 1024px) 100vw, 1024px\" \/><\/a>\n\t\t\t<\/div><\/figure>\n\t\t<\/div>\n\n<ul>\n<li style=\"list-style-type: none;\">\n<ul>\n<li>Amortisseurs hydrauliques haut de gamme pour une conduite souple et contr\u00f4l\u00e9e.<\/li>\n<li><strong>NOUVEAU ET AM\u00c9LIOR\u00c9<\/strong>\u00a0<strong>Batterie 20AH<\/strong>, temps de charge de 4 \u00e0 6 heures<\/li>\n<li>chargeur standard 5 Ah<\/li>\n<li>fonction de mise hors tension du support<\/li>\n<li>Freins \u00e0 disque hydrauliques ABS \u00e9lectroniques<\/li>\n<li>Si\u00e8ge haut de gamme, avec rembourrage suppl\u00e9mentaire pour un confort accru<\/li>\n<li><strong>Nouveau 2000 W<\/strong> Moteur \u00e9lectrique haute puissance pour moyeu arri\u00e8re<\/li>\n<\/ul>\n<\/li>\n<\/ul>\n<p>&nbsp;<\/p>\n<p><img loading=\"lazy\" decoding=\"async\" class=\"alignnone wp-image-11010 size-full\" src=\"https:\/\/www.linkseride.com\/wp-content\/uploads\/2021\/06\/\u4f60\u7684\u6bb5\u843d\u6587\u5b57-3.png\" alt=\"\" width=\"1280\" height=\"720\" srcset=\"https:\/\/www.linkseride.com\/wp-content\/uploads\/2021\/06\/\u4f60\u7684\u6bb5\u843d\u6587\u5b57-3.png 1280w, https:\/\/www.linkseride.com\/wp-content\/uploads\/2021\/06\/\u4f60\u7684\u6bb5\u843d\u6587\u5b57-3-300x169.png 300w, https:\/\/www.linkseride.com\/wp-content\/uploads\/2021\/06\/\u4f60\u7684\u6bb5\u843d\u6587\u5b57-3-1024x576.png 1024w, https:\/\/www.linkseride.com\/wp-content\/uploads\/2021\/06\/\u4f60\u7684\u6bb5\u843d\u6587\u5b57-3-768x432.png 768w, https:\/\/www.linkseride.com\/wp-content\/uploads\/2021\/06\/\u4f60\u7684\u6bb5\u843d\u6587\u5b57-3-600x338.png 600w\" sizes=\"(max-width: 1280px) 100vw, 1280px\" \/><\/p>\n<table style=\"font-size: 16px;\" width=\"565\">\n<tbody>\n<tr>\n<td width=\"131\">Hauteur du si\u00e8ge<\/td>\n<td width=\"95\">28.7\u201d<\/td>\n<td width=\"119\">Hauteur du guidon<\/td>\n<td width=\"219\">43.7\u2033<\/td>\n<\/tr>\n<tr>\n<td>Longueur totale<\/td>\n<td>78.7\u201d<\/td>\n<td>Largeur du guidon<\/td>\n<td>39.4\u2033<\/td>\n<\/tr>\n<tr>\n<td>Longueur de la suspension arri\u00e8re<\/td>\n<td>9.84\u201d<\/td>\n<td>Taille du repose-pieds<\/td>\n<td>9.84\u2033* 4.72\u2033<\/td>\n<\/tr>\n<tr>\n<td>Longueur de la b\u00e9quille<\/td>\n<td>9.65\u201d<\/td>\n<td>Taille du contr\u00f4leur<\/td>\n<td>7.09\u2033 *3.62\u2033*2.17\u2033<\/td>\n<\/tr>\n<tr>\n<td>Glaci\u00e8re<\/td>\n<td>15.4\u201d*11.4\u201d*9.4\u201d<\/td>\n<td>Support pour sac de golf<\/td>\n<td>Longueur : 24,4 po \/ Diam\u00e8tre int\u00e9rieur : 9,4 po<\/td>\n<\/tr>\n<tr>\n<td>Selle<\/td>\n<td>14.2\u201d*10.2\u201d<\/td>\n<td>\u00c9tui de golf<\/td>\n<td>13\u2033*4.3\u2033<\/td>\n<\/tr>\n<tr>\n<td rowspan=\"3\">Aptitude au classement<\/td>\n<td rowspan=\"3\">30\u00b0<\/td>\n<td rowspan=\"3\">Pression des pneus<\/td>\n<td>Avant : 200 kPa<\/td>\n<\/tr>\n<tr>\n<td>Arri\u00e8re : 250 kPa<\/td>\n<\/tr>\n<tr>\n<td>(Remarque : la pression des pneus ne doit pas d\u00e9passer 250 kPa)<\/td>\n<\/tr>\n<tr>\n<td>Poids brut<\/td>\n<td>87,2 kg<\/td>\n<td>Poids net<\/td>\n<td>68 livres<\/td>\n<\/tr>\n<tr>\n<td>Charge maximale<\/td>\n<td>440 livres<\/td>\n<td>Taille recommand\u00e9e du cycliste<\/td>\n<td>Plus de 1,37 m<\/td>\n<\/tr>\n<\/tbody>\n<\/table>\n<div id='gallery-3' class='gallery galleryid-3514 gallery-columns-2 gallery-size-full'><figure class='gallery-item'>\n\t\t\t<div class='gallery-icon landscape'>\n\t\t\t\t<a href=\"https:\/\/www.linkseride.com\/wp-content\/uploads\/2021\/06\/1-8.jpg\"><img loading=\"lazy\" decoding=\"async\" width=\"1024\" height=\"768\" src=\"https:\/\/www.linkseride.com\/wp-content\/uploads\/2021\/06\/1-8.jpg\" class=\"attachment-full size-full\" alt=\"usine chinoise de scooters \u00e9lectriques vente en gros de scooters \u00e9lectriques\" srcset=\"https:\/\/www.linkseride.com\/wp-content\/uploads\/2021\/06\/1-8.jpg 1024w, https:\/\/www.linkseride.com\/wp-content\/uploads\/2021\/06\/1-8-300x225.jpg 300w, https:\/\/www.linkseride.com\/wp-content\/uploads\/2021\/06\/1-8-768x576.jpg 768w, https:\/\/www.linkseride.com\/wp-content\/uploads\/2021\/06\/1-8-600x450.jpg 600w\" sizes=\"(max-width: 1024px) 100vw, 1024px\" \/><\/a>\n\t\t\t<\/div><\/figure><figure class='gallery-item'>\n\t\t\t<div class='gallery-icon landscape'>\n\t\t\t\t<a href=\"https:\/\/www.linkseride.com\/wp-content\/uploads\/2021\/06\/6-6.jpg\"><img loading=\"lazy\" decoding=\"async\" width=\"1024\" height=\"768\" src=\"https:\/\/www.linkseride.com\/wp-content\/uploads\/2021\/06\/6-6.jpg\" class=\"attachment-full size-full\" alt=\"\" srcset=\"https:\/\/www.linkseride.com\/wp-content\/uploads\/2021\/06\/6-6.jpg 1024w, https:\/\/www.linkseride.com\/wp-content\/uploads\/2021\/06\/6-6-300x225.jpg 300w, https:\/\/www.linkseride.com\/wp-content\/uploads\/2021\/06\/6-6-768x576.jpg 768w, https:\/\/www.linkseride.com\/wp-content\/uploads\/2021\/06\/6-6-600x450.jpg 600w\" sizes=\"(max-width: 1024px) 100vw, 1024px\" \/><\/a>\n\t\t\t<\/div><\/figure>\n\t\t<\/div>\n\n<\/div>\n<\/div>\n<h2>Pourquoi de plus en plus de gens choisissent-ils ce type de scooter golf cart monoplace ?<\/h2>\n<p>Les golfeurs appr\u00e9cient particuli\u00e8rement le fait que le mouvement \u00ab single rider \u00bb leur permette de rouler sur leurs v\u00e9hicules pr\u00e9f\u00e9r\u00e9s sans avoir \u00e0 parcourir des milliers de kilom\u00e8tres. Le swing \u00ab single rider \u00bb n'est qu'un d\u00e9but, car ils peuvent \u00e9galement utiliser leurs propres v\u00e9los personnalis\u00e9s pour atteindre leurs objectifs. Les gens aiment apprendre et contr\u00f4ler leur condition physique en faisant du v\u00e9lo ou en marchant sur les parcours.<\/p>\n<p>Nous avons \u00e9galement un nouveau mod\u00e8le de scooter citycoco en forme de harley, si vous avez besoin de plus d'informations, vous pouvez le consulter.<a href=\"https:\/\/www.linkseride.com\/fr\/fabricant-de-motos-electriques\/\" target=\"_blank\" rel=\"noopener\"> trouver ici.<\/a><\/p>\n<div class=\"ast-oembed-container\" style=\"height: 100%;\"><iframe title=\"Tout ce que vous devez savoir sur le scooter \u00e9lectrique de golf M6G Scooter de golf M6G pour un seul passager\" width=\"500\" height=\"281\" src=\"https:\/\/www.youtube.com\/embed\/k1dTA5CThus?feature=oembed&#038;enablejsapi=1&#038;origin=https:\/\/www.linkseride.com\" frameborder=\"0\" allow=\"accelerometer; autoplay; clipboard-write; encrypted-media; gyroscope; picture-in-picture; web-share\" referrerpolicy=\"strict-origin-when-cross-origin\" allowfullscreen><\/iframe><\/div>","protected":false},"excerpt":{"rendered":"<p>\u25cf Voiturette de golf \u00e9lectrique M6g Scooter 100% \u00e9lectrique tr\u00e8s facile \u00e0 contr\u00f4ler<\/p>\n<p>\u25cf Double batterie Li-ion 20 Ah pour une autonomie de plus de 60 km par charge.<\/p>\n<p>\u25cf Le moteur de 2000 W offre une puissance suffisante pour gravir la plupart des c\u00f4tes.<\/p>\n<p>\u25cf Comprend un porte-sac, une glaci\u00e8re, une plateforme pour la carte de score, les tees et les boissons. (sac de golf non compris)<\/p>","protected":false},"featured_media":6633,"template":"","meta":{"site-sidebar-layout":"default","site-content-layout":"default","ast-site-content-layout":"default","site-content-style":"default","site-sidebar-style":"default","ast-global-header-display":"","ast-banner-title-visibility":"","ast-main-header-display":"","ast-hfb-above-header-display":"","ast-hfb-below-header-display":"","ast-hfb-mobile-header-display":"","site-post-title":"","ast-breadcrumbs-content":"","ast-featured-img":"","footer-sml-layout":"","ast-disable-related-posts":"","theme-transparent-header-meta":"default","adv-header-id-meta":"","stick-header-meta":"","header-above-stick-meta":"","header-main-stick-meta":"","header-below-stick-meta":"","astra-migrate-meta-layouts":"set","ast-page-background-enabled":"default","ast-page-background-meta":{"desktop":{"background-color":"","background-image":"","background-repeat":"repeat","background-position":"center center","background-size":"auto","background-attachment":"scroll","background-type":"","background-media":"","overlay-type":"","overlay-color":"","overlay-opacity":"","overlay-gradient":""},"tablet":{"background-color":"","background-image":"","background-repeat":"repeat","background-position":"center center","background-size":"auto","background-attachment":"scroll","background-type":"","background-media":"","overlay-type":"","overlay-color":"","overlay-opacity":"","overlay-gradient":""},"mobile":{"background-color":"","background-image":"","background-repeat":"repeat","background-position":"center center","background-size":"auto","background-attachment":"scroll","background-type":"","background-media":"","overlay-type":"","overlay-color":"","overlay-opacity":"","overlay-gradient":""}},"ast-content-background-meta":{"desktop":{"background-color":"var(--ast-global-color-5)","background-image":"","background-repeat":"repeat","background-position":"center center","background-size":"auto","background-attachment":"scroll","background-type":"","background-media":"","overlay-type":"","overlay-color":"","overlay-opacity":"","overlay-gradient":""},"tablet":{"background-color":"var(--ast-global-color-5)","background-image":"","background-repeat":"repeat","background-position":"center center","background-size":"auto","background-attachment":"scroll","background-type":"","background-media":"","overlay-type":"","overlay-color":"","overlay-opacity":"","overlay-gradient":""},"mobile":{"background-color":"var(--ast-global-color-5)","background-image":"","background-repeat":"repeat","background-position":"center center","background-size":"auto","background-attachment":"scroll","background-type":"","background-media":"","overlay-type":"","overlay-color":"","overlay-opacity":"","overlay-gradient":""}}},"product_brand":[],"product_cat":[45],"product_tag":[38],"class_list":{"0":"post-3514","1":"product","2":"type-product","3":"status-publish","4":"has-post-thumbnail","6":"product_cat-electric-golf-scooter","7":"product_tag-citycoco-scooter","8":"desktop-align-left","9":"tablet-align-left","10":"mobile-align-left","12":"first","13":"instock","14":"shipping-taxable","15":"product-type-simple"},"_links":{"self":[{"href":"https:\/\/www.linkseride.com\/fr\/wp-json\/wp\/v2\/product\/3514","targetHints":{"allow":["GET"]}}],"collection":[{"href":"https:\/\/www.linkseride.com\/fr\/wp-json\/wp\/v2\/product"}],"about":[{"href":"https:\/\/www.linkseride.com\/fr\/wp-json\/wp\/v2\/types\/product"}],"wp:featuredmedia":[{"embeddable":true,"href":"https:\/\/www.linkseride.com\/fr\/wp-json\/wp\/v2\/media\/6633"}],"wp:attachment":[{"href":"https:\/\/www.linkseride.com\/fr\/wp-json\/wp\/v2\/media?parent=3514"}],"wp:term":[{"taxonomy":"product_brand","embeddable":true,"href":"https:\/\/www.linkseride.com\/fr\/wp-json\/wp\/v2\/product_brand?post=3514"},{"taxonomy":"product_cat","embeddable":true,"href":"https:\/\/www.linkseride.com\/fr\/wp-json\/wp\/v2\/product_cat?post=3514"},{"taxonomy":"product_tag","embeddable":true,"href":"https:\/\/www.linkseride.com\/fr\/wp-json\/wp\/v2\/product_tag?post=3514"}],"curies":[{"name":"wp","href":"https:\/\/api.w.org\/{rel}","templated":true}]}}