{"id":5035,"date":"2021-11-22T07:01:58","date_gmt":"2021-11-22T07:01:58","guid":{"rendered":"http:\/\/linkseride.com\/?post_type=product&#038;p=5035"},"modified":"2021-12-05T14:27:02","modified_gmt":"2021-12-05T14:27:02","slug":"x7-velo-electrique-pliant-e-pas-bike","status":"publish","type":"product","link":"https:\/\/www.linkseride.com\/fr\/product\/x7-electric-folding-bike-e-pas-bike\/","title":{"rendered":"V\u00e9lo pliant \u00e9lectrique X7 E-PAS BIKE"},"content":{"rendered":"<table width=\"100%\">\n<tbody>\n<tr>\n<td><img decoding=\"async\" class=\"aligncenter\" src=\"https:\/\/cdn.shopify.com\/s\/files\/1\/2721\/7242\/files\/power_100x100.png?v=1588931357\" alt=\"\" width=\"74\" height=\"74\" \/><\/td>\n<td>\n<h3 style=\"text-align: left;\">\u00a0<strong>MOTEUR DE MOTEUR 700W<\/strong><\/h3>\n<\/td>\n<td>\n<h4><img decoding=\"async\" class=\"aligncenter\" src=\"https:\/\/cdn.shopify.com\/s\/files\/1\/2721\/7242\/files\/1_89318afc-f1b5-47c6-ad35-68a19e133979_100x100.png?v=1588930275\" alt=\"\" width=\"83\" height=\"83\" \/><\/h4>\n<\/td>\n<td>\n<h3>VITESSE MAXIMALE\u00a0<strong>28 MPH<\/strong><\/h3>\n<\/td>\n<\/tr>\n<tr>\n<td><img decoding=\"async\" class=\"aligncenter\" src=\"https:\/\/cdn.shopify.com\/s\/files\/1\/2721\/7242\/files\/battery_100x100.png?v=1588928843\" alt=\"\" width=\"77\" height=\"77\" \/><\/td>\n<td>\n<h3>48V10.4AH<\/h3>\n<\/td>\n<td><img loading=\"lazy\" decoding=\"async\" class=\"aligncenter\" src=\"https:\/\/cdn.shopify.com\/s\/files\/1\/2721\/7242\/files\/1_7af7c125-e351-4f03-ab3e-65ee1e3fff60_100x100.png?v=1588930505\" alt=\"\" width=\"89\" height=\"89\" \/><\/td>\n<td>\n<h3><strong>55 MILES<\/strong><\/h3>\n<\/td>\n<\/tr>\n<tr>\n<td>\n<h3><img loading=\"lazy\" decoding=\"async\" class=\"aligncenter\" src=\"https:\/\/cdn.shopify.com\/s\/files\/1\/2721\/7242\/files\/7b98f62f920fff0dd3e96e643c93cc88_100x100.png?v=1588928533\" alt=\"\" width=\"87\" height=\"87\" \/><\/h3>\n<\/td>\n<td>\n<h3><strong>180 LBS<\/strong> CHARGE MAXI<\/h3>\n<\/td>\n<td>\n<h4><img loading=\"lazy\" decoding=\"async\" class=\"aligncenter\" src=\"https:\/\/cdn.shopify.com\/s\/files\/1\/2721\/7242\/files\/rider_100x100.png?v=1588930714\" alt=\"\" width=\"92\" height=\"92\" \/><\/h4>\n<\/td>\n<td>\n<h3>LA TAILLE DU COUREUR :\u00a0 <strong>5&#8217;4&#8221; &#8211; 6&#8217;5&#8221;<\/strong><\/h3>\n<\/td>\n<\/tr>\n<\/tbody>\n<\/table>\n<p><!--more--><\/p>\n<h3><\/h3>\n<h3 style=\"text-align: center;\"><strong>CE QUI EST INCLUS\u00a0<\/strong><\/h3>\n<table width=\"100%\">\n<tbody>\n<tr>\n<td>Le v\u00e9lo lui-m\u00eame<\/td>\n<td>Feu avant et feu de freinage int\u00e9gr\u00e9s<\/td>\n<\/tr>\n<tr>\n<td>Chargeur et batterie<\/td>\n<td>Manuel de l'utilisateur<\/td>\n<\/tr>\n<\/tbody>\n<\/table>\n<div id='gallery-1' class='gallery galleryid-5035 gallery-columns-3 gallery-size-full'><figure class='gallery-item'>\n\t\t\t<div class='gallery-icon portrait'>\n\t\t\t\t<img loading=\"lazy\" decoding=\"async\" width=\"1417\" height=\"1418\" src=\"https:\/\/www.linkseride.com\/wp-content\/uploads\/2021\/11\/X7-1.jpg\" class=\"attachment-full size-full\" alt=\"V\u00e9lo pliant \u00e9lectrique X7\" srcset=\"https:\/\/www.linkseride.com\/wp-content\/uploads\/2021\/11\/X7-1.jpg 1417w, https:\/\/www.linkseride.com\/wp-content\/uploads\/2021\/11\/X7-1-300x300.jpg 300w, https:\/\/www.linkseride.com\/wp-content\/uploads\/2021\/11\/X7-1-1024x1024.jpg 1024w, https:\/\/www.linkseride.com\/wp-content\/uploads\/2021\/11\/X7-1-150x150.jpg 150w, https:\/\/www.linkseride.com\/wp-content\/uploads\/2021\/11\/X7-1-768x769.jpg 768w, https:\/\/www.linkseride.com\/wp-content\/uploads\/2021\/11\/X7-1-600x600.jpg 600w, https:\/\/www.linkseride.com\/wp-content\/uploads\/2021\/11\/X7-1-100x100.jpg 100w\" sizes=\"(max-width: 1417px) 100vw, 1417px\" \/>\n\t\t\t<\/div><\/figure><figure class='gallery-item'>\n\t\t\t<div class='gallery-icon portrait'>\n\t\t\t\t<img loading=\"lazy\" decoding=\"async\" width=\"1417\" height=\"1418\" src=\"https:\/\/www.linkseride.com\/wp-content\/uploads\/2021\/11\/X7-2.jpg\" class=\"attachment-full size-full\" alt=\"V\u00e9lo pliant \u00e9lectrique X7\" srcset=\"https:\/\/www.linkseride.com\/wp-content\/uploads\/2021\/11\/X7-2.jpg 1417w, https:\/\/www.linkseride.com\/wp-content\/uploads\/2021\/11\/X7-2-300x300.jpg 300w, https:\/\/www.linkseride.com\/wp-content\/uploads\/2021\/11\/X7-2-1024x1024.jpg 1024w, https:\/\/www.linkseride.com\/wp-content\/uploads\/2021\/11\/X7-2-150x150.jpg 150w, https:\/\/www.linkseride.com\/wp-content\/uploads\/2021\/11\/X7-2-768x769.jpg 768w, https:\/\/www.linkseride.com\/wp-content\/uploads\/2021\/11\/X7-2-600x600.jpg 600w, https:\/\/www.linkseride.com\/wp-content\/uploads\/2021\/11\/X7-2-100x100.jpg 100w\" sizes=\"(max-width: 1417px) 100vw, 1417px\" \/>\n\t\t\t<\/div><\/figure><figure class='gallery-item'>\n\t\t\t<div class='gallery-icon portrait'>\n\t\t\t\t<img loading=\"lazy\" decoding=\"async\" width=\"1417\" height=\"1418\" src=\"https:\/\/www.linkseride.com\/wp-content\/uploads\/2021\/11\/X7-3.jpg\" class=\"attachment-full size-full\" alt=\"V\u00e9lo pliant \u00e9lectrique X7\" srcset=\"https:\/\/www.linkseride.com\/wp-content\/uploads\/2021\/11\/X7-3.jpg 1417w, https:\/\/www.linkseride.com\/wp-content\/uploads\/2021\/11\/X7-3-300x300.jpg 300w, https:\/\/www.linkseride.com\/wp-content\/uploads\/2021\/11\/X7-3-1024x1024.jpg 1024w, https:\/\/www.linkseride.com\/wp-content\/uploads\/2021\/11\/X7-3-150x150.jpg 150w, https:\/\/www.linkseride.com\/wp-content\/uploads\/2021\/11\/X7-3-768x769.jpg 768w, https:\/\/www.linkseride.com\/wp-content\/uploads\/2021\/11\/X7-3-600x600.jpg 600w, https:\/\/www.linkseride.com\/wp-content\/uploads\/2021\/11\/X7-3-100x100.jpg 100w\" sizes=\"(max-width: 1417px) 100vw, 1417px\" \/>\n\t\t\t<\/div><\/figure>\n\t\t<\/div>\n\n<h3><\/h3>\n<h3 style=\"text-align: center;\"><strong>SPECIFICATION<\/strong><\/h3>\n<table width=\"100%\">\n<tbody>\n<tr>\n<td>Moteur : Moteur arri\u00e8re sans balais 750W<\/td>\n<td>Batterie : 48V10.4AH LG Lithium Battery<\/td>\n<\/tr>\n<tr>\n<td>Chargeur : 54.6V 2.0Ah<\/td>\n<td>Contr\u00f4leur : Contr\u00f4leur intelligent 18A<\/td>\n<\/tr>\n<tr>\n<td>Cadre : Cadre pliant en alliage d'aluminium<\/td>\n<td>Pneumatiques : 20\u2033*4.0<\/td>\n<\/tr>\n<tr>\n<td>Jante : 20 pouces en alliage \u00e0 rayons<\/td>\n<td>Fourche avant : Suspension pneumatique verrouillable \u00e0 \u00e9paulement en aluminium et jambes en magn\u00e9sium ; T:120mm<\/td>\n<\/tr>\n<tr>\n<td>Suspension : Suspension compl\u00e8te<\/td>\n<td>Frein : frein \u00e0 disque hydraulique<\/td>\n<\/tr>\n<tr>\n<td>D\u00e9railleur : D\u00e9railleur arri\u00e8re Shimano 8 vitesses<\/td>\n<td>Affichage : \u00c9cran LCD monochrome<\/td>\n<\/tr>\n<tr>\n<td>Acc\u00e9l\u00e9rateur : Pouce<\/td>\n<td>Fonctions suppl\u00e9mentaires : R\u00e9gulateur de vitesse, mode marche<\/td>\n<\/tr>\n<tr>\n<td>Vitesse : 25-28MPH<\/td>\n<td>Autonomie : 30-35 miles (mode \u00e9lectrique), 55-65 miles (mode PAS)<\/td>\n<\/tr>\n<tr>\n<td>Charge sugg\u00e9r\u00e9e : 280 lbs<\/td>\n<td>Poids net \/ poids brut : 64lbs\/75lbs<\/td>\n<\/tr>\n<tr>\n<td>Taille de l'emballage : 79*59*42 cm<\/td>\n<td>taille de pliage : 78*54*77 cm<\/td>\n<\/tr>\n<tr>\n<td><\/td>\n<td><\/td>\n<\/tr>\n<\/tbody>\n<\/table>\n<p>Vous trouverez plus de vid\u00e9os d'introduction ici : <a href=\"https:\/\/www.youtube.com\/c\/LinksErideTech\" target=\"_blank\" rel=\"noopener\">https:\/\/www.youtube.com\/c\/LinksErideTech<\/a><\/p>\n<p>Si vous recherchez d'autres mod\u00e8les de v\u00e9los \u00e9lectriques pliants, vous pouvez trouver des informations d\u00e9taill\u00e9es. <a href=\"https:\/\/www.linkseride.com\/fr\/fabricant-de-velos-electriques\/\" target=\"_blank\" rel=\"noopener\">ici<\/a>.<\/p>","protected":false},"excerpt":{"rendered":"<p>\u25cf Le v\u00e9lo \u00e9lectrique pliant puissant moteur \u00e0 moyeu arri\u00e8re sans balais \u00e0 haute vitesse de 750 watts alimente m\u00eame les terrains les plus accident\u00e9s.<\/p>\n<p>\u25cf 48V 15AH assure plus de capacit\u00e9 \u00e9gale plus de puissance et une plus grande autonomie de conduite, ce qui garantit \u00e9galement une longue dur\u00e9e de vie et des performances \u00e9lev\u00e9es.<\/p>\n<p>\u25cf Amortisseurs de fourche avant et amortisseur arri\u00e8re en alliage verrouillables.<\/p>\n<p>\u25cfLe syst\u00e8me de chargement am\u00e9lior\u00e9 du porte-bagages peut supporter 55lbs, ce qui convient parfaitement aux d\u00e9placements quotidiens.<\/p>\n<p>\u25cfL'\u00e9cran LCD r\u00e9tro\u00e9clair\u00e9 permet de contr\u00f4ler facilement l'\u00e9tat de l'appareil pendant la conduite.<\/p>","protected":false},"featured_media":5040,"template":"","meta":{"site-sidebar-layout":"default","site-content-layout":"default","ast-site-content-layout":"default","site-content-style":"default","site-sidebar-style":"default","ast-global-header-display":"","ast-banner-title-visibility":"","ast-main-header-display":"","ast-hfb-above-header-display":"","ast-hfb-below-header-display":"","ast-hfb-mobile-header-display":"","site-post-title":"","ast-breadcrumbs-content":"","ast-featured-img":"","footer-sml-layout":"","ast-disable-related-posts":"","theme-transparent-header-meta":"default","adv-header-id-meta":"","stick-header-meta":"","header-above-stick-meta":"","header-main-stick-meta":"","header-below-stick-meta":"","astra-migrate-meta-layouts":"default","ast-page-background-enabled":"default","ast-page-background-meta":{"desktop":{"background-color":"","background-image":"","background-repeat":"repeat","background-position":"center center","background-size":"auto","background-attachment":"scroll","background-type":"","background-media":"","overlay-type":"","overlay-color":"","overlay-opacity":"","overlay-gradient":""},"tablet":{"background-color":"","background-image":"","background-repeat":"repeat","background-position":"center center","background-size":"auto","background-attachment":"scroll","background-type":"","background-media":"","overlay-type":"","overlay-color":"","overlay-opacity":"","overlay-gradient":""},"mobile":{"background-color":"","background-image":"","background-repeat":"repeat","background-position":"center center","background-size":"auto","background-attachment":"scroll","background-type":"","background-media":"","overlay-type":"","overlay-color":"","overlay-opacity":"","overlay-gradient":""}},"ast-content-background-meta":{"desktop":{"background-color":"var(--ast-global-color-5)","background-image":"","background-repeat":"repeat","background-position":"center center","background-size":"auto","background-attachment":"scroll","background-type":"","background-media":"","overlay-type":"","overlay-color":"","overlay-opacity":"","overlay-gradient":""},"tablet":{"background-color":"var(--ast-global-color-5)","background-image":"","background-repeat":"repeat","background-position":"center center","background-size":"auto","background-attachment":"scroll","background-type":"","background-media":"","overlay-type":"","overlay-color":"","overlay-opacity":"","overlay-gradient":""},"mobile":{"background-color":"var(--ast-global-color-5)","background-image":"","background-repeat":"repeat","background-position":"center center","background-size":"auto","background-attachment":"scroll","background-type":"","background-media":"","overlay-type":"","overlay-color":"","overlay-opacity":"","overlay-gradient":""}}},"product_brand":[],"product_cat":[29],"product_tag":[],"class_list":{"0":"post-5035","1":"product","2":"type-product","3":"status-publish","4":"has-post-thumbnail","6":"product_cat-electric-bike","7":"desktop-align-left","8":"tablet-align-left","9":"mobile-align-left","11":"first","12":"instock","13":"shipping-taxable","14":"purchasable","15":"product-type-simple"},"_links":{"self":[{"href":"https:\/\/www.linkseride.com\/fr\/wp-json\/wp\/v2\/product\/5035","targetHints":{"allow":["GET"]}}],"collection":[{"href":"https:\/\/www.linkseride.com\/fr\/wp-json\/wp\/v2\/product"}],"about":[{"href":"https:\/\/www.linkseride.com\/fr\/wp-json\/wp\/v2\/types\/product"}],"wp:featuredmedia":[{"embeddable":true,"href":"https:\/\/www.linkseride.com\/fr\/wp-json\/wp\/v2\/media\/5040"}],"wp:attachment":[{"href":"https:\/\/www.linkseride.com\/fr\/wp-json\/wp\/v2\/media?parent=5035"}],"wp:term":[{"taxonomy":"product_brand","embeddable":true,"href":"https:\/\/www.linkseride.com\/fr\/wp-json\/wp\/v2\/product_brand?post=5035"},{"taxonomy":"product_cat","embeddable":true,"href":"https:\/\/www.linkseride.com\/fr\/wp-json\/wp\/v2\/product_cat?post=5035"},{"taxonomy":"product_tag","embeddable":true,"href":"https:\/\/www.linkseride.com\/fr\/wp-json\/wp\/v2\/product_tag?post=5035"}],"curies":[{"name":"wp","href":"https:\/\/api.w.org\/{rel}","templated":true}]}}