{"id":5100,"date":"2021-12-24T09:13:58","date_gmt":"2021-12-24T09:13:58","guid":{"rendered":"http:\/\/linkseride.com\/?post_type=product&#038;p=5100"},"modified":"2022-01-06T14:37:13","modified_gmt":"2022-01-06T14:37:13","slug":"drag-bars-moto-bar-straight-bar","status":"publish","type":"product","link":"https:\/\/www.linkseride.com\/fr\/product\/drag-bars-moto-bar-straight-bar\/","title":{"rendered":"Guidon Drag Bars Moto Bar droit pour trottinette \u00e9lectrique \u00e0 pneus larges"},"content":{"rendered":"<p class=\"p1\"><span class=\"s1\"><b>Custom DIY Drag Bars Handlebars Moto bar Straight bar for Fat Tire Electric Scooter<\/b><\/span><\/p>\n<p class=\"p2\"><span class=\"s1\">Si vous optez pour cette barre, vous obtiendrez un style typique de Harley-Davidson. En fait, ces barres vont tout droit vers le bas, avec peu ou pas d'\u00e9l\u00e9vation, et ont ensuite un l\u00e9ger angle de recul. D'une conception tr\u00e8s simple et basique, les drag bars placent le pilote dans une position de conduite plus agressive et plus en avant.<\/span><\/p>\n<p class=\"p2\"><span class=\"s1\">Tr\u00e8s simple et facile de changer le guidon de votre scooter \u00e0 pneus larges de notre guidon standard \u00e0 ce guidon drag bar.  Il suffit de tirer les tubes suppl\u00e9mentaires dans la cage de la batterie pour un meilleur look.<\/span><\/p>\n<p class=\"p2\"><span class=\"s1\">Maintenant disponible pour exp\u00e9dition depuis notre usine chinoise directement \u00e0 votre porte.<\/span><\/p>\n<p class=\"p2\"><span class=\"s1\">Pour plus de d\u00e9tails sur la fa\u00e7on de le changer, suivez notre cha\u00eene Youtube ici : <a href=\"https:\/\/www.youtube.com\/c\/LinksErideTech\" target=\"_blank\" rel=\"noopener\"><span class=\"s2\">https:\/\/www.youtube.com\/c\/LinksErideTech<\/span><\/a><\/span><\/p>\n<div class=\"ast-oembed-container\" style=\"height: 100%;\"><iframe title=\"Comment changer le guidon du scooter \u00e9lectrique de type Harley M1P - Convertir en guidon vertical\" width=\"500\" height=\"281\" src=\"https:\/\/www.youtube.com\/embed\/zIr7XvWfg-g?feature=oembed\" frameborder=\"0\" allow=\"accelerometer; autoplay; clipboard-write; encrypted-media; gyroscope; picture-in-picture; web-share\" referrerpolicy=\"strict-origin-when-cross-origin\" allowfullscreen><\/iframe><\/div>\n<p class=\"p4\"><span class=\"s3\">D'autres options de guidon sont disponibles ici : <a href=\"https:\/\/www.linkseride.com\/fr\/accessoires-pour-trottinettes-a-pneus-larges-pieces-detachees-pour-trottinettes\/\" target=\"_blank\" rel=\"noopener\"><span class=\"s4\">http:\/\/linkseride.com\/fat-tire-scooter-accessories-scooter-parts\/<\/span><\/a><\/span><\/p>\n<p>&nbsp;<\/p>","protected":false},"excerpt":{"rendered":"<p>\u25cf Drag Bars Handlebars Moto bar Straight bar for Fat Tire Electric Scooter<\/p>\n<p>\u25cf <strong>Montage :<\/strong> applicable au mod\u00e8le de hacheur M1P\/M2\/M6\/M8<\/p>\n<p>\u25cf <strong>Stock en entrep\u00f4t :<\/strong> Mod\u00e8le M1P\/M2\/M8 trottinette \u00e0 pneus larges Entrep\u00f4ts disponibles aux \u00c9tats-Unis et en Europe<\/p>","protected":false},"featured_media":5101,"template":"","meta":{"site-sidebar-layout":"default","site-content-layout":"default","ast-site-content-layout":"default","site-content-style":"default","site-sidebar-style":"default","ast-global-header-display":"","ast-banner-title-visibility":"","ast-main-header-display":"","ast-hfb-above-header-display":"","ast-hfb-below-header-display":"","ast-hfb-mobile-header-display":"","site-post-title":"","ast-breadcrumbs-content":"","ast-featured-img":"","footer-sml-layout":"","ast-disable-related-posts":"","theme-transparent-header-meta":"default","adv-header-id-meta":"","stick-header-meta":"","header-above-stick-meta":"","header-main-stick-meta":"","header-below-stick-meta":"","astra-migrate-meta-layouts":"default","ast-page-background-enabled":"default","ast-page-background-meta":{"desktop":{"background-color":"","background-image":"","background-repeat":"repeat","background-position":"center center","background-size":"auto","background-attachment":"scroll","background-type":"","background-media":"","overlay-type":"","overlay-color":"","overlay-opacity":"","overlay-gradient":""},"tablet":{"background-color":"","background-image":"","background-repeat":"repeat","background-position":"center center","background-size":"auto","background-attachment":"scroll","background-type":"","background-media":"","overlay-type":"","overlay-color":"","overlay-opacity":"","overlay-gradient":""},"mobile":{"background-color":"","background-image":"","background-repeat":"repeat","background-position":"center center","background-size":"auto","background-attachment":"scroll","background-type":"","background-media":"","overlay-type":"","overlay-color":"","overlay-opacity":"","overlay-gradient":""}},"ast-content-background-meta":{"desktop":{"background-color":"var(--ast-global-color-5)","background-image":"","background-repeat":"repeat","background-position":"center center","background-size":"auto","background-attachment":"scroll","background-type":"","background-media":"","overlay-type":"","overlay-color":"","overlay-opacity":"","overlay-gradient":""},"tablet":{"background-color":"var(--ast-global-color-5)","background-image":"","background-repeat":"repeat","background-position":"center center","background-size":"auto","background-attachment":"scroll","background-type":"","background-media":"","overlay-type":"","overlay-color":"","overlay-opacity":"","overlay-gradient":""},"mobile":{"background-color":"var(--ast-global-color-5)","background-image":"","background-repeat":"repeat","background-position":"center center","background-size":"auto","background-attachment":"scroll","background-type":"","background-media":"","overlay-type":"","overlay-color":"","overlay-opacity":"","overlay-gradient":""}}},"product_brand":[],"product_cat":[15],"product_tag":[],"class_list":{"0":"post-5100","1":"product","2":"type-product","3":"status-publish","4":"has-post-thumbnail","6":"product_cat-uncategorized","7":"desktop-align-left","8":"tablet-align-left","9":"mobile-align-left","11":"first","12":"instock","13":"shipping-taxable","14":"product-type-simple"},"_links":{"self":[{"href":"https:\/\/www.linkseride.com\/fr\/wp-json\/wp\/v2\/product\/5100","targetHints":{"allow":["GET"]}}],"collection":[{"href":"https:\/\/www.linkseride.com\/fr\/wp-json\/wp\/v2\/product"}],"about":[{"href":"https:\/\/www.linkseride.com\/fr\/wp-json\/wp\/v2\/types\/product"}],"wp:featuredmedia":[{"embeddable":true,"href":"https:\/\/www.linkseride.com\/fr\/wp-json\/wp\/v2\/media\/5101"}],"wp:attachment":[{"href":"https:\/\/www.linkseride.com\/fr\/wp-json\/wp\/v2\/media?parent=5100"}],"wp:term":[{"taxonomy":"product_brand","embeddable":true,"href":"https:\/\/www.linkseride.com\/fr\/wp-json\/wp\/v2\/product_brand?post=5100"},{"taxonomy":"product_cat","embeddable":true,"href":"https:\/\/www.linkseride.com\/fr\/wp-json\/wp\/v2\/product_cat?post=5100"},{"taxonomy":"product_tag","embeddable":true,"href":"https:\/\/www.linkseride.com\/fr\/wp-json\/wp\/v2\/product_tag?post=5100"}],"curies":[{"name":"wp","href":"https:\/\/api.w.org\/{rel}","templated":true}]}}