{"id":5126,"date":"2021-12-24T09:48:41","date_gmt":"2021-12-24T09:48:41","guid":{"rendered":"http:\/\/linkseride.com\/?post_type=product&#038;p=5126"},"modified":"2022-02-21T07:38:32","modified_gmt":"2022-02-21T07:38:32","slug":"fat-tire-scooter-side-case-side-trunk","status":"publish","type":"product","link":"https:\/\/www.linkseride.com\/fr\/product\/fat-tire-scooter-side-case-side-trunk\/","title":{"rendered":"Sacoche lat\u00e9rale Fat Tire pour trottinette M1P M8"},"content":{"rendered":"<h6>Sacoche lat\u00e9rale Fat Tire pour trottinette M1P M8<\/h6>\n<p>&nbsp;<\/p>\n<p><img fetchpriority=\"high\" decoding=\"async\" class=\"alignnone wp-image-6126 size-full\" src=\"http:\/\/linkseride.com\/wp-content\/uploads\/2021\/12\/saddle-trunk-size.jpeg\" alt=\"fat tire scooter side case\" width=\"600\" height=\"600\" srcset=\"https:\/\/www.linkseride.com\/wp-content\/uploads\/2021\/12\/saddle-trunk-size.jpeg 600w, https:\/\/www.linkseride.com\/wp-content\/uploads\/2021\/12\/saddle-trunk-size-300x300.jpeg 300w, https:\/\/www.linkseride.com\/wp-content\/uploads\/2021\/12\/saddle-trunk-size-150x150.jpeg 150w, https:\/\/www.linkseride.com\/wp-content\/uploads\/2021\/12\/saddle-trunk-size-100x100.jpeg 100w\" sizes=\"(max-width: 600px) 100vw, 600px\" \/><\/p>\n<p>Check this video of how to install the side cases to your M1\/M1P\/M8 fat tire scooter.<\/p>\n<div class=\"ast-oembed-container\" style=\"height: 100%;\"><iframe title=\"How to Install the Saddle Case for Your M1P Harley Citycoco Electric Scooter\" width=\"500\" height=\"281\" src=\"https:\/\/www.youtube.com\/embed\/YvjtsWfO35I?feature=oembed\" frameborder=\"0\" allow=\"accelerometer; autoplay; clipboard-write; encrypted-media; gyroscope; picture-in-picture; web-share\" referrerpolicy=\"strict-origin-when-cross-origin\" allowfullscreen><\/iframe><\/div>\n<p class=\"p1\"><span class=\"s1\">Plus de vid\u00e9os sur notre cha\u00eene Youtube : <a href=\"https:\/\/www.youtube.com\/c\/LinksErideTech\" target=\"_blank\" rel=\"noopener\"><span class=\"s2\">https:\/\/www.youtube.com\/c\/LinksErideTech<\/span><\/a><\/span><\/p>\n<p>Si vous recherchez d'autres pi\u00e8ces d\u00e9tach\u00e9es pour les trottinettes \u00e0 pneus larges, consultez cette page : <a href=\"https:\/\/www.linkseride.com\/fr\/accessoires-pour-trottinettes-a-pneus-larges-pieces-detachees-pour-trottinettes\/\" target=\"_blank\" rel=\"noopener\">http:\/\/linkseride.com\/fat-tire-scooter-accessories-scooter-parts\/<\/a><\/p>","protected":false},"excerpt":{"rendered":"<p>\u25cf a pair of side case for your electric fat tire scooter<\/p>\n<p>\u25cf Fitment: M1 M1P M8 model<\/p>\n<p>\u25cf Allow to add the battery brackts inside the trunk for M1\/M1P batteries<\/p>","protected":false},"featured_media":5127,"template":"","meta":{"site-sidebar-layout":"default","site-content-layout":"default","ast-site-content-layout":"default","site-content-style":"default","site-sidebar-style":"default","ast-global-header-display":"","ast-banner-title-visibility":"","ast-main-header-display":"","ast-hfb-above-header-display":"","ast-hfb-below-header-display":"","ast-hfb-mobile-header-display":"","site-post-title":"","ast-breadcrumbs-content":"","ast-featured-img":"","footer-sml-layout":"","ast-disable-related-posts":"","theme-transparent-header-meta":"default","adv-header-id-meta":"","stick-header-meta":"","header-above-stick-meta":"","header-main-stick-meta":"","header-below-stick-meta":"","astra-migrate-meta-layouts":"default","ast-page-background-enabled":"default","ast-page-background-meta":{"desktop":{"background-color":"","background-image":"","background-repeat":"repeat","background-position":"center center","background-size":"auto","background-attachment":"scroll","background-type":"","background-media":"","overlay-type":"","overlay-color":"","overlay-opacity":"","overlay-gradient":""},"tablet":{"background-color":"","background-image":"","background-repeat":"repeat","background-position":"center center","background-size":"auto","background-attachment":"scroll","background-type":"","background-media":"","overlay-type":"","overlay-color":"","overlay-opacity":"","overlay-gradient":""},"mobile":{"background-color":"","background-image":"","background-repeat":"repeat","background-position":"center center","background-size":"auto","background-attachment":"scroll","background-type":"","background-media":"","overlay-type":"","overlay-color":"","overlay-opacity":"","overlay-gradient":""}},"ast-content-background-meta":{"desktop":{"background-color":"var(--ast-global-color-5)","background-image":"","background-repeat":"repeat","background-position":"center center","background-size":"auto","background-attachment":"scroll","background-type":"","background-media":"","overlay-type":"","overlay-color":"","overlay-opacity":"","overlay-gradient":""},"tablet":{"background-color":"var(--ast-global-color-5)","background-image":"","background-repeat":"repeat","background-position":"center center","background-size":"auto","background-attachment":"scroll","background-type":"","background-media":"","overlay-type":"","overlay-color":"","overlay-opacity":"","overlay-gradient":""},"mobile":{"background-color":"var(--ast-global-color-5)","background-image":"","background-repeat":"repeat","background-position":"center center","background-size":"auto","background-attachment":"scroll","background-type":"","background-media":"","overlay-type":"","overlay-color":"","overlay-opacity":"","overlay-gradient":""}}},"product_brand":[],"product_cat":[15],"product_tag":[],"class_list":{"0":"post-5126","1":"product","2":"type-product","3":"status-publish","4":"has-post-thumbnail","6":"product_cat-uncategorized","7":"desktop-align-left","8":"tablet-align-left","9":"mobile-align-left","11":"first","12":"instock","13":"shipping-taxable","14":"product-type-simple"},"_links":{"self":[{"href":"https:\/\/www.linkseride.com\/fr\/wp-json\/wp\/v2\/product\/5126","targetHints":{"allow":["GET"]}}],"collection":[{"href":"https:\/\/www.linkseride.com\/fr\/wp-json\/wp\/v2\/product"}],"about":[{"href":"https:\/\/www.linkseride.com\/fr\/wp-json\/wp\/v2\/types\/product"}],"wp:featuredmedia":[{"embeddable":true,"href":"https:\/\/www.linkseride.com\/fr\/wp-json\/wp\/v2\/media\/5127"}],"wp:attachment":[{"href":"https:\/\/www.linkseride.com\/fr\/wp-json\/wp\/v2\/media?parent=5126"}],"wp:term":[{"taxonomy":"product_brand","embeddable":true,"href":"https:\/\/www.linkseride.com\/fr\/wp-json\/wp\/v2\/product_brand?post=5126"},{"taxonomy":"product_cat","embeddable":true,"href":"https:\/\/www.linkseride.com\/fr\/wp-json\/wp\/v2\/product_cat?post=5126"},{"taxonomy":"product_tag","embeddable":true,"href":"https:\/\/www.linkseride.com\/fr\/wp-json\/wp\/v2\/product_tag?post=5126"}],"curies":[{"name":"wp","href":"https:\/\/api.w.org\/{rel}","templated":true}]}}