{"id":5128,"date":"2021-12-24T09:50:38","date_gmt":"2021-12-24T09:50:38","guid":{"rendered":"http:\/\/linkseride.com\/?post_type=product&#038;p=5128"},"modified":"2022-04-09T06:18:11","modified_gmt":"2022-04-09T06:18:11","slug":"batterie-pour-scooter-de-golf-60-v-25-ah-m6-m6g","status":"publish","type":"product","link":"https:\/\/www.linkseride.com\/fr\/product\/60v25ah-m6-m6g-golf-scooter-battery\/","title":{"rendered":"Batterie amovible pour scooter de golf 60 V 25 Ah M6 M6G"},"content":{"rendered":"<h6>Batterie amovible pour scooter de golf Linkseride 60V25Ah M6 M6G<\/h6>\n<p>&nbsp;<\/p>\n<p>Batterie lithium Quick Swap 30 Ah : capacit\u00e9 60 V 30 Ah<br \/>\n1. Compatibilit\u00e9 : convient aux moteurs de scooter de 1500 W, 2000 W et 3000 W.<br \/>\n2. CE RoHS UN38.3 FDS<br \/>\n3. Exp\u00e9dition depuis notre entrep\u00f4t aux \u00c9tats-Unis et dans l'Union europ\u00e9enne, livraison \u00e0 domicile sous 5 \u00e0 7 jours<\/p>\n<p>&nbsp;<\/p>\n<p>Tension de charge : 67,2 V Tension nominale : 60 V<br \/>\nPoids du bloc-batterie : environ 8,5 kg<br \/>\nEntr\u00e9e : 110 V-240 V<br \/>\nCapacit\u00e9 : am\u00e9lior\u00e9e 30 Ah \/ 40 Ah<br \/>\nCourant de d\u00e9charge : 40 A \/ 50 A<br \/>\nType de batterie : batterie lithium-ion rechargeable.<br \/>\nTension de sortie : 40-67,2 V CC<br \/>\nCourant de charge : 5 A<br \/>\nCourant de charge : standard 5 A, max. 8,5 A<br \/>\nDur\u00e9e de vie du produit : Cycle de vie Plus de 1000 fois, DOD \u00e0 80%<br \/>\nTemp\u00e9rature de charge : 0 \u00e0 45 \u00b0C<br \/>\nTemp\u00e9rature de d\u00e9charge : -20 \u00e0 60 \u00b0C<br \/>\nTemp\u00e9rature de stockage : -20 \u00e0 45 \u00b0C<\/p>\n<p>&nbsp;<\/p>\n<h6>Charge de la batterie du scooter :<\/h6>\n<p>\u2022 Il faut 5 \u00e0 6 heures pour recharger compl\u00e8tement une batterie de 30 Ah compl\u00e8tement d\u00e9charg\u00e9e.<br \/>\n\u2022 Veuillez toujours utiliser le chargeur d'origine fourni avec l'emballage pour recharger votre batterie.<br \/>\n\u2022 Chargez d'abord votre batterie d\u00e8s que vous recevez vos trottinettes.<br \/>\n\u2022 Stockage : chargez ou d\u00e9chargez la batterie \u00e0 environ 80 % de sa capacit\u00e9 avant de la stocker. Chargez la batterie \u00e0 environ 80 % de sa capacit\u00e9 au moins une fois tous les trois mois. Stockez la batterie \u00e0 une temp\u00e9rature comprise entre 5 \u00b0C et 20 \u00b0C (41 \u00b0F et 68 \u00b0F). Le port de d\u00e9charge et le port de charge doivent \u00eatre propres en permanence.<\/p>\n<h6>Pr\u00e9cautions d'utilisation :<\/h6>\n<p>\u2022 Ne d\u00e9montez pas, n'\u00e9crasez pas et ne percez pas une batterie.<br \/>\n\u2022 Ne court-circuitez pas les contacts externes d'une batterie.<br \/>\n\u2022 Ne jetez pas une batterie dans le feu ou dans l'eau.<br \/>\n\u2022 N'exposez pas la batterie \u00e0 des temp\u00e9ratures sup\u00e9rieures \u00e0 60 \u00b0C (140 \u00b0F).<br \/>\n\u2022 Gardez la batterie hors de port\u00e9e des enfants.<br \/>\n\u2022 \u00c9vitez d'exposer la batterie \u00e0 des chocs ou vibrations excessifs. N'utilisez pas une batterie endommag\u00e9e.<\/p>\n<h6>Transport :<\/h6>\n<p>V\u00e9rifiez toujours toutes les r\u00e9glementations locales, nationales et internationales applicables avant de transporter des produits contenant des batteries Li-ion. Contactez-nous pour plus de d\u00e9tails avant de passer commande.<\/p>\n<p>V\u00e9rification rapide ici pour les vid\u00e9os :<\/p>\n<div class=\"ast-oembed-container\" style=\"height: 100%;\"><iframe title=\"Scooter \u00e9lectrique Fat Tire pour le golf - Rendez le golf plus amusant gr\u00e2ce \u00e0 ce chariot de golf pour une personne.\" width=\"500\" height=\"281\" src=\"https:\/\/www.youtube.com\/embed\/zLcRpmkIKAw?feature=oembed\" frameborder=\"0\" allow=\"accelerometer; autoplay; clipboard-write; encrypted-media; gyroscope; picture-in-picture; web-share\" referrerpolicy=\"strict-origin-when-cross-origin\" allowfullscreen><\/iframe><\/div>\n<p class=\"p1\"><span class=\"s1\">Plus de vid\u00e9os sur notre cha\u00eene Youtube : <a href=\"https:\/\/www.youtube.com\/c\/LinksErideTech\" target=\"_blank\" rel=\"noopener\"><span class=\"s2\">https:\/\/www.youtube.com\/c\/LinksErideTech<\/span><\/a><\/span><\/p>\n<p>Si vous recherchez d'autres pi\u00e8ces d\u00e9tach\u00e9es pour les trottinettes \u00e0 pneus larges, consultez cette page : <a href=\"https:\/\/www.linkseride.com\/fr\/accessoires-pour-trottinettes-a-pneus-larges-pieces-detachees-pour-trottinettes\/\" target=\"_blank\" rel=\"noopener\">http:\/\/linkseride.com\/fat-tire-scooter-accessories-scooter-parts\/<\/a><\/p>","protected":false},"excerpt":{"rendered":"<p>\u25cf Batterie amovible pour scooter de golf 60 V 25 Ah M6 M6G<\/p>\n<p class=\"p1\"><span class=\"s1\">\u25cf<\/span><span class=\"s2\"> <b>Montage :<\/b> Applicable aux moteurs de scooter 1500 W, 2000 W et 3000 W<\/span><\/p>\n<p class=\"p1\"><span class=\"s1\">\u25cf<\/span><span class=\"s2\"> <b>Stock en entrep\u00f4t :<\/b> Mod\u00e8le M1P\/M2\/M8 trottinette \u00e0 pneus larges Entrep\u00f4ts disponibles aux \u00c9tats-Unis et en Europe<\/span><\/p>","protected":false},"featured_media":5129,"template":"","meta":{"site-sidebar-layout":"default","site-content-layout":"default","ast-site-content-layout":"default","site-content-style":"default","site-sidebar-style":"default","ast-global-header-display":"","ast-banner-title-visibility":"","ast-main-header-display":"","ast-hfb-above-header-display":"","ast-hfb-below-header-display":"","ast-hfb-mobile-header-display":"","site-post-title":"","ast-breadcrumbs-content":"","ast-featured-img":"","footer-sml-layout":"","ast-disable-related-posts":"","theme-transparent-header-meta":"default","adv-header-id-meta":"","stick-header-meta":"","header-above-stick-meta":"","header-main-stick-meta":"","header-below-stick-meta":"","astra-migrate-meta-layouts":"default","ast-page-background-enabled":"default","ast-page-background-meta":{"desktop":{"background-color":"","background-image":"","background-repeat":"repeat","background-position":"center center","background-size":"auto","background-attachment":"scroll","background-type":"","background-media":"","overlay-type":"","overlay-color":"","overlay-opacity":"","overlay-gradient":""},"tablet":{"background-color":"","background-image":"","background-repeat":"repeat","background-position":"center center","background-size":"auto","background-attachment":"scroll","background-type":"","background-media":"","overlay-type":"","overlay-color":"","overlay-opacity":"","overlay-gradient":""},"mobile":{"background-color":"","background-image":"","background-repeat":"repeat","background-position":"center center","background-size":"auto","background-attachment":"scroll","background-type":"","background-media":"","overlay-type":"","overlay-color":"","overlay-opacity":"","overlay-gradient":""}},"ast-content-background-meta":{"desktop":{"background-color":"var(--ast-global-color-5)","background-image":"","background-repeat":"repeat","background-position":"center center","background-size":"auto","background-attachment":"scroll","background-type":"","background-media":"","overlay-type":"","overlay-color":"","overlay-opacity":"","overlay-gradient":""},"tablet":{"background-color":"var(--ast-global-color-5)","background-image":"","background-repeat":"repeat","background-position":"center center","background-size":"auto","background-attachment":"scroll","background-type":"","background-media":"","overlay-type":"","overlay-color":"","overlay-opacity":"","overlay-gradient":""},"mobile":{"background-color":"var(--ast-global-color-5)","background-image":"","background-repeat":"repeat","background-position":"center center","background-size":"auto","background-attachment":"scroll","background-type":"","background-media":"","overlay-type":"","overlay-color":"","overlay-opacity":"","overlay-gradient":""}}},"product_brand":[],"product_cat":[15],"product_tag":[],"class_list":{"0":"post-5128","1":"product","2":"type-product","3":"status-publish","4":"has-post-thumbnail","6":"product_cat-uncategorized","7":"desktop-align-left","8":"tablet-align-left","9":"mobile-align-left","11":"first","12":"instock","13":"shipping-taxable","14":"product-type-simple"},"_links":{"self":[{"href":"https:\/\/www.linkseride.com\/fr\/wp-json\/wp\/v2\/product\/5128","targetHints":{"allow":["GET"]}}],"collection":[{"href":"https:\/\/www.linkseride.com\/fr\/wp-json\/wp\/v2\/product"}],"about":[{"href":"https:\/\/www.linkseride.com\/fr\/wp-json\/wp\/v2\/types\/product"}],"wp:featuredmedia":[{"embeddable":true,"href":"https:\/\/www.linkseride.com\/fr\/wp-json\/wp\/v2\/media\/5129"}],"wp:attachment":[{"href":"https:\/\/www.linkseride.com\/fr\/wp-json\/wp\/v2\/media?parent=5128"}],"wp:term":[{"taxonomy":"product_brand","embeddable":true,"href":"https:\/\/www.linkseride.com\/fr\/wp-json\/wp\/v2\/product_brand?post=5128"},{"taxonomy":"product_cat","embeddable":true,"href":"https:\/\/www.linkseride.com\/fr\/wp-json\/wp\/v2\/product_cat?post=5128"},{"taxonomy":"product_tag","embeddable":true,"href":"https:\/\/www.linkseride.com\/fr\/wp-json\/wp\/v2\/product_tag?post=5128"}],"curies":[{"name":"wp","href":"https:\/\/api.w.org\/{rel}","templated":true}]}}