{"id":6493,"date":"2022-04-16T08:28:17","date_gmt":"2022-04-16T08:28:17","guid":{"rendered":"http:\/\/linkseride.com\/?post_type=product&#038;p=6493"},"modified":"2022-04-17T01:35:25","modified_gmt":"2022-04-17T01:35:25","slug":"2022-fat-tire-escooter-701-new-design","status":"publish","type":"product","link":"https:\/\/www.linkseride.com\/fr\/product\/2022-fat-tire-escooter-701-new-design\/","title":{"rendered":"2022 Fat Tire Escooter 701 New Design EEC Certificated"},"content":{"rendered":"<p>Nous sommes passionn\u00e9s par ce que nous faisons pour notre avenir \u00e9lectrique, notamment <strong>les scooters \u00e9lectriques, <a href=\"https:\/\/www.linkseride.com\/fr\/fabricant-de-motos-electriques\/\" target=\"_blank\" rel=\"noopener\">escooter \u00e0 pneus larges<\/a>, <a href=\"https:\/\/www.linkseride.com\/fr\/fabricant-de-motos-electriques\/\" target=\"_blank\" rel=\"noopener\">scooter citycoco<\/a>, <a href=\"https:\/\/www.linkseride.com\/fr\/electric-moped-manufacturer\/\" target=\"_blank\" rel=\"noopener\">cyclomoteur \u00e9lectrique<\/a><\/strong> etc.<\/p>\n<p>Linkseride mod\u00e8le 701 fat tire escooter 2022 dernier design avec certificat EEC COC. Ce nouveau mod\u00e8le est dot\u00e9 d'une grande p\u00e9dale \u00e0 l'avant et offre une sensation de conduite confortable.<\/p>\n<p>Nous sommes en train de mettre au point de nouveaux mod\u00e8les de scooters \u00e9lectriques \u00e0 pneus larges. Les entrep\u00f4ts de l'UE et des Etats-Unis seront bient\u00f4t en stock pour ce nouveau mod\u00e8le ! Venez nous dire quelle couleur vous pr\u00e9f\u00e9rez.<\/p>\n<p>Mod\u00e8le 1 : \ud83d\udef525km\/h avec certificat COC 2000W, vitesse maximale : 55-60km\/h apr\u00e8s la suppression de la limitation de vitesse.<\/p>\n<p>Mod\u00e8le 2 : \ud83d\udef545km\/h avec certificat COC 3000W, vitesse maximale : 75-80km\/h apr\u00e8s la suppression de la limitation de vitesse.<\/p>\n<div id='gallery-1' class='gallery galleryid-6493 gallery-columns-2 gallery-size-full'><figure class='gallery-item'>\n\t\t\t<div class='gallery-icon landscape'>\n\t\t\t\t<img fetchpriority=\"high\" decoding=\"async\" width=\"2560\" height=\"1440\" src=\"https:\/\/www.linkseride.com\/wp-content\/uploads\/2022\/04\/WechatIMG137-scaled.jpeg\" class=\"attachment-full size-full\" alt=\"Fabricant de scooters \u00e9lectriques \u00e0 pneus larges\" srcset=\"https:\/\/www.linkseride.com\/wp-content\/uploads\/2022\/04\/WechatIMG137-scaled.jpeg 2560w, https:\/\/www.linkseride.com\/wp-content\/uploads\/2022\/04\/WechatIMG137-300x169.jpeg 300w, https:\/\/www.linkseride.com\/wp-content\/uploads\/2022\/04\/WechatIMG137-1024x576.jpeg 1024w, https:\/\/www.linkseride.com\/wp-content\/uploads\/2022\/04\/WechatIMG137-768x432.jpeg 768w, https:\/\/www.linkseride.com\/wp-content\/uploads\/2022\/04\/WechatIMG137-1536x864.jpeg 1536w, https:\/\/www.linkseride.com\/wp-content\/uploads\/2022\/04\/WechatIMG137-2048x1152.jpeg 2048w, https:\/\/www.linkseride.com\/wp-content\/uploads\/2022\/04\/WechatIMG137-600x337.jpeg 600w\" sizes=\"(max-width: 2560px) 100vw, 2560px\" \/>\n\t\t\t<\/div><\/figure><figure class='gallery-item'>\n\t\t\t<div class='gallery-icon landscape'>\n\t\t\t\t<img decoding=\"async\" width=\"2560\" height=\"1440\" src=\"https:\/\/www.linkseride.com\/wp-content\/uploads\/2022\/04\/DSC06648-scaled.jpg\" class=\"attachment-full size-full\" alt=\"escooter \u00e0 pneus larges\" srcset=\"https:\/\/www.linkseride.com\/wp-content\/uploads\/2022\/04\/DSC06648-scaled.jpg 2560w, https:\/\/www.linkseride.com\/wp-content\/uploads\/2022\/04\/DSC06648-300x169.jpg 300w, https:\/\/www.linkseride.com\/wp-content\/uploads\/2022\/04\/DSC06648-1024x576.jpg 1024w, https:\/\/www.linkseride.com\/wp-content\/uploads\/2022\/04\/DSC06648-768x432.jpg 768w, https:\/\/www.linkseride.com\/wp-content\/uploads\/2022\/04\/DSC06648-1536x864.jpg 1536w, https:\/\/www.linkseride.com\/wp-content\/uploads\/2022\/04\/DSC06648-2048x1152.jpg 2048w, https:\/\/www.linkseride.com\/wp-content\/uploads\/2022\/04\/DSC06648-600x337.jpg 600w\" sizes=\"(max-width: 2560px) 100vw, 2560px\" \/>\n\t\t\t<\/div><\/figure>\n\t\t<\/div>\n\n<h2>Quelles sont les principales caract\u00e9ristiques de ce Fat Tire Escooter ?<\/h2>\n<table width=\"638\">\n<tbody>\n<tr>\n<td style=\"font-weight: 400;\" width=\"114\"><strong>Moteur<\/strong><\/td>\n<td style=\"font-weight: 400;\" width=\"172\">2000W\/3000W<\/td>\n<td style=\"font-weight: 400;\" width=\"114\"><strong>Batterie<\/strong><\/td>\n<td style=\"font-weight: 400;\" width=\"238\">Batterie lithium amovible<\/td>\n<\/tr>\n<tr>\n<td style=\"font-weight: 400;\" width=\"114\"><strong>Frein<\/strong><\/td>\n<td style=\"font-weight: 400;\" width=\"172\">Frein \u00e0 disque hydraulique<\/td>\n<td style=\"font-weight: 400;\" width=\"114\"><strong>Capacit\u00e9 de la batterie<\/strong><\/td>\n<td style=\"font-weight: 400;\" width=\"238\">60V30AH\/40AH\/50AH<\/td>\n<\/tr>\n<tr>\n<td style=\"font-weight: 400;\" width=\"114\"><strong>Lumi\u00e8re<\/strong><\/td>\n<td style=\"font-weight: 400;\" width=\"172\">Phares, feux de virage et r\u00e9flecteurs arri\u00e8re \u00e0 LED<\/td>\n<td style=\"font-weight: 400;\" width=\"114\"><strong>Si\u00e8ge<\/strong><\/td>\n<td style=\"font-weight: 400;\" width=\"238\">Grand et confortable, peut accueillir 2 personnes<\/td>\n<\/tr>\n<tr>\n<td style=\"font-weight: 400;\" width=\"114\"><strong>Affichage<\/strong><\/td>\n<td style=\"font-weight: 400;\" width=\"172\">\u00c9cran couleur<\/td>\n<td style=\"font-weight: 400;\" width=\"114\"><strong>Pneu<\/strong><\/td>\n<td style=\"font-weight: 400;\" width=\"238\">Fat Tire 12 pouces<\/td>\n<\/tr>\n<tr>\n<td style=\"font-weight: 400;\" width=\"114\"><strong>Cadre<\/strong><\/td>\n<td style=\"font-weight: 400;\" width=\"172\">Tube en acier sans soudure<\/td>\n<td style=\"font-weight: 400;\" width=\"114\"><strong>Vitesse maximale<\/strong><\/td>\n<td style=\"font-weight: 400;\" width=\"238\">25\/45 km\/h avec COC<br \/>\nlib\u00e9r\u00e9 : 60-65km\/h\/75-80 km\/h<\/td>\n<\/tr>\n<tr>\n<td style=\"font-weight: 400;\" width=\"114\"><strong>Suspension<\/strong><\/td>\n<td style=\"font-weight: 400;\" width=\"172\">Suspension avant Fourche ; Amortisseur arri\u00e8re \u00e0 double ressort<\/td>\n<td style=\"font-weight: 400;\" width=\"114\"><strong>Port\u00e9e maximale<\/strong><\/td>\n<td style=\"font-weight: 400;\" width=\"238\">60-100 km par charge (en fonction du poids, du terrain, des conditions m\u00e9t\u00e9orologiques, etc.)<\/td>\n<\/tr>\n<\/tbody>\n<\/table>\n<div class=\"rte\">\n<div class=\"rte\">\n<p><strong>Assez d'options de couleurs avec ce mod\u00e8le 701<\/strong><\/p>\n<div id='gallery-2' class='gallery galleryid-6493 gallery-columns-3 gallery-size-full'><figure class='gallery-item'>\n\t\t\t<div class='gallery-icon landscape'>\n\t\t\t\t<img decoding=\"async\" width=\"2560\" height=\"1440\" src=\"https:\/\/www.linkseride.com\/wp-content\/uploads\/2022\/04\/DSC06557-scaled.jpg\" class=\"attachment-full size-full\" alt=\"fat tire escooter Scooter \u00e9lectrique de Chine\" srcset=\"https:\/\/www.linkseride.com\/wp-content\/uploads\/2022\/04\/DSC06557-scaled.jpg 2560w, https:\/\/www.linkseride.com\/wp-content\/uploads\/2022\/04\/DSC06557-300x169.jpg 300w, https:\/\/www.linkseride.com\/wp-content\/uploads\/2022\/04\/DSC06557-1024x576.jpg 1024w, https:\/\/www.linkseride.com\/wp-content\/uploads\/2022\/04\/DSC06557-768x432.jpg 768w, https:\/\/www.linkseride.com\/wp-content\/uploads\/2022\/04\/DSC06557-1536x864.jpg 1536w, https:\/\/www.linkseride.com\/wp-content\/uploads\/2022\/04\/DSC06557-2048x1152.jpg 2048w, https:\/\/www.linkseride.com\/wp-content\/uploads\/2022\/04\/DSC06557-600x337.jpg 600w\" sizes=\"(max-width: 2560px) 100vw, 2560px\" \/>\n\t\t\t<\/div><\/figure><figure class='gallery-item'>\n\t\t\t<div class='gallery-icon landscape'>\n\t\t\t\t<img loading=\"lazy\" decoding=\"async\" width=\"2560\" height=\"1440\" src=\"https:\/\/www.linkseride.com\/wp-content\/uploads\/2022\/04\/DSC06561-scaled.jpg\" class=\"attachment-full size-full\" alt=\"escooter \u00e0 pneus larges\" srcset=\"https:\/\/www.linkseride.com\/wp-content\/uploads\/2022\/04\/DSC06561-scaled.jpg 2560w, https:\/\/www.linkseride.com\/wp-content\/uploads\/2022\/04\/DSC06561-300x169.jpg 300w, https:\/\/www.linkseride.com\/wp-content\/uploads\/2022\/04\/DSC06561-1024x576.jpg 1024w, https:\/\/www.linkseride.com\/wp-content\/uploads\/2022\/04\/DSC06561-768x432.jpg 768w, https:\/\/www.linkseride.com\/wp-content\/uploads\/2022\/04\/DSC06561-1536x864.jpg 1536w, https:\/\/www.linkseride.com\/wp-content\/uploads\/2022\/04\/DSC06561-2048x1152.jpg 2048w, https:\/\/www.linkseride.com\/wp-content\/uploads\/2022\/04\/DSC06561-600x337.jpg 600w\" sizes=\"(max-width: 2560px) 100vw, 2560px\" \/>\n\t\t\t<\/div><\/figure><figure class='gallery-item'>\n\t\t\t<div class='gallery-icon landscape'>\n\t\t\t\t<img loading=\"lazy\" decoding=\"async\" width=\"2560\" height=\"1440\" src=\"https:\/\/www.linkseride.com\/wp-content\/uploads\/2022\/04\/DSC06565-scaled.jpg\" class=\"attachment-full size-full\" alt=\"\" srcset=\"https:\/\/www.linkseride.com\/wp-content\/uploads\/2022\/04\/DSC06565-scaled.jpg 2560w, https:\/\/www.linkseride.com\/wp-content\/uploads\/2022\/04\/DSC06565-300x169.jpg 300w, https:\/\/www.linkseride.com\/wp-content\/uploads\/2022\/04\/DSC06565-1024x576.jpg 1024w, https:\/\/www.linkseride.com\/wp-content\/uploads\/2022\/04\/DSC06565-768x432.jpg 768w, https:\/\/www.linkseride.com\/wp-content\/uploads\/2022\/04\/DSC06565-1536x864.jpg 1536w, https:\/\/www.linkseride.com\/wp-content\/uploads\/2022\/04\/DSC06565-2048x1152.jpg 2048w, https:\/\/www.linkseride.com\/wp-content\/uploads\/2022\/04\/DSC06565-600x337.jpg 600w\" sizes=\"(max-width: 2560px) 100vw, 2560px\" \/>\n\t\t\t<\/div><\/figure>\n\t\t<\/div>\n\n<div id='gallery-3' class='gallery galleryid-6493 gallery-columns-4 gallery-size-full'><figure class='gallery-item'>\n\t\t\t<div class='gallery-icon landscape'>\n\t\t\t\t<img loading=\"lazy\" decoding=\"async\" width=\"2560\" height=\"1440\" src=\"https:\/\/www.linkseride.com\/wp-content\/uploads\/2022\/04\/DSC06672-scaled.jpg\" class=\"attachment-full size-full\" alt=\"\" srcset=\"https:\/\/www.linkseride.com\/wp-content\/uploads\/2022\/04\/DSC06672-scaled.jpg 2560w, https:\/\/www.linkseride.com\/wp-content\/uploads\/2022\/04\/DSC06672-300x169.jpg 300w, https:\/\/www.linkseride.com\/wp-content\/uploads\/2022\/04\/DSC06672-1024x576.jpg 1024w, https:\/\/www.linkseride.com\/wp-content\/uploads\/2022\/04\/DSC06672-768x432.jpg 768w, https:\/\/www.linkseride.com\/wp-content\/uploads\/2022\/04\/DSC06672-1536x864.jpg 1536w, https:\/\/www.linkseride.com\/wp-content\/uploads\/2022\/04\/DSC06672-2048x1152.jpg 2048w, https:\/\/www.linkseride.com\/wp-content\/uploads\/2022\/04\/DSC06672-600x337.jpg 600w\" sizes=\"(max-width: 2560px) 100vw, 2560px\" \/>\n\t\t\t<\/div><\/figure><figure class='gallery-item'>\n\t\t\t<div class='gallery-icon landscape'>\n\t\t\t\t<img loading=\"lazy\" decoding=\"async\" width=\"2560\" height=\"1440\" src=\"https:\/\/www.linkseride.com\/wp-content\/uploads\/2022\/04\/DSC06692-scaled.jpg\" class=\"attachment-full size-full\" alt=\"escooter \u00e0 pneus larges\" srcset=\"https:\/\/www.linkseride.com\/wp-content\/uploads\/2022\/04\/DSC06692-scaled.jpg 2560w, https:\/\/www.linkseride.com\/wp-content\/uploads\/2022\/04\/DSC06692-300x169.jpg 300w, https:\/\/www.linkseride.com\/wp-content\/uploads\/2022\/04\/DSC06692-1024x576.jpg 1024w, https:\/\/www.linkseride.com\/wp-content\/uploads\/2022\/04\/DSC06692-768x432.jpg 768w, https:\/\/www.linkseride.com\/wp-content\/uploads\/2022\/04\/DSC06692-1536x864.jpg 1536w, https:\/\/www.linkseride.com\/wp-content\/uploads\/2022\/04\/DSC06692-2048x1152.jpg 2048w, https:\/\/www.linkseride.com\/wp-content\/uploads\/2022\/04\/DSC06692-600x337.jpg 600w\" sizes=\"(max-width: 2560px) 100vw, 2560px\" \/>\n\t\t\t<\/div><\/figure><figure class='gallery-item'>\n\t\t\t<div class='gallery-icon landscape'>\n\t\t\t\t<img loading=\"lazy\" decoding=\"async\" width=\"2560\" height=\"1440\" src=\"https:\/\/www.linkseride.com\/wp-content\/uploads\/2022\/04\/DSC06719-scaled.jpg\" class=\"attachment-full size-full\" alt=\"escooter \u00e0 pneus larges\" srcset=\"https:\/\/www.linkseride.com\/wp-content\/uploads\/2022\/04\/DSC06719-scaled.jpg 2560w, https:\/\/www.linkseride.com\/wp-content\/uploads\/2022\/04\/DSC06719-300x169.jpg 300w, https:\/\/www.linkseride.com\/wp-content\/uploads\/2022\/04\/DSC06719-1024x576.jpg 1024w, https:\/\/www.linkseride.com\/wp-content\/uploads\/2022\/04\/DSC06719-768x432.jpg 768w, https:\/\/www.linkseride.com\/wp-content\/uploads\/2022\/04\/DSC06719-1536x864.jpg 1536w, https:\/\/www.linkseride.com\/wp-content\/uploads\/2022\/04\/DSC06719-2048x1152.jpg 2048w, https:\/\/www.linkseride.com\/wp-content\/uploads\/2022\/04\/DSC06719-600x337.jpg 600w\" sizes=\"(max-width: 2560px) 100vw, 2560px\" \/>\n\t\t\t<\/div><\/figure><figure class='gallery-item'>\n\t\t\t<div class='gallery-icon landscape'>\n\t\t\t\t<img loading=\"lazy\" decoding=\"async\" width=\"2560\" height=\"1440\" src=\"https:\/\/www.linkseride.com\/wp-content\/uploads\/2022\/04\/DSC06691-scaled.jpg\" class=\"attachment-full size-full\" alt=\"escooter \u00e0 pneus larges\" srcset=\"https:\/\/www.linkseride.com\/wp-content\/uploads\/2022\/04\/DSC06691-scaled.jpg 2560w, https:\/\/www.linkseride.com\/wp-content\/uploads\/2022\/04\/DSC06691-300x169.jpg 300w, https:\/\/www.linkseride.com\/wp-content\/uploads\/2022\/04\/DSC06691-1024x576.jpg 1024w, https:\/\/www.linkseride.com\/wp-content\/uploads\/2022\/04\/DSC06691-768x432.jpg 768w, https:\/\/www.linkseride.com\/wp-content\/uploads\/2022\/04\/DSC06691-1536x864.jpg 1536w, https:\/\/www.linkseride.com\/wp-content\/uploads\/2022\/04\/DSC06691-2048x1152.jpg 2048w, https:\/\/www.linkseride.com\/wp-content\/uploads\/2022\/04\/DSC06691-600x337.jpg 600w\" sizes=\"(max-width: 2560px) 100vw, 2560px\" \/>\n\t\t\t<\/div><\/figure>\n\t\t<\/div>\n\n<p><strong>Pi\u00e8ces d\u00e9tach\u00e9es d\u00e9taill\u00e9es<\/strong><\/p>\n<div id='gallery-4' class='gallery galleryid-6493 gallery-columns-4 gallery-size-full'><figure class='gallery-item'>\n\t\t\t<div class='gallery-icon portrait'>\n\t\t\t\t<img loading=\"lazy\" decoding=\"async\" width=\"1440\" height=\"2560\" src=\"https:\/\/www.linkseride.com\/wp-content\/uploads\/2022\/04\/DSC05966-scaled.jpg\" class=\"attachment-full size-full\" alt=\"fat tire escooter accessory\" srcset=\"https:\/\/www.linkseride.com\/wp-content\/uploads\/2022\/04\/DSC05966-scaled.jpg 1440w, https:\/\/www.linkseride.com\/wp-content\/uploads\/2022\/04\/DSC05966-169x300.jpg 169w, https:\/\/www.linkseride.com\/wp-content\/uploads\/2022\/04\/DSC05966-576x1024.jpg 576w, https:\/\/www.linkseride.com\/wp-content\/uploads\/2022\/04\/DSC05966-768x1366.jpg 768w, https:\/\/www.linkseride.com\/wp-content\/uploads\/2022\/04\/DSC05966-864x1536.jpg 864w, https:\/\/www.linkseride.com\/wp-content\/uploads\/2022\/04\/DSC05966-1152x2048.jpg 1152w, https:\/\/www.linkseride.com\/wp-content\/uploads\/2022\/04\/DSC05966-600x1067.jpg 600w\" sizes=\"(max-width: 1440px) 100vw, 1440px\" \/>\n\t\t\t<\/div><\/figure><figure class='gallery-item'>\n\t\t\t<div class='gallery-icon portrait'>\n\t\t\t\t<img loading=\"lazy\" decoding=\"async\" width=\"1440\" height=\"2560\" src=\"https:\/\/www.linkseride.com\/wp-content\/uploads\/2022\/04\/DSC05989-scaled.jpg\" class=\"attachment-full size-full\" alt=\"fat tire escooter accessory\" srcset=\"https:\/\/www.linkseride.com\/wp-content\/uploads\/2022\/04\/DSC05989-scaled.jpg 1440w, https:\/\/www.linkseride.com\/wp-content\/uploads\/2022\/04\/DSC05989-169x300.jpg 169w, https:\/\/www.linkseride.com\/wp-content\/uploads\/2022\/04\/DSC05989-576x1024.jpg 576w, https:\/\/www.linkseride.com\/wp-content\/uploads\/2022\/04\/DSC05989-768x1366.jpg 768w, https:\/\/www.linkseride.com\/wp-content\/uploads\/2022\/04\/DSC05989-864x1536.jpg 864w, https:\/\/www.linkseride.com\/wp-content\/uploads\/2022\/04\/DSC05989-1152x2048.jpg 1152w, https:\/\/www.linkseride.com\/wp-content\/uploads\/2022\/04\/DSC05989-600x1067.jpg 600w\" sizes=\"(max-width: 1440px) 100vw, 1440px\" \/>\n\t\t\t<\/div><\/figure><figure class='gallery-item'>\n\t\t\t<div class='gallery-icon portrait'>\n\t\t\t\t<img loading=\"lazy\" decoding=\"async\" width=\"1440\" height=\"2560\" src=\"https:\/\/www.linkseride.com\/wp-content\/uploads\/2022\/04\/DSC05963-scaled.jpg\" class=\"attachment-full size-full\" alt=\"escooter \u00e0 pneus larges\" srcset=\"https:\/\/www.linkseride.com\/wp-content\/uploads\/2022\/04\/DSC05963-scaled.jpg 1440w, https:\/\/www.linkseride.com\/wp-content\/uploads\/2022\/04\/DSC05963-169x300.jpg 169w, https:\/\/www.linkseride.com\/wp-content\/uploads\/2022\/04\/DSC05963-576x1024.jpg 576w, https:\/\/www.linkseride.com\/wp-content\/uploads\/2022\/04\/DSC05963-768x1366.jpg 768w, https:\/\/www.linkseride.com\/wp-content\/uploads\/2022\/04\/DSC05963-864x1536.jpg 864w, https:\/\/www.linkseride.com\/wp-content\/uploads\/2022\/04\/DSC05963-1152x2048.jpg 1152w, https:\/\/www.linkseride.com\/wp-content\/uploads\/2022\/04\/DSC05963-600x1067.jpg 600w\" sizes=\"(max-width: 1440px) 100vw, 1440px\" \/>\n\t\t\t<\/div><\/figure><figure class='gallery-item'>\n\t\t\t<div class='gallery-icon portrait'>\n\t\t\t\t<img loading=\"lazy\" decoding=\"async\" width=\"1440\" height=\"2560\" src=\"https:\/\/www.linkseride.com\/wp-content\/uploads\/2022\/04\/DSC05996-scaled-e1650159304971.jpg\" class=\"attachment-full size-full\" alt=\"fat tire escooter accessory\" srcset=\"https:\/\/www.linkseride.com\/wp-content\/uploads\/2022\/04\/DSC05996-scaled-e1650159304971.jpg 1440w, https:\/\/www.linkseride.com\/wp-content\/uploads\/2022\/04\/DSC05996-scaled-e1650159304971-169x300.jpg 169w, https:\/\/www.linkseride.com\/wp-content\/uploads\/2022\/04\/DSC05996-scaled-e1650159304971-576x1024.jpg 576w, https:\/\/www.linkseride.com\/wp-content\/uploads\/2022\/04\/DSC05996-scaled-e1650159304971-768x1365.jpg 768w, https:\/\/www.linkseride.com\/wp-content\/uploads\/2022\/04\/DSC05996-scaled-e1650159304971-864x1536.jpg 864w, https:\/\/www.linkseride.com\/wp-content\/uploads\/2022\/04\/DSC05996-scaled-e1650159304971-1152x2048.jpg 1152w, https:\/\/www.linkseride.com\/wp-content\/uploads\/2022\/04\/DSC05996-scaled-e1650159304971-600x1067.jpg 600w\" sizes=\"(max-width: 1440px) 100vw, 1440px\" \/>\n\t\t\t<\/div><\/figure>\n\t\t<\/div>\n\n<\/div>\n<\/div>\n<p>Nous avons \u00e9galement un nouveau mod\u00e8le de scooter citycoco en forme de harley, si vous avez besoin de plus d'informations, vous pouvez le consulter.<a href=\"https:\/\/www.linkseride.com\/fr\/scooter-electrique-a-pneus-larges\/\" target=\"_blank\" rel=\"noopener\"> trouver ici.<\/a><\/p>\n<p>Vous trouverez plus de vid\u00e9os d'introduction ici :\u00a0<a href=\"https:\/\/www.youtube.com\/channel\/UCw4wsO7M_kRsCHTxcFeqTAA\" target=\"_blank\" rel=\"noopener\">https:\/\/www.youtube.com\/channel\/UCw4wsO7M_kRsCHTxcFeqTAA<\/a><\/p>\n<div class=\"ast-oembed-container\" style=\"height: 100%;\"><iframe title=\"Linkseride Fat Scooter Brand New Design 701 25KM\/H 45KM\/H EEC COC Proved\" width=\"500\" height=\"281\" src=\"https:\/\/www.youtube.com\/embed\/izcymGZaIOU?feature=oembed\" frameborder=\"0\" allow=\"accelerometer; autoplay; clipboard-write; encrypted-media; gyroscope; picture-in-picture; web-share\" referrerpolicy=\"strict-origin-when-cross-origin\" allowfullscreen><\/iframe><\/div>","protected":false},"excerpt":{"rendered":"<p>\u25cf 2022 Fat Tire Escooter 701 Nouveau design Certifi\u00e9 CEE<\/p>\n<p>\u25cf Vitesse maximale de 60 \u00e0 80 km\/h<\/p>\n<p>\u25cf Moteur sans balais de 2000W\/3000W<\/p>\n<p>\u25cf 25km\/h &amp; 45 km\/h avec certificat COC<\/p>\n<div>\u25cf Suspension avant et arri\u00e8re<\/div>","protected":false},"featured_media":6502,"template":"","meta":{"site-sidebar-layout":"default","site-content-layout":"default","ast-site-content-layout":"default","site-content-style":"default","site-sidebar-style":"default","ast-global-header-display":"","ast-banner-title-visibility":"","ast-main-header-display":"","ast-hfb-above-header-display":"","ast-hfb-below-header-display":"","ast-hfb-mobile-header-display":"","site-post-title":"","ast-breadcrumbs-content":"","ast-featured-img":"","footer-sml-layout":"","ast-disable-related-posts":"","theme-transparent-header-meta":"default","adv-header-id-meta":"","stick-header-meta":"","header-above-stick-meta":"","header-main-stick-meta":"","header-below-stick-meta":"","astra-migrate-meta-layouts":"default","ast-page-background-enabled":"default","ast-page-background-meta":{"desktop":{"background-color":"","background-image":"","background-repeat":"repeat","background-position":"center center","background-size":"auto","background-attachment":"scroll","background-type":"","background-media":"","overlay-type":"","overlay-color":"","overlay-opacity":"","overlay-gradient":""},"tablet":{"background-color":"","background-image":"","background-repeat":"repeat","background-position":"center center","background-size":"auto","background-attachment":"scroll","background-type":"","background-media":"","overlay-type":"","overlay-color":"","overlay-opacity":"","overlay-gradient":""},"mobile":{"background-color":"","background-image":"","background-repeat":"repeat","background-position":"center center","background-size":"auto","background-attachment":"scroll","background-type":"","background-media":"","overlay-type":"","overlay-color":"","overlay-opacity":"","overlay-gradient":""}},"ast-content-background-meta":{"desktop":{"background-color":"var(--ast-global-color-5)","background-image":"","background-repeat":"repeat","background-position":"center center","background-size":"auto","background-attachment":"scroll","background-type":"","background-media":"","overlay-type":"","overlay-color":"","overlay-opacity":"","overlay-gradient":""},"tablet":{"background-color":"var(--ast-global-color-5)","background-image":"","background-repeat":"repeat","background-position":"center center","background-size":"auto","background-attachment":"scroll","background-type":"","background-media":"","overlay-type":"","overlay-color":"","overlay-opacity":"","overlay-gradient":""},"mobile":{"background-color":"var(--ast-global-color-5)","background-image":"","background-repeat":"repeat","background-position":"center center","background-size":"auto","background-attachment":"scroll","background-type":"","background-media":"","overlay-type":"","overlay-color":"","overlay-opacity":"","overlay-gradient":""}}},"product_brand":[],"product_cat":[27,28],"product_tag":[38],"class_list":{"0":"post-6493","1":"product","2":"type-product","3":"status-publish","4":"has-post-thumbnail","6":"product_cat-electric-motorcycle","7":"product_cat-electric-scooter","8":"product_tag-citycoco-scooter","9":"desktop-align-left","10":"tablet-align-left","11":"mobile-align-left","13":"first","14":"instock","15":"shipping-taxable","16":"product-type-simple"},"_links":{"self":[{"href":"https:\/\/www.linkseride.com\/fr\/wp-json\/wp\/v2\/product\/6493","targetHints":{"allow":["GET"]}}],"collection":[{"href":"https:\/\/www.linkseride.com\/fr\/wp-json\/wp\/v2\/product"}],"about":[{"href":"https:\/\/www.linkseride.com\/fr\/wp-json\/wp\/v2\/types\/product"}],"wp:featuredmedia":[{"embeddable":true,"href":"https:\/\/www.linkseride.com\/fr\/wp-json\/wp\/v2\/media\/6502"}],"wp:attachment":[{"href":"https:\/\/www.linkseride.com\/fr\/wp-json\/wp\/v2\/media?parent=6493"}],"wp:term":[{"taxonomy":"product_brand","embeddable":true,"href":"https:\/\/www.linkseride.com\/fr\/wp-json\/wp\/v2\/product_brand?post=6493"},{"taxonomy":"product_cat","embeddable":true,"href":"https:\/\/www.linkseride.com\/fr\/wp-json\/wp\/v2\/product_cat?post=6493"},{"taxonomy":"product_tag","embeddable":true,"href":"https:\/\/www.linkseride.com\/fr\/wp-json\/wp\/v2\/product_tag?post=6493"}],"curies":[{"name":"wp","href":"https:\/\/api.w.org\/{rel}","templated":true}]}}