{"id":6597,"date":"2022-04-18T13:25:24","date_gmt":"2022-04-18T13:25:24","guid":{"rendered":"http:\/\/linkseride.com\/?post_type=product&#038;p=6597"},"modified":"2026-01-07T07:32:46","modified_gmt":"2026-01-07T07:32:46","slug":"linkseride-x7-3-wheel-golf-scooter","status":"publish","type":"product","link":"https:\/\/www.linkseride.com\/fr\/product\/linkseride-x7-3-wheel-golf-scooter\/","title":{"rendered":"Linkseride X7 Scooter de golf \u00e0 3 roues Scooter \u00e9lectrique \u00e0 trois roues"},"content":{"rendered":"<h2>Linkseride X7 3 Wheel Golf Scooter Single Rider Golf Cart<\/h2>\n<p>Nous sommes passionn\u00e9s par ce que nous faisons pour notre avenir \u00e9lectrique, notamment <strong>les scooters \u00e9lectriques, <a href=\"https:\/\/www.linkseride.com\/fr\/fabricant-de-motos-electriques\/\" target=\"_blank\" rel=\"noopener\">scooter \u00e0 pneus larges<\/a>, <a href=\"https:\/\/www.linkseride.com\/fr\/fabricant-de-motos-electriques\/\" target=\"_blank\" rel=\"noopener\">scooter citycoco<\/a>, <a href=\"https:\/\/www.linkseride.com\/fr\/electric-moped-manufacturer\/\" target=\"_blank\" rel=\"noopener\">cyclomoteur \u00e9lectrique<\/a><\/strong> etc.<\/p>\n<p>Ce scooter X7 \u00e0 3 roues en or est une am\u00e9lioration du scooter de golf X7 \u00e0 deux roues. Nous proposons d\u00e9sormais diff\u00e9rentes options de porte-bagages \u00e0 l'arri\u00e8re. Nous pouvons faire :<\/p>\n<ol>\n<li>option 1 : avec 2 si\u00e8ges et un porte-bagages simple<\/li>\n<li>option 2 : avec 1 si\u00e8ge plus cage de rangement et porte-bagages de golf<\/li>\n<\/ol>\n<p>Pour les d\u00e9tails ou les besoins OEM, veuillez contacter notre \u00e9quipe de vente par e-mail :<a href=\"mailto:info@linkseride.com\"> info@linkseride.com<\/a><\/p>\n<div id='gallery-1' class='gallery galleryid-6597 gallery-columns-3 gallery-size-full'><figure class='gallery-item'>\n\t\t\t<div class='gallery-icon landscape'>\n\t\t\t\t<img fetchpriority=\"high\" decoding=\"async\" width=\"800\" height=\"533\" src=\"https:\/\/www.linkseride.com\/wp-content\/uploads\/2022\/04\/3-wheel-golf-scooter-1.jpg\" class=\"attachment-full size-full\" alt=\"Scooter de golf \u00e0 3 roues\" srcset=\"https:\/\/www.linkseride.com\/wp-content\/uploads\/2022\/04\/3-wheel-golf-scooter-1.jpg 800w, https:\/\/www.linkseride.com\/wp-content\/uploads\/2022\/04\/3-wheel-golf-scooter-1-300x200.jpg 300w, https:\/\/www.linkseride.com\/wp-content\/uploads\/2022\/04\/3-wheel-golf-scooter-1-768x512.jpg 768w, https:\/\/www.linkseride.com\/wp-content\/uploads\/2022\/04\/3-wheel-golf-scooter-1-18x12.jpg 18w, https:\/\/www.linkseride.com\/wp-content\/uploads\/2022\/04\/3-wheel-golf-scooter-1-600x400.jpg 600w\" sizes=\"(max-width: 800px) 100vw, 800px\" \/>\n\t\t\t<\/div><\/figure><figure class='gallery-item'>\n\t\t\t<div class='gallery-icon landscape'>\n\t\t\t\t<img decoding=\"async\" width=\"800\" height=\"533\" src=\"https:\/\/www.linkseride.com\/wp-content\/uploads\/2022\/04\/3-wheel-golf-scooter-2.jpg\" class=\"attachment-full size-full\" alt=\"Scooter de golf \u00e0 3 roues\" srcset=\"https:\/\/www.linkseride.com\/wp-content\/uploads\/2022\/04\/3-wheel-golf-scooter-2.jpg 800w, https:\/\/www.linkseride.com\/wp-content\/uploads\/2022\/04\/3-wheel-golf-scooter-2-300x200.jpg 300w, https:\/\/www.linkseride.com\/wp-content\/uploads\/2022\/04\/3-wheel-golf-scooter-2-768x512.jpg 768w, https:\/\/www.linkseride.com\/wp-content\/uploads\/2022\/04\/3-wheel-golf-scooter-2-18x12.jpg 18w, https:\/\/www.linkseride.com\/wp-content\/uploads\/2022\/04\/3-wheel-golf-scooter-2-600x400.jpg 600w\" sizes=\"(max-width: 800px) 100vw, 800px\" \/>\n\t\t\t<\/div><\/figure><figure class='gallery-item'>\n\t\t\t<div class='gallery-icon landscape'>\n\t\t\t\t<img decoding=\"async\" width=\"800\" height=\"533\" src=\"https:\/\/www.linkseride.com\/wp-content\/uploads\/2022\/04\/3-wheel-golf-scooter-4.jpg\" class=\"attachment-full size-full\" alt=\"Scooter de golf \u00e0 3 roues\" srcset=\"https:\/\/www.linkseride.com\/wp-content\/uploads\/2022\/04\/3-wheel-golf-scooter-4.jpg 800w, https:\/\/www.linkseride.com\/wp-content\/uploads\/2022\/04\/3-wheel-golf-scooter-4-300x200.jpg 300w, https:\/\/www.linkseride.com\/wp-content\/uploads\/2022\/04\/3-wheel-golf-scooter-4-768x512.jpg 768w, https:\/\/www.linkseride.com\/wp-content\/uploads\/2022\/04\/3-wheel-golf-scooter-4-18x12.jpg 18w, https:\/\/www.linkseride.com\/wp-content\/uploads\/2022\/04\/3-wheel-golf-scooter-4-600x400.jpg 600w\" sizes=\"(max-width: 800px) 100vw, 800px\" \/>\n\t\t\t<\/div><\/figure>\n\t\t<\/div>\n\n<div id='gallery-2' class='gallery galleryid-6597 gallery-columns-2 gallery-size-full'><figure class='gallery-item'>\n\t\t\t<div class='gallery-icon landscape'>\n\t\t\t\t<img loading=\"lazy\" decoding=\"async\" width=\"800\" height=\"533\" src=\"https:\/\/www.linkseride.com\/wp-content\/uploads\/2022\/04\/3-wheel-golf-scooter-5.jpg\" class=\"attachment-full size-full\" alt=\"Scooter de golf \u00e0 3 roues\" srcset=\"https:\/\/www.linkseride.com\/wp-content\/uploads\/2022\/04\/3-wheel-golf-scooter-5.jpg 800w, https:\/\/www.linkseride.com\/wp-content\/uploads\/2022\/04\/3-wheel-golf-scooter-5-300x200.jpg 300w, https:\/\/www.linkseride.com\/wp-content\/uploads\/2022\/04\/3-wheel-golf-scooter-5-768x512.jpg 768w, https:\/\/www.linkseride.com\/wp-content\/uploads\/2022\/04\/3-wheel-golf-scooter-5-18x12.jpg 18w, https:\/\/www.linkseride.com\/wp-content\/uploads\/2022\/04\/3-wheel-golf-scooter-5-600x400.jpg 600w\" sizes=\"(max-width: 800px) 100vw, 800px\" \/>\n\t\t\t<\/div><\/figure><figure class='gallery-item'>\n\t\t\t<div class='gallery-icon landscape'>\n\t\t\t\t<img loading=\"lazy\" decoding=\"async\" width=\"800\" height=\"533\" src=\"https:\/\/www.linkseride.com\/wp-content\/uploads\/2022\/04\/3-wheel-golf-scooter-3.jpg\" class=\"attachment-full size-full\" alt=\"Scooter de golf \u00e0 3 roues\" srcset=\"https:\/\/www.linkseride.com\/wp-content\/uploads\/2022\/04\/3-wheel-golf-scooter-3.jpg 800w, https:\/\/www.linkseride.com\/wp-content\/uploads\/2022\/04\/3-wheel-golf-scooter-3-300x200.jpg 300w, https:\/\/www.linkseride.com\/wp-content\/uploads\/2022\/04\/3-wheel-golf-scooter-3-768x512.jpg 768w, https:\/\/www.linkseride.com\/wp-content\/uploads\/2022\/04\/3-wheel-golf-scooter-3-18x12.jpg 18w, https:\/\/www.linkseride.com\/wp-content\/uploads\/2022\/04\/3-wheel-golf-scooter-3-600x400.jpg 600w\" sizes=\"(max-width: 800px) 100vw, 800px\" \/>\n\t\t\t<\/div><\/figure>\n\t\t<\/div>\n\n<h2>Quelles sont les caract\u00e9ristiques de ce scooter de golf X7 \u00e0 3 roues ?<\/h2>\n<ul>\n<li>Moteur \u00e9lectrique de moyeu d'une puissance nominale de 2000 W<\/li>\n<li><strong>60 V<\/strong>\u00a0<strong>Batterie 20AH <\/strong>offre une port\u00e9e maximale de 35 miles<\/li>\n<li>diff\u00e9rentes utilisations du scooter trike \u00e0 3 roues, soit pour les adultes, soit pour le scooter de golf \u00e0 3 roues<\/li>\n<li>Option 2 places avec rembourrage pour am\u00e9liorer le confort de conduite<\/li>\n<li>L'\u00e9cran LCD affiche le compteur de vitesse, le kilom\u00e9trage, la tension, le niveau de puissance.<\/li>\n<\/ul>\n<table>\n<tbody>\n<tr>\n<td>Puissance du moteur<\/td>\n<td>2000 W<\/td>\n<\/tr>\n<tr>\n<td>Vitesse maximale<\/td>\n<td>45km\/h<\/td>\n<\/tr>\n<tr>\n<td>Port\u00e9e maximale<\/td>\n<td>60 km<\/td>\n<\/tr>\n<tr>\n<td>Capacit\u00e9 de la batterie<\/td>\n<td>60 V 20 Ah<\/td>\n<\/tr>\n<tr>\n<td>Mat\u00e9riau du cadre<\/td>\n<td>Tube en acier sans soudure<\/td>\n<\/tr>\n<tr>\n<td>Taille des pneus<\/td>\n<td>215\/40-8 \u00e0 vide Tubeless<\/td>\n<\/tr>\n<tr>\n<td>Charge maximale<\/td>\n<td>200 kg<\/td>\n<\/tr>\n<tr>\n<td>N.W\/G.W<\/td>\n<td>89 kg<\/td>\n<\/tr>\n<tr>\n<td>Autres caract\u00e9ristiques<\/td>\n<td>Porte-t\u00e9l\u00e9phone avec port USB<\/p>\n<p>Haut-parleur Bluetooth<\/p>\n<p>Sacoche de selle<\/td>\n<\/tr>\n<\/tbody>\n<\/table>\n<h2>Pourquoi choisir ce type de scooter de golf monoplace ?<\/h2>\n<p>Nous proposons \u00e9galement d'autres mod\u00e8les de scooters \u00e9lectriques pour une personne. Si vous souhaitez obtenir plus d'informations, vous pouvez<a href=\"https:\/\/www.linkseride.com\/fr\/fat-tire-golf-scooter-golf-cart-trouring\/\" target=\"_blank\" rel=\"noopener\"> trouver ici.<\/a><\/p>\n<p>Vous trouverez plus de vid\u00e9os d'introduction ici : <a href=\"https:\/\/www.youtube.com\/c\/LinksErideTech\" target=\"_blank\" rel=\"noopener\">https:\/\/www.youtube.com\/c\/LinksErideTech<\/a><\/p>\n<div class=\"ast-oembed-container\" style=\"height: 100%;\"><iframe title=\"Vid\u00e9o d&#039;assemblage du scooter \u00e9lectrique tricycle X7 \u00e0 trois roues\" width=\"500\" height=\"281\" src=\"https:\/\/www.youtube.com\/embed\/4ZWD6MGbfns?feature=oembed&#038;enablejsapi=1&#038;origin=https:\/\/www.linkseride.com\" frameborder=\"0\" allow=\"accelerometer; autoplay; clipboard-write; encrypted-media; gyroscope; picture-in-picture; web-share\" referrerpolicy=\"strict-origin-when-cross-origin\" allowfullscreen><\/iframe><\/div>","protected":false},"excerpt":{"rendered":"<p>\u25cf X7 scooter de golf \u00e0 3 roues avec moteur de moyeu \u00e9lectrique d'une puissance nominale de 2000w.<\/p>\n<p>\u25cf <strong>60 V<\/strong>\u00a0<strong>Batterie 20AH <\/strong>offre une port\u00e9e maximale de 35 miles<\/p>\n<p>\u25cf diff\u00e9rents usages avec le scooter trike \u00e0 3 roues, soit pour les adultes, soit pour le scooter de golf \u00e0 3 roues.<\/p>\n<p>\u25cf Option 2 places avec rembourrage pour am\u00e9liorer le confort de conduite<\/p>\n<p>\u25cf L'\u00e9cran LCD affiche la vitesse, le kilom\u00e9trage, la tension et le niveau de puissance.<\/p>","protected":false},"featured_media":6601,"template":"","meta":{"site-sidebar-layout":"default","site-content-layout":"default","ast-site-content-layout":"default","site-content-style":"default","site-sidebar-style":"default","ast-global-header-display":"","ast-banner-title-visibility":"","ast-main-header-display":"","ast-hfb-above-header-display":"","ast-hfb-below-header-display":"","ast-hfb-mobile-header-display":"","site-post-title":"","ast-breadcrumbs-content":"","ast-featured-img":"","footer-sml-layout":"","ast-disable-related-posts":"","theme-transparent-header-meta":"default","adv-header-id-meta":"","stick-header-meta":"","header-above-stick-meta":"","header-main-stick-meta":"","header-below-stick-meta":"","astra-migrate-meta-layouts":"set","ast-page-background-enabled":"default","ast-page-background-meta":{"desktop":{"background-color":"","background-image":"","background-repeat":"repeat","background-position":"center center","background-size":"auto","background-attachment":"scroll","background-type":"","background-media":"","overlay-type":"","overlay-color":"","overlay-opacity":"","overlay-gradient":""},"tablet":{"background-color":"","background-image":"","background-repeat":"repeat","background-position":"center center","background-size":"auto","background-attachment":"scroll","background-type":"","background-media":"","overlay-type":"","overlay-color":"","overlay-opacity":"","overlay-gradient":""},"mobile":{"background-color":"","background-image":"","background-repeat":"repeat","background-position":"center center","background-size":"auto","background-attachment":"scroll","background-type":"","background-media":"","overlay-type":"","overlay-color":"","overlay-opacity":"","overlay-gradient":""}},"ast-content-background-meta":{"desktop":{"background-color":"var(--ast-global-color-5)","background-image":"","background-repeat":"repeat","background-position":"center center","background-size":"auto","background-attachment":"scroll","background-type":"","background-media":"","overlay-type":"","overlay-color":"","overlay-opacity":"","overlay-gradient":""},"tablet":{"background-color":"var(--ast-global-color-5)","background-image":"","background-repeat":"repeat","background-position":"center center","background-size":"auto","background-attachment":"scroll","background-type":"","background-media":"","overlay-type":"","overlay-color":"","overlay-opacity":"","overlay-gradient":""},"mobile":{"background-color":"var(--ast-global-color-5)","background-image":"","background-repeat":"repeat","background-position":"center center","background-size":"auto","background-attachment":"scroll","background-type":"","background-media":"","overlay-type":"","overlay-color":"","overlay-opacity":"","overlay-gradient":""}}},"product_brand":[],"product_cat":[45],"product_tag":[38,47,48],"class_list":{"0":"post-6597","1":"product","2":"type-product","3":"status-publish","4":"has-post-thumbnail","6":"product_cat-electric-golf-scooter","7":"product_tag-citycoco-scooter","8":"product_tag-golf-scooter","9":"product_tag-single-rider-golf-scooter","10":"desktop-align-left","11":"tablet-align-left","12":"mobile-align-left","14":"first","15":"instock","16":"shipping-taxable","17":"product-type-simple"},"_links":{"self":[{"href":"https:\/\/www.linkseride.com\/fr\/wp-json\/wp\/v2\/product\/6597","targetHints":{"allow":["GET"]}}],"collection":[{"href":"https:\/\/www.linkseride.com\/fr\/wp-json\/wp\/v2\/product"}],"about":[{"href":"https:\/\/www.linkseride.com\/fr\/wp-json\/wp\/v2\/types\/product"}],"wp:featuredmedia":[{"embeddable":true,"href":"https:\/\/www.linkseride.com\/fr\/wp-json\/wp\/v2\/media\/6601"}],"wp:attachment":[{"href":"https:\/\/www.linkseride.com\/fr\/wp-json\/wp\/v2\/media?parent=6597"}],"wp:term":[{"taxonomy":"product_brand","embeddable":true,"href":"https:\/\/www.linkseride.com\/fr\/wp-json\/wp\/v2\/product_brand?post=6597"},{"taxonomy":"product_cat","embeddable":true,"href":"https:\/\/www.linkseride.com\/fr\/wp-json\/wp\/v2\/product_cat?post=6597"},{"taxonomy":"product_tag","embeddable":true,"href":"https:\/\/www.linkseride.com\/fr\/wp-json\/wp\/v2\/product_tag?post=6597"}],"curies":[{"name":"wp","href":"https:\/\/api.w.org\/{rel}","templated":true}]}}