{"id":8200,"date":"2022-07-16T01:13:15","date_gmt":"2022-07-16T01:13:15","guid":{"rendered":"http:\/\/linkseride.com\/?post_type=product&#038;p=8200"},"modified":"2023-06-17T02:26:08","modified_gmt":"2023-06-17T02:26:08","slug":"m11-citycoco-scooter-3000w","status":"publish","type":"product","link":"https:\/\/www.linkseride.com\/fr\/product\/m11-citycoco-scooter-3000w\/","title":{"rendered":"M11 Citycoco scooter 3000W Max Speed 80km\/h, 60V 20AH\/40AH Battery"},"content":{"rendered":"<p>Nous sommes passionn\u00e9s par ce que nous faisons pour notre avenir \u00e9lectrique, notamment <strong><a href=\"https:\/\/www.linkseride.com\/fr\/fabricant-de-scooters-electriques\/\" target=\"_blank\" rel=\"noopener\">scooters \u00e9lectriques<\/a>, <a href=\"https:\/\/www.linkseride.com\/fr\/scooter-electrique-a-pneus-larges\/\" target=\"_blank\" rel=\"noopener\">escooter \u00e0 pneus larges<\/a>, <a href=\"https:\/\/www.linkseride.com\/fr\/fabricant-de-motos-electriques\/\" target=\"_blank\" rel=\"noopener\">scooter citycoco<\/a>, <a href=\"https:\/\/www.linkseride.com\/fr\/electric-moped-manufacturer\/\" target=\"_blank\" rel=\"noopener\">cyclomoteur \u00e9lectrique<\/a><\/strong> etc.<\/p>\n<p>Le mod\u00e8le M11 Citycoco fat escooter de Linkseride est qualifi\u00e9 avec le certificat CEE COC. Il ne s'agit pas du dernier mod\u00e8le, mais d'une am\u00e9lioration du processus de fabrication.<\/p>\n<p>Les entrep\u00f4ts de l'UE et des Etats-Unis seront bient\u00f4t en stock pour ce nouveau mod\u00e8le ! Venez nous dire quelle couleur vous pr\u00e9f\u00e9rez.<\/p>\n<h2>Quelles sont les principales caract\u00e9ristiques de ce scooter M11 Citycoco ?<\/h2>\n<table width=\"638\">\n<tbody>\n<tr>\n<td style=\"font-weight: 400;\" width=\"114\"><strong>Moteur<\/strong><\/td>\n<td style=\"font-weight: 400;\" width=\"172\">2000W\/3000W\/4000W<\/td>\n<td style=\"font-weight: 400;\" width=\"114\"><strong>Batterie<\/strong><\/td>\n<td style=\"font-weight: 400;\" width=\"238\">Batterie lithium amovible<\/td>\n<\/tr>\n<tr>\n<td style=\"font-weight: 400;\" width=\"114\"><strong>Frein<\/strong><\/td>\n<td style=\"font-weight: 400;\" width=\"172\">Frein \u00e0 disque hydraulique F&amp;R<\/td>\n<td style=\"font-weight: 400;\" width=\"114\"><strong>Capacit\u00e9 de la batterie<\/strong><\/td>\n<td style=\"font-weight: 400;\" width=\"238\">60V20AH\/30AH\/40AH<\/td>\n<\/tr>\n<tr>\n<td style=\"font-weight: 400;\" width=\"114\"><strong>Lumi\u00e8re<\/strong><\/td>\n<td style=\"font-weight: 400;\" width=\"172\">Phares, feux de virage et r\u00e9flecteurs arri\u00e8re \u00e0 LED<\/td>\n<td style=\"font-weight: 400;\" width=\"114\"><strong>Si\u00e8ge<\/strong><\/td>\n<td style=\"font-weight: 400;\" width=\"238\">Grand et confortable, peut accueillir 2 personnes<\/td>\n<\/tr>\n<tr>\n<td style=\"font-weight: 400;\" width=\"114\"><strong>Affichage<\/strong><\/td>\n<td style=\"font-weight: 400;\" width=\"172\">\u00c9cran couleur<\/td>\n<td style=\"font-weight: 400;\" width=\"114\"><strong>Pneu<\/strong><\/td>\n<td style=\"font-weight: 400;\" width=\"238\">Fat Tire 12 pouces<\/td>\n<\/tr>\n<tr>\n<td style=\"font-weight: 400;\" width=\"114\"><strong>Cadre<\/strong><\/td>\n<td style=\"font-weight: 400;\" width=\"172\">Tube en acier sans soudure<\/td>\n<td style=\"font-weight: 400;\" width=\"114\"><strong>Vitesse maximale<\/strong><\/td>\n<td style=\"font-weight: 400;\" width=\"238\">45km\/h<\/td>\n<\/tr>\n<tr>\n<td style=\"font-weight: 400;\" width=\"114\"><strong>Suspension<\/strong><\/td>\n<td style=\"font-weight: 400;\" width=\"172\">Suspension avant Fourche ; Amortisseur arri\u00e8re \u00e0 double ressort<\/td>\n<td style=\"font-weight: 400;\" width=\"114\"><strong>Port\u00e9e maximale<\/strong><\/td>\n<td style=\"font-weight: 400;\" width=\"238\">60-100 km par charge (en fonction du poids, du terrain, des conditions m\u00e9t\u00e9orologiques, etc.)<\/td>\n<\/tr>\n<\/tbody>\n<\/table>\n<div class=\"rte\">\n<div class=\"rte\">\n<h2>Quelques caract\u00e9ristiques d\u00e9taill\u00e9es du produit M11 Citycoco.<\/h2>\n<div id='gallery-1' class='gallery galleryid-8200 gallery-columns-3 gallery-size-full'><figure class='gallery-item'>\n\t\t\t<div class='gallery-icon landscape'>\n\t\t\t\t<img fetchpriority=\"high\" decoding=\"async\" width=\"468\" height=\"230\" src=\"https:\/\/www.linkseride.com\/wp-content\/uploads\/2022\/07\/Linkseride-China-Citycoco-Scooter2.png\" class=\"attachment-full size-full\" alt=\"Scooter Citycoco de Chine\" srcset=\"https:\/\/www.linkseride.com\/wp-content\/uploads\/2022\/07\/Linkseride-China-Citycoco-Scooter2.png 468w, https:\/\/www.linkseride.com\/wp-content\/uploads\/2022\/07\/Linkseride-China-Citycoco-Scooter2-300x147.png 300w\" sizes=\"(max-width: 468px) 100vw, 468px\" \/>\n\t\t\t<\/div><\/figure><figure class='gallery-item'>\n\t\t\t<div class='gallery-icon landscape'>\n\t\t\t\t<img decoding=\"async\" width=\"468\" height=\"280\" src=\"https:\/\/www.linkseride.com\/wp-content\/uploads\/2022\/07\/Linkseride-China-Citycoco-Scooter3.png\" class=\"attachment-full size-full\" alt=\"Scooter Citycoco de Chine\" srcset=\"https:\/\/www.linkseride.com\/wp-content\/uploads\/2022\/07\/Linkseride-China-Citycoco-Scooter3.png 468w, https:\/\/www.linkseride.com\/wp-content\/uploads\/2022\/07\/Linkseride-China-Citycoco-Scooter3-300x179.png 300w\" sizes=\"(max-width: 468px) 100vw, 468px\" \/>\n\t\t\t<\/div><\/figure><figure class='gallery-item'>\n\t\t\t<div class='gallery-icon landscape'>\n\t\t\t\t<img decoding=\"async\" width=\"434\" height=\"280\" src=\"https:\/\/www.linkseride.com\/wp-content\/uploads\/2022\/07\/Linkseride-China-Citycoco-Scooter1.png\" class=\"attachment-full size-full\" alt=\"Scooter Citycoco de Chine\" srcset=\"https:\/\/www.linkseride.com\/wp-content\/uploads\/2022\/07\/Linkseride-China-Citycoco-Scooter1.png 434w, https:\/\/www.linkseride.com\/wp-content\/uploads\/2022\/07\/Linkseride-China-Citycoco-Scooter1-300x194.png 300w\" sizes=\"(max-width: 434px) 100vw, 434px\" \/>\n\t\t\t<\/div><\/figure>\n\t\t<\/div>\n\n<\/div>\n<\/div>\n<div id='gallery-2' class='gallery galleryid-8200 gallery-columns-2 gallery-size-full'><figure class='gallery-item'>\n\t\t\t<div class='gallery-icon landscape'>\n\t\t\t\t<img loading=\"lazy\" decoding=\"async\" width=\"432\" height=\"281\" src=\"https:\/\/www.linkseride.com\/wp-content\/uploads\/2022\/07\/Linkseride-China-Citycoco-Scooter4.png\" class=\"attachment-full size-full\" alt=\"Scooter Citycoco de Chine\" srcset=\"https:\/\/www.linkseride.com\/wp-content\/uploads\/2022\/07\/Linkseride-China-Citycoco-Scooter4.png 432w, https:\/\/www.linkseride.com\/wp-content\/uploads\/2022\/07\/Linkseride-China-Citycoco-Scooter4-300x195.png 300w\" sizes=\"(max-width: 432px) 100vw, 432px\" \/>\n\t\t\t<\/div><\/figure><figure class='gallery-item'>\n\t\t\t<div class='gallery-icon landscape'>\n\t\t\t\t<img loading=\"lazy\" decoding=\"async\" width=\"449\" height=\"298\" src=\"https:\/\/www.linkseride.com\/wp-content\/uploads\/2022\/07\/Linkseride-China-Citycoco-Scooter5.png\" class=\"attachment-full size-full\" alt=\"Scooter Citycoco de Chine\" srcset=\"https:\/\/www.linkseride.com\/wp-content\/uploads\/2022\/07\/Linkseride-China-Citycoco-Scooter5.png 449w, https:\/\/www.linkseride.com\/wp-content\/uploads\/2022\/07\/Linkseride-China-Citycoco-Scooter5-300x199.png 300w\" sizes=\"(max-width: 449px) 100vw, 449px\" \/>\n\t\t\t<\/div><\/figure>\n\t\t<\/div>\n\n<p>Nous avons \u00e9galement un nouveau mod\u00e8le de scooter Citycoco en forme de harley, si vous avez besoin de plus d'informations, vous pouvez le consulter.<a href=\"https:\/\/www.linkseride.com\/fr\/scooter-electrique-a-pneus-larges\/\" target=\"_blank\" rel=\"noopener\"> trouver ici.<\/a><\/p>\n<p>Vous trouverez plus de vid\u00e9os d'introduction ici :\u00a0<a href=\"https:\/\/www.youtube.com\/channel\/UCw4wsO7M_kRsCHTxcFeqTAA\" target=\"_blank\" rel=\"noopener\">https:\/\/www.youtube.com\/channel\/UCw4wsO7M_kRsCHTxcFeqTAA<\/a><\/p>\n<div class=\"ast-oembed-container\" style=\"height: 100%;\"><iframe title=\"Scooter \u00e9lectrique M11 Citycoco 3000W Vitesse max 80km\/h, 60V 20AH\/40AH Batterie\" width=\"500\" height=\"281\" src=\"https:\/\/www.youtube.com\/embed\/zNcGUUufZ70?feature=oembed\" frameborder=\"0\" allow=\"accelerometer; autoplay; clipboard-write; encrypted-media; gyroscope; picture-in-picture; web-share\" referrerpolicy=\"strict-origin-when-cross-origin\" allowfullscreen><\/iframe><\/div>","protected":false},"excerpt":{"rendered":"<p>\u25cf M11 Citycoco scooter 2000W\/3000W\/4000W puissance du moteur<\/p>\n<p>\u25cf Vitesse maximale de 80km\/h, batterie 60V 20AH\/40AH<\/p>\n<p>\u25cf 45 km\/h norme L1e avec certificat COC<\/p>\n<p>\u25cf Suspension avant et arri\u00e8re<\/p>\n<p>\u25cf Les entrep\u00f4ts de l'UE et des \u00c9tats-Unis sont en stock pour une exp\u00e9dition locale rapide.<\/p>\n<p>&nbsp;<\/p>","protected":false},"featured_media":8202,"template":"","meta":{"site-sidebar-layout":"default","site-content-layout":"default","ast-site-content-layout":"default","site-content-style":"default","site-sidebar-style":"default","ast-global-header-display":"","ast-banner-title-visibility":"","ast-main-header-display":"","ast-hfb-above-header-display":"","ast-hfb-below-header-display":"","ast-hfb-mobile-header-display":"","site-post-title":"","ast-breadcrumbs-content":"","ast-featured-img":"","footer-sml-layout":"","ast-disable-related-posts":"","theme-transparent-header-meta":"default","adv-header-id-meta":"","stick-header-meta":"","header-above-stick-meta":"","header-main-stick-meta":"","header-below-stick-meta":"","astra-migrate-meta-layouts":"default","ast-page-background-enabled":"default","ast-page-background-meta":{"desktop":{"background-color":"","background-image":"","background-repeat":"repeat","background-position":"center center","background-size":"auto","background-attachment":"scroll","background-type":"","background-media":"","overlay-type":"","overlay-color":"","overlay-opacity":"","overlay-gradient":""},"tablet":{"background-color":"","background-image":"","background-repeat":"repeat","background-position":"center center","background-size":"auto","background-attachment":"scroll","background-type":"","background-media":"","overlay-type":"","overlay-color":"","overlay-opacity":"","overlay-gradient":""},"mobile":{"background-color":"","background-image":"","background-repeat":"repeat","background-position":"center center","background-size":"auto","background-attachment":"scroll","background-type":"","background-media":"","overlay-type":"","overlay-color":"","overlay-opacity":"","overlay-gradient":""}},"ast-content-background-meta":{"desktop":{"background-color":"var(--ast-global-color-5)","background-image":"","background-repeat":"repeat","background-position":"center center","background-size":"auto","background-attachment":"scroll","background-type":"","background-media":"","overlay-type":"","overlay-color":"","overlay-opacity":"","overlay-gradient":""},"tablet":{"background-color":"var(--ast-global-color-5)","background-image":"","background-repeat":"repeat","background-position":"center center","background-size":"auto","background-attachment":"scroll","background-type":"","background-media":"","overlay-type":"","overlay-color":"","overlay-opacity":"","overlay-gradient":""},"mobile":{"background-color":"var(--ast-global-color-5)","background-image":"","background-repeat":"repeat","background-position":"center center","background-size":"auto","background-attachment":"scroll","background-type":"","background-media":"","overlay-type":"","overlay-color":"","overlay-opacity":"","overlay-gradient":""}}},"product_brand":[],"product_cat":[27,28],"product_tag":[38],"class_list":{"0":"post-8200","1":"product","2":"type-product","3":"status-publish","4":"has-post-thumbnail","6":"product_cat-electric-motorcycle","7":"product_cat-electric-scooter","8":"product_tag-citycoco-scooter","9":"desktop-align-left","10":"tablet-align-left","11":"mobile-align-left","13":"first","14":"instock","15":"shipping-taxable","16":"product-type-simple"},"_links":{"self":[{"href":"https:\/\/www.linkseride.com\/fr\/wp-json\/wp\/v2\/product\/8200","targetHints":{"allow":["GET"]}}],"collection":[{"href":"https:\/\/www.linkseride.com\/fr\/wp-json\/wp\/v2\/product"}],"about":[{"href":"https:\/\/www.linkseride.com\/fr\/wp-json\/wp\/v2\/types\/product"}],"wp:featuredmedia":[{"embeddable":true,"href":"https:\/\/www.linkseride.com\/fr\/wp-json\/wp\/v2\/media\/8202"}],"wp:attachment":[{"href":"https:\/\/www.linkseride.com\/fr\/wp-json\/wp\/v2\/media?parent=8200"}],"wp:term":[{"taxonomy":"product_brand","embeddable":true,"href":"https:\/\/www.linkseride.com\/fr\/wp-json\/wp\/v2\/product_brand?post=8200"},{"taxonomy":"product_cat","embeddable":true,"href":"https:\/\/www.linkseride.com\/fr\/wp-json\/wp\/v2\/product_cat?post=8200"},{"taxonomy":"product_tag","embeddable":true,"href":"https:\/\/www.linkseride.com\/fr\/wp-json\/wp\/v2\/product_tag?post=8200"}],"curies":[{"name":"wp","href":"https:\/\/api.w.org\/{rel}","templated":true}]}}