{"id":10912,"date":"2024-07-18T03:50:40","date_gmt":"2024-07-18T03:50:40","guid":{"rendered":"https:\/\/www.linkseride.com\/?post_type=product&#038;p=10912"},"modified":"2024-07-24T09:03:22","modified_gmt":"2024-07-24T09:03:22","slug":"pousse-pousse-electrique-de-200-km-dautonomie","status":"publish","type":"product","link":"https:\/\/www.linkseride.com\/fr_ca\/product\/electric-rickshaw-200km-long-range\/","title":{"rendered":"Linkseride LER-1 Rickshaw \u00e9lectrique tr\u00e8s efficace avec une autonomie de 120 km pour les passagers"},"content":{"rendered":"<h2>Linkseride LER-1 Rickshaw \u00e9lectrique tr\u00e8s efficace avec une autonomie de 200KM<\/h2>\n<p>Nous sommes passionn\u00e9s par ce que nous faisons pour notre avenir \u00e9lectrique, notamment <strong><a href=\"https:\/\/www.linkseride.com\/fr_ca\/trike-scooter-electric-tricycle-manufacturer\/\">tricycle \u00e9lectrique<\/a>, <a href=\"https:\/\/www.linkseride.com\/fr_ca\/fat-tire-scooter-electric\/\">scooter \u00e0 pneus larges<\/a>, <a href=\"https:\/\/www.linkseride.com\/fr_ca\/fabricant-de-motos-electriques\/\" target=\"_blank\" rel=\"noopener\">scooter citycoco<\/a>, <a href=\"https:\/\/www.linkseride.com\/fr_ca\/electric-moped-manufacturer\/\" target=\"_blank\" rel=\"noopener\">cyclomoteur \u00e9lectrique<\/a><\/strong> etc.<\/p>\n<p>Voici le pousse-pousse \u00e9lectrique LER-1, la solution ultime pour un transport urbain de passagers durable et efficace. Dot\u00e9 d'un puissant moteur de 1200-2000W et d'une batterie de 80Ah-160Ah, le LER-1 offre une autonomie impressionnante de 120KM avec une seule charge. Ce pousse-pousse \u00e9lectrique tr\u00e8s efficace allie durabilit\u00e9 et confort, avec un habitacle spacieux con\u00e7u pour la commodit\u00e9 des passagers. Son fonctionnement \u00e9cologique garantit l'absence d'\u00e9missions, ce qui en fait un choix id\u00e9al pour les environnements urbains modernes. Am\u00e9liorez votre service de transport avec le pousse-pousse \u00e9lectrique LER-1 et faites l'exp\u00e9rience d'une efficacit\u00e9 et d'une fiabilit\u00e9 in\u00e9gal\u00e9es.<\/p>\n<div id='gallery-1' class='gallery galleryid-10912 gallery-columns-2 gallery-size-full'><figure class='gallery-item'>\n\t\t\t<div class='gallery-icon landscape'>\n\t\t\t\t<img fetchpriority=\"high\" decoding=\"async\" width=\"1040\" height=\"1040\" src=\"https:\/\/www.linkseride.com\/wp-content\/uploads\/2024\/07\/1-4.jpg\" class=\"attachment-full size-full\" alt=\"pousse-pousse \u00e9lectrique\" srcset=\"https:\/\/www.linkseride.com\/wp-content\/uploads\/2024\/07\/1-4.jpg 1040w, https:\/\/www.linkseride.com\/wp-content\/uploads\/2024\/07\/1-4-300x300.jpg 300w, https:\/\/www.linkseride.com\/wp-content\/uploads\/2024\/07\/1-4-1024x1024.jpg 1024w, https:\/\/www.linkseride.com\/wp-content\/uploads\/2024\/07\/1-4-150x150.jpg 150w, https:\/\/www.linkseride.com\/wp-content\/uploads\/2024\/07\/1-4-768x768.jpg 768w, https:\/\/www.linkseride.com\/wp-content\/uploads\/2024\/07\/1-4-600x600.jpg 600w, https:\/\/www.linkseride.com\/wp-content\/uploads\/2024\/07\/1-4-100x100.jpg 100w\" sizes=\"(max-width: 1040px) 100vw, 1040px\" \/>\n\t\t\t<\/div><\/figure><figure class='gallery-item'>\n\t\t\t<div class='gallery-icon landscape'>\n\t\t\t\t<img decoding=\"async\" width=\"1040\" height=\"1040\" src=\"https:\/\/www.linkseride.com\/wp-content\/uploads\/2024\/07\/2-6.jpg\" class=\"attachment-full size-full\" alt=\"pousse-pousse \u00e9lectrique\" srcset=\"https:\/\/www.linkseride.com\/wp-content\/uploads\/2024\/07\/2-6.jpg 1040w, https:\/\/www.linkseride.com\/wp-content\/uploads\/2024\/07\/2-6-300x300.jpg 300w, https:\/\/www.linkseride.com\/wp-content\/uploads\/2024\/07\/2-6-1024x1024.jpg 1024w, https:\/\/www.linkseride.com\/wp-content\/uploads\/2024\/07\/2-6-150x150.jpg 150w, https:\/\/www.linkseride.com\/wp-content\/uploads\/2024\/07\/2-6-768x768.jpg 768w, https:\/\/www.linkseride.com\/wp-content\/uploads\/2024\/07\/2-6-600x600.jpg 600w, https:\/\/www.linkseride.com\/wp-content\/uploads\/2024\/07\/2-6-100x100.jpg 100w\" sizes=\"(max-width: 1040px) 100vw, 1040px\" \/>\n\t\t\t<\/div><\/figure>\n\t\t<\/div>\n\n<h2>Quelles sont les caract\u00e9ristiques de ce pousse-pousse \u00e9lectrique LER-1 ?<\/h2>\n<ul>\n<li>Moteur de moyeu \u00e9lectrique d'une puissance nominale de 1500w\/2000w<\/li>\n<li><strong>60v<\/strong><strong>\u00a0batterie <\/strong>offre une port\u00e9e maximale de 40 miles<\/li>\n<li>id\u00e9e d'utilisation du pousse-pousse \u00e9lectrique pour adultes<\/li>\n<li>Option 6 places avec mat\u00e9riau amortissant pour am\u00e9liorer les sensations de conduite<\/li>\n<li>L'\u00e9cran LCD affiche le compteur de vitesse, le kilom\u00e9trage, la tension et le niveau de puissance.<br \/>\n<table width=\"389\">\n<tbody>\n<tr>\n<td width=\"161\">Puissance du moteur<\/td>\n<td width=\"228\">60V\/72V\/1500W\/2000W<\/td>\n<\/tr>\n<tr>\n<td>Vitesse maximale<\/td>\n<td width=\"228\">40-55Km\/h<\/td>\n<\/tr>\n<tr>\n<td>Batterie<\/td>\n<td>80-160Ah<\/td>\n<\/tr>\n<tr>\n<td>Port\u00e9e maximale<\/td>\n<td>60-200KM<\/td>\n<\/tr>\n<tr>\n<td>passager avec conducteur<\/td>\n<td>6<\/td>\n<\/tr>\n<tr>\n<td>Garde au sol<\/td>\n<td>150 mm<\/td>\n<\/tr>\n<tr>\n<td>Jantes<\/td>\n<td>400-12<\/td>\n<\/tr>\n<tr>\n<td>Chargement maximal<\/td>\n<td>1000kg<\/td>\n<\/tr>\n<tr>\n<td>Frein \u5239\u8f66<\/td>\n<td>tambour de frein<\/td>\n<\/tr>\n<tr>\n<td>Taille du v\u00e9hicule L x L x H (mm)<\/td>\n<td>2900*1200*1700mm<\/td>\n<\/tr>\n<\/tbody>\n<\/table>\n<\/li>\n<\/ul>\n<h2>Pourquoi choisir ce type de pousse-pousse \u00e9lectrique \u00e0 grande autonomie pour 6 passagers ?<\/h2>\n<p>&nbsp;<\/p>\n<p>Nous avons \u00e9galement d'autres mod\u00e8les de scooters de golf \u00e9lectriques \u00e0 conducteur unique, si vous avez besoin de plus d'informations, vous pouvez<a href=\"https:\/\/www.linkseride.com\/fr_ca\/trike-scooter-electric-tricycle-manufacturer\/\" target=\"_blank\" rel=\"noopener\"> Trouvez ici.<\/a><\/p>\n<p>Vous trouverez d'autres vid\u00e9os de pr\u00e9sentation ici : <a href=\"https:\/\/www.youtube.com\/c\/LinksErideTech\" target=\"_blank\" rel=\"noopener\">https:\/\/www.youtube.com\/c\/LinksErideTech<\/a><\/p>","protected":false},"excerpt":{"rendered":"<p>\u25cf Pousse-pousse \u00e9lectrique LER-1 avec moteur \u00e9lectrique \u00e0 moyeu d'une puissance nominale de 1500w\/2000w<\/p>\n<p>\u25cf <strong>60v\/72v<\/strong><strong>\u00a0batterie <\/strong>offre une port\u00e9e maximale de 60 \u00e0 200 km<\/p>\n<p>\u25cf Option 6 places avec mat\u00e9riau amortissant pour am\u00e9liorer les sensations de conduite.<\/p>\n<p>\u25cf L'\u00e9cran LCD affiche le compteur de vitesse, le kilom\u00e9trage, la tension, le niveau de puissance.<\/p>","protected":false},"featured_media":10913,"template":"","meta":{"site-sidebar-layout":"default","site-content-layout":"default","ast-site-content-layout":"default","site-content-style":"default","site-sidebar-style":"default","ast-global-header-display":"","ast-banner-title-visibility":"","ast-main-header-display":"","ast-hfb-above-header-display":"","ast-hfb-below-header-display":"","ast-hfb-mobile-header-display":"","site-post-title":"","ast-breadcrumbs-content":"","ast-featured-img":"","footer-sml-layout":"","ast-disable-related-posts":"","theme-transparent-header-meta":"default","adv-header-id-meta":"","stick-header-meta":"","header-above-stick-meta":"","header-main-stick-meta":"","header-below-stick-meta":"","astra-migrate-meta-layouts":"set","ast-page-background-enabled":"default","ast-page-background-meta":{"desktop":{"background-color":"","background-image":"","background-repeat":"repeat","background-position":"center center","background-size":"auto","background-attachment":"scroll","background-type":"","background-media":"","overlay-type":"","overlay-color":"","overlay-opacity":"","overlay-gradient":""},"tablet":{"background-color":"","background-image":"","background-repeat":"repeat","background-position":"center center","background-size":"auto","background-attachment":"scroll","background-type":"","background-media":"","overlay-type":"","overlay-color":"","overlay-opacity":"","overlay-gradient":""},"mobile":{"background-color":"","background-image":"","background-repeat":"repeat","background-position":"center center","background-size":"auto","background-attachment":"scroll","background-type":"","background-media":"","overlay-type":"","overlay-color":"","overlay-opacity":"","overlay-gradient":""}},"ast-content-background-meta":{"desktop":{"background-color":"var(--ast-global-color-5)","background-image":"","background-repeat":"repeat","background-position":"center center","background-size":"auto","background-attachment":"scroll","background-type":"","background-media":"","overlay-type":"","overlay-color":"","overlay-opacity":"","overlay-gradient":""},"tablet":{"background-color":"var(--ast-global-color-5)","background-image":"","background-repeat":"repeat","background-position":"center center","background-size":"auto","background-attachment":"scroll","background-type":"","background-media":"","overlay-type":"","overlay-color":"","overlay-opacity":"","overlay-gradient":""},"mobile":{"background-color":"var(--ast-global-color-5)","background-image":"","background-repeat":"repeat","background-position":"center center","background-size":"auto","background-attachment":"scroll","background-type":"","background-media":"","overlay-type":"","overlay-color":"","overlay-opacity":"","overlay-gradient":""}}},"product_brand":[],"product_cat":[28],"product_tag":[38,47,48],"class_list":{"0":"post-10912","1":"product","2":"type-product","3":"status-publish","4":"has-post-thumbnail","6":"product_cat-electric-scooter","7":"product_tag-citycoco-scooter","8":"product_tag-golf-scooter","9":"product_tag-single-rider-golf-scooter","10":"desktop-align-left","11":"tablet-align-left","12":"mobile-align-left","14":"first","15":"instock","16":"shipping-taxable","17":"product-type-simple"},"_links":{"self":[{"href":"https:\/\/www.linkseride.com\/fr_ca\/wp-json\/wp\/v2\/product\/10912","targetHints":{"allow":["GET"]}}],"collection":[{"href":"https:\/\/www.linkseride.com\/fr_ca\/wp-json\/wp\/v2\/product"}],"about":[{"href":"https:\/\/www.linkseride.com\/fr_ca\/wp-json\/wp\/v2\/types\/product"}],"wp:featuredmedia":[{"embeddable":true,"href":"https:\/\/www.linkseride.com\/fr_ca\/wp-json\/wp\/v2\/media\/10913"}],"wp:attachment":[{"href":"https:\/\/www.linkseride.com\/fr_ca\/wp-json\/wp\/v2\/media?parent=10912"}],"wp:term":[{"taxonomy":"product_brand","embeddable":true,"href":"https:\/\/www.linkseride.com\/fr_ca\/wp-json\/wp\/v2\/product_brand?post=10912"},{"taxonomy":"product_cat","embeddable":true,"href":"https:\/\/www.linkseride.com\/fr_ca\/wp-json\/wp\/v2\/product_cat?post=10912"},{"taxonomy":"product_tag","embeddable":true,"href":"https:\/\/www.linkseride.com\/fr_ca\/wp-json\/wp\/v2\/product_tag?post=10912"}],"curies":[{"name":"wp","href":"https:\/\/api.w.org\/{rel}","templated":true}]}}