{"id":11121,"date":"2025-04-01T11:54:29","date_gmt":"2025-04-01T11:54:29","guid":{"rendered":"https:\/\/www.linkseride.com\/?post_type=product&#038;p=11121"},"modified":"2025-04-01T12:02:16","modified_gmt":"2025-04-01T12:02:16","slug":"linkseride-cp7-electric-trike-golf-cart","status":"publish","type":"product","link":"https:\/\/www.linkseride.com\/fr_ca\/product\/linkseride-cp7-electric-trike-golf-cart\/","title":{"rendered":"Linkseride CP7 Electric Trike Golf Cart"},"content":{"rendered":"<h2>Linkseride CP7 Electric Trike Golf Cart<\/h2>\n<p>Le CP7 Golf Trike est un trike \u00e9lectrique innovant \u00e0 trois roues sp\u00e9cialement con\u00e7u pour \u00eatre utilis\u00e9 sur le terrain de golf. Il allie fonctionnalit\u00e9 et style, offrant une exp\u00e9rience de golf unique.<\/p>\n<p>&nbsp;<\/p>\n<p>&nbsp;<\/p>\n<div id='gallery-1' class='gallery galleryid-11121 gallery-columns-2 gallery-size-full'><figure class='gallery-item'>\n\t\t\t<div class='gallery-icon landscape'>\n\t\t\t\t<img fetchpriority=\"high\" decoding=\"async\" width=\"2560\" height=\"1707\" src=\"https:\/\/www.linkseride.com\/wp-content\/uploads\/2024\/07\/2-2-scaled.jpg\" class=\"attachment-full size-full\" alt=\"chariot de golf \u00e9lectrique trike\" srcset=\"https:\/\/www.linkseride.com\/wp-content\/uploads\/2024\/07\/2-2-scaled.jpg 2560w, https:\/\/www.linkseride.com\/wp-content\/uploads\/2024\/07\/2-2-300x200.jpg 300w, https:\/\/www.linkseride.com\/wp-content\/uploads\/2024\/07\/2-2-1024x683.jpg 1024w, https:\/\/www.linkseride.com\/wp-content\/uploads\/2024\/07\/2-2-768x512.jpg 768w, https:\/\/www.linkseride.com\/wp-content\/uploads\/2024\/07\/2-2-1536x1024.jpg 1536w, https:\/\/www.linkseride.com\/wp-content\/uploads\/2024\/07\/2-2-2048x1365.jpg 2048w, https:\/\/www.linkseride.com\/wp-content\/uploads\/2024\/07\/2-2-600x400.jpg 600w\" sizes=\"(max-width: 2560px) 100vw, 2560px\" \/>\n\t\t\t<\/div><\/figure><figure class='gallery-item'>\n\t\t\t<div class='gallery-icon landscape'>\n\t\t\t\t<img decoding=\"async\" width=\"2560\" height=\"1707\" src=\"https:\/\/www.linkseride.com\/wp-content\/uploads\/2024\/07\/4-scaled.jpg\" class=\"attachment-full size-full\" alt=\"chariot de golf \u00e9lectrique trike\" srcset=\"https:\/\/www.linkseride.com\/wp-content\/uploads\/2024\/07\/4-scaled.jpg 2560w, https:\/\/www.linkseride.com\/wp-content\/uploads\/2024\/07\/4-300x200.jpg 300w, https:\/\/www.linkseride.com\/wp-content\/uploads\/2024\/07\/4-1024x683.jpg 1024w, https:\/\/www.linkseride.com\/wp-content\/uploads\/2024\/07\/4-768x512.jpg 768w, https:\/\/www.linkseride.com\/wp-content\/uploads\/2024\/07\/4-1536x1024.jpg 1536w, https:\/\/www.linkseride.com\/wp-content\/uploads\/2024\/07\/4-2048x1365.jpg 2048w, https:\/\/www.linkseride.com\/wp-content\/uploads\/2024\/07\/4-600x400.jpg 600w\" sizes=\"(max-width: 2560px) 100vw, 2560px\" \/>\n\t\t\t<\/div><\/figure>\n\t\t<\/div>\n\n<div id='gallery-2' class='gallery galleryid-11121 gallery-columns-2 gallery-size-full'><figure class='gallery-item'>\n\t\t\t<div class='gallery-icon landscape'>\n\t\t\t\t<img decoding=\"async\" width=\"2560\" height=\"1707\" src=\"https:\/\/www.linkseride.com\/wp-content\/uploads\/2024\/07\/3-1-scaled.jpg\" class=\"attachment-full size-full\" alt=\"chariot de golf \u00e9lectrique trike\" srcset=\"https:\/\/www.linkseride.com\/wp-content\/uploads\/2024\/07\/3-1-scaled.jpg 2560w, https:\/\/www.linkseride.com\/wp-content\/uploads\/2024\/07\/3-1-300x200.jpg 300w, https:\/\/www.linkseride.com\/wp-content\/uploads\/2024\/07\/3-1-1024x683.jpg 1024w, https:\/\/www.linkseride.com\/wp-content\/uploads\/2024\/07\/3-1-768x512.jpg 768w, https:\/\/www.linkseride.com\/wp-content\/uploads\/2024\/07\/3-1-1536x1024.jpg 1536w, https:\/\/www.linkseride.com\/wp-content\/uploads\/2024\/07\/3-1-2048x1365.jpg 2048w, https:\/\/www.linkseride.com\/wp-content\/uploads\/2024\/07\/3-1-600x400.jpg 600w\" sizes=\"(max-width: 2560px) 100vw, 2560px\" \/>\n\t\t\t<\/div><\/figure><figure class='gallery-item'>\n\t\t\t<div class='gallery-icon landscape'>\n\t\t\t\t<img loading=\"lazy\" decoding=\"async\" width=\"2560\" height=\"1707\" src=\"https:\/\/www.linkseride.com\/wp-content\/uploads\/2024\/07\/7-scaled.jpg\" class=\"attachment-full size-full\" alt=\"chariot de golf \u00e9lectrique trike\" srcset=\"https:\/\/www.linkseride.com\/wp-content\/uploads\/2024\/07\/7-scaled.jpg 2560w, https:\/\/www.linkseride.com\/wp-content\/uploads\/2024\/07\/7-300x200.jpg 300w, https:\/\/www.linkseride.com\/wp-content\/uploads\/2024\/07\/7-1024x683.jpg 1024w, https:\/\/www.linkseride.com\/wp-content\/uploads\/2024\/07\/7-768x512.jpg 768w, https:\/\/www.linkseride.com\/wp-content\/uploads\/2024\/07\/7-1536x1024.jpg 1536w, https:\/\/www.linkseride.com\/wp-content\/uploads\/2024\/07\/7-2048x1365.jpg 2048w, https:\/\/www.linkseride.com\/wp-content\/uploads\/2024\/07\/7-600x400.jpg 600w\" sizes=\"(max-width: 2560px) 100vw, 2560px\" \/>\n\t\t\t<\/div><\/figure>\n\t\t<\/div>\n\n<h2><\/h2>\n<h2><img loading=\"lazy\" decoding=\"async\" class=\"alignnone wp-image-11016 size-full\" src=\"https:\/\/www.linkseride.com\/wp-content\/uploads\/2024\/07\/CP7.png\" alt=\"\" width=\"1280\" height=\"720\" srcset=\"https:\/\/www.linkseride.com\/wp-content\/uploads\/2024\/07\/CP7.png 1280w, https:\/\/www.linkseride.com\/wp-content\/uploads\/2024\/07\/CP7-300x169.png 300w, https:\/\/www.linkseride.com\/wp-content\/uploads\/2024\/07\/CP7-1024x576.png 1024w, https:\/\/www.linkseride.com\/wp-content\/uploads\/2024\/07\/CP7-768x432.png 768w, https:\/\/www.linkseride.com\/wp-content\/uploads\/2024\/07\/CP7-600x338.png 600w\" sizes=\"(max-width: 1280px) 100vw, 1280px\" \/><\/h2>\n<h2>Avantages des scooters de golf unipersonnels<\/h2>\n<ol>\n<li><b>Man\u0153uvrabilit\u00e9 am\u00e9lior\u00e9e <\/b>Le design compact des scooters de golf pour une personne facilite la navigation sur le parcours, ce qui permet aux golfeurs de prendre des raccourcis et d'atteindre leurs balles de golf plus efficacement.<\/li>\n<li><b>Efficacit\u00e9 temporelle <\/b>Gr\u00e2ce au transport individuel, les golfeurs peuvent se d\u00e9placer \u00e0 leur propre rythme, ce qui peut acc\u00e9l\u00e9rer le jeu. Il n'est pas n\u00e9cessaire d'attendre qu'un chariot commun atteigne chaque emplacement, ce qui peut r\u00e9duire consid\u00e9rablement la dur\u00e9e du parcours.<\/li>\n<li><b>R\u00e9duction de l'usure du parcours <\/b>Plus l\u00e9gers que les chariots de golf traditionnels, les scooters unipersonnels exercent moins de pression sur le gazon, ce qui minimise les dommages et pr\u00e9serve l'\u00e9tat du parcours.<\/li>\n<\/ol>\n<table>\n<tbody>\n<tr>\n<td>Fonctionnalit\u00e9<\/td>\n<td>Description<\/td>\n<\/tr>\n<tr>\n<td>Vitesse maximale<\/td>\n<td>25 km\/h<\/td>\n<\/tr>\n<tr>\n<td>Moteur<\/td>\n<td>Moteur \u00e9tanche \u00e0 haut rendement et \u00e0 couple \u00e9lev\u00e9<\/td>\n<\/tr>\n<tr>\n<td>Capacit\u00e9 de la batterie<\/td>\n<td>(2) Packs de batteries lithium-ion 60v<\/td>\n<\/tr>\n<tr>\n<td>Capacit\u00e9 de poids<\/td>\n<td>300 lbs<\/td>\n<\/tr>\n<tr>\n<td>Taille des pneus<\/td>\n<td>Pneus Tubeless 225\/40-10 sur jantes chrom\u00e9es<\/td>\n<\/tr>\n<tr>\n<td>Dimensions<\/td>\n<td>85\u201d L x 37\u201d L x 44\u201d H<\/td>\n<\/tr>\n<tr>\n<td>Freins<\/td>\n<td>Freins \u00e0 disques hydrauliques avant et arri\u00e8re<\/td>\n<\/tr>\n<tr>\n<td>Chargeur<\/td>\n<td>Chargeur 60 volts, 3 amp\u00e8res<\/td>\n<\/tr>\n<\/tbody>\n<\/table>\n<p>&nbsp;<\/p>","protected":false},"excerpt":{"rendered":"<p>\u25cf CP7 Electric Trike Golf Cart avec moteur \u00e0 moyeu \u00e9lectrique<\/p>\n<p>\u25cf con\u00e7u pour les terrains de golf uniquement, chariot de golf \u00e9lectrique \u00e0 trois roues<\/p>\n<p>\u25cf Option 1 place avec mat\u00e9riau amortissant pour am\u00e9liorer les sensations de conduite.<\/p>\n<p>\u25cf L'\u00e9cran LCD affiche le compteur de vitesse, le kilom\u00e9trage, la tension, le niveau de puissance.<\/p>","protected":false},"featured_media":10890,"template":"","meta":{"site-sidebar-layout":"default","site-content-layout":"default","ast-site-content-layout":"default","site-content-style":"default","site-sidebar-style":"default","ast-global-header-display":"","ast-banner-title-visibility":"","ast-main-header-display":"","ast-hfb-above-header-display":"","ast-hfb-below-header-display":"","ast-hfb-mobile-header-display":"","site-post-title":"","ast-breadcrumbs-content":"","ast-featured-img":"","footer-sml-layout":"","ast-disable-related-posts":"","theme-transparent-header-meta":"default","adv-header-id-meta":"","stick-header-meta":"","header-above-stick-meta":"","header-main-stick-meta":"","header-below-stick-meta":"","astra-migrate-meta-layouts":"set","ast-page-background-enabled":"default","ast-page-background-meta":{"desktop":{"background-color":"","background-image":"","background-repeat":"repeat","background-position":"center center","background-size":"auto","background-attachment":"scroll","background-type":"","background-media":"","overlay-type":"","overlay-color":"","overlay-opacity":"","overlay-gradient":""},"tablet":{"background-color":"","background-image":"","background-repeat":"repeat","background-position":"center center","background-size":"auto","background-attachment":"scroll","background-type":"","background-media":"","overlay-type":"","overlay-color":"","overlay-opacity":"","overlay-gradient":""},"mobile":{"background-color":"","background-image":"","background-repeat":"repeat","background-position":"center center","background-size":"auto","background-attachment":"scroll","background-type":"","background-media":"","overlay-type":"","overlay-color":"","overlay-opacity":"","overlay-gradient":""}},"ast-content-background-meta":{"desktop":{"background-color":"var(--ast-global-color-5)","background-image":"","background-repeat":"repeat","background-position":"center center","background-size":"auto","background-attachment":"scroll","background-type":"","background-media":"","overlay-type":"","overlay-color":"","overlay-opacity":"","overlay-gradient":""},"tablet":{"background-color":"var(--ast-global-color-5)","background-image":"","background-repeat":"repeat","background-position":"center center","background-size":"auto","background-attachment":"scroll","background-type":"","background-media":"","overlay-type":"","overlay-color":"","overlay-opacity":"","overlay-gradient":""},"mobile":{"background-color":"var(--ast-global-color-5)","background-image":"","background-repeat":"repeat","background-position":"center center","background-size":"auto","background-attachment":"scroll","background-type":"","background-media":"","overlay-type":"","overlay-color":"","overlay-opacity":"","overlay-gradient":""}}},"product_brand":[],"product_cat":[28],"product_tag":[38,47,48],"class_list":{"0":"post-11121","1":"product","2":"type-product","3":"status-publish","4":"has-post-thumbnail","6":"product_cat-electric-scooter","7":"product_tag-citycoco-scooter","8":"product_tag-golf-scooter","9":"product_tag-single-rider-golf-scooter","10":"desktop-align-left","11":"tablet-align-left","12":"mobile-align-left","14":"first","15":"instock","16":"shipping-taxable","17":"product-type-simple"},"_links":{"self":[{"href":"https:\/\/www.linkseride.com\/fr_ca\/wp-json\/wp\/v2\/product\/11121","targetHints":{"allow":["GET"]}}],"collection":[{"href":"https:\/\/www.linkseride.com\/fr_ca\/wp-json\/wp\/v2\/product"}],"about":[{"href":"https:\/\/www.linkseride.com\/fr_ca\/wp-json\/wp\/v2\/types\/product"}],"wp:featuredmedia":[{"embeddable":true,"href":"https:\/\/www.linkseride.com\/fr_ca\/wp-json\/wp\/v2\/media\/10890"}],"wp:attachment":[{"href":"https:\/\/www.linkseride.com\/fr_ca\/wp-json\/wp\/v2\/media?parent=11121"}],"wp:term":[{"taxonomy":"product_brand","embeddable":true,"href":"https:\/\/www.linkseride.com\/fr_ca\/wp-json\/wp\/v2\/product_brand?post=11121"},{"taxonomy":"product_cat","embeddable":true,"href":"https:\/\/www.linkseride.com\/fr_ca\/wp-json\/wp\/v2\/product_cat?post=11121"},{"taxonomy":"product_tag","embeddable":true,"href":"https:\/\/www.linkseride.com\/fr_ca\/wp-json\/wp\/v2\/product_tag?post=11121"}],"curies":[{"name":"wp","href":"https:\/\/api.w.org\/{rel}","templated":true}]}}