{"id":11192,"date":"2025-05-20T04:42:50","date_gmt":"2025-05-20T04:42:50","guid":{"rendered":"https:\/\/www.linkseride.com\/?post_type=product&#038;p=11192"},"modified":"2026-02-28T02:53:08","modified_gmt":"2026-02-28T02:53:08","slug":"cheap-electric-citycoco-scooter","status":"publish","type":"product","link":"https:\/\/www.linkseride.com\/fr_ca\/product\/cheap-electric-citycoco-scooter\/","title":{"rendered":"Cheap Electric Citycoco Scooter 1.3m Wheelbase Brazilian E-Scooter 60V"},"content":{"rendered":"<h2>Cheap Electric Citycoco Scooter 1.3m Wheelbase Brazilian E-Scooter 60V<\/h2>\n<p>Nous sommes passionn\u00e9s par ce que nous faisons pour notre avenir \u00e9lectrique, notamment <strong>les scooters \u00e9lectriques, <a href=\"https:\/\/www.linkseride.com\/fr_ca\/fabricant-de-motos-electriques\/\" target=\"_blank\" rel=\"noopener\">scooter \u00e0 pneus larges<\/a>, <a href=\"https:\/\/www.linkseride.com\/fr_ca\/fabricant-de-motos-electriques\/\" target=\"_blank\" rel=\"noopener\">scooter citycoco<\/a>, <a href=\"https:\/\/www.linkseride.com\/fr_ca\/electric-moped-manufacturer\/\" target=\"_blank\" rel=\"noopener\">cyclomoteur \u00e9lectrique<\/a><\/strong> etc.<\/p>\n<p>This Electric Scooter Brazil Mini Electric Citycoco Scooter 1500W making your daily life safer,more fun and more comfortable!<\/p>\n<h2>What is the features of this Cheap Electric Citycoco Scooter 1.3m Wheelbase<\/h2>\n<table>\n<tbody>\n<tr>\n<td width=\"265\">TAILLE DU V\u00c9HICULE<\/td>\n<td width=\"333\">1500 \u00d7 630 \u00d7 920 mm<\/td>\n<\/tr>\n<tr>\n<td width=\"265\">DIMENSIONS DE L'EMBALLAGE<\/td>\n<td width=\"333\">1250 \u00d7 400 \u00d7 750 mm<\/td>\n<\/tr>\n<tr>\n<td width=\"265\">FRAME MATERIAL<\/td>\n<td width=\"333\">fer<\/td>\n<\/tr>\n<tr>\n<td width=\"265\">SPEED (km\/h)<\/td>\n<td width=\"333\">limit 32km\/h, release 45km\/h<\/td>\n<\/tr>\n<tr>\n<td width=\"265\">CHOC<\/td>\n<td width=\"333\">DOUBLE<\/td>\n<\/tr>\n<tr>\n<td width=\"265\">RATED VOLTAGE(V)<\/td>\n<td width=\"333\">60 V<\/td>\n<\/tr>\n<tr>\n<td width=\"265\">CAPACITY(mAh)<\/td>\n<td width=\"333\">12 Ah              20 Ah<\/td>\n<\/tr>\n<tr>\n<td width=\"265\">RANGE(km)<\/td>\n<td width=\"333\">25-30 km        40-45 km<\/td>\n<\/tr>\n<tr>\n<td width=\"265\">SMART BMS<\/td>\n<td width=\"333\">Charge d'\u00e9quilibrage \/ Protection contre les surcharges \/ Protection contre les basses tensions \/ Protection contre les temp\u00e9ratures \u00e9lev\u00e9es<\/td>\n<\/tr>\n<tr>\n<td width=\"265\">PUISSANCE NOMINALE (W)<\/td>\n<td width=\"333\">1000 W<\/td>\n<\/tr>\n<tr>\n<td width=\"265\">GRADIENT<\/td>\n<td width=\"333\">\u226440\u00b0<\/td>\n<\/tr>\n<tr>\n<td width=\"265\">CERTIFICAT<\/td>\n<td width=\"333\">CE, ROHS<\/td>\n<\/tr>\n<tr>\n<td width=\"265\">Temps de charge<\/td>\n<td width=\"333\">4 \u00e0 6 heures<\/td>\n<\/tr>\n<tr>\n<td width=\"265\">TENSION D'ENTR\u00c9E (V)<\/td>\n<td width=\"333\">100 ~ 240 V<\/td>\n<\/tr>\n<tr>\n<td width=\"265\">TENSION DE SORTIE (V)<\/td>\n<td width=\"333\">67,2 V<\/td>\n<\/tr>\n<tr>\n<td width=\"265\">COURANT NOMINAL (A)<\/td>\n<td width=\"333\">2A<\/td>\n<\/tr>\n<tr>\n<td width=\"265\">CERTIFICAT<\/td>\n<td width=\"333\">CE, UL, SAA<\/td>\n<\/tr>\n<tr>\n<td width=\"265\">PNEU AVANT<\/td>\n<td width=\"333\">225\/40-8inch tubeless tire<\/td>\n<\/tr>\n<tr>\n<td width=\"265\">PNEU ARRI\u00c8RE<\/td>\n<td width=\"333\">225\/40-8inch tubeless tire<\/td>\n<\/tr>\n<tr>\n<td width=\"265\">FREIN : (Avant 1 TP 4 Arri\u00e8re)<\/td>\n<td width=\"333\">Frein \u00e0 disque hydraulique<\/td>\n<\/tr>\n<tr>\n<td width=\"265\">N.W<\/td>\n<td width=\"333\">55 kg<\/td>\n<\/tr>\n<\/tbody>\n<\/table>\n<p>We&#8217;ve also got other short wheelbase electric scooter models, if you need more info, you can<a href=\"https:\/\/www.linkseride.com\/fr_ca\/electric-scooter-manufacturer\/\"> Trouvez ici.<\/a><\/p>\n<p>Vous trouverez d'autres vid\u00e9os de pr\u00e9sentation ici : <a href=\"https:\/\/www.youtube.com\/c\/LinksErideTech\" target=\"_blank\" rel=\"noopener\">https:\/\/www.youtube.com\/c\/LinksErideTech<\/a><\/p>\n<div class=\"ast-oembed-container\" style=\"height: 100%;\"><iframe title=\"Cheap Electric Citycoco Scooter 1.3m short Wheelbase\" width=\"500\" height=\"281\" src=\"https:\/\/www.youtube.com\/embed\/hnkQSUD2KzU?feature=oembed&#038;enablejsapi=1&#038;origin=https:\/\/www.linkseride.com\" frameborder=\"0\" allow=\"accelerometer; autoplay; clipboard-write; encrypted-media; gyroscope; picture-in-picture; web-share\" referrerpolicy=\"strict-origin-when-cross-origin\" allowfullscreen><\/iframe><\/div>","protected":false},"excerpt":{"rendered":"<p>\u25cf Cheap Electric Citycoc 1000w rated power electric hub motor<\/p>\n<p>\u25cf <strong>60v\/12Ah 20Ah<\/strong>\u00a0<strong>\u00a0batterie <\/strong>offre une port\u00e9e maximale de 40 miles<\/p>\n<p>\u25cf different usage with the electric trike golf cart, either for adults or for electric trike golf cart<\/p>\n<p>\u25cf Option 1 place avec mat\u00e9riau amortissant pour am\u00e9liorer les sensations de conduite.<\/p>\n<p>\u25cf L'\u00e9cran LCD affiche le compteur de vitesse, le kilom\u00e9trage, la tension, le niveau de puissance.<\/p>","protected":false},"featured_media":11200,"template":"","meta":{"site-sidebar-layout":"default","site-content-layout":"default","ast-site-content-layout":"default","site-content-style":"default","site-sidebar-style":"default","ast-global-header-display":"","ast-banner-title-visibility":"","ast-main-header-display":"","ast-hfb-above-header-display":"","ast-hfb-below-header-display":"","ast-hfb-mobile-header-display":"","site-post-title":"","ast-breadcrumbs-content":"","ast-featured-img":"","footer-sml-layout":"","ast-disable-related-posts":"","theme-transparent-header-meta":"default","adv-header-id-meta":"","stick-header-meta":"","header-above-stick-meta":"","header-main-stick-meta":"","header-below-stick-meta":"","astra-migrate-meta-layouts":"set","ast-page-background-enabled":"default","ast-page-background-meta":{"desktop":{"background-color":"","background-image":"","background-repeat":"repeat","background-position":"center center","background-size":"auto","background-attachment":"scroll","background-type":"","background-media":"","overlay-type":"","overlay-color":"","overlay-opacity":"","overlay-gradient":""},"tablet":{"background-color":"","background-image":"","background-repeat":"repeat","background-position":"center center","background-size":"auto","background-attachment":"scroll","background-type":"","background-media":"","overlay-type":"","overlay-color":"","overlay-opacity":"","overlay-gradient":""},"mobile":{"background-color":"","background-image":"","background-repeat":"repeat","background-position":"center center","background-size":"auto","background-attachment":"scroll","background-type":"","background-media":"","overlay-type":"","overlay-color":"","overlay-opacity":"","overlay-gradient":""}},"ast-content-background-meta":{"desktop":{"background-color":"var(--ast-global-color-5)","background-image":"","background-repeat":"repeat","background-position":"center center","background-size":"auto","background-attachment":"scroll","background-type":"","background-media":"","overlay-type":"","overlay-color":"","overlay-opacity":"","overlay-gradient":""},"tablet":{"background-color":"var(--ast-global-color-5)","background-image":"","background-repeat":"repeat","background-position":"center center","background-size":"auto","background-attachment":"scroll","background-type":"","background-media":"","overlay-type":"","overlay-color":"","overlay-opacity":"","overlay-gradient":""},"mobile":{"background-color":"var(--ast-global-color-5)","background-image":"","background-repeat":"repeat","background-position":"center center","background-size":"auto","background-attachment":"scroll","background-type":"","background-media":"","overlay-type":"","overlay-color":"","overlay-opacity":"","overlay-gradient":""}}},"product_brand":[],"product_cat":[28],"product_tag":[38],"class_list":{"0":"post-11192","1":"product","2":"type-product","3":"status-publish","4":"has-post-thumbnail","6":"product_cat-electric-scooter","7":"product_tag-citycoco-scooter","8":"desktop-align-left","9":"tablet-align-left","10":"mobile-align-left","12":"first","13":"instock","14":"shipping-taxable","15":"product-type-simple"},"_links":{"self":[{"href":"https:\/\/www.linkseride.com\/fr_ca\/wp-json\/wp\/v2\/product\/11192","targetHints":{"allow":["GET"]}}],"collection":[{"href":"https:\/\/www.linkseride.com\/fr_ca\/wp-json\/wp\/v2\/product"}],"about":[{"href":"https:\/\/www.linkseride.com\/fr_ca\/wp-json\/wp\/v2\/types\/product"}],"wp:featuredmedia":[{"embeddable":true,"href":"https:\/\/www.linkseride.com\/fr_ca\/wp-json\/wp\/v2\/media\/11200"}],"wp:attachment":[{"href":"https:\/\/www.linkseride.com\/fr_ca\/wp-json\/wp\/v2\/media?parent=11192"}],"wp:term":[{"taxonomy":"product_brand","embeddable":true,"href":"https:\/\/www.linkseride.com\/fr_ca\/wp-json\/wp\/v2\/product_brand?post=11192"},{"taxonomy":"product_cat","embeddable":true,"href":"https:\/\/www.linkseride.com\/fr_ca\/wp-json\/wp\/v2\/product_cat?post=11192"},{"taxonomy":"product_tag","embeddable":true,"href":"https:\/\/www.linkseride.com\/fr_ca\/wp-json\/wp\/v2\/product_tag?post=11192"}],"curies":[{"name":"wp","href":"https:\/\/api.w.org\/{rel}","templated":true}]}}