{"id":11559,"date":"2026-01-23T10:36:57","date_gmt":"2026-01-23T10:36:57","guid":{"rendered":"https:\/\/www.linkseride.com\/?post_type=product&#038;p=11559"},"modified":"2026-01-24T07:37:45","modified_gmt":"2026-01-24T07:37:45","slug":"cyclomoteur-electrique-a-grande-autonomie-1000w","status":"publish","type":"product","link":"https:\/\/www.linkseride.com\/fr_ca\/product\/long-range-electric-moped-1000w\/","title":{"rendered":"Cyclomoteur \u00e9lectrique 1000w M5 \u00e0 longue autonomie pour les d\u00e9placements quotidiens"},"content":{"rendered":"<h2>Cyclomoteur \u00e9lectrique 1000w M5 \u00e0 longue autonomie pour les d\u00e9placements quotidiens<\/h2>\n<p>Nous sommes passionn\u00e9s par ce que nous faisons pour notre avenir \u00e9lectrique, notamment <strong><a href=\"https:\/\/www.linkseride.com\/fr_ca\/electric-scooter-manufacturer\/\" target=\"_blank\" rel=\"noopener\">scooters \u00e9lectriques<\/a>, <a href=\"https:\/\/www.linkseride.com\/fr_ca\/fabricant-de-motos-electriques\/\" target=\"_blank\" rel=\"noopener\">scooter \u00e0 pneus larges<\/a>, <a href=\"https:\/\/www.linkseride.com\/fr_ca\/fabricant-de-motos-electriques\/\" target=\"_blank\" rel=\"noopener\">scooter citycoco<\/a>, <a href=\"https:\/\/www.linkseride.com\/fr_ca\/electric-moped-manufacturer\/\" target=\"_blank\" rel=\"noopener\">cyclomoteur \u00e9lectrique<\/a><\/strong> etc.<\/p>\n<p>Ce cyclomoteur \u00e9lectrique \u00e0 longue autonomie (1000W M5) est con\u00e7u pour des d\u00e9placements quotidiens fiables, offrant des options de batterie flexibles avec des packs au plomb-acide ou au lithium. Son moteur, d'une puissance comprise entre 1000 et 1500 W, offre des performances stables. Son design \u00e9pur\u00e9 et moderne peut \u00eatre rehauss\u00e9 d'un \u00e9clairage au n\u00e9on en option.<\/p>\n<div id='gallery-1' class='gallery galleryid-11559 gallery-columns-4 gallery-size-full'><figure class='gallery-item'>\n\t\t\t<div class='gallery-icon portrait'>\n\t\t\t\t<img fetchpriority=\"high\" decoding=\"async\" width=\"1279\" height=\"1706\" src=\"https:\/\/www.linkseride.com\/wp-content\/uploads\/2026\/01\/long-range-electric-moped-M5-1.jpg\" class=\"attachment-full size-full\" alt=\"\" srcset=\"https:\/\/www.linkseride.com\/wp-content\/uploads\/2026\/01\/long-range-electric-moped-M5-1.jpg 1279w, https:\/\/www.linkseride.com\/wp-content\/uploads\/2026\/01\/long-range-electric-moped-M5-1-225x300.jpg 225w, https:\/\/www.linkseride.com\/wp-content\/uploads\/2026\/01\/long-range-electric-moped-M5-1-768x1024.jpg 768w, https:\/\/www.linkseride.com\/wp-content\/uploads\/2026\/01\/long-range-electric-moped-M5-1-1152x1536.jpg 1152w, https:\/\/www.linkseride.com\/wp-content\/uploads\/2026\/01\/long-range-electric-moped-M5-1-9x12.jpg 9w, https:\/\/www.linkseride.com\/wp-content\/uploads\/2026\/01\/long-range-electric-moped-M5-1-600x800.jpg 600w\" sizes=\"(max-width: 1279px) 100vw, 1279px\" \/>\n\t\t\t<\/div><\/figure><figure class='gallery-item'>\n\t\t\t<div class='gallery-icon portrait'>\n\t\t\t\t<img decoding=\"async\" width=\"1279\" height=\"1706\" src=\"https:\/\/www.linkseride.com\/wp-content\/uploads\/2026\/01\/long-range-electric-moped-M5-2.jpg\" class=\"attachment-full size-full\" alt=\"\" srcset=\"https:\/\/www.linkseride.com\/wp-content\/uploads\/2026\/01\/long-range-electric-moped-M5-2.jpg 1279w, https:\/\/www.linkseride.com\/wp-content\/uploads\/2026\/01\/long-range-electric-moped-M5-2-225x300.jpg 225w, https:\/\/www.linkseride.com\/wp-content\/uploads\/2026\/01\/long-range-electric-moped-M5-2-768x1024.jpg 768w, https:\/\/www.linkseride.com\/wp-content\/uploads\/2026\/01\/long-range-electric-moped-M5-2-1152x1536.jpg 1152w, https:\/\/www.linkseride.com\/wp-content\/uploads\/2026\/01\/long-range-electric-moped-M5-2-9x12.jpg 9w, https:\/\/www.linkseride.com\/wp-content\/uploads\/2026\/01\/long-range-electric-moped-M5-2-600x800.jpg 600w\" sizes=\"(max-width: 1279px) 100vw, 1279px\" \/>\n\t\t\t<\/div><\/figure><figure class='gallery-item'>\n\t\t\t<div class='gallery-icon portrait'>\n\t\t\t\t<img decoding=\"async\" width=\"1279\" height=\"1706\" src=\"https:\/\/www.linkseride.com\/wp-content\/uploads\/2026\/01\/long-range-electric-moped-M5-3.jpg\" class=\"attachment-full size-full\" alt=\"\" srcset=\"https:\/\/www.linkseride.com\/wp-content\/uploads\/2026\/01\/long-range-electric-moped-M5-3.jpg 1279w, https:\/\/www.linkseride.com\/wp-content\/uploads\/2026\/01\/long-range-electric-moped-M5-3-225x300.jpg 225w, https:\/\/www.linkseride.com\/wp-content\/uploads\/2026\/01\/long-range-electric-moped-M5-3-768x1024.jpg 768w, https:\/\/www.linkseride.com\/wp-content\/uploads\/2026\/01\/long-range-electric-moped-M5-3-1152x1536.jpg 1152w, https:\/\/www.linkseride.com\/wp-content\/uploads\/2026\/01\/long-range-electric-moped-M5-3-9x12.jpg 9w, https:\/\/www.linkseride.com\/wp-content\/uploads\/2026\/01\/long-range-electric-moped-M5-3-600x800.jpg 600w\" sizes=\"(max-width: 1279px) 100vw, 1279px\" \/>\n\t\t\t<\/div><\/figure><figure class='gallery-item'>\n\t\t\t<div class='gallery-icon portrait'>\n\t\t\t\t<img loading=\"lazy\" decoding=\"async\" width=\"1279\" height=\"1706\" src=\"https:\/\/www.linkseride.com\/wp-content\/uploads\/2026\/01\/long-range-electric-moped-M5-4.jpg\" class=\"attachment-full size-full\" alt=\"\" srcset=\"https:\/\/www.linkseride.com\/wp-content\/uploads\/2026\/01\/long-range-electric-moped-M5-4.jpg 1279w, https:\/\/www.linkseride.com\/wp-content\/uploads\/2026\/01\/long-range-electric-moped-M5-4-225x300.jpg 225w, https:\/\/www.linkseride.com\/wp-content\/uploads\/2026\/01\/long-range-electric-moped-M5-4-768x1024.jpg 768w, https:\/\/www.linkseride.com\/wp-content\/uploads\/2026\/01\/long-range-electric-moped-M5-4-1152x1536.jpg 1152w, https:\/\/www.linkseride.com\/wp-content\/uploads\/2026\/01\/long-range-electric-moped-M5-4-9x12.jpg 9w, https:\/\/www.linkseride.com\/wp-content\/uploads\/2026\/01\/long-range-electric-moped-M5-4-600x800.jpg 600w\" sizes=\"(max-width: 1279px) 100vw, 1279px\" \/>\n\t\t\t<\/div><\/figure>\n\t\t<\/div>\n\n<h2>Quelles sont les caract\u00e9ristiques de ce cyclomoteur \u00e9lectrique 1000w M5 ?<\/h2>\n<ul>\n<li>Moteur de moyeu \u00e9lectrique d'une puissance nominale de 1000-1500w<\/li>\n<li><strong>48v\/60 &amp;<\/strong> <strong>Batterie 12ah\/20AH disponible<\/strong><\/li>\n<li>chargeur standard 2ah<\/li>\n<li>Option 2 places avec \u00e9clairage n\u00e9on en option<\/li>\n<li>support de pied \u00e0 double pied<\/li>\n<\/ul>\n<table>\n<tbody>\n<tr>\n<td>Puissance du moteur<\/td>\n<td>1500-2000w<\/td>\n<\/tr>\n<tr>\n<td>Vitesse maximale<\/td>\n<td>30-45km\/h<\/td>\n<\/tr>\n<tr>\n<td>Port\u00e9e maximale<\/td>\n<td>60 km<\/td>\n<\/tr>\n<tr>\n<td>Capacit\u00e9 de la batterie<\/td>\n<td>60V 20Ah, 60V 12Ah, 48V 20Ah, 48V 12Ah<\/td>\n<\/tr>\n<tr>\n<td>Mat\u00e9riau du cadre<\/td>\n<td>Tube d'acier sans soudure<\/td>\n<\/tr>\n<tr>\n<td>Jantes<\/td>\n<td>10 pouces<\/td>\n<\/tr>\n<tr>\n<td>Chargement maximal<\/td>\n<td>200 kg<\/td>\n<\/tr>\n<tr>\n<td>Mont\u00e9e maximale<\/td>\n<td>30\u00b0<\/td>\n<\/tr>\n<tr>\n<td>Frein<\/td>\n<td>Frein \u00e0 disque hydraulique avant et arri\u00e8re<\/td>\n<\/tr>\n<tr>\n<td>Taille de l'emballage<\/td>\n<td>138*30*66cm<\/td>\n<\/tr>\n<tr>\n<td>N.W\/G.W<\/td>\n<td>69 kg<\/td>\n<\/tr>\n<\/tbody>\n<\/table>\n<h2>Pourquoi choisir ce cyclomoteur \u00e9lectrique Long Range 1000w ?<\/h2>\n<div class=\"ast-oembed-container\" style=\"height: 100%;\"><iframe title=\"Cyclomoteur \u00e9lectrique 1000w M5 \u00e0 longue autonomie pour les d\u00e9placements quotidiens\" width=\"500\" height=\"281\" src=\"https:\/\/www.youtube.com\/embed\/TDjOa5HsD-U?feature=oembed&#038;enablejsapi=1&#038;origin=https:\/\/www.linkseride.com\" frameborder=\"0\" allow=\"accelerometer; autoplay; clipboard-write; encrypted-media; gyroscope; picture-in-picture; web-share\" referrerpolicy=\"strict-origin-when-cross-origin\" allowfullscreen><\/iframe><\/div>\n<p>Nous avons \u00e9galement d'autres mod\u00e8les de scooters de golf \u00e9lectriques \u00e0 conducteur unique, si vous avez besoin de plus d'informations, vous pouvez<a href=\"https:\/\/www.linkseride.com\/fr_ca\/fat-tire-golf-scooter-golf-cart-trouring\/\" target=\"_blank\" rel=\"noopener\"> Trouvez ici.<\/a><\/p>\n<p>Vous trouverez d'autres vid\u00e9os de pr\u00e9sentation ici : <a href=\"https:\/\/www.youtube.com\/c\/LinksErideTech\" target=\"_blank\" rel=\"noopener\">https:\/\/www.youtube.com\/c\/LinksErideTech<\/a><\/p>","protected":false},"excerpt":{"rendered":"<p>\u25cf Cyclomoteur \u00e9lectrique \u00e0 longue autonomie 1000w<\/p>\n<p>\u25cf Moteur de moyeu \u00e9lectrique d'une puissance nominale de 1000-1500w.<\/p>\n<p>\u25cf Batterie au plomb et batterie au lithium<\/p>\n<p>\u25cf Option 2 places avec \u00e9clairage au n\u00e9on en option.<\/p>","protected":false},"featured_media":11560,"template":"","meta":{"site-sidebar-layout":"default","site-content-layout":"default","ast-site-content-layout":"default","site-content-style":"default","site-sidebar-style":"default","ast-global-header-display":"","ast-banner-title-visibility":"","ast-main-header-display":"","ast-hfb-above-header-display":"","ast-hfb-below-header-display":"","ast-hfb-mobile-header-display":"","site-post-title":"","ast-breadcrumbs-content":"","ast-featured-img":"","footer-sml-layout":"","ast-disable-related-posts":"","theme-transparent-header-meta":"default","adv-header-id-meta":"","stick-header-meta":"","header-above-stick-meta":"","header-main-stick-meta":"","header-below-stick-meta":"","astra-migrate-meta-layouts":"set","ast-page-background-enabled":"default","ast-page-background-meta":{"desktop":{"background-color":"","background-image":"","background-repeat":"repeat","background-position":"center center","background-size":"auto","background-attachment":"scroll","background-type":"","background-media":"","overlay-type":"","overlay-color":"","overlay-opacity":"","overlay-gradient":""},"tablet":{"background-color":"","background-image":"","background-repeat":"repeat","background-position":"center center","background-size":"auto","background-attachment":"scroll","background-type":"","background-media":"","overlay-type":"","overlay-color":"","overlay-opacity":"","overlay-gradient":""},"mobile":{"background-color":"","background-image":"","background-repeat":"repeat","background-position":"center center","background-size":"auto","background-attachment":"scroll","background-type":"","background-media":"","overlay-type":"","overlay-color":"","overlay-opacity":"","overlay-gradient":""}},"ast-content-background-meta":{"desktop":{"background-color":"var(--ast-global-color-5)","background-image":"","background-repeat":"repeat","background-position":"center center","background-size":"auto","background-attachment":"scroll","background-type":"","background-media":"","overlay-type":"","overlay-color":"","overlay-opacity":"","overlay-gradient":""},"tablet":{"background-color":"var(--ast-global-color-5)","background-image":"","background-repeat":"repeat","background-position":"center center","background-size":"auto","background-attachment":"scroll","background-type":"","background-media":"","overlay-type":"","overlay-color":"","overlay-opacity":"","overlay-gradient":""},"mobile":{"background-color":"var(--ast-global-color-5)","background-image":"","background-repeat":"repeat","background-position":"center center","background-size":"auto","background-attachment":"scroll","background-type":"","background-media":"","overlay-type":"","overlay-color":"","overlay-opacity":"","overlay-gradient":""}}},"product_brand":[],"product_cat":[28,26],"product_tag":[54,53,55],"class_list":{"0":"post-11559","1":"product","2":"type-product","3":"status-publish","4":"has-post-thumbnail","6":"product_cat-electric-scooter","7":"product_cat-electric-moped","8":"product_tag-electric-moped","9":"product_tag-electric-scooter","10":"product_tag-moped-scooter","11":"desktop-align-left","12":"tablet-align-left","13":"mobile-align-left","15":"first","16":"instock","17":"shipping-taxable","18":"product-type-simple"},"_links":{"self":[{"href":"https:\/\/www.linkseride.com\/fr_ca\/wp-json\/wp\/v2\/product\/11559","targetHints":{"allow":["GET"]}}],"collection":[{"href":"https:\/\/www.linkseride.com\/fr_ca\/wp-json\/wp\/v2\/product"}],"about":[{"href":"https:\/\/www.linkseride.com\/fr_ca\/wp-json\/wp\/v2\/types\/product"}],"wp:featuredmedia":[{"embeddable":true,"href":"https:\/\/www.linkseride.com\/fr_ca\/wp-json\/wp\/v2\/media\/11560"}],"wp:attachment":[{"href":"https:\/\/www.linkseride.com\/fr_ca\/wp-json\/wp\/v2\/media?parent=11559"}],"wp:term":[{"taxonomy":"product_brand","embeddable":true,"href":"https:\/\/www.linkseride.com\/fr_ca\/wp-json\/wp\/v2\/product_brand?post=11559"},{"taxonomy":"product_cat","embeddable":true,"href":"https:\/\/www.linkseride.com\/fr_ca\/wp-json\/wp\/v2\/product_cat?post=11559"},{"taxonomy":"product_tag","embeddable":true,"href":"https:\/\/www.linkseride.com\/fr_ca\/wp-json\/wp\/v2\/product_tag?post=11559"}],"curies":[{"name":"wp","href":"https:\/\/api.w.org\/{rel}","templated":true}]}}