{"id":1792,"date":"2020-10-24T12:38:14","date_gmt":"2020-10-24T12:38:14","guid":{"rendered":"http:\/\/linkseride.com\/?post_type=product&#038;p=1792"},"modified":"2021-08-28T07:25:07","modified_gmt":"2021-08-28T07:25:07","slug":"3000w-electric-commuter-scooter","status":"publish","type":"product","link":"https:\/\/www.linkseride.com\/fr_ca\/product\/3000w-electric-commuter-scooter\/","title":{"rendered":"LEM-02 Scooter \u00e9lectrique Ninja 3000W"},"content":{"rendered":"<p>People always like to see something different in the city. If so, this LEM-02 Electric Commuter Scooter is much more like a gentleman when you choose to go through the city. Well designed and manufactured, see the front and rear lights guarantee you a good feeling when riding in at night. This model of a two-wheel electric moped is a high-performance commuter scooter delivering you a bravo riding experience.<\/p>\n<p>Something special we want to point out for this bike is below.<\/p>\n<p>Firstly, the lights. All the lighted lights are certified with E-mark. You can see the shiny LED front headlamp, also this long trip part is qualified with E-mark certs as well.<\/p>\n<p>Secondly, the rear fork, for this Ninja bike, it\u2019s an aluminum rear fork. Unlike the other models are with plastic rear covers. So\u00a0the total cost of this Ninja will be a bit higher due to these upgrade parts. But many choose this just because of these high-quality changes.<\/p>\n<div id='gallery-1' class='gallery galleryid-1792 gallery-columns-4 gallery-size-full'><figure class='gallery-item'>\n\t\t\t<div class='gallery-icon landscape'>\n\t\t\t\t<img fetchpriority=\"high\" decoding=\"async\" width=\"645\" height=\"360\" src=\"https:\/\/www.linkseride.com\/wp-content\/uploads\/2020\/10\/1-6.jpg\" class=\"attachment-full size-full\" alt=\"Scooter pour les trajets quotidiens\" srcset=\"https:\/\/www.linkseride.com\/wp-content\/uploads\/2020\/10\/1-6.jpg 645w, https:\/\/www.linkseride.com\/wp-content\/uploads\/2020\/10\/1-6-300x167.jpg 300w, https:\/\/www.linkseride.com\/wp-content\/uploads\/2020\/10\/1-6-600x335.jpg 600w\" sizes=\"(max-width: 645px) 100vw, 645px\" \/>\n\t\t\t<\/div><\/figure><figure class='gallery-item'>\n\t\t\t<div class='gallery-icon landscape'>\n\t\t\t\t<img decoding=\"async\" width=\"645\" height=\"360\" src=\"https:\/\/www.linkseride.com\/wp-content\/uploads\/2020\/10\/3-6.jpg\" class=\"attachment-full size-full\" alt=\"Scooter pour les trajets quotidiens\" srcset=\"https:\/\/www.linkseride.com\/wp-content\/uploads\/2020\/10\/3-6.jpg 645w, https:\/\/www.linkseride.com\/wp-content\/uploads\/2020\/10\/3-6-300x167.jpg 300w, https:\/\/www.linkseride.com\/wp-content\/uploads\/2020\/10\/3-6-600x335.jpg 600w\" sizes=\"(max-width: 645px) 100vw, 645px\" \/>\n\t\t\t<\/div><\/figure><figure class='gallery-item'>\n\t\t\t<div class='gallery-icon landscape'>\n\t\t\t\t<img decoding=\"async\" width=\"645\" height=\"360\" src=\"https:\/\/www.linkseride.com\/wp-content\/uploads\/2020\/10\/5-4.jpg\" class=\"attachment-full size-full\" alt=\"Scooter pour les trajets quotidiens\" srcset=\"https:\/\/www.linkseride.com\/wp-content\/uploads\/2020\/10\/5-4.jpg 645w, https:\/\/www.linkseride.com\/wp-content\/uploads\/2020\/10\/5-4-300x167.jpg 300w, https:\/\/www.linkseride.com\/wp-content\/uploads\/2020\/10\/5-4-600x335.jpg 600w\" sizes=\"(max-width: 645px) 100vw, 645px\" \/>\n\t\t\t<\/div><\/figure><figure class='gallery-item'>\n\t\t\t<div class='gallery-icon landscape'>\n\t\t\t\t<img loading=\"lazy\" decoding=\"async\" width=\"645\" height=\"360\" src=\"https:\/\/www.linkseride.com\/wp-content\/uploads\/2020\/10\/2-6.jpg\" class=\"attachment-full size-full\" alt=\"Scooter pour les trajets quotidiens\" srcset=\"https:\/\/www.linkseride.com\/wp-content\/uploads\/2020\/10\/2-6.jpg 645w, https:\/\/www.linkseride.com\/wp-content\/uploads\/2020\/10\/2-6-300x167.jpg 300w, https:\/\/www.linkseride.com\/wp-content\/uploads\/2020\/10\/2-6-600x335.jpg 600w\" sizes=\"(max-width: 645px) 100vw, 645px\" \/>\n\t\t\t<\/div><\/figure>\n\t\t<\/div>\n\n<h4>Detailed Feature of the Electric Commuter Scooter<\/h4>\n<h5>Sporty designed header light with LCD display<\/h5>\n<p>The front header with whole qualified LED lights built inside combine with the LCD display so that you can clearly see what&#8217;s on the display during riding<\/p>\n<div class=\"rte\">\n<div class=\"rte\">\n<div id='gallery-2' class='gallery galleryid-1792 gallery-columns-2 gallery-size-full'><figure class='gallery-item'>\n\t\t\t<div class='gallery-icon landscape'>\n\t\t\t\t<img loading=\"lazy\" decoding=\"async\" width=\"645\" height=\"360\" src=\"https:\/\/www.linkseride.com\/wp-content\/uploads\/2020\/10\/1.-header-3.jpg\" class=\"attachment-full size-full\" alt=\"Scooter pour les trajets quotidiens\" srcset=\"https:\/\/www.linkseride.com\/wp-content\/uploads\/2020\/10\/1.-header-3.jpg 645w, https:\/\/www.linkseride.com\/wp-content\/uploads\/2020\/10\/1.-header-3-300x167.jpg 300w, https:\/\/www.linkseride.com\/wp-content\/uploads\/2020\/10\/1.-header-3-600x335.jpg 600w\" sizes=\"(max-width: 645px) 100vw, 645px\" \/>\n\t\t\t<\/div><\/figure><figure class='gallery-item'>\n\t\t\t<div class='gallery-icon landscape'>\n\t\t\t\t<img loading=\"lazy\" decoding=\"async\" width=\"645\" height=\"360\" src=\"https:\/\/www.linkseride.com\/wp-content\/uploads\/2020\/10\/1.-LCD-display.jpg\" class=\"attachment-full size-full\" alt=\"Scooter pour les trajets quotidiens\" srcset=\"https:\/\/www.linkseride.com\/wp-content\/uploads\/2020\/10\/1.-LCD-display.jpg 645w, https:\/\/www.linkseride.com\/wp-content\/uploads\/2020\/10\/1.-LCD-display-300x167.jpg 300w, https:\/\/www.linkseride.com\/wp-content\/uploads\/2020\/10\/1.-LCD-display-600x335.jpg 600w\" sizes=\"(max-width: 645px) 100vw, 645px\" \/>\n\t\t\t<\/div><\/figure>\n\t\t<\/div>\n\n<\/div>\n<\/div>\n<h5 class=\"h5--accent strong home--uppercase\">Pneus tubeless en aluminium de 12 pouces<\/h5>\n<div class=\"rte\">\n<p>12inch tire, twin shock and double swing arm suspension on the front. Hub motor, CBS system, Aluminum rear fork cover to create a feeling of high-tech.<\/p>\n<div id='gallery-3' class='gallery galleryid-1792 gallery-columns-2 gallery-size-full'><figure class='gallery-item'>\n\t\t\t<div class='gallery-icon landscape'>\n\t\t\t\t<img loading=\"lazy\" decoding=\"async\" width=\"645\" height=\"360\" src=\"https:\/\/www.linkseride.com\/wp-content\/uploads\/2020\/10\/2.-rear-tire.jpg\" class=\"attachment-full size-full\" alt=\"commuter scooter\" srcset=\"https:\/\/www.linkseride.com\/wp-content\/uploads\/2020\/10\/2.-rear-tire.jpg 645w, https:\/\/www.linkseride.com\/wp-content\/uploads\/2020\/10\/2.-rear-tire-300x167.jpg 300w, https:\/\/www.linkseride.com\/wp-content\/uploads\/2020\/10\/2.-rear-tire-600x335.jpg 600w\" sizes=\"(max-width: 645px) 100vw, 645px\" \/>\n\t\t\t<\/div><\/figure><figure class='gallery-item'>\n\t\t\t<div class='gallery-icon landscape'>\n\t\t\t\t<img loading=\"lazy\" decoding=\"async\" width=\"645\" height=\"360\" src=\"https:\/\/www.linkseride.com\/wp-content\/uploads\/2020\/10\/2.-front-tire-2.jpg\" class=\"attachment-full size-full\" alt=\"commuter scooter\" srcset=\"https:\/\/www.linkseride.com\/wp-content\/uploads\/2020\/10\/2.-front-tire-2.jpg 645w, https:\/\/www.linkseride.com\/wp-content\/uploads\/2020\/10\/2.-front-tire-2-300x167.jpg 300w, https:\/\/www.linkseride.com\/wp-content\/uploads\/2020\/10\/2.-front-tire-2-600x335.jpg 600w\" sizes=\"(max-width: 645px) 100vw, 645px\" \/>\n\t\t\t<\/div><\/figure>\n\t\t<\/div>\n\n<h5 class=\"h5--accent strong home--uppercase\">Comfort foam seat with foot peg<\/h5>\n<div class=\"rte\">\n<p>Comfortable foam padding fits for 2 to carry your loved one. making it ideal for long rides. Get rid of sudden bumps and achieve the freedom of riding.<\/p>\n<\/div>\n<div class=\"rte\">\n<div id='gallery-4' class='gallery galleryid-1792 gallery-columns-2 gallery-size-full'><figure class='gallery-item'>\n\t\t\t<div class='gallery-icon landscape'>\n\t\t\t\t<img loading=\"lazy\" decoding=\"async\" width=\"645\" height=\"360\" src=\"https:\/\/www.linkseride.com\/wp-content\/uploads\/2020\/10\/3.-confortable-seat.jpg\" class=\"attachment-full size-full\" alt=\"commuter scooter\" srcset=\"https:\/\/www.linkseride.com\/wp-content\/uploads\/2020\/10\/3.-confortable-seat.jpg 645w, https:\/\/www.linkseride.com\/wp-content\/uploads\/2020\/10\/3.-confortable-seat-300x167.jpg 300w, https:\/\/www.linkseride.com\/wp-content\/uploads\/2020\/10\/3.-confortable-seat-600x335.jpg 600w\" sizes=\"(max-width: 645px) 100vw, 645px\" \/>\n\t\t\t<\/div><\/figure><figure class='gallery-item'>\n\t\t\t<div class='gallery-icon landscape'>\n\t\t\t\t<img loading=\"lazy\" decoding=\"async\" width=\"645\" height=\"360\" src=\"https:\/\/www.linkseride.com\/wp-content\/uploads\/2020\/10\/3.-foot-peg.jpg\" class=\"attachment-full size-full\" alt=\"commuter scooter\" srcset=\"https:\/\/www.linkseride.com\/wp-content\/uploads\/2020\/10\/3.-foot-peg.jpg 645w, https:\/\/www.linkseride.com\/wp-content\/uploads\/2020\/10\/3.-foot-peg-300x167.jpg 300w, https:\/\/www.linkseride.com\/wp-content\/uploads\/2020\/10\/3.-foot-peg-600x335.jpg 600w\" sizes=\"(max-width: 645px) 100vw, 645px\" \/>\n\t\t\t<\/div><\/figure>\n\t\t<\/div>\n\n<\/div>\n<\/div>\n<h5 class=\"h5--accent strong home--uppercase\">2-Step key start system and strong center support<\/h5>\n<div class=\"rte\">\n<p>2-step start system to make sure your scooter won&#8217;t be stolen. Need to use the top of the key to unlock the keyhole and then get start. Strong center support stand to ensure the stability of the scooter when you push into your garage.<\/p>\n<div id='gallery-5' class='gallery galleryid-1792 gallery-columns-2 gallery-size-full'><figure class='gallery-item'>\n\t\t\t<div class='gallery-icon landscape'>\n\t\t\t\t<img loading=\"lazy\" decoding=\"async\" width=\"645\" height=\"360\" src=\"https:\/\/www.linkseride.com\/wp-content\/uploads\/2020\/10\/4.-key-and-keyhole.jpg\" class=\"attachment-full size-full\" alt=\"commuter scooter\" srcset=\"https:\/\/www.linkseride.com\/wp-content\/uploads\/2020\/10\/4.-key-and-keyhole.jpg 645w, https:\/\/www.linkseride.com\/wp-content\/uploads\/2020\/10\/4.-key-and-keyhole-300x167.jpg 300w, https:\/\/www.linkseride.com\/wp-content\/uploads\/2020\/10\/4.-key-and-keyhole-600x335.jpg 600w\" sizes=\"(max-width: 645px) 100vw, 645px\" \/>\n\t\t\t<\/div><\/figure><figure class='gallery-item'>\n\t\t\t<div class='gallery-icon landscape'>\n\t\t\t\t<img loading=\"lazy\" decoding=\"async\" width=\"645\" height=\"360\" src=\"https:\/\/www.linkseride.com\/wp-content\/uploads\/2020\/10\/4.-rear-fork.jpg\" class=\"attachment-full size-full\" alt=\"commuter scooter\" srcset=\"https:\/\/www.linkseride.com\/wp-content\/uploads\/2020\/10\/4.-rear-fork.jpg 645w, https:\/\/www.linkseride.com\/wp-content\/uploads\/2020\/10\/4.-rear-fork-300x167.jpg 300w, https:\/\/www.linkseride.com\/wp-content\/uploads\/2020\/10\/4.-rear-fork-600x335.jpg 600w\" sizes=\"(max-width: 645px) 100vw, 645px\" \/>\n\t\t\t<\/div><\/figure>\n\t\t<\/div>\n\n<\/div>\n<h5 class=\"h5--accent strong home--uppercase\">Qualified front and rear light<\/h5>\n<div class=\"rte\">\n<p>qualified front and rear light as below to ensure the safety of riding even in the dark night. All lighted lights are qualified with CE E-mark.<\/p>\n<div id='gallery-6' class='gallery galleryid-1792 gallery-columns-4 gallery-size-full'><figure class='gallery-item'>\n\t\t\t<div class='gallery-icon landscape'>\n\t\t\t\t<img loading=\"lazy\" decoding=\"async\" width=\"645\" height=\"360\" src=\"https:\/\/www.linkseride.com\/wp-content\/uploads\/2020\/10\/5.-front-light.jpg\" class=\"attachment-full size-full\" alt=\"commuter scooter\" srcset=\"https:\/\/www.linkseride.com\/wp-content\/uploads\/2020\/10\/5.-front-light.jpg 645w, https:\/\/www.linkseride.com\/wp-content\/uploads\/2020\/10\/5.-front-light-300x167.jpg 300w, https:\/\/www.linkseride.com\/wp-content\/uploads\/2020\/10\/5.-front-light-600x335.jpg 600w\" sizes=\"(max-width: 645px) 100vw, 645px\" \/>\n\t\t\t<\/div><\/figure><figure class='gallery-item'>\n\t\t\t<div class='gallery-icon landscape'>\n\t\t\t\t<img loading=\"lazy\" decoding=\"async\" width=\"645\" height=\"360\" src=\"https:\/\/www.linkseride.com\/wp-content\/uploads\/2020\/10\/5.-rear-braking-light.jpg\" class=\"attachment-full size-full\" alt=\"commuter scooter\" srcset=\"https:\/\/www.linkseride.com\/wp-content\/uploads\/2020\/10\/5.-rear-braking-light.jpg 645w, https:\/\/www.linkseride.com\/wp-content\/uploads\/2020\/10\/5.-rear-braking-light-300x167.jpg 300w, https:\/\/www.linkseride.com\/wp-content\/uploads\/2020\/10\/5.-rear-braking-light-600x335.jpg 600w\" sizes=\"(max-width: 645px) 100vw, 645px\" \/>\n\t\t\t<\/div><\/figure><figure class='gallery-item'>\n\t\t\t<div class='gallery-icon landscape'>\n\t\t\t\t<img loading=\"lazy\" decoding=\"async\" width=\"645\" height=\"360\" src=\"https:\/\/www.linkseride.com\/wp-content\/uploads\/2020\/10\/5.-rear-light-2.jpg\" class=\"attachment-full size-full\" alt=\"commuter scooter\" srcset=\"https:\/\/www.linkseride.com\/wp-content\/uploads\/2020\/10\/5.-rear-light-2.jpg 645w, https:\/\/www.linkseride.com\/wp-content\/uploads\/2020\/10\/5.-rear-light-2-300x167.jpg 300w, https:\/\/www.linkseride.com\/wp-content\/uploads\/2020\/10\/5.-rear-light-2-600x335.jpg 600w\" sizes=\"(max-width: 645px) 100vw, 645px\" \/>\n\t\t\t<\/div><\/figure><figure class='gallery-item'>\n\t\t\t<div class='gallery-icon landscape'>\n\t\t\t\t<img loading=\"lazy\" decoding=\"async\" width=\"645\" height=\"360\" src=\"https:\/\/www.linkseride.com\/wp-content\/uploads\/2020\/10\/5.-rear-light.jpg\" class=\"attachment-full size-full\" alt=\"commuter scooter\" srcset=\"https:\/\/www.linkseride.com\/wp-content\/uploads\/2020\/10\/5.-rear-light.jpg 645w, https:\/\/www.linkseride.com\/wp-content\/uploads\/2020\/10\/5.-rear-light-300x167.jpg 300w, https:\/\/www.linkseride.com\/wp-content\/uploads\/2020\/10\/5.-rear-light-600x335.jpg 600w\" sizes=\"(max-width: 645px) 100vw, 645px\" \/>\n\t\t\t<\/div><\/figure>\n\t\t<\/div>\n\n<p>Vous trouverez d'autres vid\u00e9os de pr\u00e9sentation ici :\u00a0<a href=\"https:\/\/www.youtube.com\/channel\/UCw4wsO7M_kRsCHTxcFeqTAA\" target=\"_blank\" rel=\"noopener\">https:\/\/www.youtube.com\/channel\/UCw4wsO7M_kRsCHTxcFeqTAA<\/a><\/p>\n<\/div>\n<div class=\"ast-oembed-container\" style=\"height: 100%;\"><iframe title=\"Electric Moped Scooter Ninja 2021 Road Legal from China\" width=\"500\" height=\"281\" src=\"https:\/\/www.youtube.com\/embed\/8Bh2XUWCYCc?feature=oembed\" frameborder=\"0\" allow=\"accelerometer; autoplay; clipboard-write; encrypted-media; gyroscope; picture-in-picture; web-share\" referrerpolicy=\"strict-origin-when-cross-origin\" allowfullscreen><\/iframe><\/div>\n<p>This commuter scooter with all electric version is easy to understand and operate. If you are looking for an upgrade version of 4000W motor, you can easily check the <a href=\"https:\/\/www.linkseride.com\/fr_ca\/product\/cyclomoteur-electrique-4000w-li-ion-pour-adulte\/\" target=\"_blank\" rel=\"noopener\">details here.<\/a><\/p>","protected":false},"excerpt":{"rendered":"<p>\u25cf Certificats : L\u00e9galit\u00e9 routi\u00e8re avec certificat CEE, COC et UN38.3<\/p>\n<p>\u25cf Commuter Scooter with powered engine: 3000W brush-less electric motor. Hub motor and middle motor option available<\/p>\n<p>\u25cf 12\u2019\u2019 aluminium alloy wheel rims, to ensure even greater stability, safety and hold on all road surfaces.<\/p>\n<p>\u25cf High-performance: F&amp;R suspension and F&amp;R Disc braking system to ensure your riding smoothly and comfortably.<\/p>\n<p>\u25cf Rechargeable Li-ion Battery is removable for an easy charge. Fast charge port also available.<\/p>\n<p>\u25cf Couleurs ou motifs personnalis\u00e9s disponibles<\/p>","protected":false},"featured_media":1940,"template":"","meta":{"site-sidebar-layout":"default","site-content-layout":"default","ast-site-content-layout":"default","site-content-style":"default","site-sidebar-style":"default","ast-global-header-display":"","ast-banner-title-visibility":"","ast-main-header-display":"","ast-hfb-above-header-display":"","ast-hfb-below-header-display":"","ast-hfb-mobile-header-display":"","site-post-title":"","ast-breadcrumbs-content":"","ast-featured-img":"","footer-sml-layout":"","ast-disable-related-posts":"","theme-transparent-header-meta":"default","adv-header-id-meta":"","stick-header-meta":"","header-above-stick-meta":"","header-main-stick-meta":"","header-below-stick-meta":"","astra-migrate-meta-layouts":"default","ast-page-background-enabled":"default","ast-page-background-meta":{"desktop":{"background-color":"","background-image":"","background-repeat":"repeat","background-position":"center center","background-size":"auto","background-attachment":"scroll","background-type":"","background-media":"","overlay-type":"","overlay-color":"","overlay-opacity":"","overlay-gradient":""},"tablet":{"background-color":"","background-image":"","background-repeat":"repeat","background-position":"center center","background-size":"auto","background-attachment":"scroll","background-type":"","background-media":"","overlay-type":"","overlay-color":"","overlay-opacity":"","overlay-gradient":""},"mobile":{"background-color":"","background-image":"","background-repeat":"repeat","background-position":"center center","background-size":"auto","background-attachment":"scroll","background-type":"","background-media":"","overlay-type":"","overlay-color":"","overlay-opacity":"","overlay-gradient":""}},"ast-content-background-meta":{"desktop":{"background-color":"var(--ast-global-color-5)","background-image":"","background-repeat":"repeat","background-position":"center center","background-size":"auto","background-attachment":"scroll","background-type":"","background-media":"","overlay-type":"","overlay-color":"","overlay-opacity":"","overlay-gradient":""},"tablet":{"background-color":"var(--ast-global-color-5)","background-image":"","background-repeat":"repeat","background-position":"center center","background-size":"auto","background-attachment":"scroll","background-type":"","background-media":"","overlay-type":"","overlay-color":"","overlay-opacity":"","overlay-gradient":""},"mobile":{"background-color":"var(--ast-global-color-5)","background-image":"","background-repeat":"repeat","background-position":"center center","background-size":"auto","background-attachment":"scroll","background-type":"","background-media":"","overlay-type":"","overlay-color":"","overlay-opacity":"","overlay-gradient":""}}},"product_brand":[],"product_cat":[26],"product_tag":[],"class_list":{"0":"post-1792","1":"product","2":"type-product","3":"status-publish","4":"has-post-thumbnail","6":"product_cat-electric-moped","7":"desktop-align-left","8":"tablet-align-left","9":"mobile-align-left","11":"first","12":"instock","13":"shipping-taxable","14":"purchasable","15":"product-type-simple"},"_links":{"self":[{"href":"https:\/\/www.linkseride.com\/fr_ca\/wp-json\/wp\/v2\/product\/1792","targetHints":{"allow":["GET"]}}],"collection":[{"href":"https:\/\/www.linkseride.com\/fr_ca\/wp-json\/wp\/v2\/product"}],"about":[{"href":"https:\/\/www.linkseride.com\/fr_ca\/wp-json\/wp\/v2\/types\/product"}],"wp:featuredmedia":[{"embeddable":true,"href":"https:\/\/www.linkseride.com\/fr_ca\/wp-json\/wp\/v2\/media\/1940"}],"wp:attachment":[{"href":"https:\/\/www.linkseride.com\/fr_ca\/wp-json\/wp\/v2\/media?parent=1792"}],"wp:term":[{"taxonomy":"product_brand","embeddable":true,"href":"https:\/\/www.linkseride.com\/fr_ca\/wp-json\/wp\/v2\/product_brand?post=1792"},{"taxonomy":"product_cat","embeddable":true,"href":"https:\/\/www.linkseride.com\/fr_ca\/wp-json\/wp\/v2\/product_cat?post=1792"},{"taxonomy":"product_tag","embeddable":true,"href":"https:\/\/www.linkseride.com\/fr_ca\/wp-json\/wp\/v2\/product_tag?post=1792"}],"curies":[{"name":"wp","href":"https:\/\/api.w.org\/{rel}","templated":true}]}}