{"id":1858,"date":"2020-10-25T05:12:47","date_gmt":"2020-10-25T05:12:47","guid":{"rendered":"http:\/\/linkseride.com\/?post_type=product&#038;p=1858"},"modified":"2021-08-28T08:14:10","modified_gmt":"2021-08-28T08:14:10","slug":"scooter-electrique-swan-3000-w-homologue-pour-la-route","status":"publish","type":"product","link":"https:\/\/www.linkseride.com\/fr_ca\/product\/swan-3000w-road-legal-electric-scooter\/","title":{"rendered":"LEM-03 Swan 3000W Scooter \u00e9lectrique \u00e9l\u00e9gant homologu\u00e9 pour la route"},"content":{"rendered":"<p>Un autre mod\u00e8le SWAN offre un autre look pour les scooters \u00e9lectriques. Il s'agit \u00e9galement d'un scooter \u00e9lectrique homologu\u00e9 pour la route avec le certificat L1e. Swan combine les avantages suivants : \u00e9l\u00e9gance, acc\u00e9l\u00e9ration, confort et contr\u00f4le. Le cyclomoteur est tr\u00e8s confortable gr\u00e2ce \u00e0 la bonne ad\u00e9quation entre l'amortisseur et la fourche avant et \u00e0 des mat\u00e9riaux de haute qualit\u00e9 qui garantissent une bonne tenue de route et un confort optimal. Bien qu'il s'agisse d'une opinion tr\u00e8s subjective, la s\u00e9rie LEM-03 est \u00e9l\u00e9gante, un compromis parfait entre l'esprit r\u00e9tro et moderne.<\/p>\n<div id='gallery-1' class='gallery galleryid-1858 gallery-columns-4 gallery-size-full'><figure class='gallery-item'>\n\t\t\t<div class='gallery-icon landscape'>\n\t\t\t\t<img fetchpriority=\"high\" decoding=\"async\" width=\"645\" height=\"360\" src=\"https:\/\/www.linkseride.com\/wp-content\/uploads\/2020\/10\/1-7.jpg\" class=\"attachment-full size-full\" alt=\"scooter \u00e9lectrique homologu\u00e9 pour la route\" srcset=\"https:\/\/www.linkseride.com\/wp-content\/uploads\/2020\/10\/1-7.jpg 645w, https:\/\/www.linkseride.com\/wp-content\/uploads\/2020\/10\/1-7-300x167.jpg 300w, https:\/\/www.linkseride.com\/wp-content\/uploads\/2020\/10\/1-7-600x335.jpg 600w\" sizes=\"(max-width: 645px) 100vw, 645px\" \/>\n\t\t\t<\/div><\/figure><figure class='gallery-item'>\n\t\t\t<div class='gallery-icon landscape'>\n\t\t\t\t<img decoding=\"async\" width=\"645\" height=\"360\" src=\"https:\/\/www.linkseride.com\/wp-content\/uploads\/2020\/10\/2-7.jpg\" class=\"attachment-full size-full\" alt=\"scooter \u00e9lectrique homologu\u00e9 pour la route\" srcset=\"https:\/\/www.linkseride.com\/wp-content\/uploads\/2020\/10\/2-7.jpg 645w, https:\/\/www.linkseride.com\/wp-content\/uploads\/2020\/10\/2-7-300x167.jpg 300w, https:\/\/www.linkseride.com\/wp-content\/uploads\/2020\/10\/2-7-600x335.jpg 600w\" sizes=\"(max-width: 645px) 100vw, 645px\" \/>\n\t\t\t<\/div><\/figure><figure class='gallery-item'>\n\t\t\t<div class='gallery-icon landscape'>\n\t\t\t\t<img decoding=\"async\" width=\"645\" height=\"360\" src=\"https:\/\/www.linkseride.com\/wp-content\/uploads\/2020\/10\/3-7.jpg\" class=\"attachment-full size-full\" alt=\"scooter \u00e9lectrique homologu\u00e9 pour la route\" srcset=\"https:\/\/www.linkseride.com\/wp-content\/uploads\/2020\/10\/3-7.jpg 645w, https:\/\/www.linkseride.com\/wp-content\/uploads\/2020\/10\/3-7-300x167.jpg 300w, https:\/\/www.linkseride.com\/wp-content\/uploads\/2020\/10\/3-7-600x335.jpg 600w\" sizes=\"(max-width: 645px) 100vw, 645px\" \/>\n\t\t\t<\/div><\/figure><figure class='gallery-item'>\n\t\t\t<div class='gallery-icon landscape'>\n\t\t\t\t<img loading=\"lazy\" decoding=\"async\" width=\"645\" height=\"360\" src=\"https:\/\/www.linkseride.com\/wp-content\/uploads\/2020\/10\/5-5.jpg\" class=\"attachment-full size-full\" alt=\"\" srcset=\"https:\/\/www.linkseride.com\/wp-content\/uploads\/2020\/10\/5-5.jpg 645w, https:\/\/www.linkseride.com\/wp-content\/uploads\/2020\/10\/5-5-300x167.jpg 300w, https:\/\/www.linkseride.com\/wp-content\/uploads\/2020\/10\/5-5-600x335.jpg 600w\" sizes=\"(max-width: 645px) 100vw, 645px\" \/>\n\t\t\t<\/div><\/figure>\n\t\t<\/div>\n\n<h4>Caract\u00e9ristiques d\u00e9taill\u00e9es du scooter \u00e9lectrique homologu\u00e9 pour la route<\/h4>\n<h5 class=\"h5--accent strong home--uppercase\">Pneus tubeless en aluminium de 12 pouces<\/h5>\n<div class=\"rte\">\n<p>Les pneus sans chambre \u00e0 air offrent une meilleure \u00e9tanch\u00e9it\u00e9 et une meilleure stabilit\u00e9, ce qui r\u00e9duit consid\u00e9rablement le risque d'\u00e9clatement. La conception plus large et plus \u00e9paisse du talon garantit que les pneus sans chambre \u00e0 air sont moins susceptibles d'\u00e9clater et prot\u00e8gent la jante.<\/p>\n<\/div>\n<div id='gallery-2' class='gallery galleryid-1858 gallery-columns-2 gallery-size-full'><figure class='gallery-item'>\n\t\t\t<div class='gallery-icon landscape'>\n\t\t\t\t<img loading=\"lazy\" decoding=\"async\" width=\"645\" height=\"360\" src=\"https:\/\/www.linkseride.com\/wp-content\/uploads\/2020\/10\/front-tire-2.jpg\" class=\"attachment-full size-full\" alt=\"scooter \u00e9lectrique homologu\u00e9 pour la route\" srcset=\"https:\/\/www.linkseride.com\/wp-content\/uploads\/2020\/10\/front-tire-2.jpg 645w, https:\/\/www.linkseride.com\/wp-content\/uploads\/2020\/10\/front-tire-2-300x167.jpg 300w, https:\/\/www.linkseride.com\/wp-content\/uploads\/2020\/10\/front-tire-2-600x335.jpg 600w\" sizes=\"(max-width: 645px) 100vw, 645px\" \/>\n\t\t\t<\/div><\/figure><figure class='gallery-item'>\n\t\t\t<div class='gallery-icon landscape'>\n\t\t\t\t<img loading=\"lazy\" decoding=\"async\" width=\"645\" height=\"360\" src=\"https:\/\/www.linkseride.com\/wp-content\/uploads\/2020\/10\/rear-tire.jpg\" class=\"attachment-full size-full\" alt=\"\" srcset=\"https:\/\/www.linkseride.com\/wp-content\/uploads\/2020\/10\/rear-tire.jpg 645w, https:\/\/www.linkseride.com\/wp-content\/uploads\/2020\/10\/rear-tire-300x167.jpg 300w, https:\/\/www.linkseride.com\/wp-content\/uploads\/2020\/10\/rear-tire-600x335.jpg 600w\" sizes=\"(max-width: 645px) 100vw, 645px\" \/>\n\t\t\t<\/div><\/figure>\n\t\t<\/div>\n\n<h5 class=\"h5--accent strong home--uppercase\">Syst\u00e8me de d\u00e9marrage \u00e0 cl\u00e9 en deux \u00e9tapes et bo\u00eete de rangement avant avec chargeur USB<\/h5>\n<div class=\"rte\">\n<p>Syst\u00e8me de d\u00e9marrage en deux \u00e9tapes pour \u00e9viter que votre trottinette \u00e9lectrique ne soit vol\u00e9e. Il faut utiliser le haut de la cl\u00e9 pour d\u00e9verrouiller la serrure, puis d\u00e9marrer. Bo\u00eete de rangement \u00e0 l'avant pour ranger vos effets personnels et chargeur USB pour recharger votre smartphone.<\/p>\n<\/div>\n<div class=\"rte\">\n<div id='gallery-3' class='gallery galleryid-1858 gallery-columns-2 gallery-size-full'><figure class='gallery-item'>\n\t\t\t<div class='gallery-icon landscape'>\n\t\t\t\t<img loading=\"lazy\" decoding=\"async\" width=\"645\" height=\"360\" src=\"https:\/\/www.linkseride.com\/wp-content\/uploads\/2020\/10\/front-storage.jpg\" class=\"attachment-full size-full\" alt=\"\" srcset=\"https:\/\/www.linkseride.com\/wp-content\/uploads\/2020\/10\/front-storage.jpg 645w, https:\/\/www.linkseride.com\/wp-content\/uploads\/2020\/10\/front-storage-300x167.jpg 300w, https:\/\/www.linkseride.com\/wp-content\/uploads\/2020\/10\/front-storage-600x335.jpg 600w\" sizes=\"(max-width: 645px) 100vw, 645px\" \/>\n\t\t\t<\/div><\/figure><figure class='gallery-item'>\n\t\t\t<div class='gallery-icon landscape'>\n\t\t\t\t<img loading=\"lazy\" decoding=\"async\" width=\"645\" height=\"360\" src=\"https:\/\/www.linkseride.com\/wp-content\/uploads\/2020\/10\/key-keyhole.jpg\" class=\"attachment-full size-full\" alt=\"\" srcset=\"https:\/\/www.linkseride.com\/wp-content\/uploads\/2020\/10\/key-keyhole.jpg 645w, https:\/\/www.linkseride.com\/wp-content\/uploads\/2020\/10\/key-keyhole-300x167.jpg 300w, https:\/\/www.linkseride.com\/wp-content\/uploads\/2020\/10\/key-keyhole-600x335.jpg 600w\" sizes=\"(max-width: 645px) 100vw, 645px\" \/>\n\t\t\t<\/div><\/figure>\n\t\t<\/div>\n\n<div class=\"rte\">\n<div class=\"rte\">\n<p>&nbsp;<\/p>\n<p>Vous trouverez d'autres vid\u00e9os de pr\u00e9sentation ici :\u00a0<a href=\"https:\/\/www.youtube.com\/channel\/UCw4wsO7M_kRsCHTxcFeqTAA\" target=\"_blank\" rel=\"noopener\">https:\/\/www.youtube.com\/channel\/UCw4wsO7M_kRsCHTxcFeqTAA<\/a><\/p>\n<\/div>\n<\/div>\n<\/div>\n<div class=\"ast-oembed-container\" style=\"height: 100%;\"><iframe title=\"Scooter \u00e9lectrique Swan 3000W 45km\/h Revue compl\u00e8te 2021 de Chine LinksEride\" width=\"500\" height=\"281\" src=\"https:\/\/www.youtube.com\/embed\/oG5chtIj_d4?feature=oembed\" frameborder=\"0\" allow=\"accelerometer; autoplay; clipboard-write; encrypted-media; gyroscope; picture-in-picture; web-share\" referrerpolicy=\"strict-origin-when-cross-origin\" allowfullscreen><\/iframe><\/div>\n<p>Le scooter \u00e9lectrique Swan, homologu\u00e9 pour la route, est sans aucun doute une excellente alternative, et \u00e0 mon avis meilleure, \u00e0 une moto \u00e0 essence \u00e9quivalente et comme solution de transport quotidien. C'est une moto tr\u00e8s esth\u00e9tique, sous tous les angles. Elle est agr\u00e9able \u00e0 regarder. Nous proposons une version am\u00e9lior\u00e9e avec un moteur de 4000 W et une vitesse maximale de 75 km\/h.<a href=\"https:\/\/www.linkseride.com\/fr_ca\/product\/scooter-electrique-swan-4000w-high-speed\/\" target=\"_blank\" rel=\"noopener\"> Version L3e, cliquez ici. <\/a><\/p>","protected":false},"excerpt":{"rendered":"<p>\u25cf Certifications : scooter \u00e9lectrique homologu\u00e9 pour la route avec certificats EEC, COC et UN38.3<\/p>\n<p>\u25cfCapacit\u00e9 de la batterie 72 V 40 Ah (84 V \u00e0 pleine charge, 72 V nominal) pour garantir une autonomie de 70 km (44 miles) \u00e0 vitesse constante.<\/p>\n<p>\u25cf \u00c9quip\u00e9 d'un puissant moteur QS sans balais de 3000 W. Pas besoin de pr\u00e9chauffage. Pas d'\u00e9missions. Il suffit de tourner la poign\u00e9e et c'est parti. Vitesse maximale jusqu'\u00e0 45 km\/h (28 mph).<\/p>\n<p>\u25cf Freins \u00e0 disque avant et arri\u00e8re pour plus de s\u00e9curit\u00e9. Amortisseurs hydrauliques avant et arri\u00e8re pour un confort maximal !<\/p>\n<p>\u25cf Port USB disponible pour recharger votre t\u00e9l\u00e9phone<\/p>\n<p>\u25cf Vente directe d'usine, fourniture de produits personnalis\u00e9s et OEM<\/p>\n<p>&nbsp;<\/p>","protected":false},"featured_media":1859,"template":"","meta":{"site-sidebar-layout":"default","site-content-layout":"default","ast-site-content-layout":"default","site-content-style":"default","site-sidebar-style":"default","ast-global-header-display":"","ast-banner-title-visibility":"","ast-main-header-display":"","ast-hfb-above-header-display":"","ast-hfb-below-header-display":"","ast-hfb-mobile-header-display":"","site-post-title":"","ast-breadcrumbs-content":"","ast-featured-img":"","footer-sml-layout":"","ast-disable-related-posts":"","theme-transparent-header-meta":"default","adv-header-id-meta":"","stick-header-meta":"","header-above-stick-meta":"","header-main-stick-meta":"","header-below-stick-meta":"","astra-migrate-meta-layouts":"default","ast-page-background-enabled":"default","ast-page-background-meta":{"desktop":{"background-color":"","background-image":"","background-repeat":"repeat","background-position":"center center","background-size":"auto","background-attachment":"scroll","background-type":"","background-media":"","overlay-type":"","overlay-color":"","overlay-opacity":"","overlay-gradient":""},"tablet":{"background-color":"","background-image":"","background-repeat":"repeat","background-position":"center center","background-size":"auto","background-attachment":"scroll","background-type":"","background-media":"","overlay-type":"","overlay-color":"","overlay-opacity":"","overlay-gradient":""},"mobile":{"background-color":"","background-image":"","background-repeat":"repeat","background-position":"center center","background-size":"auto","background-attachment":"scroll","background-type":"","background-media":"","overlay-type":"","overlay-color":"","overlay-opacity":"","overlay-gradient":""}},"ast-content-background-meta":{"desktop":{"background-color":"var(--ast-global-color-5)","background-image":"","background-repeat":"repeat","background-position":"center center","background-size":"auto","background-attachment":"scroll","background-type":"","background-media":"","overlay-type":"","overlay-color":"","overlay-opacity":"","overlay-gradient":""},"tablet":{"background-color":"var(--ast-global-color-5)","background-image":"","background-repeat":"repeat","background-position":"center center","background-size":"auto","background-attachment":"scroll","background-type":"","background-media":"","overlay-type":"","overlay-color":"","overlay-opacity":"","overlay-gradient":""},"mobile":{"background-color":"var(--ast-global-color-5)","background-image":"","background-repeat":"repeat","background-position":"center center","background-size":"auto","background-attachment":"scroll","background-type":"","background-media":"","overlay-type":"","overlay-color":"","overlay-opacity":"","overlay-gradient":""}}},"product_brand":[],"product_cat":[26],"product_tag":[],"class_list":{"0":"post-1858","1":"product","2":"type-product","3":"status-publish","4":"has-post-thumbnail","6":"product_cat-electric-moped","7":"desktop-align-left","8":"tablet-align-left","9":"mobile-align-left","11":"first","12":"instock","13":"shipping-taxable","14":"purchasable","15":"product-type-simple"},"_links":{"self":[{"href":"https:\/\/www.linkseride.com\/fr_ca\/wp-json\/wp\/v2\/product\/1858","targetHints":{"allow":["GET"]}}],"collection":[{"href":"https:\/\/www.linkseride.com\/fr_ca\/wp-json\/wp\/v2\/product"}],"about":[{"href":"https:\/\/www.linkseride.com\/fr_ca\/wp-json\/wp\/v2\/types\/product"}],"wp:featuredmedia":[{"embeddable":true,"href":"https:\/\/www.linkseride.com\/fr_ca\/wp-json\/wp\/v2\/media\/1859"}],"wp:attachment":[{"href":"https:\/\/www.linkseride.com\/fr_ca\/wp-json\/wp\/v2\/media?parent=1858"}],"wp:term":[{"taxonomy":"product_brand","embeddable":true,"href":"https:\/\/www.linkseride.com\/fr_ca\/wp-json\/wp\/v2\/product_brand?post=1858"},{"taxonomy":"product_cat","embeddable":true,"href":"https:\/\/www.linkseride.com\/fr_ca\/wp-json\/wp\/v2\/product_cat?post=1858"},{"taxonomy":"product_tag","embeddable":true,"href":"https:\/\/www.linkseride.com\/fr_ca\/wp-json\/wp\/v2\/product_tag?post=1858"}],"curies":[{"name":"wp","href":"https:\/\/api.w.org\/{rel}","templated":true}]}}