{"id":1867,"date":"2020-10-25T05:21:15","date_gmt":"2020-10-25T05:21:15","guid":{"rendered":"http:\/\/linkseride.com\/?post_type=product&#038;p=1867"},"modified":"2021-08-28T08:25:58","modified_gmt":"2021-08-28T08:25:58","slug":"scooter-electrique-swan-4000w-high-speed","status":"publish","type":"product","link":"https:\/\/www.linkseride.com\/fr_ca\/product\/swan-4000w-high-speed-electric-scooter\/","title":{"rendered":"LEM-03 Swan 4000W Europe High Speed Scooter \u00e9lectrique"},"content":{"rendered":"<p>Il s'agit d'un autre mod\u00e8le populaire appel\u00e9 Swan. Compar\u00e9 \u00e0 d'autres mod\u00e8les, c'est un scooter \u00e9lectrique \u00e0 grande vitesse. Avec une puissance de 4000Watt, son acc\u00e9l\u00e9ration est meilleure que la moyenne. En passant en revue certaines des commandes, tout se passe sur l'acc\u00e9l\u00e9rateur. Il suffit de tourner et de partir. C'est aussi facile que de conduire un v\u00e9lo \u00e9lectrique, presque un v\u00e9lo. Plus on le tourne, plus il acc\u00e9l\u00e8re.<\/p>\n<p>Le moteur \u00e9lectrique est directement int\u00e9gr\u00e9 \u00e0 la roue arri\u00e8re, sans transmission par cha\u00eene ou par courroie. Cette configuration permet de r\u00e9duire la maintenance et les risques d'endommagement tout en offrant d'excellentes performances gr\u00e2ce \u00e0 l'absence de transmission interm\u00e9diaire.<\/p>\n<div id='gallery-1' class='gallery galleryid-1867 gallery-columns-4 gallery-size-full'><figure class='gallery-item'>\n\t\t\t<div class='gallery-icon landscape'>\n\t\t\t\t<img fetchpriority=\"high\" decoding=\"async\" width=\"645\" height=\"360\" src=\"https:\/\/www.linkseride.com\/wp-content\/uploads\/2020\/10\/7-2.jpg\" class=\"attachment-full size-full\" alt=\"Scooter \u00e9lectrique \u00e0 grande vitesse\" srcset=\"https:\/\/www.linkseride.com\/wp-content\/uploads\/2020\/10\/7-2.jpg 645w, https:\/\/www.linkseride.com\/wp-content\/uploads\/2020\/10\/7-2-300x167.jpg 300w, https:\/\/www.linkseride.com\/wp-content\/uploads\/2020\/10\/7-2-600x335.jpg 600w\" sizes=\"(max-width: 645px) 100vw, 645px\" \/>\n\t\t\t<\/div><\/figure><figure class='gallery-item'>\n\t\t\t<div class='gallery-icon landscape'>\n\t\t\t\t<img decoding=\"async\" width=\"645\" height=\"360\" src=\"https:\/\/www.linkseride.com\/wp-content\/uploads\/2020\/10\/8-2.jpg\" class=\"attachment-full size-full\" alt=\"Scooter \u00e9lectrique \u00e0 grande vitesse\" srcset=\"https:\/\/www.linkseride.com\/wp-content\/uploads\/2020\/10\/8-2.jpg 645w, https:\/\/www.linkseride.com\/wp-content\/uploads\/2020\/10\/8-2-300x167.jpg 300w, https:\/\/www.linkseride.com\/wp-content\/uploads\/2020\/10\/8-2-600x335.jpg 600w\" sizes=\"(max-width: 645px) 100vw, 645px\" \/>\n\t\t\t<\/div><\/figure><figure class='gallery-item'>\n\t\t\t<div class='gallery-icon landscape'>\n\t\t\t\t<img decoding=\"async\" width=\"645\" height=\"360\" src=\"https:\/\/www.linkseride.com\/wp-content\/uploads\/2020\/10\/9-3.jpg\" class=\"attachment-full size-full\" alt=\"Scooter \u00e9lectrique \u00e0 grande vitesse\" srcset=\"https:\/\/www.linkseride.com\/wp-content\/uploads\/2020\/10\/9-3.jpg 645w, https:\/\/www.linkseride.com\/wp-content\/uploads\/2020\/10\/9-3-300x167.jpg 300w, https:\/\/www.linkseride.com\/wp-content\/uploads\/2020\/10\/9-3-600x335.jpg 600w\" sizes=\"(max-width: 645px) 100vw, 645px\" \/>\n\t\t\t<\/div><\/figure><figure class='gallery-item'>\n\t\t\t<div class='gallery-icon landscape'>\n\t\t\t\t<img loading=\"lazy\" decoding=\"async\" width=\"645\" height=\"360\" src=\"https:\/\/www.linkseride.com\/wp-content\/uploads\/2020\/10\/10-4.jpg\" class=\"attachment-full size-full\" alt=\"Scooter \u00e9lectrique \u00e0 grande vitesse\" srcset=\"https:\/\/www.linkseride.com\/wp-content\/uploads\/2020\/10\/10-4.jpg 645w, https:\/\/www.linkseride.com\/wp-content\/uploads\/2020\/10\/10-4-300x167.jpg 300w, https:\/\/www.linkseride.com\/wp-content\/uploads\/2020\/10\/10-4-600x335.jpg 600w\" sizes=\"(max-width: 645px) 100vw, 645px\" \/>\n\t\t\t<\/div><\/figure>\n\t\t<\/div>\n\n<h4>Comparez les scooters \u00e9lectriques 3000W et 4000W.<\/h4>\n<table width=\"361\">\n<tbody>\n<tr>\n<td style=\"font-weight: 400;\" width=\"137\"><\/td>\n<td style=\"font-weight: 400;\" width=\"173\"><strong>3000W<\/strong><\/td>\n<td style=\"font-weight: 400;\" width=\"51\"><strong>4000W\u00a0<\/strong><\/td>\n<\/tr>\n<tr>\n<td style=\"font-weight: 400;\" width=\"137\"><strong>Certificat<\/strong><\/td>\n<td style=\"font-weight: 400;\" width=\"173\">EURO 5 L1e-B Certificat CEE &amp; COC<\/td>\n<td style=\"font-weight: 400;\" width=\"51\">EURO 5 L1e-B Certificat CEE &amp; COC<\/td>\n<\/tr>\n<tr>\n<td style=\"font-weight: 400;\" width=\"137\"><strong>Num\u00e9ro d'article.<\/strong><\/td>\n<td style=\"font-weight: 400;\" width=\"173\">LEM-03 3000W<\/td>\n<td style=\"font-weight: 400;\" width=\"51\">LEM-03 4000W<\/td>\n<\/tr>\n<tr>\n<td style=\"font-weight: 400;\" width=\"137\"><strong>Puissance du moteur<\/strong><\/td>\n<td style=\"font-weight: 400;\" width=\"173\">Moteur sans balais QS 3000 W, 72 V, 12 pouces<\/td>\n<td style=\"font-weight: 400;\" width=\"51\">Moteur 4000W 72V 12\u201d QS sans brosse<\/td>\n<\/tr>\n<tr>\n<td style=\"font-weight: 400;\" width=\"137\"><strong>Contr\u00f4leur<\/strong><\/td>\n<td style=\"font-weight: 400;\" width=\"173\">D\u00e9charge 72 V 55 A<\/td>\n<td style=\"font-weight: 400;\" width=\"51\">72V 70A d\u00e9charge<\/td>\n<\/tr>\n<tr>\n<td style=\"font-weight: 400;\" width=\"137\"><strong>Capacit\u00e9 d'escalade<\/strong><\/td>\n<td style=\"font-weight: 400;\" width=\"173\">25\u00b0<\/td>\n<td style=\"font-weight: 400;\" width=\"51\">30\u00b0<\/td>\n<\/tr>\n<tr>\n<td style=\"font-weight: 400;\" width=\"137\"><strong>Vitesse maximale<\/strong><\/td>\n<td style=\"font-weight: 400;\" width=\"173\">45 km\/h (28 mph)<\/td>\n<td style=\"font-weight: 400;\" width=\"51\">75 km\/h (45mph)<\/td>\n<\/tr>\n<tr>\n<td style=\"font-weight: 400;\" width=\"137\"><strong>Autonomie par charge<\/strong><\/td>\n<td style=\"font-weight: 400;\" width=\"173\">65-70km (jusqu'\u00e0 44miles)<\/td>\n<td style=\"font-weight: 400;\" width=\"51\">60-65km (jusqu'\u00e0 41miles)<\/td>\n<\/tr>\n<\/tbody>\n<\/table>\n<p>Vous trouverez d'autres vid\u00e9os de pr\u00e9sentation ici :\u00a0<a href=\"https:\/\/www.youtube.com\/channel\/UCw4wsO7M_kRsCHTxcFeqTAA\" target=\"_blank\" rel=\"noopener\">https:\/\/www.youtube.com\/channel\/UCw4wsO7M_kRsCHTxcFeqTAA<\/a><\/p>\n<div class=\"ast-oembed-container\" style=\"height: 100%;\"><iframe title=\"Scooter \u00e9lectrique avec cyclomoteur 4000W 75km\/h moto Review from China Manufacturer\" width=\"500\" height=\"281\" src=\"https:\/\/www.youtube.com\/embed\/iBKR4Z2u5bA?feature=oembed\" frameborder=\"0\" allow=\"accelerometer; autoplay; clipboard-write; encrypted-media; gyroscope; picture-in-picture; web-share\" referrerpolicy=\"strict-origin-when-cross-origin\" allowfullscreen><\/iframe><\/div>\n<p>Si vous recherchez une version L1e avec un moteur de 3000W, veuillez cliquer sur <a href=\"https:\/\/www.linkseride.com\/fr_ca\/product\/lem-03-swan-3000w-elegant-commuting-electric-moped\/\" target=\"_blank\" rel=\"noopener\">ici<\/a>.<\/p>","protected":false},"excerpt":{"rendered":"<p>\u25cf Certificats : L\u00e9galit\u00e9 routi\u00e8re avec certificat CEE, COC et UN38.3<\/p>\n<p>\u25cf Scooter \u00e9lectrique \u00e0 grande vitesse, style r\u00e9tro, \u00e9nergie \u00e9lectrique \u00e0 la mode et respectueuse de l'environnement.<\/p>\n<p>\u25cf Le frein \u00e0 disque avant et arri\u00e8re, actionn\u00e9 manuellement, assure la puissance de freinage.<\/p>\n<p>\u25cf Batterie rechargeable 60V, 40Ah Li-ion La marque LG rend son autonomie jusqu'\u00e0 70km (44miles) de plaisir de conduite.<\/p>\n<p>\u25cf Moteur motoris\u00e9 : le moteur de 3000 W, \u00e0 poign\u00e9e tournante, \u00e0 vitesse variable, \u00e0 acc\u00e9l\u00e9rateur, \u00e0 couple \u00e9lev\u00e9, permet d'atteindre une vitesse de 65 km\/h (41Mph).<\/p>\n<p>\u25cf Ventes directes \u00e0 l'usine, fourniture de produits personnalis\u00e9s et OEM<\/p>\n<p>&nbsp;<\/p>","protected":false},"featured_media":1868,"template":"","meta":{"site-sidebar-layout":"default","site-content-layout":"default","ast-site-content-layout":"default","site-content-style":"default","site-sidebar-style":"default","ast-global-header-display":"","ast-banner-title-visibility":"","ast-main-header-display":"","ast-hfb-above-header-display":"","ast-hfb-below-header-display":"","ast-hfb-mobile-header-display":"","site-post-title":"","ast-breadcrumbs-content":"","ast-featured-img":"","footer-sml-layout":"","ast-disable-related-posts":"","theme-transparent-header-meta":"default","adv-header-id-meta":"","stick-header-meta":"","header-above-stick-meta":"","header-main-stick-meta":"","header-below-stick-meta":"","astra-migrate-meta-layouts":"default","ast-page-background-enabled":"default","ast-page-background-meta":{"desktop":{"background-color":"","background-image":"","background-repeat":"repeat","background-position":"center center","background-size":"auto","background-attachment":"scroll","background-type":"","background-media":"","overlay-type":"","overlay-color":"","overlay-opacity":"","overlay-gradient":""},"tablet":{"background-color":"","background-image":"","background-repeat":"repeat","background-position":"center center","background-size":"auto","background-attachment":"scroll","background-type":"","background-media":"","overlay-type":"","overlay-color":"","overlay-opacity":"","overlay-gradient":""},"mobile":{"background-color":"","background-image":"","background-repeat":"repeat","background-position":"center center","background-size":"auto","background-attachment":"scroll","background-type":"","background-media":"","overlay-type":"","overlay-color":"","overlay-opacity":"","overlay-gradient":""}},"ast-content-background-meta":{"desktop":{"background-color":"var(--ast-global-color-5)","background-image":"","background-repeat":"repeat","background-position":"center center","background-size":"auto","background-attachment":"scroll","background-type":"","background-media":"","overlay-type":"","overlay-color":"","overlay-opacity":"","overlay-gradient":""},"tablet":{"background-color":"var(--ast-global-color-5)","background-image":"","background-repeat":"repeat","background-position":"center center","background-size":"auto","background-attachment":"scroll","background-type":"","background-media":"","overlay-type":"","overlay-color":"","overlay-opacity":"","overlay-gradient":""},"mobile":{"background-color":"var(--ast-global-color-5)","background-image":"","background-repeat":"repeat","background-position":"center center","background-size":"auto","background-attachment":"scroll","background-type":"","background-media":"","overlay-type":"","overlay-color":"","overlay-opacity":"","overlay-gradient":""}}},"product_brand":[],"product_cat":[26],"product_tag":[],"class_list":{"0":"post-1867","1":"product","2":"type-product","3":"status-publish","4":"has-post-thumbnail","6":"product_cat-electric-moped","7":"desktop-align-left","8":"tablet-align-left","9":"mobile-align-left","11":"first","12":"instock","13":"shipping-taxable","14":"purchasable","15":"product-type-simple"},"_links":{"self":[{"href":"https:\/\/www.linkseride.com\/fr_ca\/wp-json\/wp\/v2\/product\/1867","targetHints":{"allow":["GET"]}}],"collection":[{"href":"https:\/\/www.linkseride.com\/fr_ca\/wp-json\/wp\/v2\/product"}],"about":[{"href":"https:\/\/www.linkseride.com\/fr_ca\/wp-json\/wp\/v2\/types\/product"}],"wp:featuredmedia":[{"embeddable":true,"href":"https:\/\/www.linkseride.com\/fr_ca\/wp-json\/wp\/v2\/media\/1868"}],"wp:attachment":[{"href":"https:\/\/www.linkseride.com\/fr_ca\/wp-json\/wp\/v2\/media?parent=1867"}],"wp:term":[{"taxonomy":"product_brand","embeddable":true,"href":"https:\/\/www.linkseride.com\/fr_ca\/wp-json\/wp\/v2\/product_brand?post=1867"},{"taxonomy":"product_cat","embeddable":true,"href":"https:\/\/www.linkseride.com\/fr_ca\/wp-json\/wp\/v2\/product_cat?post=1867"},{"taxonomy":"product_tag","embeddable":true,"href":"https:\/\/www.linkseride.com\/fr_ca\/wp-json\/wp\/v2\/product_tag?post=1867"}],"curies":[{"name":"wp","href":"https:\/\/api.w.org\/{rel}","templated":true}]}}