{"id":1876,"date":"2020-10-25T06:49:18","date_gmt":"2020-10-25T06:49:18","guid":{"rendered":"http:\/\/linkseride.com\/?post_type=product&#038;p=1876"},"modified":"2021-09-11T03:31:51","modified_gmt":"2021-09-11T03:31:51","slug":"scooter-electrique-de-2000-w-pour-les-trajets-quotidiens","status":"publish","type":"product","link":"https:\/\/www.linkseride.com\/fr_ca\/product\/2000w-commute-electric-scooter\/","title":{"rendered":"LEM-04 Elfin 2000W, scooter \u00e9lectrique l\u00e9ger pour les trajets quotidiens"},"content":{"rendered":"<p>Ce scooter \u00e9lectrique cummute, petit et moderne, joue un r\u00f4le important dans l'\u00e9cosyst\u00e8me du transport. C'est un bon choix si vous avez besoin de quelque chose de plus l\u00e9ger \u00e0 transporter et \u00e0 contr\u00f4ler. Le moteur de 2000W est OK avec une vitesse maximale de 45 km\/h (28Mph). D'ailleurs, c'est une option de cyclomoteur \u00e9lectrique moins ch\u00e8re parmi tous les choix avec la m\u00eame performance.<\/p>\n<div id='gallery-1' class='gallery galleryid-1876 gallery-columns-4 gallery-size-full'><figure class='gallery-item'>\n\t\t\t<div class='gallery-icon landscape'>\n\t\t\t\t<img fetchpriority=\"high\" decoding=\"async\" width=\"645\" height=\"360\" src=\"https:\/\/www.linkseride.com\/wp-content\/uploads\/2020\/10\/1-8.jpg\" class=\"attachment-full size-full\" alt=\"Trottinette \u00e9lectrique pour les trajets quotidiens\" srcset=\"https:\/\/www.linkseride.com\/wp-content\/uploads\/2020\/10\/1-8.jpg 645w, https:\/\/www.linkseride.com\/wp-content\/uploads\/2020\/10\/1-8-300x167.jpg 300w, https:\/\/www.linkseride.com\/wp-content\/uploads\/2020\/10\/1-8-600x335.jpg 600w\" sizes=\"(max-width: 645px) 100vw, 645px\" \/>\n\t\t\t<\/div><\/figure><figure class='gallery-item'>\n\t\t\t<div class='gallery-icon landscape'>\n\t\t\t\t<img decoding=\"async\" width=\"645\" height=\"360\" src=\"https:\/\/www.linkseride.com\/wp-content\/uploads\/2020\/10\/2-8.jpg\" class=\"attachment-full size-full\" alt=\"Trottinette \u00e9lectrique pour les trajets quotidiens\" srcset=\"https:\/\/www.linkseride.com\/wp-content\/uploads\/2020\/10\/2-8.jpg 645w, https:\/\/www.linkseride.com\/wp-content\/uploads\/2020\/10\/2-8-300x167.jpg 300w, https:\/\/www.linkseride.com\/wp-content\/uploads\/2020\/10\/2-8-600x335.jpg 600w\" sizes=\"(max-width: 645px) 100vw, 645px\" \/>\n\t\t\t<\/div><\/figure><figure class='gallery-item'>\n\t\t\t<div class='gallery-icon landscape'>\n\t\t\t\t<img decoding=\"async\" width=\"645\" height=\"360\" src=\"https:\/\/www.linkseride.com\/wp-content\/uploads\/2020\/10\/3-8.jpg\" class=\"attachment-full size-full\" alt=\"Trottinette \u00e9lectrique pour les trajets quotidiens\" srcset=\"https:\/\/www.linkseride.com\/wp-content\/uploads\/2020\/10\/3-8.jpg 645w, https:\/\/www.linkseride.com\/wp-content\/uploads\/2020\/10\/3-8-300x167.jpg 300w, https:\/\/www.linkseride.com\/wp-content\/uploads\/2020\/10\/3-8-600x335.jpg 600w\" sizes=\"(max-width: 645px) 100vw, 645px\" \/>\n\t\t\t<\/div><\/figure><figure class='gallery-item'>\n\t\t\t<div class='gallery-icon landscape'>\n\t\t\t\t<img loading=\"lazy\" decoding=\"async\" width=\"645\" height=\"360\" src=\"https:\/\/www.linkseride.com\/wp-content\/uploads\/2020\/10\/4-5.jpg\" class=\"attachment-full size-full\" alt=\"Trottinette \u00e9lectrique pour les trajets quotidiens\" srcset=\"https:\/\/www.linkseride.com\/wp-content\/uploads\/2020\/10\/4-5.jpg 645w, https:\/\/www.linkseride.com\/wp-content\/uploads\/2020\/10\/4-5-300x167.jpg 300w, https:\/\/www.linkseride.com\/wp-content\/uploads\/2020\/10\/4-5-600x335.jpg 600w\" sizes=\"(max-width: 645px) 100vw, 645px\" \/>\n\t\t\t<\/div><\/figure>\n\t\t<\/div>\n\n<h4>Caract\u00e9ristiques d\u00e9taill\u00e9es du scooter \u00e9lectrique Commute<\/h4>\n<h5><\/h5>\n<h5>Lampe frontale de conception intelligente avec affichage moderne \u00e0 cristaux liquides<\/h5>\n<p>Le collecteur au design simple est \u00e9quip\u00e9 d'un \u00e9clairage LED qualifi\u00e9 avec le marquage E. Combin\u00e9 \u00e0 l'\u00e9cran LCD, il vous permet de voir clairement la vitesse \u00e0 laquelle vous roulez.<\/p>\n<div id='gallery-2' class='gallery galleryid-1876 gallery-columns-3 gallery-size-full'><figure class='gallery-item'>\n\t\t\t<div class='gallery-icon landscape'>\n\t\t\t\t<img loading=\"lazy\" decoding=\"async\" width=\"645\" height=\"360\" src=\"https:\/\/www.linkseride.com\/wp-content\/uploads\/2020\/10\/1.-front-head.jpg\" class=\"attachment-full size-full\" alt=\"scooter \u00e9lectrique\" srcset=\"https:\/\/www.linkseride.com\/wp-content\/uploads\/2020\/10\/1.-front-head.jpg 645w, https:\/\/www.linkseride.com\/wp-content\/uploads\/2020\/10\/1.-front-head-300x167.jpg 300w, https:\/\/www.linkseride.com\/wp-content\/uploads\/2020\/10\/1.-front-head-600x335.jpg 600w\" sizes=\"(max-width: 645px) 100vw, 645px\" \/>\n\t\t\t<\/div><\/figure><figure class='gallery-item'>\n\t\t\t<div class='gallery-icon landscape'>\n\t\t\t\t<img loading=\"lazy\" decoding=\"async\" width=\"645\" height=\"360\" src=\"https:\/\/www.linkseride.com\/wp-content\/uploads\/2020\/10\/1.-header.jpg\" class=\"attachment-full size-full\" alt=\"t\u00eate de scooter \u00e9lectrique commute\" srcset=\"https:\/\/www.linkseride.com\/wp-content\/uploads\/2020\/10\/1.-header.jpg 645w, https:\/\/www.linkseride.com\/wp-content\/uploads\/2020\/10\/1.-header-300x167.jpg 300w, https:\/\/www.linkseride.com\/wp-content\/uploads\/2020\/10\/1.-header-600x335.jpg 600w\" sizes=\"(max-width: 645px) 100vw, 645px\" \/>\n\t\t\t<\/div><\/figure><figure class='gallery-item'>\n\t\t\t<div class='gallery-icon landscape'>\n\t\t\t\t<img loading=\"lazy\" decoding=\"async\" width=\"645\" height=\"360\" src=\"https:\/\/www.linkseride.com\/wp-content\/uploads\/2020\/10\/1.-LCD-display-1.jpg\" class=\"attachment-full size-full\" alt=\"scooter \u00e9lectrique commut\u00e9 \u00e9cran LCD\" srcset=\"https:\/\/www.linkseride.com\/wp-content\/uploads\/2020\/10\/1.-LCD-display-1.jpg 645w, https:\/\/www.linkseride.com\/wp-content\/uploads\/2020\/10\/1.-LCD-display-1-300x167.jpg 300w, https:\/\/www.linkseride.com\/wp-content\/uploads\/2020\/10\/1.-LCD-display-1-600x335.jpg 600w\" sizes=\"(max-width: 645px) 100vw, 645px\" \/>\n\t\t\t<\/div><\/figure>\n\t\t<\/div>\n\n<h5 class=\"h5--accent strong home--uppercase\">10\u2033 Pneus tubless en aluminium<\/h5>\n<div class=\"rte\">\n<p>Pneus avant et arri\u00e8re de 10 pouces, ce qui rend la trottinette \u00e9lectrique Cummute plus l\u00e9g\u00e8re et plus confortable pour une jeune fille. Moteur de moyeu arri\u00e8re sans chambre \u00e0 air, fourche arri\u00e8re en aluminium pour cr\u00e9er une sensation de haute technologie.<\/p>\n<div id='gallery-3' class='gallery galleryid-1876 gallery-columns-2 gallery-size-full'><figure class='gallery-item'>\n\t\t\t<div class='gallery-icon landscape'>\n\t\t\t\t<img loading=\"lazy\" decoding=\"async\" width=\"645\" height=\"360\" src=\"https:\/\/www.linkseride.com\/wp-content\/uploads\/2020\/10\/2.-front-tire-2-1.jpg\" class=\"attachment-full size-full\" alt=\"scooter \u00e9lectrique\" srcset=\"https:\/\/www.linkseride.com\/wp-content\/uploads\/2020\/10\/2.-front-tire-2-1.jpg 645w, https:\/\/www.linkseride.com\/wp-content\/uploads\/2020\/10\/2.-front-tire-2-1-300x167.jpg 300w, https:\/\/www.linkseride.com\/wp-content\/uploads\/2020\/10\/2.-front-tire-2-1-600x335.jpg 600w\" sizes=\"(max-width: 645px) 100vw, 645px\" \/>\n\t\t\t<\/div><\/figure><figure class='gallery-item'>\n\t\t\t<div class='gallery-icon landscape'>\n\t\t\t\t<img loading=\"lazy\" decoding=\"async\" width=\"645\" height=\"360\" src=\"https:\/\/www.linkseride.com\/wp-content\/uploads\/2020\/10\/2.-rear-tire-1.jpg\" class=\"attachment-full size-full\" alt=\"scooter \u00e9lectrique\" srcset=\"https:\/\/www.linkseride.com\/wp-content\/uploads\/2020\/10\/2.-rear-tire-1.jpg 645w, https:\/\/www.linkseride.com\/wp-content\/uploads\/2020\/10\/2.-rear-tire-1-300x167.jpg 300w, https:\/\/www.linkseride.com\/wp-content\/uploads\/2020\/10\/2.-rear-tire-1-600x335.jpg 600w\" sizes=\"(max-width: 645px) 100vw, 645px\" \/>\n\t\t\t<\/div><\/figure>\n\t\t<\/div>\n\n<\/div>\n<h5 class=\"h5--accent strong home--uppercase\">Port de charge pour t\u00e9l\u00e9phone intelligent<\/h5>\n<div class=\"rte\">\n<p>Ce cyclomoteur \u00e9lectrique est \u00e9quip\u00e9 d'un port de charge USB \u00e0 l'avant. Les cl\u00e9s et les trous de serrure sont marqu\u00e9s de symboles faciles \u00e0 comprendre pour le contr\u00f4le.<\/p>\n<h5 class=\"h5--accent strong home--uppercase\">60v 20ah\/26Ah Batterie Li-ion amovible<\/h5>\n<div class=\"rte\">\n<p>2 jeux de batteries Li-ion amovibles de 60v20Ah faciles \u00e0 transporter et pouvant \u00eatre recharg\u00e9es en 4 \u00e0 6 heures.<\/p>\n<h5 class=\"h5--accent strong home--uppercase\">B\u00e9quille lat\u00e9rale et centrale avec arr\u00eat \u00e9lectrique<\/h5>\n<div class=\"rte\">\n<p>La b\u00e9quille lat\u00e9rale est connect\u00e9e au contr\u00f4le de l'alimentation et a une fonction d'arr\u00eat \u00e9lectrique pour r\u00e9duire les accidents caus\u00e9s par le fait de ne pas \u00e9teindre l'alimentation. Le support central est assez solide pour maintenir la stabilit\u00e9 de votre scooter dans votre garage.<\/p>\n<\/div>\n<\/div>\n<div id='gallery-4' class='gallery galleryid-1876 gallery-columns-3 gallery-size-full'><figure class='gallery-item'>\n\t\t\t<div class='gallery-icon landscape'>\n\t\t\t\t<img loading=\"lazy\" decoding=\"async\" width=\"645\" height=\"360\" src=\"https:\/\/www.linkseride.com\/wp-content\/uploads\/2020\/10\/3.-keys-USB-port.jpg\" class=\"attachment-full size-full\" alt=\"scooter \u00e9lectrique\" srcset=\"https:\/\/www.linkseride.com\/wp-content\/uploads\/2020\/10\/3.-keys-USB-port.jpg 645w, https:\/\/www.linkseride.com\/wp-content\/uploads\/2020\/10\/3.-keys-USB-port-300x167.jpg 300w, https:\/\/www.linkseride.com\/wp-content\/uploads\/2020\/10\/3.-keys-USB-port-600x335.jpg 600w\" sizes=\"(max-width: 645px) 100vw, 645px\" \/>\n\t\t\t<\/div><\/figure><figure class='gallery-item'>\n\t\t\t<div class='gallery-icon landscape'>\n\t\t\t\t<img loading=\"lazy\" decoding=\"async\" width=\"645\" height=\"360\" src=\"https:\/\/www.linkseride.com\/wp-content\/uploads\/2020\/10\/3.-battery-cage-and-battery.jpg\" class=\"attachment-full size-full\" alt=\"scooter \u00e9lectrique\" srcset=\"https:\/\/www.linkseride.com\/wp-content\/uploads\/2020\/10\/3.-battery-cage-and-battery.jpg 645w, https:\/\/www.linkseride.com\/wp-content\/uploads\/2020\/10\/3.-battery-cage-and-battery-300x167.jpg 300w, https:\/\/www.linkseride.com\/wp-content\/uploads\/2020\/10\/3.-battery-cage-and-battery-600x335.jpg 600w\" sizes=\"(max-width: 645px) 100vw, 645px\" \/>\n\t\t\t<\/div><\/figure><figure class='gallery-item'>\n\t\t\t<div class='gallery-icon landscape'>\n\t\t\t\t<img loading=\"lazy\" decoding=\"async\" width=\"645\" height=\"360\" src=\"https:\/\/www.linkseride.com\/wp-content\/uploads\/2020\/10\/3.-center-support.jpg\" class=\"attachment-full size-full\" alt=\"scooter \u00e9lectrique\" srcset=\"https:\/\/www.linkseride.com\/wp-content\/uploads\/2020\/10\/3.-center-support.jpg 645w, https:\/\/www.linkseride.com\/wp-content\/uploads\/2020\/10\/3.-center-support-300x167.jpg 300w, https:\/\/www.linkseride.com\/wp-content\/uploads\/2020\/10\/3.-center-support-600x335.jpg 600w\" sizes=\"(max-width: 645px) 100vw, 645px\" \/>\n\t\t\t<\/div><\/figure>\n\t\t<\/div>\n\n<p>&nbsp;<\/p>\n<\/div>\n<p>Ce mod\u00e8le est \u00e9quip\u00e9 d'une fourche avant et arri\u00e8re en aluminium et d'un capot arri\u00e8re, ce qui donne \u00e0 ce scooter \u00e9lectrique un aspect \u00e9l\u00e9gant. La hauteur du si\u00e8ge est parfaitement adapt\u00e9e \u00e0 une fille. Si vous avez besoin d'un scooter pour vous rendre au travail, choisissez celui-ci !<\/p>\n<p>Vous trouverez d'autres vid\u00e9os de pr\u00e9sentation ici :\u00a0<a href=\"https:\/\/www.youtube.com\/channel\/UCw4wsO7M_kRsCHTxcFeqTAA\" target=\"_blank\" rel=\"noopener\">https:\/\/www.youtube.com\/channel\/UCw4wsO7M_kRsCHTxcFeqTAA<\/a><\/p>\n<div class=\"ast-oembed-container\" style=\"height: 100%;\"><iframe title=\"Scooter \u00e9lectrique chinois avec 2000W et 45km\/h de vitesse\" width=\"500\" height=\"281\" src=\"https:\/\/www.youtube.com\/embed\/qLVUC7gtZ_U?feature=oembed\" frameborder=\"0\" allow=\"accelerometer; autoplay; clipboard-write; encrypted-media; gyroscope; picture-in-picture; web-share\" referrerpolicy=\"strict-origin-when-cross-origin\" allowfullscreen><\/iframe><\/div>\n<p>pour d'autres options de v\u00e9lo CEE, vous pouvez <a href=\"https:\/\/www.linkseride.com\/fr_ca\/product-electric-vehicle-manufacturer\/\" target=\"_blank\" rel=\"noopener\">cliquez ici.<\/a><\/p>","protected":false},"excerpt":{"rendered":"<p>\u25cf Certificats : L\u00e9galit\u00e9 routi\u00e8re avec certificat CEE, COC et UN38.3<\/p>\n<p>\u25cf light weight commute electric scooter, 64kgs for your daily commute<\/p>\n<p>\u25cf 2000w brush-less motor. Instant torque delivers full power in a heartbeat. 5 seconds from 0-45km\/h(28Mph).<\/p>\n<p>\u25cf Battery capacity 60V, 26Ah. Fully Charged, single battery can provide enough for up to 60km (37miles) of travel.<\/p>\n<p>\u25cf fashion morden LCD dashboard is outstanding for view<\/p>\n<p>\u25cf ustomized color option: yellow, red, black, grey<\/p>\n<p>&nbsp;<\/p>","protected":false},"featured_media":1878,"template":"","meta":{"site-sidebar-layout":"default","site-content-layout":"default","ast-site-content-layout":"default","site-content-style":"default","site-sidebar-style":"default","ast-global-header-display":"","ast-banner-title-visibility":"","ast-main-header-display":"","ast-hfb-above-header-display":"","ast-hfb-below-header-display":"","ast-hfb-mobile-header-display":"","site-post-title":"","ast-breadcrumbs-content":"","ast-featured-img":"","footer-sml-layout":"","ast-disable-related-posts":"","theme-transparent-header-meta":"default","adv-header-id-meta":"","stick-header-meta":"","header-above-stick-meta":"","header-main-stick-meta":"","header-below-stick-meta":"","astra-migrate-meta-layouts":"default","ast-page-background-enabled":"default","ast-page-background-meta":{"desktop":{"background-color":"","background-image":"","background-repeat":"repeat","background-position":"center center","background-size":"auto","background-attachment":"scroll","background-type":"","background-media":"","overlay-type":"","overlay-color":"","overlay-opacity":"","overlay-gradient":""},"tablet":{"background-color":"","background-image":"","background-repeat":"repeat","background-position":"center center","background-size":"auto","background-attachment":"scroll","background-type":"","background-media":"","overlay-type":"","overlay-color":"","overlay-opacity":"","overlay-gradient":""},"mobile":{"background-color":"","background-image":"","background-repeat":"repeat","background-position":"center center","background-size":"auto","background-attachment":"scroll","background-type":"","background-media":"","overlay-type":"","overlay-color":"","overlay-opacity":"","overlay-gradient":""}},"ast-content-background-meta":{"desktop":{"background-color":"var(--ast-global-color-5)","background-image":"","background-repeat":"repeat","background-position":"center center","background-size":"auto","background-attachment":"scroll","background-type":"","background-media":"","overlay-type":"","overlay-color":"","overlay-opacity":"","overlay-gradient":""},"tablet":{"background-color":"var(--ast-global-color-5)","background-image":"","background-repeat":"repeat","background-position":"center center","background-size":"auto","background-attachment":"scroll","background-type":"","background-media":"","overlay-type":"","overlay-color":"","overlay-opacity":"","overlay-gradient":""},"mobile":{"background-color":"var(--ast-global-color-5)","background-image":"","background-repeat":"repeat","background-position":"center center","background-size":"auto","background-attachment":"scroll","background-type":"","background-media":"","overlay-type":"","overlay-color":"","overlay-opacity":"","overlay-gradient":""}}},"product_brand":[],"product_cat":[26],"product_tag":[],"class_list":{"0":"post-1876","1":"product","2":"type-product","3":"status-publish","4":"has-post-thumbnail","6":"product_cat-electric-moped","7":"desktop-align-left","8":"tablet-align-left","9":"mobile-align-left","11":"first","12":"instock","13":"shipping-taxable","14":"purchasable","15":"product-type-simple"},"_links":{"self":[{"href":"https:\/\/www.linkseride.com\/fr_ca\/wp-json\/wp\/v2\/product\/1876","targetHints":{"allow":["GET"]}}],"collection":[{"href":"https:\/\/www.linkseride.com\/fr_ca\/wp-json\/wp\/v2\/product"}],"about":[{"href":"https:\/\/www.linkseride.com\/fr_ca\/wp-json\/wp\/v2\/types\/product"}],"wp:featuredmedia":[{"embeddable":true,"href":"https:\/\/www.linkseride.com\/fr_ca\/wp-json\/wp\/v2\/media\/1878"}],"wp:attachment":[{"href":"https:\/\/www.linkseride.com\/fr_ca\/wp-json\/wp\/v2\/media?parent=1876"}],"wp:term":[{"taxonomy":"product_brand","embeddable":true,"href":"https:\/\/www.linkseride.com\/fr_ca\/wp-json\/wp\/v2\/product_brand?post=1876"},{"taxonomy":"product_cat","embeddable":true,"href":"https:\/\/www.linkseride.com\/fr_ca\/wp-json\/wp\/v2\/product_cat?post=1876"},{"taxonomy":"product_tag","embeddable":true,"href":"https:\/\/www.linkseride.com\/fr_ca\/wp-json\/wp\/v2\/product_tag?post=1876"}],"curies":[{"name":"wp","href":"https:\/\/api.w.org\/{rel}","templated":true}]}}