{"id":1888,"date":"2020-10-25T06:59:25","date_gmt":"2020-10-25T06:59:25","guid":{"rendered":"http:\/\/linkseride.com\/?post_type=product&#038;p=1888"},"modified":"2021-03-11T08:02:11","modified_gmt":"2021-03-11T08:02:11","slug":"lem-05-2000w-lightweight-electric-moped","status":"publish","type":"product","link":"https:\/\/www.linkseride.com\/fr_ca\/product\/lem-05-2000w-lightweight-electric-moped\/","title":{"rendered":"LEM-05 2000W Commute Lightweight Electric Moped"},"content":{"rendered":"<p>Ce mod\u00e8le est un cyclomoteur \u00e9lectrique l\u00e9ger. Compar\u00e9 au LEM-04 Elfin 2000W, leurs performances sont presque les m\u00eames pour \u00eatre honn\u00eate, il suffit de choisir l'apparence que vous aimez. C'est aussi un bon choix pour les d\u00e9placements quotidiens. Les batteries optionnelles ont des performances diff\u00e9rentes. Faites votre propre choix de scooter \u00e9lectrique l\u00e9ger pour vos d\u00e9placements quotidiens !<\/p>","protected":false},"excerpt":{"rendered":"<p>\u25cf Certs: Road legal with EEC, COC Certificate<\/p>\n<p>\u25cf Lightweight electric moped with powerful 2000W motor provides enough torque for climb<\/p>\n<p>\u25cf Optional choice for batteries to ensure the range 90km(56 miles) max<\/p>\n<p>\u25cf Equipped with LCD dashboard, keeping you informed of speed, range,etc<\/p>\n<p>\u25cf Double disc brakes and hydraulic suspension ensure a secure and comfortable riding<\/p>\n<p>\u25cf Max loading weight 200KG (441 lbs) | Max speed 45 km\/h (28Mph)<\/p>\n<p>&nbsp;<\/p>","protected":false},"featured_media":1889,"template":"","meta":{"site-sidebar-layout":"default","site-content-layout":"default","ast-site-content-layout":"default","site-content-style":"default","site-sidebar-style":"default","ast-global-header-display":"","ast-banner-title-visibility":"","ast-main-header-display":"","ast-hfb-above-header-display":"","ast-hfb-below-header-display":"","ast-hfb-mobile-header-display":"","site-post-title":"","ast-breadcrumbs-content":"","ast-featured-img":"","footer-sml-layout":"","ast-disable-related-posts":"","theme-transparent-header-meta":"default","adv-header-id-meta":"","stick-header-meta":"","header-above-stick-meta":"","header-main-stick-meta":"","header-below-stick-meta":"","astra-migrate-meta-layouts":"default","ast-page-background-enabled":"default","ast-page-background-meta":{"desktop":{"background-color":"","background-image":"","background-repeat":"repeat","background-position":"center center","background-size":"auto","background-attachment":"scroll","background-type":"","background-media":"","overlay-type":"","overlay-color":"","overlay-opacity":"","overlay-gradient":""},"tablet":{"background-color":"","background-image":"","background-repeat":"repeat","background-position":"center center","background-size":"auto","background-attachment":"scroll","background-type":"","background-media":"","overlay-type":"","overlay-color":"","overlay-opacity":"","overlay-gradient":""},"mobile":{"background-color":"","background-image":"","background-repeat":"repeat","background-position":"center center","background-size":"auto","background-attachment":"scroll","background-type":"","background-media":"","overlay-type":"","overlay-color":"","overlay-opacity":"","overlay-gradient":""}},"ast-content-background-meta":{"desktop":{"background-color":"var(--ast-global-color-5)","background-image":"","background-repeat":"repeat","background-position":"center center","background-size":"auto","background-attachment":"scroll","background-type":"","background-media":"","overlay-type":"","overlay-color":"","overlay-opacity":"","overlay-gradient":""},"tablet":{"background-color":"var(--ast-global-color-5)","background-image":"","background-repeat":"repeat","background-position":"center center","background-size":"auto","background-attachment":"scroll","background-type":"","background-media":"","overlay-type":"","overlay-color":"","overlay-opacity":"","overlay-gradient":""},"mobile":{"background-color":"var(--ast-global-color-5)","background-image":"","background-repeat":"repeat","background-position":"center center","background-size":"auto","background-attachment":"scroll","background-type":"","background-media":"","overlay-type":"","overlay-color":"","overlay-opacity":"","overlay-gradient":""}}},"product_brand":[],"product_cat":[26],"product_tag":[],"class_list":{"0":"post-1888","1":"product","2":"type-product","3":"status-publish","4":"has-post-thumbnail","6":"product_cat-electric-moped","7":"desktop-align-left","8":"tablet-align-left","9":"mobile-align-left","11":"first","12":"instock","13":"shipping-taxable","14":"purchasable","15":"product-type-simple"},"_links":{"self":[{"href":"https:\/\/www.linkseride.com\/fr_ca\/wp-json\/wp\/v2\/product\/1888","targetHints":{"allow":["GET"]}}],"collection":[{"href":"https:\/\/www.linkseride.com\/fr_ca\/wp-json\/wp\/v2\/product"}],"about":[{"href":"https:\/\/www.linkseride.com\/fr_ca\/wp-json\/wp\/v2\/types\/product"}],"wp:featuredmedia":[{"embeddable":true,"href":"https:\/\/www.linkseride.com\/fr_ca\/wp-json\/wp\/v2\/media\/1889"}],"wp:attachment":[{"href":"https:\/\/www.linkseride.com\/fr_ca\/wp-json\/wp\/v2\/media?parent=1888"}],"wp:term":[{"taxonomy":"product_brand","embeddable":true,"href":"https:\/\/www.linkseride.com\/fr_ca\/wp-json\/wp\/v2\/product_brand?post=1888"},{"taxonomy":"product_cat","embeddable":true,"href":"https:\/\/www.linkseride.com\/fr_ca\/wp-json\/wp\/v2\/product_cat?post=1888"},{"taxonomy":"product_tag","embeddable":true,"href":"https:\/\/www.linkseride.com\/fr_ca\/wp-json\/wp\/v2\/product_tag?post=1888"}],"curies":[{"name":"wp","href":"https:\/\/api.w.org\/{rel}","templated":true}]}}