{"id":1896,"date":"2020-10-25T07:04:53","date_gmt":"2020-10-25T07:04:53","guid":{"rendered":"http:\/\/linkseride.com\/?post_type=product&#038;p=1896"},"modified":"2022-09-24T08:05:48","modified_gmt":"2022-09-24T08:05:48","slug":"lem-06-3000w-classic-electric-scooter","status":"publish","type":"product","link":"https:\/\/www.linkseride.com\/fr_ca\/product\/lem-06-3000w-classic-electric-scooter\/","title":{"rendered":"LEM-06 3000W Breeze Classic Scooter \u00e9lectrique"},"content":{"rendered":"<p>Le scooter \u00e9lectrique LEM-06 3000W Breeze Classic est un mod\u00e8le classique de style Vespa avec un brevet d'apparence exclusif.<\/p>\n<h3>Quelles sont les principales caract\u00e9ristiques de la trottinette \u00e9lectrique LEM-06 3000W Breeze Classic ?<\/h3>\n<h5><\/h5>\n<h5>SVOLT Removale Battery<\/h5>\n<p>Une grande cellule unique de SVOLT, avec moins de joints de soudure, un faible taux de d\u00e9faillance et une garantie de 2 ans sur la batterie. Dispositif d'extinction d'incendie int\u00e9gr\u00e9 et soupape de s\u00e9curit\u00e9, s\u00fbre et antid\u00e9flagrante. Ce type de batterie amovible peut offrir une garantie beaucoup plus solide en termes de dur\u00e9e de vie et de s\u00e9curit\u00e9.<\/p>\n<div id='gallery-1' class='gallery galleryid-1896 gallery-columns-2 gallery-size-full'><figure class='gallery-item'>\n\t\t\t<div class='gallery-icon landscape'>\n\t\t\t\t<img fetchpriority=\"high\" decoding=\"async\" width=\"411\" height=\"239\" src=\"https:\/\/www.linkseride.com\/wp-content\/uploads\/2020\/10\/battery-1.png\" class=\"attachment-full size-full\" alt=\"Batterie de scooter \u00e9lectrique classique\" srcset=\"https:\/\/www.linkseride.com\/wp-content\/uploads\/2020\/10\/battery-1.png 411w, https:\/\/www.linkseride.com\/wp-content\/uploads\/2020\/10\/battery-1-300x174.png 300w\" sizes=\"(max-width: 411px) 100vw, 411px\" \/>\n\t\t\t<\/div><\/figure><figure class='gallery-item'>\n\t\t\t<div class='gallery-icon landscape'>\n\t\t\t\t<img decoding=\"async\" width=\"411\" height=\"238\" src=\"https:\/\/www.linkseride.com\/wp-content\/uploads\/2020\/10\/battery-2.png\" class=\"attachment-full size-full\" alt=\"\" srcset=\"https:\/\/www.linkseride.com\/wp-content\/uploads\/2020\/10\/battery-2.png 411w, https:\/\/www.linkseride.com\/wp-content\/uploads\/2020\/10\/battery-2-300x174.png 300w\" sizes=\"(max-width: 411px) 100vw, 411px\" \/>\n\t\t\t<\/div><\/figure>\n\t\t<\/div>\n\n<p>&nbsp;<\/p>\n<h5>Moteur moyeu Reliabel QS avec suspension F&amp;R<\/h5>\n<p>Notre scooter \u00e9lectrique classique Breeze utilise un moteur \u00e0 moyeu QS, c'est une marque mondialement connue pour la puissance \u00e9lev\u00e9e de son moteur qui peut \u00e9galement offrir des performances stables et bonnes. Absorption des chocs hydrauliques, amortisseurs avant et arri\u00e8re pour offrir une exp\u00e9rience de conduite confortable sur les routes boueuses.<\/p>\n<div id='gallery-2' class='gallery galleryid-1896 gallery-columns-2 gallery-size-full'><figure class='gallery-item'>\n\t\t\t<div class='gallery-icon landscape'>\n\t\t\t\t<img decoding=\"async\" width=\"673\" height=\"539\" src=\"https:\/\/www.linkseride.com\/wp-content\/uploads\/2020\/10\/suspension.png\" class=\"attachment-full size-full\" alt=\"\" srcset=\"https:\/\/www.linkseride.com\/wp-content\/uploads\/2020\/10\/suspension.png 673w, https:\/\/www.linkseride.com\/wp-content\/uploads\/2020\/10\/suspension-300x240.png 300w, https:\/\/www.linkseride.com\/wp-content\/uploads\/2020\/10\/suspension-600x481.png 600w\" sizes=\"(max-width: 673px) 100vw, 673px\" \/>\n\t\t\t<\/div><\/figure><figure class='gallery-item'>\n\t\t\t<div class='gallery-icon landscape'>\n\t\t\t\t<img loading=\"lazy\" decoding=\"async\" width=\"748\" height=\"598\" src=\"https:\/\/www.linkseride.com\/wp-content\/uploads\/2020\/10\/motor.png\" class=\"attachment-full size-full\" alt=\"moteur de scooter \u00e9lectrique classique\" srcset=\"https:\/\/www.linkseride.com\/wp-content\/uploads\/2020\/10\/motor.png 748w, https:\/\/www.linkseride.com\/wp-content\/uploads\/2020\/10\/motor-300x240.png 300w, https:\/\/www.linkseride.com\/wp-content\/uploads\/2020\/10\/motor-600x480.png 600w\" sizes=\"(max-width: 748px) 100vw, 748px\" \/>\n\t\t\t<\/div><\/figure>\n\t\t<\/div>\n\n<h5>Freins doubles et pneus Kenda<\/h5>\n<p>La trottinette \u00e9lectrique classique Breeze utilise un syst\u00e8me de frein \u00e0 disque classique, un syst\u00e8me CBS \u00e0 45 vitesses en option. Les pneus de 10 pouces peuvent \u00eatre remplac\u00e9s par des pneus \u00e0 paroi blanche, ce qui est plus classique.<\/p>\n<div id='gallery-3' class='gallery galleryid-1896 gallery-columns-2 gallery-size-full'><figure class='gallery-item'>\n\t\t\t<div class='gallery-icon landscape'>\n\t\t\t\t<img loading=\"lazy\" decoding=\"async\" width=\"488\" height=\"326\" src=\"https:\/\/www.linkseride.com\/wp-content\/uploads\/2020\/10\/brake.png\" class=\"attachment-full size-full\" alt=\"scooter \u00e9lectrique classique\" srcset=\"https:\/\/www.linkseride.com\/wp-content\/uploads\/2020\/10\/brake.png 488w, https:\/\/www.linkseride.com\/wp-content\/uploads\/2020\/10\/brake-300x200.png 300w\" sizes=\"(max-width: 488px) 100vw, 488px\" \/>\n\t\t\t<\/div><\/figure><figure class='gallery-item'>\n\t\t\t<div class='gallery-icon landscape'>\n\t\t\t\t<img loading=\"lazy\" decoding=\"async\" width=\"488\" height=\"326\" src=\"https:\/\/www.linkseride.com\/wp-content\/uploads\/2020\/10\/tire-1.png\" class=\"attachment-full size-full\" alt=\"scooter \u00e9lectrique classique\" srcset=\"https:\/\/www.linkseride.com\/wp-content\/uploads\/2020\/10\/tire-1.png 488w, https:\/\/www.linkseride.com\/wp-content\/uploads\/2020\/10\/tire-1-300x200.png 300w\" sizes=\"(max-width: 488px) 100vw, 488px\" \/>\n\t\t\t<\/div><\/figure>\n\t\t<\/div>\n\n<h5>Autres caract\u00e9ristiques du scooter \u00e9lectrique classique Breeze<\/h5>\n<ul>\n<li>Affichage color\u00e9, clair et facile pour obtenir les informations n\u00e9cessaires pendant la conduite.<\/li>\n<li>boutons de d\u00e9marrage et d'utilisation simples, conviviaux pour les nouveaux apprenants.<\/li>\n<li>Les phares \u00e0 LED permettent de rouler en toute s\u00e9curit\u00e9, m\u00eame dans la nuit noire.<\/li>\n<li>Accoudoir arri\u00e8re en aluminium, beau et durable.<\/li>\n<\/ul>\n<div id='gallery-4' class='gallery galleryid-1896 gallery-columns-4 gallery-size-full'><figure class='gallery-item'>\n\t\t\t<div class='gallery-icon landscape'>\n\t\t\t\t<img loading=\"lazy\" decoding=\"async\" width=\"228\" height=\"144\" src=\"https:\/\/www.linkseride.com\/wp-content\/uploads\/2020\/10\/WX20220924-155606.png\" class=\"attachment-full size-full\" alt=\"scooter \u00e9lectrique classique\" \/>\n\t\t\t<\/div><\/figure><figure class='gallery-item'>\n\t\t\t<div class='gallery-icon landscape'>\n\t\t\t\t<img loading=\"lazy\" decoding=\"async\" width=\"227\" height=\"145\" src=\"https:\/\/www.linkseride.com\/wp-content\/uploads\/2020\/10\/WX20220924-155622.png\" class=\"attachment-full size-full\" alt=\"scooter \u00e9lectrique classique\" \/>\n\t\t\t<\/div><\/figure><figure class='gallery-item'>\n\t\t\t<div class='gallery-icon landscape'>\n\t\t\t\t<img loading=\"lazy\" decoding=\"async\" width=\"227\" height=\"145\" src=\"https:\/\/www.linkseride.com\/wp-content\/uploads\/2020\/10\/WX20220924-155638.png\" class=\"attachment-full size-full\" alt=\"scooter \u00e9lectrique classique\" \/>\n\t\t\t<\/div><\/figure><figure class='gallery-item'>\n\t\t\t<div class='gallery-icon landscape'>\n\t\t\t\t<img loading=\"lazy\" decoding=\"async\" width=\"227\" height=\"145\" src=\"https:\/\/www.linkseride.com\/wp-content\/uploads\/2020\/10\/WX20220924-155650.png\" class=\"attachment-full size-full\" alt=\"\" \/>\n\t\t\t<\/div><\/figure>\n\t\t<\/div>\n\n<h5>Sp\u00e9cifications du scooter \u00e9lectrique classique<\/h5>\n<p>mod\u00e8le : LEM-06 Breeze<\/p>\n<p>port\u00e9e : 75km (47miles)<\/p>\n<p>puissance nominale : 2000w<\/p>\n<p>vitesse maximale : 45km\/h (28mph)<\/p>\n<p>Suspension : Suspension hydraulique F &amp;R<\/p>\n<p>capacit\u00e9 maximale : 1,8KWH (60v40ah)<\/p>\n<p>garantie moto : 1 an<\/p>\n<div id='gallery-5' class='gallery galleryid-1896 gallery-columns-2 gallery-size-full'><figure class='gallery-item'>\n\t\t\t<div class='gallery-icon portrait'>\n\t\t\t\t<img loading=\"lazy\" decoding=\"async\" width=\"750\" height=\"947\" src=\"https:\/\/www.linkseride.com\/wp-content\/uploads\/2020\/10\/classic-electric-scooter-11.jpg\" class=\"attachment-full size-full\" alt=\"scooter \u00e9lectrique classique\" srcset=\"https:\/\/www.linkseride.com\/wp-content\/uploads\/2020\/10\/classic-electric-scooter-11.jpg 750w, https:\/\/www.linkseride.com\/wp-content\/uploads\/2020\/10\/classic-electric-scooter-11-238x300.jpg 238w, https:\/\/www.linkseride.com\/wp-content\/uploads\/2020\/10\/classic-electric-scooter-11-600x758.jpg 600w\" sizes=\"(max-width: 750px) 100vw, 750px\" \/>\n\t\t\t<\/div><\/figure><figure class='gallery-item'>\n\t\t\t<div class='gallery-icon portrait'>\n\t\t\t\t<img loading=\"lazy\" decoding=\"async\" width=\"750\" height=\"1050\" src=\"https:\/\/www.linkseride.com\/wp-content\/uploads\/2020\/10\/classic-electric-scooter-12.jpg\" class=\"attachment-full size-full\" alt=\"\" srcset=\"https:\/\/www.linkseride.com\/wp-content\/uploads\/2020\/10\/classic-electric-scooter-12.jpg 750w, https:\/\/www.linkseride.com\/wp-content\/uploads\/2020\/10\/classic-electric-scooter-12-214x300.jpg 214w, https:\/\/www.linkseride.com\/wp-content\/uploads\/2020\/10\/classic-electric-scooter-12-731x1024.jpg 731w, https:\/\/www.linkseride.com\/wp-content\/uploads\/2020\/10\/classic-electric-scooter-12-600x840.jpg 600w\" sizes=\"(max-width: 750px) 100vw, 750px\" \/>\n\t\t\t<\/div><\/figure>\n\t\t<\/div>","protected":false},"excerpt":{"rendered":"<p>\u25cfLEM-06 3000W Breeze Classic Electric scooter<\/p>\n<p>\u25cf Certificats : L\u00e9galit\u00e9 routi\u00e8re avec certificat CEE, COC et UN38.3<\/p>\n<p>\u25cf Powerful 2000w electric motor for a top speed of 45km\/h (28mph)<\/p>\n<p>\u25cf Removable 60V40AH li-ion battery for a driving range up to 75km (47miles)<\/p>\n<p>\u25cf Perfec combination of retro design and stong power as well as a resonable price<\/p>\n<p>\u25cf LED front light<\/p>\n<p>\u25cf Available in many colors<\/p>","protected":false},"featured_media":8631,"template":"","meta":{"site-sidebar-layout":"default","site-content-layout":"default","ast-site-content-layout":"default","site-content-style":"default","site-sidebar-style":"default","ast-global-header-display":"","ast-banner-title-visibility":"","ast-main-header-display":"","ast-hfb-above-header-display":"","ast-hfb-below-header-display":"","ast-hfb-mobile-header-display":"","site-post-title":"","ast-breadcrumbs-content":"","ast-featured-img":"","footer-sml-layout":"","ast-disable-related-posts":"","theme-transparent-header-meta":"default","adv-header-id-meta":"","stick-header-meta":"","header-above-stick-meta":"","header-main-stick-meta":"","header-below-stick-meta":"","astra-migrate-meta-layouts":"default","ast-page-background-enabled":"default","ast-page-background-meta":{"desktop":{"background-color":"","background-image":"","background-repeat":"repeat","background-position":"center center","background-size":"auto","background-attachment":"scroll","background-type":"","background-media":"","overlay-type":"","overlay-color":"","overlay-opacity":"","overlay-gradient":""},"tablet":{"background-color":"","background-image":"","background-repeat":"repeat","background-position":"center center","background-size":"auto","background-attachment":"scroll","background-type":"","background-media":"","overlay-type":"","overlay-color":"","overlay-opacity":"","overlay-gradient":""},"mobile":{"background-color":"","background-image":"","background-repeat":"repeat","background-position":"center center","background-size":"auto","background-attachment":"scroll","background-type":"","background-media":"","overlay-type":"","overlay-color":"","overlay-opacity":"","overlay-gradient":""}},"ast-content-background-meta":{"desktop":{"background-color":"var(--ast-global-color-5)","background-image":"","background-repeat":"repeat","background-position":"center center","background-size":"auto","background-attachment":"scroll","background-type":"","background-media":"","overlay-type":"","overlay-color":"","overlay-opacity":"","overlay-gradient":""},"tablet":{"background-color":"var(--ast-global-color-5)","background-image":"","background-repeat":"repeat","background-position":"center center","background-size":"auto","background-attachment":"scroll","background-type":"","background-media":"","overlay-type":"","overlay-color":"","overlay-opacity":"","overlay-gradient":""},"mobile":{"background-color":"var(--ast-global-color-5)","background-image":"","background-repeat":"repeat","background-position":"center center","background-size":"auto","background-attachment":"scroll","background-type":"","background-media":"","overlay-type":"","overlay-color":"","overlay-opacity":"","overlay-gradient":""}}},"product_brand":[],"product_cat":[26],"product_tag":[],"class_list":{"0":"post-1896","1":"product","2":"type-product","3":"status-publish","4":"has-post-thumbnail","6":"product_cat-electric-moped","7":"desktop-align-left","8":"tablet-align-left","9":"mobile-align-left","11":"first","12":"instock","13":"shipping-taxable","14":"purchasable","15":"product-type-simple"},"_links":{"self":[{"href":"https:\/\/www.linkseride.com\/fr_ca\/wp-json\/wp\/v2\/product\/1896","targetHints":{"allow":["GET"]}}],"collection":[{"href":"https:\/\/www.linkseride.com\/fr_ca\/wp-json\/wp\/v2\/product"}],"about":[{"href":"https:\/\/www.linkseride.com\/fr_ca\/wp-json\/wp\/v2\/types\/product"}],"wp:featuredmedia":[{"embeddable":true,"href":"https:\/\/www.linkseride.com\/fr_ca\/wp-json\/wp\/v2\/media\/8631"}],"wp:attachment":[{"href":"https:\/\/www.linkseride.com\/fr_ca\/wp-json\/wp\/v2\/media?parent=1896"}],"wp:term":[{"taxonomy":"product_brand","embeddable":true,"href":"https:\/\/www.linkseride.com\/fr_ca\/wp-json\/wp\/v2\/product_brand?post=1896"},{"taxonomy":"product_cat","embeddable":true,"href":"https:\/\/www.linkseride.com\/fr_ca\/wp-json\/wp\/v2\/product_cat?post=1896"},{"taxonomy":"product_tag","embeddable":true,"href":"https:\/\/www.linkseride.com\/fr_ca\/wp-json\/wp\/v2\/product_tag?post=1896"}],"curies":[{"name":"wp","href":"https:\/\/api.w.org\/{rel}","templated":true}]}}