{"id":1986,"date":"2020-10-26T08:30:50","date_gmt":"2020-10-26T08:30:50","guid":{"rendered":"http:\/\/linkseride.com\/?post_type=product&#038;p=1986"},"modified":"2021-03-11T08:18:09","modified_gmt":"2021-03-11T08:18:09","slug":"scooter-electrique-intelligent-lenovo-m2","status":"publish","type":"product","link":"https:\/\/www.linkseride.com\/fr_ca\/product\/lenovo-m2-smart-electric-scooter\/","title":{"rendered":"Scooter \u00e9lectrique intelligent Lenovo M2 Sortie : autonomie de 30 km"},"content":{"rendered":"<p>Le scooter \u00e9lectrique intelligent Lenovo m2 peut atteindre une vitesse maximale de 25 km\/h et parcourir jusqu'\u00e0 30 km avec une seule charge, ce qui en fait le v\u00e9hicule id\u00e9al pour les trajets courts et les courses rapides dans le quartier. Le scooter \u00e9lectrique Lenovo M2 est \u00e9quip\u00e9 de batteries au lithium pouvant g\u00e9n\u00e9rer jusqu'\u00e0 350 watts de puissance. De plus, les batteries se rechargent compl\u00e8tement en 3 \u00e0 4 heures et les utilisateurs peuvent \u00e9galement v\u00e9rifier l'\u00e9tat de la batterie via l'application WeChat. Compar\u00e9 au scooter Xiaomi, le scooter \u00e9lectrique M2 dispose en plus d'un triple syst\u00e8me de freinage et d'un triple syst\u00e8me d'absorption des chocs.<\/p>\n<p>De plus, le scooter \u00e9lectrique intelligent Lenovo M2 est \u00e9quip\u00e9 d'un panneau de commande \u00e0 LED qui affiche la vitesse actuelle, la puissance, le rapport et d'autres informations. Le corps du Lenovo m2 est fabriqu\u00e9 \u00e0 partir d'un alliage d'aluminium et le scooter b\u00e9n\u00e9ficie \u00e9galement d'un indice de protection IP54.<\/p>","protected":false},"excerpt":{"rendered":"<p>\u25cf Trottinette \u00e9lectrique intelligente Lenovo M2 Super puissance, super autonomie \u00e0 pleine charge.<\/p>\n<p>\u25cf Moteur de 350 W, batterie de 7,5 Ah, vitesse maximale de 25 km\/h et autonomie maximale de 30 km.<\/p>\n<p>\u25cf Triple syst\u00e8me de freinage : frein \u00e0 disque, frein moteur, frein \u00e0 p\u00e9dale<\/p>\n<p>\u25cf Syst\u00e8me de suspension triple : absorption des chocs, absorption des chocs des pneus, absorption des chocs des ressorts<\/p>\n<p>\u25cf Conception pliable et portable. Le cadre se plie en 3 secondes pour un rangement facile, ce qui en fait un scooter id\u00e9al et s\u00fbr pour les trajets quotidiens.<\/p>\n<p>\u25cf Technologie innovante. L'\u00e9cran LCD, le Bluetooth int\u00e9gr\u00e9, le r\u00e9gulateur de vitesse et le mini-programme rendent votre exp\u00e9rience de conduite plus agr\u00e9able.<\/p>\n<p>\u25cf Indice de protection contre la poussi\u00e8re et l'eau IP54<\/p>\n<p>&nbsp;<\/p>","protected":false},"featured_media":1987,"template":"","meta":{"site-sidebar-layout":"default","site-content-layout":"default","ast-site-content-layout":"default","site-content-style":"default","site-sidebar-style":"default","ast-global-header-display":"","ast-banner-title-visibility":"","ast-main-header-display":"","ast-hfb-above-header-display":"","ast-hfb-below-header-display":"","ast-hfb-mobile-header-display":"","site-post-title":"","ast-breadcrumbs-content":"","ast-featured-img":"","footer-sml-layout":"","ast-disable-related-posts":"","theme-transparent-header-meta":"default","adv-header-id-meta":"","stick-header-meta":"","header-above-stick-meta":"","header-main-stick-meta":"","header-below-stick-meta":"","astra-migrate-meta-layouts":"default","ast-page-background-enabled":"default","ast-page-background-meta":{"desktop":{"background-color":"","background-image":"","background-repeat":"repeat","background-position":"center center","background-size":"auto","background-attachment":"scroll","background-type":"","background-media":"","overlay-type":"","overlay-color":"","overlay-opacity":"","overlay-gradient":""},"tablet":{"background-color":"","background-image":"","background-repeat":"repeat","background-position":"center center","background-size":"auto","background-attachment":"scroll","background-type":"","background-media":"","overlay-type":"","overlay-color":"","overlay-opacity":"","overlay-gradient":""},"mobile":{"background-color":"","background-image":"","background-repeat":"repeat","background-position":"center center","background-size":"auto","background-attachment":"scroll","background-type":"","background-media":"","overlay-type":"","overlay-color":"","overlay-opacity":"","overlay-gradient":""}},"ast-content-background-meta":{"desktop":{"background-color":"var(--ast-global-color-5)","background-image":"","background-repeat":"repeat","background-position":"center center","background-size":"auto","background-attachment":"scroll","background-type":"","background-media":"","overlay-type":"","overlay-color":"","overlay-opacity":"","overlay-gradient":""},"tablet":{"background-color":"var(--ast-global-color-5)","background-image":"","background-repeat":"repeat","background-position":"center center","background-size":"auto","background-attachment":"scroll","background-type":"","background-media":"","overlay-type":"","overlay-color":"","overlay-opacity":"","overlay-gradient":""},"mobile":{"background-color":"var(--ast-global-color-5)","background-image":"","background-repeat":"repeat","background-position":"center center","background-size":"auto","background-attachment":"scroll","background-type":"","background-media":"","overlay-type":"","overlay-color":"","overlay-opacity":"","overlay-gradient":""}}},"product_brand":[],"product_cat":[28],"product_tag":[],"class_list":{"0":"post-1986","1":"product","2":"type-product","3":"status-publish","4":"has-post-thumbnail","6":"product_cat-electric-scooter","7":"desktop-align-left","8":"tablet-align-left","9":"mobile-align-left","11":"first","12":"instock","13":"shipping-taxable","14":"purchasable","15":"product-type-simple"},"_links":{"self":[{"href":"https:\/\/www.linkseride.com\/fr_ca\/wp-json\/wp\/v2\/product\/1986","targetHints":{"allow":["GET"]}}],"collection":[{"href":"https:\/\/www.linkseride.com\/fr_ca\/wp-json\/wp\/v2\/product"}],"about":[{"href":"https:\/\/www.linkseride.com\/fr_ca\/wp-json\/wp\/v2\/types\/product"}],"wp:featuredmedia":[{"embeddable":true,"href":"https:\/\/www.linkseride.com\/fr_ca\/wp-json\/wp\/v2\/media\/1987"}],"wp:attachment":[{"href":"https:\/\/www.linkseride.com\/fr_ca\/wp-json\/wp\/v2\/media?parent=1986"}],"wp:term":[{"taxonomy":"product_brand","embeddable":true,"href":"https:\/\/www.linkseride.com\/fr_ca\/wp-json\/wp\/v2\/product_brand?post=1986"},{"taxonomy":"product_cat","embeddable":true,"href":"https:\/\/www.linkseride.com\/fr_ca\/wp-json\/wp\/v2\/product_cat?post=1986"},{"taxonomy":"product_tag","embeddable":true,"href":"https:\/\/www.linkseride.com\/fr_ca\/wp-json\/wp\/v2\/product_tag?post=1986"}],"curies":[{"name":"wp","href":"https:\/\/api.w.org\/{rel}","templated":true}]}}