{"id":2037,"date":"2020-10-26T09:00:39","date_gmt":"2020-10-26T09:00:39","guid":{"rendered":"http:\/\/linkseride.com\/?post_type=product&#038;p=2037"},"modified":"2021-03-11T08:18:52","modified_gmt":"2021-03-11T08:18:52","slug":"scooter-electrique-7-350-w-25-km-h","status":"publish","type":"product","link":"https:\/\/www.linkseride.com\/fr_ca\/product\/les-07-350w-25km-h-mi-electric-scooter\/","title":{"rendered":"LES-08 350 W 25 km\/h Scooter \u00e9lectrique Mi"},"content":{"rendered":"<p>Le scooter \u00e9lectrique Mi, \u00e9quip\u00e9 d'un moteur CC sans balais de 300 W, offre une conduite facile et confortable. Ses batteries de haute qualit\u00e9 garantissent une autonomie pouvant atteindre 45 km.<br \/>\n\u00c9quip\u00e9 d'un syst\u00e8me de freinage r\u00e9g\u00e9n\u00e9ratif et \u00e0 disque \u00e0 l'arri\u00e8re, et d'un syst\u00e8me E-ABS \u00e0 l'avant. Le r\u00e9gulateur de vitesse aide \u00e0 maintenir une vitesse constante d\u00e9finie par le conducteur afin de le soulager d'une pression et d'une tension constantes. Les pneus pneumatiques de 8,5 pouces absorbent efficacement les chocs et emp\u00eachent le d\u00e9rapage.<\/p>","protected":false},"excerpt":{"rendered":"<p>\u25cf Trottinette \u00e9lectrique Mi \u00e9quip\u00e9e d'un puissant moteur de 350 W, la Segway ES2 KickScooter peut atteindre une vitesse de 25 km\/h, parcourir jusqu'\u00e0 25 km et supporter une charge maximale de 120 kg.<\/p>\n<p>\u25cf Avec un poids total de 13,5 kg (30 lb) et son syst\u00e8me de pliage en un clic, cette trottinette peut \u00eatre transport\u00e9e d'une seule main. Facile \u00e0 plier et \u00e0 ranger dans une voiture ou dans les transports en commun, elle est le compagnon de voyage id\u00e9al.<\/p>\n<p>\u25cf Le syst\u00e8me de gestion de batterie 36 V 7,8 Ah garantit la s\u00e9curit\u00e9 de la batterie et prolonge sa dur\u00e9e de vie.<\/p>\n<p>\u25cf Comprend un \u00e9cran LED, des fonctionnalit\u00e9s Bluetooth, un r\u00e9gulateur de vitesse, des couleurs d'\u00e9clairage d'ambiance personnalisables, une connectivit\u00e9 \u00e0 une application mobile pour plus de s\u00e9curit\u00e9, des mises \u00e0 jour du micrologiciel et bien plus encore.<\/p>","protected":false},"featured_media":2038,"template":"","meta":{"site-sidebar-layout":"default","site-content-layout":"default","ast-site-content-layout":"default","site-content-style":"default","site-sidebar-style":"default","ast-global-header-display":"","ast-banner-title-visibility":"","ast-main-header-display":"","ast-hfb-above-header-display":"","ast-hfb-below-header-display":"","ast-hfb-mobile-header-display":"","site-post-title":"","ast-breadcrumbs-content":"","ast-featured-img":"","footer-sml-layout":"","ast-disable-related-posts":"","theme-transparent-header-meta":"default","adv-header-id-meta":"","stick-header-meta":"","header-above-stick-meta":"","header-main-stick-meta":"","header-below-stick-meta":"","astra-migrate-meta-layouts":"default","ast-page-background-enabled":"default","ast-page-background-meta":{"desktop":{"background-color":"","background-image":"","background-repeat":"repeat","background-position":"center center","background-size":"auto","background-attachment":"scroll","background-type":"","background-media":"","overlay-type":"","overlay-color":"","overlay-opacity":"","overlay-gradient":""},"tablet":{"background-color":"","background-image":"","background-repeat":"repeat","background-position":"center center","background-size":"auto","background-attachment":"scroll","background-type":"","background-media":"","overlay-type":"","overlay-color":"","overlay-opacity":"","overlay-gradient":""},"mobile":{"background-color":"","background-image":"","background-repeat":"repeat","background-position":"center center","background-size":"auto","background-attachment":"scroll","background-type":"","background-media":"","overlay-type":"","overlay-color":"","overlay-opacity":"","overlay-gradient":""}},"ast-content-background-meta":{"desktop":{"background-color":"var(--ast-global-color-5)","background-image":"","background-repeat":"repeat","background-position":"center center","background-size":"auto","background-attachment":"scroll","background-type":"","background-media":"","overlay-type":"","overlay-color":"","overlay-opacity":"","overlay-gradient":""},"tablet":{"background-color":"var(--ast-global-color-5)","background-image":"","background-repeat":"repeat","background-position":"center center","background-size":"auto","background-attachment":"scroll","background-type":"","background-media":"","overlay-type":"","overlay-color":"","overlay-opacity":"","overlay-gradient":""},"mobile":{"background-color":"var(--ast-global-color-5)","background-image":"","background-repeat":"repeat","background-position":"center center","background-size":"auto","background-attachment":"scroll","background-type":"","background-media":"","overlay-type":"","overlay-color":"","overlay-opacity":"","overlay-gradient":""}}},"product_brand":[],"product_cat":[28],"product_tag":[],"class_list":{"0":"post-2037","1":"product","2":"type-product","3":"status-publish","4":"has-post-thumbnail","6":"product_cat-electric-scooter","7":"desktop-align-left","8":"tablet-align-left","9":"mobile-align-left","11":"first","12":"instock","13":"shipping-taxable","14":"purchasable","15":"product-type-simple"},"_links":{"self":[{"href":"https:\/\/www.linkseride.com\/fr_ca\/wp-json\/wp\/v2\/product\/2037","targetHints":{"allow":["GET"]}}],"collection":[{"href":"https:\/\/www.linkseride.com\/fr_ca\/wp-json\/wp\/v2\/product"}],"about":[{"href":"https:\/\/www.linkseride.com\/fr_ca\/wp-json\/wp\/v2\/types\/product"}],"wp:featuredmedia":[{"embeddable":true,"href":"https:\/\/www.linkseride.com\/fr_ca\/wp-json\/wp\/v2\/media\/2038"}],"wp:attachment":[{"href":"https:\/\/www.linkseride.com\/fr_ca\/wp-json\/wp\/v2\/media?parent=2037"}],"wp:term":[{"taxonomy":"product_brand","embeddable":true,"href":"https:\/\/www.linkseride.com\/fr_ca\/wp-json\/wp\/v2\/product_brand?post=2037"},{"taxonomy":"product_cat","embeddable":true,"href":"https:\/\/www.linkseride.com\/fr_ca\/wp-json\/wp\/v2\/product_cat?post=2037"},{"taxonomy":"product_tag","embeddable":true,"href":"https:\/\/www.linkseride.com\/fr_ca\/wp-json\/wp\/v2\/product_tag?post=2037"}],"curies":[{"name":"wp","href":"https:\/\/api.w.org\/{rel}","templated":true}]}}