{"id":2790,"date":"2020-12-05T09:29:32","date_gmt":"2020-12-05T09:29:32","guid":{"rendered":"http:\/\/linkseride.com\/?post_type=product&#038;p=2790"},"modified":"2022-09-24T08:46:09","modified_gmt":"2022-09-24T08:46:09","slug":"lec-10-3000w-velo-a-moteur-electrique","status":"publish","type":"product","link":"https:\/\/www.linkseride.com\/fr_ca\/product\/lec-10-3000w-electric-motor-bike\/","title":{"rendered":"LEC-10 3000W V\u00e9lo \u00e9lectrique urbain pour adultes"},"content":{"rendered":"<p>Il s'agit d'une moto \u00e9lectrique qui attire l'attention avant m\u00eame de d\u00e9marrer. Notre usine fabrique ce mod\u00e8le qui ressemble presque \u00e0 une moto traditionnelle, avec un look classique et une forme naturelle en forme d'aile. La conception de la selle vous procure une sensation agr\u00e9able au volant, que vous soyez \u00e0 l'avant ou \u00e0 l'arri\u00e8re. Cette moto \u00e9lectrique est facile \u00e0 conduire, il suffit de tourner la poign\u00e9e pour vous rendre rapidement d'un point A \u00e0 un point B. Elle atteint une vitesse maximale de 75 km\/h (47 mph) et se recharge facilement gr\u00e2ce \u00e0 sa batterie Li-ion.<\/p>\n<p><img fetchpriority=\"high\" decoding=\"async\" class=\"alignnone wp-image-8683 size-full\" src=\"http:\/\/linkseride.com\/wp-content\/uploads\/2020\/12\/WX20220924-164511.png\" alt=\"v\u00e9lo \u00e0 moteur \u00e9lectrique\" width=\"1675\" height=\"822\" srcset=\"https:\/\/www.linkseride.com\/wp-content\/uploads\/2020\/12\/WX20220924-164511.png 1675w, https:\/\/www.linkseride.com\/wp-content\/uploads\/2020\/12\/WX20220924-164511-300x147.png 300w, https:\/\/www.linkseride.com\/wp-content\/uploads\/2020\/12\/WX20220924-164511-1024x503.png 1024w, https:\/\/www.linkseride.com\/wp-content\/uploads\/2020\/12\/WX20220924-164511-768x377.png 768w, https:\/\/www.linkseride.com\/wp-content\/uploads\/2020\/12\/WX20220924-164511-1536x754.png 1536w, https:\/\/www.linkseride.com\/wp-content\/uploads\/2020\/12\/WX20220924-164511-600x294.png 600w\" sizes=\"(max-width: 1675px) 100vw, 1675px\" \/><\/p>","protected":false},"excerpt":{"rendered":"<p>\u25cf Moto \u00e9lectrique certifi\u00e9e E-mark<\/p>\n<p>\u25cf Les freins \u00e0 disque avant et arri\u00e8re offrent une puissance de freinage puissante et fiable.<\/p>\n<p>\u25cf Pneus : pneus \u00e0 chambre \u00e0 air avant et arri\u00e8re 130-70\/12<\/p>\n<p>\u25cf 100 km (65 miles) par charge, vitesse maximale de 75 km\/h (47 mph)<\/p>\n<p>\u25cf Le si\u00e8ge large et rembourr\u00e9 offre un confort et un style incomparables au conducteur et au passager.<\/p>\n<p>\u25cf Personnalisation disponible !<\/p>","protected":false},"featured_media":8677,"template":"","meta":{"site-sidebar-layout":"default","site-content-layout":"default","ast-site-content-layout":"default","site-content-style":"default","site-sidebar-style":"default","ast-global-header-display":"","ast-banner-title-visibility":"","ast-main-header-display":"","ast-hfb-above-header-display":"","ast-hfb-below-header-display":"","ast-hfb-mobile-header-display":"","site-post-title":"","ast-breadcrumbs-content":"","ast-featured-img":"","footer-sml-layout":"","ast-disable-related-posts":"","theme-transparent-header-meta":"default","adv-header-id-meta":"","stick-header-meta":"","header-above-stick-meta":"","header-main-stick-meta":"","header-below-stick-meta":"","astra-migrate-meta-layouts":"default","ast-page-background-enabled":"default","ast-page-background-meta":{"desktop":{"background-color":"","background-image":"","background-repeat":"repeat","background-position":"center center","background-size":"auto","background-attachment":"scroll","background-type":"","background-media":"","overlay-type":"","overlay-color":"","overlay-opacity":"","overlay-gradient":""},"tablet":{"background-color":"","background-image":"","background-repeat":"repeat","background-position":"center center","background-size":"auto","background-attachment":"scroll","background-type":"","background-media":"","overlay-type":"","overlay-color":"","overlay-opacity":"","overlay-gradient":""},"mobile":{"background-color":"","background-image":"","background-repeat":"repeat","background-position":"center center","background-size":"auto","background-attachment":"scroll","background-type":"","background-media":"","overlay-type":"","overlay-color":"","overlay-opacity":"","overlay-gradient":""}},"ast-content-background-meta":{"desktop":{"background-color":"var(--ast-global-color-5)","background-image":"","background-repeat":"repeat","background-position":"center center","background-size":"auto","background-attachment":"scroll","background-type":"","background-media":"","overlay-type":"","overlay-color":"","overlay-opacity":"","overlay-gradient":""},"tablet":{"background-color":"var(--ast-global-color-5)","background-image":"","background-repeat":"repeat","background-position":"center center","background-size":"auto","background-attachment":"scroll","background-type":"","background-media":"","overlay-type":"","overlay-color":"","overlay-opacity":"","overlay-gradient":""},"mobile":{"background-color":"var(--ast-global-color-5)","background-image":"","background-repeat":"repeat","background-position":"center center","background-size":"auto","background-attachment":"scroll","background-type":"","background-media":"","overlay-type":"","overlay-color":"","overlay-opacity":"","overlay-gradient":""}}},"product_brand":[],"product_cat":[27],"product_tag":[],"class_list":{"0":"post-2790","1":"product","2":"type-product","3":"status-publish","4":"has-post-thumbnail","6":"product_cat-electric-motorcycle","7":"desktop-align-left","8":"tablet-align-left","9":"mobile-align-left","11":"first","12":"instock","13":"shipping-taxable","14":"purchasable","15":"product-type-simple"},"_links":{"self":[{"href":"https:\/\/www.linkseride.com\/fr_ca\/wp-json\/wp\/v2\/product\/2790","targetHints":{"allow":["GET"]}}],"collection":[{"href":"https:\/\/www.linkseride.com\/fr_ca\/wp-json\/wp\/v2\/product"}],"about":[{"href":"https:\/\/www.linkseride.com\/fr_ca\/wp-json\/wp\/v2\/types\/product"}],"wp:featuredmedia":[{"embeddable":true,"href":"https:\/\/www.linkseride.com\/fr_ca\/wp-json\/wp\/v2\/media\/8677"}],"wp:attachment":[{"href":"https:\/\/www.linkseride.com\/fr_ca\/wp-json\/wp\/v2\/media?parent=2790"}],"wp:term":[{"taxonomy":"product_brand","embeddable":true,"href":"https:\/\/www.linkseride.com\/fr_ca\/wp-json\/wp\/v2\/product_brand?post=2790"},{"taxonomy":"product_cat","embeddable":true,"href":"https:\/\/www.linkseride.com\/fr_ca\/wp-json\/wp\/v2\/product_cat?post=2790"},{"taxonomy":"product_tag","embeddable":true,"href":"https:\/\/www.linkseride.com\/fr_ca\/wp-json\/wp\/v2\/product_tag?post=2790"}],"curies":[{"name":"wp","href":"https:\/\/api.w.org\/{rel}","templated":true}]}}