{"id":3094,"date":"2021-02-27T07:24:03","date_gmt":"2021-02-27T07:24:03","guid":{"rendered":"http:\/\/linkseride.com\/?post_type=product&#038;p=3094"},"modified":"2021-03-11T08:11:47","modified_gmt":"2021-03-11T08:11:47","slug":"500w-skyway-moped-scooter-with-pedals","status":"publish","type":"product","link":"https:\/\/www.linkseride.com\/fr_ca\/product\/500w-skyway-moped-scooter-with-pedals\/","title":{"rendered":"LEM-08 500W SKYWAY Scooter \u00e9lectrique \u00e0 p\u00e9dales"},"content":{"rendered":"<p>Ce mod\u00e8le SKYWAY est un cyclomoteur \u00e0 p\u00e9dales qui r\u00e9pond aux exigences des pays qui en ont besoin. Il s'agit d'un tr\u00e8s beau v\u00e9lo pour les trajets quotidiens dans les villes. Comme il s'agit d'un v\u00e9lo dont la vitesse est comprise entre 25 et 40 km\/h, il appartient \u00e0 la m\u00eame cat\u00e9gorie que les v\u00e9los \u00e9lectriques. Plus besoin de permis de conduire, de taxe routi\u00e8re, d'amende de stationnement ou de p\u00e9age urbain. Le scooter SKYWAY est \u00e9quip\u00e9 d'un moteur \u00e9lectrique de 250w, combin\u00e9 \u00e0 une batterie lithium amovible de 48v 30ah (plomb-acide disponible si n\u00e9cessaire), l'autonomie est de 60km. De plus, la partie p\u00e9dalage augmente le plaisir de conduire ce magnifique v\u00e9lo.<\/p>\n<p>Nous avons toutes les couleurs possibles et imaginables !<\/p>\n<div id='gallery-1' class='gallery galleryid-3094 gallery-columns-5 gallery-size-full'><figure class='gallery-item'>\n\t\t\t<div class='gallery-icon landscape'>\n\t\t\t\t<a href='https:\/\/www.linkseride.com\/fr_ca\/?attachment_id=3096'><img fetchpriority=\"high\" decoding=\"async\" width=\"1040\" height=\"1040\" src=\"https:\/\/www.linkseride.com\/wp-content\/uploads\/2021\/02\/1.jpg\" class=\"attachment-full size-full\" alt=\"cyclomoteur scooter avec p\u00e9dales\" srcset=\"https:\/\/www.linkseride.com\/wp-content\/uploads\/2021\/02\/1.jpg 1040w, https:\/\/www.linkseride.com\/wp-content\/uploads\/2021\/02\/1-300x300.jpg 300w, https:\/\/www.linkseride.com\/wp-content\/uploads\/2021\/02\/1-1024x1024.jpg 1024w, https:\/\/www.linkseride.com\/wp-content\/uploads\/2021\/02\/1-150x150.jpg 150w, https:\/\/www.linkseride.com\/wp-content\/uploads\/2021\/02\/1-768x768.jpg 768w, https:\/\/www.linkseride.com\/wp-content\/uploads\/2021\/02\/1-600x600.jpg 600w, https:\/\/www.linkseride.com\/wp-content\/uploads\/2021\/02\/1-100x100.jpg 100w\" sizes=\"(max-width: 1040px) 100vw, 1040px\" \/><\/a>\n\t\t\t<\/div><\/figure><figure class='gallery-item'>\n\t\t\t<div class='gallery-icon landscape'>\n\t\t\t\t<a href='https:\/\/www.linkseride.com\/fr_ca\/?attachment_id=3097'><img decoding=\"async\" width=\"1040\" height=\"1040\" src=\"https:\/\/www.linkseride.com\/wp-content\/uploads\/2021\/02\/3.jpg\" class=\"attachment-full size-full\" alt=\"\" srcset=\"https:\/\/www.linkseride.com\/wp-content\/uploads\/2021\/02\/3.jpg 1040w, https:\/\/www.linkseride.com\/wp-content\/uploads\/2021\/02\/3-300x300.jpg 300w, https:\/\/www.linkseride.com\/wp-content\/uploads\/2021\/02\/3-1024x1024.jpg 1024w, https:\/\/www.linkseride.com\/wp-content\/uploads\/2021\/02\/3-150x150.jpg 150w, https:\/\/www.linkseride.com\/wp-content\/uploads\/2021\/02\/3-768x768.jpg 768w, https:\/\/www.linkseride.com\/wp-content\/uploads\/2021\/02\/3-600x600.jpg 600w, https:\/\/www.linkseride.com\/wp-content\/uploads\/2021\/02\/3-100x100.jpg 100w\" sizes=\"(max-width: 1040px) 100vw, 1040px\" \/><\/a>\n\t\t\t<\/div><\/figure><figure class='gallery-item'>\n\t\t\t<div class='gallery-icon landscape'>\n\t\t\t\t<a href='https:\/\/www.linkseride.com\/fr_ca\/?attachment_id=3098'><img decoding=\"async\" width=\"1040\" height=\"1040\" src=\"https:\/\/www.linkseride.com\/wp-content\/uploads\/2021\/02\/4.jpg\" class=\"attachment-full size-full\" alt=\"\" srcset=\"https:\/\/www.linkseride.com\/wp-content\/uploads\/2021\/02\/4.jpg 1040w, https:\/\/www.linkseride.com\/wp-content\/uploads\/2021\/02\/4-300x300.jpg 300w, https:\/\/www.linkseride.com\/wp-content\/uploads\/2021\/02\/4-1024x1024.jpg 1024w, https:\/\/www.linkseride.com\/wp-content\/uploads\/2021\/02\/4-150x150.jpg 150w, https:\/\/www.linkseride.com\/wp-content\/uploads\/2021\/02\/4-768x768.jpg 768w, https:\/\/www.linkseride.com\/wp-content\/uploads\/2021\/02\/4-600x600.jpg 600w, https:\/\/www.linkseride.com\/wp-content\/uploads\/2021\/02\/4-100x100.jpg 100w\" sizes=\"(max-width: 1040px) 100vw, 1040px\" \/><\/a>\n\t\t\t<\/div><\/figure><figure class='gallery-item'>\n\t\t\t<div class='gallery-icon landscape'>\n\t\t\t\t<a href='https:\/\/www.linkseride.com\/fr_ca\/?attachment_id=3099'><img loading=\"lazy\" decoding=\"async\" width=\"1040\" height=\"1040\" src=\"https:\/\/www.linkseride.com\/wp-content\/uploads\/2021\/02\/5.jpg\" class=\"attachment-full size-full\" alt=\"\" srcset=\"https:\/\/www.linkseride.com\/wp-content\/uploads\/2021\/02\/5.jpg 1040w, https:\/\/www.linkseride.com\/wp-content\/uploads\/2021\/02\/5-300x300.jpg 300w, https:\/\/www.linkseride.com\/wp-content\/uploads\/2021\/02\/5-1024x1024.jpg 1024w, https:\/\/www.linkseride.com\/wp-content\/uploads\/2021\/02\/5-150x150.jpg 150w, https:\/\/www.linkseride.com\/wp-content\/uploads\/2021\/02\/5-768x768.jpg 768w, https:\/\/www.linkseride.com\/wp-content\/uploads\/2021\/02\/5-600x600.jpg 600w, https:\/\/www.linkseride.com\/wp-content\/uploads\/2021\/02\/5-100x100.jpg 100w\" sizes=\"(max-width: 1040px) 100vw, 1040px\" \/><\/a>\n\t\t\t<\/div><\/figure><figure class='gallery-item'>\n\t\t\t<div class='gallery-icon landscape'>\n\t\t\t\t<a href='https:\/\/www.linkseride.com\/fr_ca\/?attachment_id=3100'><img loading=\"lazy\" decoding=\"async\" width=\"1040\" height=\"1040\" src=\"https:\/\/www.linkseride.com\/wp-content\/uploads\/2021\/02\/10.jpg\" class=\"attachment-full size-full\" alt=\"\" srcset=\"https:\/\/www.linkseride.com\/wp-content\/uploads\/2021\/02\/10.jpg 1040w, https:\/\/www.linkseride.com\/wp-content\/uploads\/2021\/02\/10-300x300.jpg 300w, https:\/\/www.linkseride.com\/wp-content\/uploads\/2021\/02\/10-1024x1024.jpg 1024w, https:\/\/www.linkseride.com\/wp-content\/uploads\/2021\/02\/10-150x150.jpg 150w, https:\/\/www.linkseride.com\/wp-content\/uploads\/2021\/02\/10-768x768.jpg 768w, https:\/\/www.linkseride.com\/wp-content\/uploads\/2021\/02\/10-600x600.jpg 600w, https:\/\/www.linkseride.com\/wp-content\/uploads\/2021\/02\/10-100x100.jpg 100w\" sizes=\"(max-width: 1040px) 100vw, 1040px\" \/><\/a>\n\t\t\t<\/div><\/figure>\n\t\t<\/div>","protected":false},"excerpt":{"rendered":"<p>\u25cfModel Name: SKYWAY (moped scooter with pedals)<\/p>\n<p>\u25cfMotor Power: 250w-500w<\/p>\n<p>\u25cfBattery Type: 48V20AH Lead-acid\/lithium-ion battery<\/p>\n<p>\u25cfMax speed: 25-40km\/h<\/p>\n<p>\u25cfMax range: 60km<\/p>\n<p>\u25cfTire Size: Front:3.00-10\/Rear: 2.75-10<\/p>\n<p>\u25cfBrake: Drum brake<\/p>\n<p>\u25cfMax Loading: 150kgs<\/p>\n<p>\u25cfFrame Material: reinforced steel<\/p>","protected":false},"featured_media":3096,"template":"","meta":{"site-sidebar-layout":"default","site-content-layout":"default","ast-site-content-layout":"default","site-content-style":"default","site-sidebar-style":"default","ast-global-header-display":"","ast-banner-title-visibility":"","ast-main-header-display":"","ast-hfb-above-header-display":"","ast-hfb-below-header-display":"","ast-hfb-mobile-header-display":"","site-post-title":"","ast-breadcrumbs-content":"","ast-featured-img":"","footer-sml-layout":"","ast-disable-related-posts":"","theme-transparent-header-meta":"default","adv-header-id-meta":"","stick-header-meta":"","header-above-stick-meta":"","header-main-stick-meta":"","header-below-stick-meta":"","astra-migrate-meta-layouts":"default","ast-page-background-enabled":"default","ast-page-background-meta":{"desktop":{"background-color":"","background-image":"","background-repeat":"repeat","background-position":"center center","background-size":"auto","background-attachment":"scroll","background-type":"","background-media":"","overlay-type":"","overlay-color":"","overlay-opacity":"","overlay-gradient":""},"tablet":{"background-color":"","background-image":"","background-repeat":"repeat","background-position":"center center","background-size":"auto","background-attachment":"scroll","background-type":"","background-media":"","overlay-type":"","overlay-color":"","overlay-opacity":"","overlay-gradient":""},"mobile":{"background-color":"","background-image":"","background-repeat":"repeat","background-position":"center center","background-size":"auto","background-attachment":"scroll","background-type":"","background-media":"","overlay-type":"","overlay-color":"","overlay-opacity":"","overlay-gradient":""}},"ast-content-background-meta":{"desktop":{"background-color":"var(--ast-global-color-5)","background-image":"","background-repeat":"repeat","background-position":"center center","background-size":"auto","background-attachment":"scroll","background-type":"","background-media":"","overlay-type":"","overlay-color":"","overlay-opacity":"","overlay-gradient":""},"tablet":{"background-color":"var(--ast-global-color-5)","background-image":"","background-repeat":"repeat","background-position":"center center","background-size":"auto","background-attachment":"scroll","background-type":"","background-media":"","overlay-type":"","overlay-color":"","overlay-opacity":"","overlay-gradient":""},"mobile":{"background-color":"var(--ast-global-color-5)","background-image":"","background-repeat":"repeat","background-position":"center center","background-size":"auto","background-attachment":"scroll","background-type":"","background-media":"","overlay-type":"","overlay-color":"","overlay-opacity":"","overlay-gradient":""}}},"product_brand":[],"product_cat":[26],"product_tag":[30],"class_list":{"0":"post-3094","1":"product","2":"type-product","3":"status-publish","4":"has-post-thumbnail","6":"product_cat-electric-moped","7":"product_tag-vespa-style-electric-scooter","8":"desktop-align-left","9":"tablet-align-left","10":"mobile-align-left","12":"first","13":"instock","14":"shipping-taxable","15":"purchasable","16":"product-type-simple"},"_links":{"self":[{"href":"https:\/\/www.linkseride.com\/fr_ca\/wp-json\/wp\/v2\/product\/3094","targetHints":{"allow":["GET"]}}],"collection":[{"href":"https:\/\/www.linkseride.com\/fr_ca\/wp-json\/wp\/v2\/product"}],"about":[{"href":"https:\/\/www.linkseride.com\/fr_ca\/wp-json\/wp\/v2\/types\/product"}],"wp:featuredmedia":[{"embeddable":true,"href":"https:\/\/www.linkseride.com\/fr_ca\/wp-json\/wp\/v2\/media\/3096"}],"wp:attachment":[{"href":"https:\/\/www.linkseride.com\/fr_ca\/wp-json\/wp\/v2\/media?parent=3094"}],"wp:term":[{"taxonomy":"product_brand","embeddable":true,"href":"https:\/\/www.linkseride.com\/fr_ca\/wp-json\/wp\/v2\/product_brand?post=3094"},{"taxonomy":"product_cat","embeddable":true,"href":"https:\/\/www.linkseride.com\/fr_ca\/wp-json\/wp\/v2\/product_cat?post=3094"},{"taxonomy":"product_tag","embeddable":true,"href":"https:\/\/www.linkseride.com\/fr_ca\/wp-json\/wp\/v2\/product_tag?post=3094"}],"curies":[{"name":"wp","href":"https:\/\/api.w.org\/{rel}","templated":true}]}}