{"id":3177,"date":"2021-04-21T09:57:42","date_gmt":"2021-04-21T09:57:42","guid":{"rendered":"http:\/\/linkseride.com\/?post_type=product&#038;p=3177"},"modified":"2024-01-10T07:07:57","modified_gmt":"2024-01-10T07:07:57","slug":"usine-de-scooter-de-chine-scooter-electrique","status":"publish","type":"product","link":"https:\/\/www.linkseride.com\/fr_ca\/product\/china-scooter-factory-electric-scooter\/","title":{"rendered":"LEM-10 China Scooter Factory Scooter \u00e9lectrique EEC Nouveau mod\u00e8le 2021"},"content":{"rendered":"<p>En tant qu'usine de scooter en Chine depuis toutes ces ann\u00e9es, nous savons quelles sont les parties que nous ma\u00eetrisons le mieux et celles que nous ne ma\u00eetrisons pas. Nous sommes confiants dans le contr\u00f4le de qualit\u00e9 de nos scooters avec l'inspection 100% avant l'exp\u00e9dition. Mais l'innovation est un peu en retard par rapport \u00e0 d'autres usines de scooters chinoises comme Xiaomi, Supersoco ou Horwin. Pour ce nouveau mod\u00e8le 2021, nous am\u00e9liorons le syst\u00e8me de batterie comme Mi et apprenons des autres pour mieux r\u00e9pondre au march\u00e9. Combin\u00e9 \u00e0 notre syst\u00e8me de contr\u00f4le de qualit\u00e9, ce nouveau mod\u00e8le vous aidera \u00e0 gagner plus de b\u00e9n\u00e9fices lors de la vente !<\/p>\n<div id='gallery-1' class='gallery galleryid-3177 gallery-columns-3 gallery-size-full'><figure class='gallery-item'>\n\t\t\t<div class='gallery-icon landscape'>\n\t\t\t\t<img fetchpriority=\"high\" decoding=\"async\" width=\"645\" height=\"360\" src=\"https:\/\/www.linkseride.com\/wp-content\/uploads\/2021\/04\/1.jpg\" class=\"attachment-full size-full\" alt=\"\" srcset=\"https:\/\/www.linkseride.com\/wp-content\/uploads\/2021\/04\/1.jpg 645w, https:\/\/www.linkseride.com\/wp-content\/uploads\/2021\/04\/1-300x167.jpg 300w, https:\/\/www.linkseride.com\/wp-content\/uploads\/2021\/04\/1-600x335.jpg 600w\" sizes=\"(max-width: 645px) 100vw, 645px\" \/>\n\t\t\t<\/div><\/figure><figure class='gallery-item'>\n\t\t\t<div class='gallery-icon landscape'>\n\t\t\t\t<img decoding=\"async\" width=\"645\" height=\"360\" src=\"https:\/\/www.linkseride.com\/wp-content\/uploads\/2021\/04\/2.jpg\" class=\"attachment-full size-full\" alt=\"Usine de scooters de Chine\" srcset=\"https:\/\/www.linkseride.com\/wp-content\/uploads\/2021\/04\/2.jpg 645w, https:\/\/www.linkseride.com\/wp-content\/uploads\/2021\/04\/2-300x167.jpg 300w, https:\/\/www.linkseride.com\/wp-content\/uploads\/2021\/04\/2-600x335.jpg 600w\" sizes=\"(max-width: 645px) 100vw, 645px\" \/>\n\t\t\t<\/div><\/figure><figure class='gallery-item'>\n\t\t\t<div class='gallery-icon landscape'>\n\t\t\t\t<img decoding=\"async\" width=\"645\" height=\"360\" src=\"https:\/\/www.linkseride.com\/wp-content\/uploads\/2021\/04\/3.jpg\" class=\"attachment-full size-full\" alt=\"Usine de scooters de Chine\" srcset=\"https:\/\/www.linkseride.com\/wp-content\/uploads\/2021\/04\/3.jpg 645w, https:\/\/www.linkseride.com\/wp-content\/uploads\/2021\/04\/3-300x167.jpg 300w, https:\/\/www.linkseride.com\/wp-content\/uploads\/2021\/04\/3-600x335.jpg 600w\" sizes=\"(max-width: 645px) 100vw, 645px\" \/>\n\t\t\t<\/div><\/figure>\n\t\t<\/div>\n\n<h4>Caract\u00e9ristiques d\u00e9taill\u00e9es du scooter \u00e9lectrique EEC de China Scooter Factory<\/h4>\n<h5>Fa\u00e7ade et \u00e9cran LCD au design tr\u00e8s tendance<\/h5>\n<p>Le panneau avant au design simple est \u00e9quip\u00e9 de lampes LED certifi\u00e9es E-mark pour assurer votre s\u00e9curit\u00e9 dans l'obscurit\u00e9. Combin\u00e9es \u00e0 l'\u00e9cran LCD, elles offrent des informations claires sur la vitesse pendant la conduite.<\/p>\n<p>&nbsp;<\/p>\n<div class=\"rte\">\n<div class=\"rte\">\n<div id='gallery-2' class='gallery galleryid-3177 gallery-columns-3 gallery-size-full'><figure class='gallery-item'>\n\t\t\t<div class='gallery-icon landscape'>\n\t\t\t\t<img loading=\"lazy\" decoding=\"async\" width=\"645\" height=\"360\" src=\"https:\/\/www.linkseride.com\/wp-content\/uploads\/2021\/04\/1.-front-look.jpg\" class=\"attachment-full size-full\" alt=\"T\u00eate avant de l&#039;usine de scooter de Chine\" srcset=\"https:\/\/www.linkseride.com\/wp-content\/uploads\/2021\/04\/1.-front-look.jpg 645w, https:\/\/www.linkseride.com\/wp-content\/uploads\/2021\/04\/1.-front-look-300x167.jpg 300w, https:\/\/www.linkseride.com\/wp-content\/uploads\/2021\/04\/1.-front-look-600x335.jpg 600w\" sizes=\"(max-width: 645px) 100vw, 645px\" \/>\n\t\t\t<\/div><\/figure><figure class='gallery-item'>\n\t\t\t<div class='gallery-icon landscape'>\n\t\t\t\t<img loading=\"lazy\" decoding=\"async\" width=\"645\" height=\"360\" src=\"https:\/\/www.linkseride.com\/wp-content\/uploads\/2021\/04\/1.-header.jpg\" class=\"attachment-full size-full\" alt=\"T\u00eate avant de l&#039;usine de scooter de Chine\" srcset=\"https:\/\/www.linkseride.com\/wp-content\/uploads\/2021\/04\/1.-header.jpg 645w, https:\/\/www.linkseride.com\/wp-content\/uploads\/2021\/04\/1.-header-300x167.jpg 300w, https:\/\/www.linkseride.com\/wp-content\/uploads\/2021\/04\/1.-header-600x335.jpg 600w\" sizes=\"(max-width: 645px) 100vw, 645px\" \/>\n\t\t\t<\/div><\/figure><figure class='gallery-item'>\n\t\t\t<div class='gallery-icon landscape'>\n\t\t\t\t<img loading=\"lazy\" decoding=\"async\" width=\"645\" height=\"360\" src=\"https:\/\/www.linkseride.com\/wp-content\/uploads\/2021\/04\/1.-LCD-display.jpg\" class=\"attachment-full size-full\" alt=\"Ecran LCD de l&#039;usine chinoise de scooters\" srcset=\"https:\/\/www.linkseride.com\/wp-content\/uploads\/2021\/04\/1.-LCD-display.jpg 645w, https:\/\/www.linkseride.com\/wp-content\/uploads\/2021\/04\/1.-LCD-display-300x167.jpg 300w, https:\/\/www.linkseride.com\/wp-content\/uploads\/2021\/04\/1.-LCD-display-600x335.jpg 600w\" sizes=\"(max-width: 645px) 100vw, 645px\" \/>\n\t\t\t<\/div><\/figure>\n\t\t<\/div>\n\n<\/div>\n<\/div>\n<h5 class=\"h5--accent strong home--uppercase\">Pneus tubeless en aluminium de 12 pouces<\/h5>\n<div class=\"rte\">\n<p>Pneu de 12 pouces, double amortisseur et double suspension \u00e0 bras oscillant \u00e0 l'avant. Moteur \u00e0 moyeu, syst\u00e8me CBS, couvercle de fourche arri\u00e8re en aluminium pour cr\u00e9er une impression de haute technologie.<\/p>\n<\/div>\n<div class=\"rte\">\n<div id='gallery-3' class='gallery galleryid-3177 gallery-columns-2 gallery-size-full'><figure class='gallery-item'>\n\t\t\t<div class='gallery-icon landscape'>\n\t\t\t\t<img loading=\"lazy\" decoding=\"async\" width=\"645\" height=\"360\" src=\"https:\/\/www.linkseride.com\/wp-content\/uploads\/2021\/04\/2.-rear-tire.jpg\" class=\"attachment-full size-full\" alt=\"Usine chinoise de pneus arri\u00e8re pour scooters\" srcset=\"https:\/\/www.linkseride.com\/wp-content\/uploads\/2021\/04\/2.-rear-tire.jpg 645w, https:\/\/www.linkseride.com\/wp-content\/uploads\/2021\/04\/2.-rear-tire-300x167.jpg 300w, https:\/\/www.linkseride.com\/wp-content\/uploads\/2021\/04\/2.-rear-tire-600x335.jpg 600w\" sizes=\"(max-width: 645px) 100vw, 645px\" \/>\n\t\t\t<\/div><\/figure><figure class='gallery-item'>\n\t\t\t<div class='gallery-icon landscape'>\n\t\t\t\t<img loading=\"lazy\" decoding=\"async\" width=\"645\" height=\"360\" src=\"https:\/\/www.linkseride.com\/wp-content\/uploads\/2021\/04\/2.-front-tire.jpg\" class=\"attachment-full size-full\" alt=\"Usine chinoise de pneus avant pour scooters\" srcset=\"https:\/\/www.linkseride.com\/wp-content\/uploads\/2021\/04\/2.-front-tire.jpg 645w, https:\/\/www.linkseride.com\/wp-content\/uploads\/2021\/04\/2.-front-tire-300x167.jpg 300w, https:\/\/www.linkseride.com\/wp-content\/uploads\/2021\/04\/2.-front-tire-600x335.jpg 600w\" sizes=\"(max-width: 645px) 100vw, 645px\" \/>\n\t\t\t<\/div><\/figure>\n\t\t<\/div>\n\n<h5 class=\"h5--accent strong home--uppercase\">Batterie Li-ion amovible 60v 26Ah<\/h5>\n<div class=\"rte\">\n<p>2 jeux de batteries Li-ion amovibles de 60v26Ah vous assurent un long voyage sans vous soucier de la batterie. L'autonomie maximale peut atteindre 120 km pour 2 batteries. La batterie li-ion est facile \u00e0 transporter et peut \u00eatre recharg\u00e9e en 4 \u00e0 6 heures pour chaque batterie. Un port de charge rapide est \u00e9galement disponible.<\/p>\n<\/div>\n<\/div>\n<div id='gallery-4' class='gallery galleryid-3177 gallery-columns-2 gallery-size-full'><figure class='gallery-item'>\n\t\t\t<div class='gallery-icon landscape'>\n\t\t\t\t<img loading=\"lazy\" decoding=\"async\" width=\"645\" height=\"360\" src=\"https:\/\/www.linkseride.com\/wp-content\/uploads\/2021\/04\/3.-battery.jpg\" class=\"attachment-full size-full\" alt=\"Usine de scooters en Chine\" srcset=\"https:\/\/www.linkseride.com\/wp-content\/uploads\/2021\/04\/3.-battery.jpg 645w, https:\/\/www.linkseride.com\/wp-content\/uploads\/2021\/04\/3.-battery-300x167.jpg 300w, https:\/\/www.linkseride.com\/wp-content\/uploads\/2021\/04\/3.-battery-600x335.jpg 600w\" sizes=\"(max-width: 645px) 100vw, 645px\" \/>\n\t\t\t<\/div><\/figure><figure class='gallery-item'>\n\t\t\t<div class='gallery-icon landscape'>\n\t\t\t\t<img loading=\"lazy\" decoding=\"async\" width=\"645\" height=\"360\" src=\"https:\/\/www.linkseride.com\/wp-content\/uploads\/2021\/04\/3.-fast-charge-port.jpg\" class=\"attachment-full size-full\" alt=\"Usine de scooters en Chine\" srcset=\"https:\/\/www.linkseride.com\/wp-content\/uploads\/2021\/04\/3.-fast-charge-port.jpg 645w, https:\/\/www.linkseride.com\/wp-content\/uploads\/2021\/04\/3.-fast-charge-port-300x167.jpg 300w, https:\/\/www.linkseride.com\/wp-content\/uploads\/2021\/04\/3.-fast-charge-port-600x335.jpg 600w\" sizes=\"(max-width: 645px) 100vw, 645px\" \/>\n\t\t\t<\/div><\/figure>\n\t\t<\/div>\n\n<h5 class=\"h5--accent strong home--uppercase\">Syst\u00e8me de d\u00e9marrage sans cl\u00e9<\/h5>\n<div class=\"rte\">\n<p>Sp\u00e9cialement con\u00e7u pour les boutons de d\u00e9marrage de ce mod\u00e8le. Appuyez sur le bouton pour d\u00e9marrer sans tourner les cl\u00e9s, comme dans les voitures. Simple et facile.<\/p>\n<\/div>\n<div class=\"rte\">\n<div id='gallery-5' class='gallery galleryid-3177 gallery-columns-2 gallery-size-full'><figure class='gallery-item'>\n\t\t\t<div class='gallery-icon landscape'>\n\t\t\t\t<img loading=\"lazy\" decoding=\"async\" width=\"645\" height=\"360\" src=\"https:\/\/www.linkseride.com\/wp-content\/uploads\/2021\/04\/4.-keys-and-keyhole.jpg\" class=\"attachment-full size-full\" alt=\"Usine de scooters en Chine\" srcset=\"https:\/\/www.linkseride.com\/wp-content\/uploads\/2021\/04\/4.-keys-and-keyhole.jpg 645w, https:\/\/www.linkseride.com\/wp-content\/uploads\/2021\/04\/4.-keys-and-keyhole-300x167.jpg 300w, https:\/\/www.linkseride.com\/wp-content\/uploads\/2021\/04\/4.-keys-and-keyhole-600x335.jpg 600w\" sizes=\"(max-width: 645px) 100vw, 645px\" \/>\n\t\t\t<\/div><\/figure><figure class='gallery-item'>\n\t\t\t<div class='gallery-icon landscape'>\n\t\t\t\t<img loading=\"lazy\" decoding=\"async\" width=\"645\" height=\"360\" src=\"https:\/\/www.linkseride.com\/wp-content\/uploads\/2021\/04\/4.-keys.jpg\" class=\"attachment-full size-full\" alt=\"Usine de scooters en Chine\" srcset=\"https:\/\/www.linkseride.com\/wp-content\/uploads\/2021\/04\/4.-keys.jpg 645w, https:\/\/www.linkseride.com\/wp-content\/uploads\/2021\/04\/4.-keys-300x167.jpg 300w, https:\/\/www.linkseride.com\/wp-content\/uploads\/2021\/04\/4.-keys-600x335.jpg 600w\" sizes=\"(max-width: 645px) 100vw, 645px\" \/>\n\t\t\t<\/div><\/figure>\n\t\t<\/div>\n\n<\/div>\n<h5 class=\"h5--accent strong home--uppercase\">Feux arri\u00e8re LED<\/h5>\n<div class=\"rte\">\n<div id='gallery-6' class='gallery galleryid-3177 gallery-columns-2 gallery-size-full'><figure class='gallery-item'>\n\t\t\t<div class='gallery-icon landscape'>\n\t\t\t\t<img loading=\"lazy\" decoding=\"async\" width=\"645\" height=\"360\" src=\"https:\/\/www.linkseride.com\/wp-content\/uploads\/2021\/04\/5.-rear-light.jpg\" class=\"attachment-full size-full\" alt=\"Usine de scooters en Chine\" srcset=\"https:\/\/www.linkseride.com\/wp-content\/uploads\/2021\/04\/5.-rear-light.jpg 645w, https:\/\/www.linkseride.com\/wp-content\/uploads\/2021\/04\/5.-rear-light-300x167.jpg 300w, https:\/\/www.linkseride.com\/wp-content\/uploads\/2021\/04\/5.-rear-light-600x335.jpg 600w\" sizes=\"(max-width: 645px) 100vw, 645px\" \/>\n\t\t\t<\/div><\/figure><figure class='gallery-item'>\n\t\t\t<div class='gallery-icon landscape'>\n\t\t\t\t<img loading=\"lazy\" decoding=\"async\" width=\"645\" height=\"360\" src=\"https:\/\/www.linkseride.com\/wp-content\/uploads\/2021\/04\/5.-rear-light-2.jpg\" class=\"attachment-full size-full\" alt=\"Usine de scooters en Chine\" srcset=\"https:\/\/www.linkseride.com\/wp-content\/uploads\/2021\/04\/5.-rear-light-2.jpg 645w, https:\/\/www.linkseride.com\/wp-content\/uploads\/2021\/04\/5.-rear-light-2-300x167.jpg 300w, https:\/\/www.linkseride.com\/wp-content\/uploads\/2021\/04\/5.-rear-light-2-600x335.jpg 600w\" sizes=\"(max-width: 645px) 100vw, 645px\" \/>\n\t\t\t<\/div><\/figure>\n\t\t<\/div>\n\n<\/div>\n<h5 class=\"h5--accent strong home--uppercase\">Porte-bagages arri\u00e8re et support central solide<\/h5>\n<div class=\"rte\">\n<p>Les accessoires standards du support arri\u00e8re peuvent r\u00e9pondre \u00e0 vos besoins d'installation d'une bo\u00eete de rangement arri\u00e8re. Support central solide pour assurer la stabilit\u00e9 du scooter lorsque vous le poussez dans votre garage.<\/p>\n<\/div>\n<div class=\"rte\">\n<div id='gallery-7' class='gallery galleryid-3177 gallery-columns-2 gallery-size-full'><figure class='gallery-item'>\n\t\t\t<div class='gallery-icon landscape'>\n\t\t\t\t<img loading=\"lazy\" decoding=\"async\" width=\"645\" height=\"360\" src=\"https:\/\/www.linkseride.com\/wp-content\/uploads\/2021\/04\/6.-rear-rack.jpg\" class=\"attachment-full size-full\" alt=\"Usine de scooters en Chine\" srcset=\"https:\/\/www.linkseride.com\/wp-content\/uploads\/2021\/04\/6.-rear-rack.jpg 645w, https:\/\/www.linkseride.com\/wp-content\/uploads\/2021\/04\/6.-rear-rack-300x167.jpg 300w, https:\/\/www.linkseride.com\/wp-content\/uploads\/2021\/04\/6.-rear-rack-600x335.jpg 600w\" sizes=\"(max-width: 645px) 100vw, 645px\" \/>\n\t\t\t<\/div><\/figure><figure class='gallery-item'>\n\t\t\t<div class='gallery-icon landscape'>\n\t\t\t\t<img loading=\"lazy\" decoding=\"async\" width=\"645\" height=\"360\" src=\"https:\/\/www.linkseride.com\/wp-content\/uploads\/2021\/04\/6.-support-stand.jpg\" class=\"attachment-full size-full\" alt=\"Usine de scooters en Chine\" srcset=\"https:\/\/www.linkseride.com\/wp-content\/uploads\/2021\/04\/6.-support-stand.jpg 645w, https:\/\/www.linkseride.com\/wp-content\/uploads\/2021\/04\/6.-support-stand-300x167.jpg 300w, https:\/\/www.linkseride.com\/wp-content\/uploads\/2021\/04\/6.-support-stand-600x335.jpg 600w\" sizes=\"(max-width: 645px) 100vw, 645px\" \/>\n\t\t\t<\/div><\/figure>\n\t\t<\/div>\n\n<\/div>\n<p>V\u00e9rifier <a href=\"https:\/\/www.linkseride.com\/fr_ca\/electric-moped-manufacturer\/\" target=\"_blank\" rel=\"noopener\">ici<\/a> si vous cherchez d'autres mod\u00e8les de scooters \u00e9lectriques.<\/p>\n<p>Vous trouverez d'autres vid\u00e9os de pr\u00e9sentation ici :\u00a0<a href=\"https:\/\/www.youtube.com\/channel\/UCw4wsO7M_kRsCHTxcFeqTAA\" target=\"_blank\" rel=\"noopener\">https:\/\/www.youtube.com\/channel\/UCw4wsO7M_kRsCHTxcFeqTAA<\/a><\/p>\n<div class=\"ast-oembed-container\" style=\"height: 100%;\"><iframe title=\"Scooter \u00e9lectrique chinois longue port\u00e9e EEC prouv\u00e9 3000W 45km\/h\" width=\"500\" height=\"281\" src=\"https:\/\/www.youtube.com\/embed\/GXzO8C4ch8k?feature=oembed\" frameborder=\"0\" allow=\"accelerometer; autoplay; clipboard-write; encrypted-media; gyroscope; picture-in-picture; web-share\" referrerpolicy=\"strict-origin-when-cross-origin\" allowfullscreen><\/iframe><\/div>","protected":false},"excerpt":{"rendered":"<p>\u25cf Certificats : Scooter l\u00e9gal pour la route certifi\u00e9 avec EURO 5 L1e-B EEC &amp; COC Certificate<\/p>\n<p>\u25cf ajouter un bouton de marche arri\u00e8re pour votre scooter avec l'usine de scooter de Chine.<\/p>\n<p>\u25cf 2 jeux de batteries au lithium 60V26AH amovibles pour une autonomie maximale de 120 km.<\/p>\n<p>\u25cf Un design agr\u00e9able avec un bouton de d\u00e9marrage sans cl\u00e9 identique \u00e0 celui de vos voitures.<\/p>\n<p>\u25cf Port de charge USD pour vos smartphones<\/p>","protected":false},"featured_media":3181,"template":"","meta":{"site-sidebar-layout":"default","site-content-layout":"default","ast-site-content-layout":"default","site-content-style":"default","site-sidebar-style":"default","ast-global-header-display":"","ast-banner-title-visibility":"","ast-main-header-display":"","ast-hfb-above-header-display":"","ast-hfb-below-header-display":"","ast-hfb-mobile-header-display":"","site-post-title":"","ast-breadcrumbs-content":"","ast-featured-img":"","footer-sml-layout":"","ast-disable-related-posts":"","theme-transparent-header-meta":"default","adv-header-id-meta":"","stick-header-meta":"","header-above-stick-meta":"","header-main-stick-meta":"","header-below-stick-meta":"","astra-migrate-meta-layouts":"set","ast-page-background-enabled":"default","ast-page-background-meta":{"desktop":{"background-color":"","background-image":"","background-repeat":"repeat","background-position":"center center","background-size":"auto","background-attachment":"scroll","background-type":"","background-media":"","overlay-type":"","overlay-color":"","overlay-opacity":"","overlay-gradient":""},"tablet":{"background-color":"","background-image":"","background-repeat":"repeat","background-position":"center center","background-size":"auto","background-attachment":"scroll","background-type":"","background-media":"","overlay-type":"","overlay-color":"","overlay-opacity":"","overlay-gradient":""},"mobile":{"background-color":"","background-image":"","background-repeat":"repeat","background-position":"center center","background-size":"auto","background-attachment":"scroll","background-type":"","background-media":"","overlay-type":"","overlay-color":"","overlay-opacity":"","overlay-gradient":""}},"ast-content-background-meta":{"desktop":{"background-color":"var(--ast-global-color-5)","background-image":"","background-repeat":"repeat","background-position":"center center","background-size":"auto","background-attachment":"scroll","background-type":"","background-media":"","overlay-type":"","overlay-color":"","overlay-opacity":"","overlay-gradient":""},"tablet":{"background-color":"var(--ast-global-color-5)","background-image":"","background-repeat":"repeat","background-position":"center center","background-size":"auto","background-attachment":"scroll","background-type":"","background-media":"","overlay-type":"","overlay-color":"","overlay-opacity":"","overlay-gradient":""},"mobile":{"background-color":"var(--ast-global-color-5)","background-image":"","background-repeat":"repeat","background-position":"center center","background-size":"auto","background-attachment":"scroll","background-type":"","background-media":"","overlay-type":"","overlay-color":"","overlay-opacity":"","overlay-gradient":""}}},"product_brand":[],"product_cat":[26],"product_tag":[],"class_list":{"0":"post-3177","1":"product","2":"type-product","3":"status-publish","4":"has-post-thumbnail","6":"product_cat-electric-moped","7":"desktop-align-left","8":"tablet-align-left","9":"mobile-align-left","11":"first","12":"instock","13":"shipping-taxable","14":"purchasable","15":"product-type-simple"},"_links":{"self":[{"href":"https:\/\/www.linkseride.com\/fr_ca\/wp-json\/wp\/v2\/product\/3177","targetHints":{"allow":["GET"]}}],"collection":[{"href":"https:\/\/www.linkseride.com\/fr_ca\/wp-json\/wp\/v2\/product"}],"about":[{"href":"https:\/\/www.linkseride.com\/fr_ca\/wp-json\/wp\/v2\/types\/product"}],"wp:featuredmedia":[{"embeddable":true,"href":"https:\/\/www.linkseride.com\/fr_ca\/wp-json\/wp\/v2\/media\/3181"}],"wp:attachment":[{"href":"https:\/\/www.linkseride.com\/fr_ca\/wp-json\/wp\/v2\/media?parent=3177"}],"wp:term":[{"taxonomy":"product_brand","embeddable":true,"href":"https:\/\/www.linkseride.com\/fr_ca\/wp-json\/wp\/v2\/product_brand?post=3177"},{"taxonomy":"product_cat","embeddable":true,"href":"https:\/\/www.linkseride.com\/fr_ca\/wp-json\/wp\/v2\/product_cat?post=3177"},{"taxonomy":"product_tag","embeddable":true,"href":"https:\/\/www.linkseride.com\/fr_ca\/wp-json\/wp\/v2\/product_tag?post=3177"}],"curies":[{"name":"wp","href":"https:\/\/api.w.org\/{rel}","templated":true}]}}