{"id":3490,"date":"2021-06-16T06:37:52","date_gmt":"2021-06-16T06:37:52","guid":{"rendered":"http:\/\/linkseride.com\/?post_type=product&#038;p=3490"},"modified":"2022-12-16T03:35:53","modified_gmt":"2022-12-16T03:35:53","slug":"m6-big-tire-electric-scooter-street-moped","status":"publish","type":"product","link":"https:\/\/www.linkseride.com\/fr_ca\/product\/m6-big-tire-electric-scooter-street-moped\/","title":{"rendered":"Scooter \u00e9lectrique M6 \u00e0 gros pneus, cyclomoteur de ville, pneus larges, 2000 W, 3000 W"},"content":{"rendered":"<p>Nous sommes passionn\u00e9s par ce que nous faisons pour notre avenir \u00e9lectrique, notamment <strong>les scooters \u00e9lectriques, <a href=\"https:\/\/www.linkseride.com\/fr_ca\/fabricant-de-motos-electriques\/\" target=\"_blank\" rel=\"noopener\">scooter \u00e0 pneus larges<\/a>, <a href=\"https:\/\/www.linkseride.com\/fr_ca\/fabricant-de-motos-electriques\/\" target=\"_blank\" rel=\"noopener\">scooter citycoco<\/a>, <a href=\"https:\/\/www.linkseride.com\/fr_ca\/electric-moped-manufacturer\/\" target=\"_blank\" rel=\"noopener\">cyclomoteur \u00e9lectrique<\/a><\/strong> etc.<\/p>\n<p>The idea of our M6 Big Tire Electric Scooter is designed from the M6G glof scooter. It is lightweight and can travel up to 60-70 km on a single charge. With this design, we can have a lot more customization ideas by adding a passenger seat, or adding the seat with backrest.<\/p>\n<div id='gallery-1' class='gallery galleryid-3490 gallery-columns-2 gallery-size-full'><figure class='gallery-item'>\n\t\t\t<div class='gallery-icon landscape'>\n\t\t\t\t<a href=\"https:\/\/www.linkseride.com\/fr_ca\/?attachment_id=3503\"><img fetchpriority=\"high\" decoding=\"async\" width=\"1024\" height=\"683\" src=\"https:\/\/www.linkseride.com\/wp-content\/uploads\/2021\/06\/1-6.jpg\" class=\"attachment-full size-full\" alt=\"trottinette \u00e9lectrique \u00e0 gros pneus\" srcset=\"https:\/\/www.linkseride.com\/wp-content\/uploads\/2021\/06\/1-6.jpg 1024w, https:\/\/www.linkseride.com\/wp-content\/uploads\/2021\/06\/1-6-300x200.jpg 300w, https:\/\/www.linkseride.com\/wp-content\/uploads\/2021\/06\/1-6-768x512.jpg 768w, https:\/\/www.linkseride.com\/wp-content\/uploads\/2021\/06\/1-6-600x400.jpg 600w\" sizes=\"(max-width: 1024px) 100vw, 1024px\" \/><\/a>\n\t\t\t<\/div><\/figure><figure class='gallery-item'>\n\t\t\t<div class='gallery-icon landscape'>\n\t\t\t\t<a href=\"https:\/\/www.linkseride.com\/fr_ca\/?attachment_id=3504\"><img decoding=\"async\" width=\"1024\" height=\"683\" src=\"https:\/\/www.linkseride.com\/wp-content\/uploads\/2021\/06\/2-6.jpg\" class=\"attachment-full size-full\" alt=\"big tire electric scooter china scooter factory electric scooter wholesale\" srcset=\"https:\/\/www.linkseride.com\/wp-content\/uploads\/2021\/06\/2-6.jpg 1024w, https:\/\/www.linkseride.com\/wp-content\/uploads\/2021\/06\/2-6-300x200.jpg 300w, https:\/\/www.linkseride.com\/wp-content\/uploads\/2021\/06\/2-6-768x512.jpg 768w, https:\/\/www.linkseride.com\/wp-content\/uploads\/2021\/06\/2-6-600x400.jpg 600w\" sizes=\"(max-width: 1024px) 100vw, 1024px\" \/><\/a>\n\t\t\t<\/div><\/figure>\n\t\t<\/div>\n\n<h2>what is the key features of this M6 Big Tire Electric Scooter?<\/h2>\n<div class=\"rte\">\n<div class=\"rte\">\n<div id='gallery-2' class='gallery galleryid-3490 gallery-columns-2 gallery-size-full'><figure class='gallery-item'>\n\t\t\t<div class='gallery-icon landscape'>\n\t\t\t\t<a href=\"https:\/\/www.linkseride.com\/wp-content\/uploads\/2021\/06\/3-4.jpg\"><img decoding=\"async\" width=\"1024\" height=\"683\" src=\"https:\/\/www.linkseride.com\/wp-content\/uploads\/2021\/06\/3-4.jpg\" class=\"attachment-full size-full\" alt=\"trottinette \u00e9lectrique \u00e0 gros pneus\" srcset=\"https:\/\/www.linkseride.com\/wp-content\/uploads\/2021\/06\/3-4.jpg 1024w, https:\/\/www.linkseride.com\/wp-content\/uploads\/2021\/06\/3-4-300x200.jpg 300w, https:\/\/www.linkseride.com\/wp-content\/uploads\/2021\/06\/3-4-768x512.jpg 768w, https:\/\/www.linkseride.com\/wp-content\/uploads\/2021\/06\/3-4-600x400.jpg 600w\" sizes=\"(max-width: 1024px) 100vw, 1024px\" \/><\/a>\n\t\t\t<\/div><\/figure><figure class='gallery-item'>\n\t\t\t<div class='gallery-icon landscape'>\n\t\t\t\t<a href=\"https:\/\/www.linkseride.com\/wp-content\/uploads\/2021\/06\/4-4.jpg\"><img loading=\"lazy\" decoding=\"async\" width=\"1024\" height=\"683\" src=\"https:\/\/www.linkseride.com\/wp-content\/uploads\/2021\/06\/4-4.jpg\" class=\"attachment-full size-full\" alt=\"trottinette \u00e9lectrique \u00e0 gros pneus\" srcset=\"https:\/\/www.linkseride.com\/wp-content\/uploads\/2021\/06\/4-4.jpg 1024w, https:\/\/www.linkseride.com\/wp-content\/uploads\/2021\/06\/4-4-300x200.jpg 300w, https:\/\/www.linkseride.com\/wp-content\/uploads\/2021\/06\/4-4-768x512.jpg 768w, https:\/\/www.linkseride.com\/wp-content\/uploads\/2021\/06\/4-4-600x400.jpg 600w\" sizes=\"(max-width: 1024px) 100vw, 1024px\" \/><\/a>\n\t\t\t<\/div><\/figure>\n\t\t<\/div>\n\n<p><strong>RAPIDE ET AMUSANT<\/strong> Offering a 2000W \/ 3000W motor, twist throttle, and 3 speeds up to 46.6 mph, the M2 Fat tire electric scooter is great way to enjoy commuting cross town. With 20AH \/30AH \/40Ah \/50Ah battery size options, your best life is within range.<\/p>\n<div id='gallery-3' class='gallery galleryid-3490 gallery-columns-2 gallery-size-full'><figure class='gallery-item'>\n\t\t\t<div class='gallery-icon landscape'>\n\t\t\t\t<a href=\"https:\/\/www.linkseride.com\/wp-content\/uploads\/2021\/06\/5-5.jpg\"><img loading=\"lazy\" decoding=\"async\" width=\"1024\" height=\"683\" src=\"https:\/\/www.linkseride.com\/wp-content\/uploads\/2021\/06\/5-5.jpg\" class=\"attachment-full size-full\" alt=\"trottinette \u00e9lectrique \u00e0 gros pneus\" srcset=\"https:\/\/www.linkseride.com\/wp-content\/uploads\/2021\/06\/5-5.jpg 1024w, https:\/\/www.linkseride.com\/wp-content\/uploads\/2021\/06\/5-5-300x200.jpg 300w, https:\/\/www.linkseride.com\/wp-content\/uploads\/2021\/06\/5-5-768x512.jpg 768w, https:\/\/www.linkseride.com\/wp-content\/uploads\/2021\/06\/5-5-600x400.jpg 600w\" sizes=\"(max-width: 1024px) 100vw, 1024px\" \/><\/a>\n\t\t\t<\/div><\/figure><figure class='gallery-item'>\n\t\t\t<div class='gallery-icon landscape'>\n\t\t\t\t<a href=\"https:\/\/www.linkseride.com\/wp-content\/uploads\/2021\/06\/6-4.jpg\"><img loading=\"lazy\" decoding=\"async\" width=\"1024\" height=\"683\" src=\"https:\/\/www.linkseride.com\/wp-content\/uploads\/2021\/06\/6-4.jpg\" class=\"attachment-full size-full\" alt=\"trottinette \u00e9lectrique \u00e0 gros pneus\" srcset=\"https:\/\/www.linkseride.com\/wp-content\/uploads\/2021\/06\/6-4.jpg 1024w, https:\/\/www.linkseride.com\/wp-content\/uploads\/2021\/06\/6-4-300x200.jpg 300w, https:\/\/www.linkseride.com\/wp-content\/uploads\/2021\/06\/6-4-768x512.jpg 768w, https:\/\/www.linkseride.com\/wp-content\/uploads\/2021\/06\/6-4-600x400.jpg 600w\" sizes=\"(max-width: 1024px) 100vw, 1024px\" \/><\/a>\n\t\t\t<\/div><\/figure>\n\t\t<\/div>\n\n<p><strong>SAFE &amp; COMFORTABLE<\/strong>\u00a0The bike has a front, rear, and seat-mounted disc brake; each brake assembly is made from aluminum with a lightweight carbon-fiber frame and light, high-quality wheels. Thanks to the large front and rear dics braks. The rear brakes were also upgraded with additional rubber and larger brake pads during installation, making this a more fun cruiser than its predecessor.<\/p>\n<div id='gallery-4' class='gallery galleryid-3490 gallery-columns-3 gallery-size-full'><figure class='gallery-item'>\n\t\t\t<div class='gallery-icon landscape'>\n\t\t\t\t<a href=\"https:\/\/www.linkseride.com\/wp-content\/uploads\/2021\/06\/7-4.jpg\"><img loading=\"lazy\" decoding=\"async\" width=\"1024\" height=\"683\" src=\"https:\/\/www.linkseride.com\/wp-content\/uploads\/2021\/06\/7-4.jpg\" class=\"attachment-full size-full\" alt=\"trottinette \u00e9lectrique \u00e0 gros pneus\" srcset=\"https:\/\/www.linkseride.com\/wp-content\/uploads\/2021\/06\/7-4.jpg 1024w, https:\/\/www.linkseride.com\/wp-content\/uploads\/2021\/06\/7-4-300x200.jpg 300w, https:\/\/www.linkseride.com\/wp-content\/uploads\/2021\/06\/7-4-768x512.jpg 768w, https:\/\/www.linkseride.com\/wp-content\/uploads\/2021\/06\/7-4-600x400.jpg 600w\" sizes=\"(max-width: 1024px) 100vw, 1024px\" \/><\/a>\n\t\t\t<\/div><\/figure><figure class='gallery-item'>\n\t\t\t<div class='gallery-icon landscape'>\n\t\t\t\t<a href=\"https:\/\/www.linkseride.com\/wp-content\/uploads\/2021\/06\/8-4.jpg\"><img loading=\"lazy\" decoding=\"async\" width=\"1024\" height=\"683\" src=\"https:\/\/www.linkseride.com\/wp-content\/uploads\/2021\/06\/8-4.jpg\" class=\"attachment-full size-full\" alt=\"trottinette \u00e9lectrique \u00e0 gros pneus\" srcset=\"https:\/\/www.linkseride.com\/wp-content\/uploads\/2021\/06\/8-4.jpg 1024w, https:\/\/www.linkseride.com\/wp-content\/uploads\/2021\/06\/8-4-300x200.jpg 300w, https:\/\/www.linkseride.com\/wp-content\/uploads\/2021\/06\/8-4-768x512.jpg 768w, https:\/\/www.linkseride.com\/wp-content\/uploads\/2021\/06\/8-4-600x400.jpg 600w\" sizes=\"(max-width: 1024px) 100vw, 1024px\" \/><\/a>\n\t\t\t<\/div><\/figure><figure class='gallery-item'>\n\t\t\t<div class='gallery-icon landscape'>\n\t\t\t\t<a href=\"https:\/\/www.linkseride.com\/wp-content\/uploads\/2021\/06\/9-3.jpg\"><img loading=\"lazy\" decoding=\"async\" width=\"1024\" height=\"683\" src=\"https:\/\/www.linkseride.com\/wp-content\/uploads\/2021\/06\/9-3.jpg\" class=\"attachment-full size-full\" alt=\"trottinette \u00e9lectrique \u00e0 gros pneus\" srcset=\"https:\/\/www.linkseride.com\/wp-content\/uploads\/2021\/06\/9-3.jpg 1024w, https:\/\/www.linkseride.com\/wp-content\/uploads\/2021\/06\/9-3-300x200.jpg 300w, https:\/\/www.linkseride.com\/wp-content\/uploads\/2021\/06\/9-3-768x512.jpg 768w, https:\/\/www.linkseride.com\/wp-content\/uploads\/2021\/06\/9-3-600x400.jpg 600w\" sizes=\"(max-width: 1024px) 100vw, 1024px\" \/><\/a>\n\t\t\t<\/div><\/figure>\n\t\t<\/div>\n\n<p><strong>CONVENIENCE <\/strong>\u00a0The big foot peg offers a comfortable during riding this M6 Big Tire Electric Scooter.<\/p>\n<div id='gallery-5' class='gallery galleryid-3490 gallery-columns-2 gallery-size-full'><figure class='gallery-item'>\n\t\t\t<div class='gallery-icon landscape'>\n\t\t\t\t<a href=\"https:\/\/www.linkseride.com\/wp-content\/uploads\/2021\/06\/11-3.jpg\"><img loading=\"lazy\" decoding=\"async\" width=\"1024\" height=\"683\" src=\"https:\/\/www.linkseride.com\/wp-content\/uploads\/2021\/06\/11-3.jpg\" class=\"attachment-full size-full\" alt=\"\" srcset=\"https:\/\/www.linkseride.com\/wp-content\/uploads\/2021\/06\/11-3.jpg 1024w, https:\/\/www.linkseride.com\/wp-content\/uploads\/2021\/06\/11-3-300x200.jpg 300w, https:\/\/www.linkseride.com\/wp-content\/uploads\/2021\/06\/11-3-768x512.jpg 768w, https:\/\/www.linkseride.com\/wp-content\/uploads\/2021\/06\/11-3-600x400.jpg 600w\" sizes=\"(max-width: 1024px) 100vw, 1024px\" \/><\/a>\n\t\t\t<\/div><\/figure><figure class='gallery-item'>\n\t\t\t<div class='gallery-icon landscape'>\n\t\t\t\t<a href=\"https:\/\/www.linkseride.com\/wp-content\/uploads\/2021\/06\/10-3.jpg\"><img loading=\"lazy\" decoding=\"async\" width=\"1024\" height=\"683\" src=\"https:\/\/www.linkseride.com\/wp-content\/uploads\/2021\/06\/10-3.jpg\" class=\"attachment-full size-full\" alt=\"trottinette \u00e9lectrique \u00e0 gros pneus\" srcset=\"https:\/\/www.linkseride.com\/wp-content\/uploads\/2021\/06\/10-3.jpg 1024w, https:\/\/www.linkseride.com\/wp-content\/uploads\/2021\/06\/10-3-300x200.jpg 300w, https:\/\/www.linkseride.com\/wp-content\/uploads\/2021\/06\/10-3-768x512.jpg 768w, https:\/\/www.linkseride.com\/wp-content\/uploads\/2021\/06\/10-3-600x400.jpg 600w\" sizes=\"(max-width: 1024px) 100vw, 1024px\" \/><\/a>\n\t\t\t<\/div><\/figure>\n\t\t<\/div>\n\n<\/div>\n<\/div>\n<p>Nous avons \u00e9galement un autre nouveau mod\u00e8le de scooter Citycoco en forme de Harley. Si vous souhaitez plus d'informations, vous pouvez<a href=\"https:\/\/www.linkseride.com\/fr_ca\/fabricant-de-motos-electriques\/\" target=\"_blank\" rel=\"noopener\"> Trouvez ici.<\/a><\/p>\n<div class=\"ast-oembed-container\" style=\"height: 100%;\"><iframe title=\"M6 Big Tire Electric Scooter Street Moped Fat Tire 2000W 3000W 65km\/h EEC COC Wholesale Price\" width=\"500\" height=\"281\" src=\"https:\/\/www.youtube.com\/embed\/QevR2hN8wUc?feature=oembed\" frameborder=\"0\" allow=\"accelerometer; autoplay; clipboard-write; encrypted-media; gyroscope; picture-in-picture; web-share\" referrerpolicy=\"strict-origin-when-cross-origin\" allowfullscreen><\/iframe><\/div>","protected":false},"excerpt":{"rendered":"<p>\u25cf M6 Big Tire Electric Scooter seamlessly blends style with eco-smart function<\/p>\n<p>\u25cf With a load capacity of 440 pounds, up to two riders can hop on in style.<\/p>\n<p>\u25cf Fat Tire Scooter weight is 150 lbs with 30AH battery.<\/p>\n<p>\u25cf Optional choice: 1 or 2 seats option, backrest with storage box option<\/p>\n<p><strong>\u25cf <\/strong>5A fast charger, can be fully charged in 5~6 hours<\/p>","protected":false},"featured_media":3491,"template":"","meta":{"site-sidebar-layout":"default","site-content-layout":"default","ast-site-content-layout":"default","site-content-style":"default","site-sidebar-style":"default","ast-global-header-display":"","ast-banner-title-visibility":"","ast-main-header-display":"","ast-hfb-above-header-display":"","ast-hfb-below-header-display":"","ast-hfb-mobile-header-display":"","site-post-title":"","ast-breadcrumbs-content":"","ast-featured-img":"","footer-sml-layout":"","ast-disable-related-posts":"","theme-transparent-header-meta":"default","adv-header-id-meta":"","stick-header-meta":"","header-above-stick-meta":"","header-main-stick-meta":"","header-below-stick-meta":"","astra-migrate-meta-layouts":"default","ast-page-background-enabled":"default","ast-page-background-meta":{"desktop":{"background-color":"","background-image":"","background-repeat":"repeat","background-position":"center center","background-size":"auto","background-attachment":"scroll","background-type":"","background-media":"","overlay-type":"","overlay-color":"","overlay-opacity":"","overlay-gradient":""},"tablet":{"background-color":"","background-image":"","background-repeat":"repeat","background-position":"center center","background-size":"auto","background-attachment":"scroll","background-type":"","background-media":"","overlay-type":"","overlay-color":"","overlay-opacity":"","overlay-gradient":""},"mobile":{"background-color":"","background-image":"","background-repeat":"repeat","background-position":"center center","background-size":"auto","background-attachment":"scroll","background-type":"","background-media":"","overlay-type":"","overlay-color":"","overlay-opacity":"","overlay-gradient":""}},"ast-content-background-meta":{"desktop":{"background-color":"var(--ast-global-color-5)","background-image":"","background-repeat":"repeat","background-position":"center center","background-size":"auto","background-attachment":"scroll","background-type":"","background-media":"","overlay-type":"","overlay-color":"","overlay-opacity":"","overlay-gradient":""},"tablet":{"background-color":"var(--ast-global-color-5)","background-image":"","background-repeat":"repeat","background-position":"center center","background-size":"auto","background-attachment":"scroll","background-type":"","background-media":"","overlay-type":"","overlay-color":"","overlay-opacity":"","overlay-gradient":""},"mobile":{"background-color":"var(--ast-global-color-5)","background-image":"","background-repeat":"repeat","background-position":"center center","background-size":"auto","background-attachment":"scroll","background-type":"","background-media":"","overlay-type":"","overlay-color":"","overlay-opacity":"","overlay-gradient":""}}},"product_brand":[],"product_cat":[27,28],"product_tag":[38],"class_list":{"0":"post-3490","1":"product","2":"type-product","3":"status-publish","4":"has-post-thumbnail","6":"product_cat-electric-motorcycle","7":"product_cat-electric-scooter","8":"product_tag-citycoco-scooter","9":"desktop-align-left","10":"tablet-align-left","11":"mobile-align-left","13":"first","14":"instock","15":"shipping-taxable","16":"product-type-simple"},"_links":{"self":[{"href":"https:\/\/www.linkseride.com\/fr_ca\/wp-json\/wp\/v2\/product\/3490","targetHints":{"allow":["GET"]}}],"collection":[{"href":"https:\/\/www.linkseride.com\/fr_ca\/wp-json\/wp\/v2\/product"}],"about":[{"href":"https:\/\/www.linkseride.com\/fr_ca\/wp-json\/wp\/v2\/types\/product"}],"wp:featuredmedia":[{"embeddable":true,"href":"https:\/\/www.linkseride.com\/fr_ca\/wp-json\/wp\/v2\/media\/3491"}],"wp:attachment":[{"href":"https:\/\/www.linkseride.com\/fr_ca\/wp-json\/wp\/v2\/media?parent=3490"}],"wp:term":[{"taxonomy":"product_brand","embeddable":true,"href":"https:\/\/www.linkseride.com\/fr_ca\/wp-json\/wp\/v2\/product_brand?post=3490"},{"taxonomy":"product_cat","embeddable":true,"href":"https:\/\/www.linkseride.com\/fr_ca\/wp-json\/wp\/v2\/product_cat?post=3490"},{"taxonomy":"product_tag","embeddable":true,"href":"https:\/\/www.linkseride.com\/fr_ca\/wp-json\/wp\/v2\/product_tag?post=3490"}],"curies":[{"name":"wp","href":"https:\/\/api.w.org\/{rel}","templated":true}]}}