{"id":5051,"date":"2021-11-29T12:35:11","date_gmt":"2021-11-29T12:35:11","guid":{"rendered":"http:\/\/linkseride.com\/?post_type=product&#038;p=5051"},"modified":"2021-12-05T14:27:35","modified_gmt":"2021-12-05T14:27:35","slug":"am100-electric-mountain-bike","status":"publish","type":"product","link":"https:\/\/www.linkseride.com\/fr_ca\/product\/am100-electric-mountain-bike\/","title":{"rendered":"V\u00e9lo \u00e9lectrique tout terrain AM100"},"content":{"rendered":"<table width=\"100%\">\n<tbody>\n<tr>\n<td><img decoding=\"async\" class=\"aligncenter\" src=\"https:\/\/cdn.shopify.com\/s\/files\/1\/2721\/7242\/files\/power_100x100.png?v=1588931357\" alt=\"\" width=\"74\" height=\"74\" \/><\/td>\n<td>\n<h3 style=\"text-align: left;\">\u00a0<strong>500W HUB MOTOR<\/strong><\/h3>\n<\/td>\n<td>\n<h4><img decoding=\"async\" class=\"aligncenter\" src=\"https:\/\/cdn.shopify.com\/s\/files\/1\/2721\/7242\/files\/1_89318afc-f1b5-47c6-ad35-68a19e133979_100x100.png?v=1588930275\" alt=\"\" width=\"83\" height=\"83\" \/><\/h4>\n<\/td>\n<td>\n<h3>VITESSE MAXIMALE\u00a0<strong>23 MPH<\/strong><\/h3>\n<\/td>\n<\/tr>\n<tr>\n<td><img decoding=\"async\" class=\"aligncenter\" src=\"https:\/\/cdn.shopify.com\/s\/files\/1\/2721\/7242\/files\/battery_100x100.png?v=1588928843\" alt=\"\" width=\"77\" height=\"77\" \/><\/td>\n<td>\n<h3>48V12AH<\/h3>\n<\/td>\n<td><img loading=\"lazy\" decoding=\"async\" class=\"aligncenter\" src=\"https:\/\/cdn.shopify.com\/s\/files\/1\/2721\/7242\/files\/1_7af7c125-e351-4f03-ab3e-65ee1e3fff60_100x100.png?v=1588930505\" alt=\"\" width=\"89\" height=\"89\" \/><\/td>\n<td>\n<h3><strong>65 MILLES<\/strong><\/h3>\n<\/td>\n<\/tr>\n<tr>\n<td>\n<h3><img loading=\"lazy\" decoding=\"async\" class=\"aligncenter\" src=\"https:\/\/cdn.shopify.com\/s\/files\/1\/2721\/7242\/files\/7b98f62f920fff0dd3e96e643c93cc88_100x100.png?v=1588928533\" alt=\"\" width=\"87\" height=\"87\" \/><\/h3>\n<\/td>\n<td>\n<h3><strong>220 LBS<\/strong> CHARGE MAXIMALE<\/h3>\n<\/td>\n<td>\n<h4><img loading=\"lazy\" decoding=\"async\" class=\"aligncenter\" src=\"https:\/\/cdn.shopify.com\/s\/files\/1\/2721\/7242\/files\/rider_100x100.png?v=1588930714\" alt=\"\" width=\"92\" height=\"92\" \/><\/h4>\n<\/td>\n<td>\n<h3>TAILLE DU COUREUR : 5\u20197\u2033- 6\u20197\u2033<\/h3>\n<\/td>\n<\/tr>\n<\/tbody>\n<\/table>\n<p><!--more--><\/p>\n<h3><\/h3>\n<h3 style=\"text-align: center;\"><strong>CE QUI EST INCLUS\u00a0<\/strong><\/h3>\n<table width=\"100%\">\n<tbody>\n<tr>\n<td>Le v\u00e9lo lui-m\u00eame<\/td>\n<td>Feu avant et feu stop int\u00e9gr\u00e9s<\/td>\n<\/tr>\n<tr>\n<td>Chargeur et batterie<\/td>\n<td>Manuel d'utilisation<\/td>\n<\/tr>\n<\/tbody>\n<\/table>\n<div id='gallery-1' class='gallery galleryid-5051 gallery-columns-1 gallery-size-full'><figure class='gallery-item'>\n\t\t\t<div class='gallery-icon landscape'>\n\t\t\t\t<img loading=\"lazy\" decoding=\"async\" width=\"900\" height=\"900\" src=\"https:\/\/www.linkseride.com\/wp-content\/uploads\/2021\/11\/AM100_596b32a3-aa2d-4c0e-accb-3997890f5364.jpeg\" class=\"attachment-full size-full\" alt=\"V\u00e9lo \u00e9lectrique tout terrain\" srcset=\"https:\/\/www.linkseride.com\/wp-content\/uploads\/2021\/11\/AM100_596b32a3-aa2d-4c0e-accb-3997890f5364.jpeg 900w, https:\/\/www.linkseride.com\/wp-content\/uploads\/2021\/11\/AM100_596b32a3-aa2d-4c0e-accb-3997890f5364-300x300.jpeg 300w, https:\/\/www.linkseride.com\/wp-content\/uploads\/2021\/11\/AM100_596b32a3-aa2d-4c0e-accb-3997890f5364-150x150.jpeg 150w, https:\/\/www.linkseride.com\/wp-content\/uploads\/2021\/11\/AM100_596b32a3-aa2d-4c0e-accb-3997890f5364-768x768.jpeg 768w, https:\/\/www.linkseride.com\/wp-content\/uploads\/2021\/11\/AM100_596b32a3-aa2d-4c0e-accb-3997890f5364-600x600.jpeg 600w, https:\/\/www.linkseride.com\/wp-content\/uploads\/2021\/11\/AM100_596b32a3-aa2d-4c0e-accb-3997890f5364-100x100.jpeg 100w\" sizes=\"(max-width: 900px) 100vw, 900px\" \/>\n\t\t\t<\/div><\/figure>\n\t\t<\/div>\n\n<h3><\/h3>\n<h3 style=\"text-align: center;\"><strong>SP\u00c9CIFICATIONS<\/strong><\/h3>\n<table width=\"100%\">\n<tbody>\n<tr>\n<td>Motor: 500W high-speed brushless motor<\/td>\n<td>Batterie : Batterie lithium LG 48V12H<\/td>\n<\/tr>\n<tr>\n<td>Chargeur : 54.6V 2.0Ah<\/td>\n<td>Contr\u00f4leur : Contr\u00f4leur 15 A<\/td>\n<\/tr>\n<tr>\n<td>Cadre : cadre en alliage d'aluminium<\/td>\n<td>Tyre: Chao Yang 27.5&#8243;*2.8&#8243;<\/td>\n<\/tr>\n<tr>\n<td>Roue : jante en alliage double couche de 26 pouces et rayons<\/td>\n<td>Fourche avant : bras en aluminium ; T : 120 mm<\/td>\n<\/tr>\n<tr>\n<td>Suspension : Suspension compl\u00e8te<\/td>\n<td>Frein : frein \u00e0 disque hydraulique<\/td>\n<\/tr>\n<tr>\n<td>D\u00e9railleur : D\u00e9railleur arri\u00e8re Shimano 9 vitesses<\/td>\n<td>Affichage : \u00c9cran LCD monochrome<\/td>\n<\/tr>\n<tr>\n<td>Acc\u00e9l\u00e9rateur : pouce<\/td>\n<td>Fonctions suppl\u00e9mentaires : r\u00e9gulateur de vitesse ; mode marche<\/td>\n<\/tr>\n<tr>\n<td>Vitesse : 20-23 mi\/h<\/td>\n<td>Autonomie : 35-40 miles (mode \u00e9lectrique), 60-70 miles (mode PAS)<\/td>\n<\/tr>\n<tr>\n<td>Suggested Load: 220 lbs<\/td>\n<td>Poids net \/ poids brut : 60lbs\/81lbs<\/td>\n<\/tr>\n<tr>\n<td>Taille de l'emballage : 156*26*82cm<\/td>\n<td><\/td>\n<\/tr>\n<tr>\n<td><\/td>\n<td><\/td>\n<\/tr>\n<\/tbody>\n<\/table>\n<p>Vous trouverez d'autres vid\u00e9os de pr\u00e9sentation ici : <a href=\"https:\/\/www.youtube.com\/c\/LinksErideTech\" target=\"_blank\" rel=\"noopener\">https:\/\/www.youtube.com\/c\/LinksErideTech<\/a><\/p>\n<p>Si vous recherchez d'autres mod\u00e8les de v\u00e9los \u00e9lectriques pliants, vous trouverez des informations d\u00e9taill\u00e9es <a href=\"https:\/\/www.linkseride.com\/fr_ca\/electric-bike-manufacturer\/\" target=\"_blank\" rel=\"noopener\">ici<\/a>.<\/p>","protected":false},"excerpt":{"rendered":"<p>\u25cf 500w brushless motor electric mountain bike support a speed of 25mph<\/p>\n<p>\u25cf 48V 12AH OR 14AH battery reach 30-60 miles range per charge<\/p>\n<p>\u25cf 12month warranty for electronic components<\/p>\n<p>\u25cf Local warehouse shipping from California, door to door<\/p>","protected":false},"featured_media":5052,"template":"","meta":{"site-sidebar-layout":"default","site-content-layout":"default","ast-site-content-layout":"default","site-content-style":"default","site-sidebar-style":"default","ast-global-header-display":"","ast-banner-title-visibility":"","ast-main-header-display":"","ast-hfb-above-header-display":"","ast-hfb-below-header-display":"","ast-hfb-mobile-header-display":"","site-post-title":"","ast-breadcrumbs-content":"","ast-featured-img":"","footer-sml-layout":"","ast-disable-related-posts":"","theme-transparent-header-meta":"default","adv-header-id-meta":"","stick-header-meta":"","header-above-stick-meta":"","header-main-stick-meta":"","header-below-stick-meta":"","astra-migrate-meta-layouts":"default","ast-page-background-enabled":"default","ast-page-background-meta":{"desktop":{"background-color":"","background-image":"","background-repeat":"repeat","background-position":"center center","background-size":"auto","background-attachment":"scroll","background-type":"","background-media":"","overlay-type":"","overlay-color":"","overlay-opacity":"","overlay-gradient":""},"tablet":{"background-color":"","background-image":"","background-repeat":"repeat","background-position":"center center","background-size":"auto","background-attachment":"scroll","background-type":"","background-media":"","overlay-type":"","overlay-color":"","overlay-opacity":"","overlay-gradient":""},"mobile":{"background-color":"","background-image":"","background-repeat":"repeat","background-position":"center center","background-size":"auto","background-attachment":"scroll","background-type":"","background-media":"","overlay-type":"","overlay-color":"","overlay-opacity":"","overlay-gradient":""}},"ast-content-background-meta":{"desktop":{"background-color":"var(--ast-global-color-5)","background-image":"","background-repeat":"repeat","background-position":"center center","background-size":"auto","background-attachment":"scroll","background-type":"","background-media":"","overlay-type":"","overlay-color":"","overlay-opacity":"","overlay-gradient":""},"tablet":{"background-color":"var(--ast-global-color-5)","background-image":"","background-repeat":"repeat","background-position":"center center","background-size":"auto","background-attachment":"scroll","background-type":"","background-media":"","overlay-type":"","overlay-color":"","overlay-opacity":"","overlay-gradient":""},"mobile":{"background-color":"var(--ast-global-color-5)","background-image":"","background-repeat":"repeat","background-position":"center center","background-size":"auto","background-attachment":"scroll","background-type":"","background-media":"","overlay-type":"","overlay-color":"","overlay-opacity":"","overlay-gradient":""}}},"product_brand":[],"product_cat":[29],"product_tag":[],"class_list":{"0":"post-5051","1":"product","2":"type-product","3":"status-publish","4":"has-post-thumbnail","6":"product_cat-electric-bike","7":"desktop-align-left","8":"tablet-align-left","9":"mobile-align-left","11":"first","12":"instock","13":"shipping-taxable","14":"purchasable","15":"product-type-simple"},"_links":{"self":[{"href":"https:\/\/www.linkseride.com\/fr_ca\/wp-json\/wp\/v2\/product\/5051","targetHints":{"allow":["GET"]}}],"collection":[{"href":"https:\/\/www.linkseride.com\/fr_ca\/wp-json\/wp\/v2\/product"}],"about":[{"href":"https:\/\/www.linkseride.com\/fr_ca\/wp-json\/wp\/v2\/types\/product"}],"wp:featuredmedia":[{"embeddable":true,"href":"https:\/\/www.linkseride.com\/fr_ca\/wp-json\/wp\/v2\/media\/5052"}],"wp:attachment":[{"href":"https:\/\/www.linkseride.com\/fr_ca\/wp-json\/wp\/v2\/media?parent=5051"}],"wp:term":[{"taxonomy":"product_brand","embeddable":true,"href":"https:\/\/www.linkseride.com\/fr_ca\/wp-json\/wp\/v2\/product_brand?post=5051"},{"taxonomy":"product_cat","embeddable":true,"href":"https:\/\/www.linkseride.com\/fr_ca\/wp-json\/wp\/v2\/product_cat?post=5051"},{"taxonomy":"product_tag","embeddable":true,"href":"https:\/\/www.linkseride.com\/fr_ca\/wp-json\/wp\/v2\/product_tag?post=5051"}],"curies":[{"name":"wp","href":"https:\/\/api.w.org\/{rel}","templated":true}]}}