{"id":5107,"date":"2021-12-24T09:26:55","date_gmt":"2021-12-24T09:26:55","guid":{"rendered":"http:\/\/linkseride.com\/?post_type=product&#038;p=5107"},"modified":"2022-01-06T14:45:12","modified_gmt":"2022-01-06T14:45:12","slug":"batterie-pour-scooter-electrique-60-v-30-ah","status":"publish","type":"product","link":"https:\/\/www.linkseride.com\/fr_ca\/product\/60v30ah-electric-scooter-battery\/","title":{"rendered":"Batterie 60V30Ah pour scooter \u00e9lectrique M1 M1P Chopper Scooter"},"content":{"rendered":"<h6>Batterie pour scooter \u00e9lectrique Linkseride 60 V 30 Ah M1 M1p<\/h6>\n<p>Batterie \u00e0 remplacement rapide : capacit\u00e9 60 V 30 Ah<\/p>\n<ol>\n<li>Compatibilit\u00e9 : s'applique aux moteurs de scooter 1500 W, 2000 W et 3000 W.<\/li>\n<li>CE RoHS UN38.3 FDS<\/li>\n<li>Exp\u00e9dition depuis notre entrep\u00f4t aux \u00c9tats-Unis et dans l'Union europ\u00e9enne, livraison \u00e0 domicile sous 5 \u00e0 7 jours<\/li>\n<\/ol>\n<p>Tension de charge : 67,2 V Tension nominale : 60 V<br \/>\nPoids du bloc-batterie : environ 8,5 kg<br \/>\nEntr\u00e9e : 110 V-240 V<br \/>\nCapacit\u00e9 : mise \u00e0 niveau \u00e0 30 Ah<br \/>\nCourant de d\u00e9charge : 40 A<br \/>\nType de batterie : batterie lithium-ion rechargeable.<br \/>\nTension de sortie : 40-67,2 V CC<br \/>\nCourant de charge : 5 A<br \/>\nCourant de charge : standard 5 A, max. 8,5 A<br \/>\nDur\u00e9e de vie du produit : Cycle de vie Plus de 1000 fois, DOD \u00e0 80%<br \/>\nTemp\u00e9rature de charge : 0 \u00e0 45 \u00b0C<br \/>\nTemp\u00e9rature de d\u00e9charge : -20 \u00e0 60 \u00b0C<br \/>\nStorage temperature: -20~45C<\/p>\n<h6>Charging of the electric scooter battery\uff1a<\/h6>\n<ul>\n<li>It takes 5-6 hours for a full charge for a completely empty battery<\/li>\n<li>Please always use the original charger that we offer together with the package to charge your battery<\/li>\n<li>Get your battery on charge first once you get your scooters<\/li>\n<li>Storage: Charge or discharge the battery to approximately 80% of capacity before storage. Charge the battery to approximately 80% of capacity at least once every three months. Store the battery at temperatures between 5 \u00b0C and 20 \u00b0C (41 \u00b0F and 68 \u00b0F). The discharge port and charging port should be clean at all times.<\/li>\n<\/ul>\n<h6>Handling Precautions:<\/h6>\n<ul>\n<li>Do not disassemble, crush, or puncture a battery.<\/li>\n<li>Do not short the external contacts on a battery.<\/li>\n<li>Do not dispose of a battery in fire or water.<\/li>\n<li>Do not expose a battery to temperatures above 60 \u00b0C (140 \u00b0F).<\/li>\n<li>Keep the battery away from children.<\/li>\n<li>Avoid exposing the battery to excessive shock or vibration. Do not use a damaged battery.<\/li>\n<\/ul>\n<h6>Transportation:<\/h6>\n<p>Always check all applicable local, national, and international regulations before transporting a Li-ion battery products. Contact us for details before you place an order.<\/p>\n<p>Quick check here for videos:<\/p>\n<div class=\"ast-oembed-container\" style=\"height: 100%;\"><iframe title=\"Comment installer la mallette de selle pour votre scooter \u00e9lectrique M1P Harley Citycoco\" width=\"500\" height=\"281\" src=\"https:\/\/www.youtube.com\/embed\/YvjtsWfO35I?feature=oembed\" frameborder=\"0\" allow=\"accelerometer; autoplay; clipboard-write; encrypted-media; gyroscope; picture-in-picture; web-share\" referrerpolicy=\"strict-origin-when-cross-origin\" allowfullscreen><\/iframe><\/div>\n<p class=\"p1\"><span class=\"s1\">Plus de vid\u00e9os sur notre cha\u00eene Youtube : <a href=\"https:\/\/www.youtube.com\/c\/LinksErideTech\" target=\"_blank\" rel=\"noopener\"><span class=\"s2\">https:\/\/www.youtube.com\/c\/LinksErideTech<\/span><\/a><\/span><\/p>\n<p>Si vous recherchez d'autres pi\u00e8ces d\u00e9tach\u00e9es pour les trottinettes \u00e0 pneus larges, consultez cette page : <a href=\"https:\/\/www.linkseride.com\/fr_ca\/fat-tire-scooter-accessories-scooter-parts\/\" target=\"_blank\" rel=\"noopener\">http:\/\/linkseride.com\/fat-tire-scooter-accessories-scooter-parts\/<\/a><\/p>","protected":false},"excerpt":{"rendered":"<p>\u25cf Batterie 60 V 30 Ah pour scooter \u00e9lectrique, mod\u00e8le M1 M1P<\/p>\n<p>\u25cf <strong>Montage :<\/strong> Applicable aux moteurs de scooter 1500 W, 2000 W et 3000 W<\/p>\n<p>\u25cf <strong>Stock en entrep\u00f4t :<\/strong> Mod\u00e8le M1P\/M2\/M8 trottinette \u00e0 pneus larges Entrep\u00f4ts disponibles aux \u00c9tats-Unis et en Europe<\/p>","protected":false},"featured_media":5170,"template":"","meta":{"site-sidebar-layout":"default","site-content-layout":"default","ast-site-content-layout":"default","site-content-style":"default","site-sidebar-style":"default","ast-global-header-display":"","ast-banner-title-visibility":"","ast-main-header-display":"","ast-hfb-above-header-display":"","ast-hfb-below-header-display":"","ast-hfb-mobile-header-display":"","site-post-title":"","ast-breadcrumbs-content":"","ast-featured-img":"","footer-sml-layout":"","ast-disable-related-posts":"","theme-transparent-header-meta":"default","adv-header-id-meta":"","stick-header-meta":"","header-above-stick-meta":"","header-main-stick-meta":"","header-below-stick-meta":"","astra-migrate-meta-layouts":"default","ast-page-background-enabled":"default","ast-page-background-meta":{"desktop":{"background-color":"","background-image":"","background-repeat":"repeat","background-position":"center center","background-size":"auto","background-attachment":"scroll","background-type":"","background-media":"","overlay-type":"","overlay-color":"","overlay-opacity":"","overlay-gradient":""},"tablet":{"background-color":"","background-image":"","background-repeat":"repeat","background-position":"center center","background-size":"auto","background-attachment":"scroll","background-type":"","background-media":"","overlay-type":"","overlay-color":"","overlay-opacity":"","overlay-gradient":""},"mobile":{"background-color":"","background-image":"","background-repeat":"repeat","background-position":"center center","background-size":"auto","background-attachment":"scroll","background-type":"","background-media":"","overlay-type":"","overlay-color":"","overlay-opacity":"","overlay-gradient":""}},"ast-content-background-meta":{"desktop":{"background-color":"var(--ast-global-color-5)","background-image":"","background-repeat":"repeat","background-position":"center center","background-size":"auto","background-attachment":"scroll","background-type":"","background-media":"","overlay-type":"","overlay-color":"","overlay-opacity":"","overlay-gradient":""},"tablet":{"background-color":"var(--ast-global-color-5)","background-image":"","background-repeat":"repeat","background-position":"center center","background-size":"auto","background-attachment":"scroll","background-type":"","background-media":"","overlay-type":"","overlay-color":"","overlay-opacity":"","overlay-gradient":""},"mobile":{"background-color":"var(--ast-global-color-5)","background-image":"","background-repeat":"repeat","background-position":"center center","background-size":"auto","background-attachment":"scroll","background-type":"","background-media":"","overlay-type":"","overlay-color":"","overlay-opacity":"","overlay-gradient":""}}},"product_brand":[],"product_cat":[15],"product_tag":[],"class_list":{"0":"post-5107","1":"product","2":"type-product","3":"status-publish","4":"has-post-thumbnail","6":"product_cat-uncategorized","7":"desktop-align-left","8":"tablet-align-left","9":"mobile-align-left","11":"first","12":"instock","13":"shipping-taxable","14":"product-type-simple"},"_links":{"self":[{"href":"https:\/\/www.linkseride.com\/fr_ca\/wp-json\/wp\/v2\/product\/5107","targetHints":{"allow":["GET"]}}],"collection":[{"href":"https:\/\/www.linkseride.com\/fr_ca\/wp-json\/wp\/v2\/product"}],"about":[{"href":"https:\/\/www.linkseride.com\/fr_ca\/wp-json\/wp\/v2\/types\/product"}],"wp:featuredmedia":[{"embeddable":true,"href":"https:\/\/www.linkseride.com\/fr_ca\/wp-json\/wp\/v2\/media\/5170"}],"wp:attachment":[{"href":"https:\/\/www.linkseride.com\/fr_ca\/wp-json\/wp\/v2\/media?parent=5107"}],"wp:term":[{"taxonomy":"product_brand","embeddable":true,"href":"https:\/\/www.linkseride.com\/fr_ca\/wp-json\/wp\/v2\/product_brand?post=5107"},{"taxonomy":"product_cat","embeddable":true,"href":"https:\/\/www.linkseride.com\/fr_ca\/wp-json\/wp\/v2\/product_cat?post=5107"},{"taxonomy":"product_tag","embeddable":true,"href":"https:\/\/www.linkseride.com\/fr_ca\/wp-json\/wp\/v2\/product_tag?post=5107"}],"curies":[{"name":"wp","href":"https:\/\/api.w.org\/{rel}","templated":true}]}}