{"id":5110,"date":"2021-12-24T09:40:15","date_gmt":"2021-12-24T09:40:15","guid":{"rendered":"http:\/\/linkseride.com\/?post_type=product&#038;p=5110"},"modified":"2022-04-09T06:16:22","modified_gmt":"2022-04-09T06:16:22","slug":"60v40ah-m2-scooter-lithium-battery","status":"publish","type":"product","link":"https:\/\/www.linkseride.com\/fr_ca\/product\/60v40ah-m2-scooter-lithium-battery\/","title":{"rendered":"60V40Ah M2 Fat Tire Scooter Lithium Battery"},"content":{"rendered":"<h6>Linkseride 60V40Ah M2 Fat Tire Scooter Lithium Battery<\/h6>\n<p>&nbsp;<\/p>\n<p>Quick Swap Battery: 60V 40Ah capacity<br \/>\n1. Fitment: Apply to 1500W &amp; 2000W &amp; 3000W Scooter Motor<br \/>\n2. CE RoHS UN38.3 MSDS<br \/>\n3. Ship from our USA &amp; EU warehouse, delivery to door in 5-7 day<\/p>\n<p>&nbsp;<\/p>\n<p>Tension de charge : 67,2 V Tension nominale : 60 V<br \/>\nPoids du bloc-batterie : environ 8,5 kg<br \/>\nEntr\u00e9e : 110 V-240 V<br \/>\nCapacity: Upgraded 30Ah \/ 40AH<br \/>\nDischarging current : 40A \/ 50A<br \/>\nType de batterie : batterie lithium-ion rechargeable.<br \/>\nTension de sortie : 40-67,2 V CC<br \/>\nCourant de charge : 5 A<br \/>\nCourant de charge : standard 5 A, max. 8,5 A<br \/>\nDur\u00e9e de vie du produit : Cycle de vie Plus de 1000 fois, DOD \u00e0 80%<br \/>\nTemp\u00e9rature de charge : 0 \u00e0 45 \u00b0C<br \/>\nTemp\u00e9rature de d\u00e9charge : -20 \u00e0 60 \u00b0C<br \/>\nStorage temperature: -20~45C<\/p>\n<p>&nbsp;<\/p>\n<h6>Charging of the Scooter Lithium Battery\uff1a<\/h6>\n<p>\u2022 It takes 6-8 hours for a full charge for a 40Ah completely empty battery<br \/>\n\u2022 Please always use the original charger that we offer together with the package to charge your battery<br \/>\n\u2022 Get your battery on charge first once you get your scooters<br \/>\n\u2022 Storage: Charge or discharge the battery to approximately 80% of capacity before storage. Charge the battery to approximately 80% of capacity at least once every three months. Store the battery at temperatures between 5 \u00b0C and 20 \u00b0C (41 \u00b0F and 68 \u00b0F). The discharge port and charging port should be clean at all times.<\/p>\n<h6>Handling Precautions:<\/h6>\n<p>\u2022 Do not disassemble, crush, or puncture a battery.<br \/>\n\u2022 Do not short the external contacts on a battery.<br \/>\n\u2022 Do not dispose of a battery in fire or water.<br \/>\n\u2022 Do not expose a battery to temperatures above 60 \u00b0C (140 \u00b0F).<br \/>\n\u2022 Keep the battery away from children.<br \/>\n\u2022 Avoid exposing the battery to excessive shock or vibration. Do not use a damaged battery.<\/p>\n<h6>Transportation:<\/h6>\n<p>Always check all applicable local, national, and international regulations before transporting a Li-ion battery products. Contact us for details before you place an order.<\/p>\n<p>quick look at how to change or install the scooter battery here<\/p>\n<div class=\"ast-oembed-container\" style=\"height: 100%;\"><iframe title=\"M2 Electric Scooter Chopper Scooter Fat Tire Citycoco with 2000w 3000w 45ah 65km:h 100km+ range\" width=\"500\" height=\"281\" src=\"https:\/\/www.youtube.com\/embed\/c41lu7iZSfk?feature=oembed\" frameborder=\"0\" allow=\"accelerometer; autoplay; clipboard-write; encrypted-media; gyroscope; picture-in-picture; web-share\" referrerpolicy=\"strict-origin-when-cross-origin\" allowfullscreen><\/iframe><\/div>\n<p>Plus de vid\u00e9os sur notre cha\u00eene Youtube : <a href=\"https:\/\/www.youtube.com\/c\/LinksErideTech\" target=\"_blank\" rel=\"noopener\">https:\/\/www.youtube.com\/c\/LinksErideTech<\/a><\/p>\n<p>Si vous recherchez d'autres pi\u00e8ces d\u00e9tach\u00e9es pour les trottinettes \u00e0 pneus larges, consultez cette page : <a href=\"https:\/\/www.linkseride.com\/fr_ca\/fat-tire-scooter-accessories-scooter-parts\/\" target=\"_blank\" rel=\"noopener\">http:\/\/linkseride.com\/fat-tire-scooter-accessories-scooter-parts\/<\/a><\/p>","protected":false},"excerpt":{"rendered":"<p>\u25cf 60V40Ah M2 Fat Tire Scooter Lithium Battery<\/p>\n<p class=\"p1\"><span class=\"s1\">\u25cf<\/span><span class=\"s2\"> <b>Montage :<\/b> Applicable aux moteurs de scooter 1500 W, 2000 W et 3000 W<\/span><\/p>\n<p class=\"p1\"><span class=\"s1\">\u25cf<\/span><span class=\"s2\"> <b>Stock en entrep\u00f4t :<\/b> Mod\u00e8le M1P\/M2\/M8 trottinette \u00e0 pneus larges Entrep\u00f4ts disponibles aux \u00c9tats-Unis et en Europe<\/span><\/p>","protected":false},"featured_media":5111,"template":"","meta":{"site-sidebar-layout":"default","site-content-layout":"default","ast-site-content-layout":"default","site-content-style":"default","site-sidebar-style":"default","ast-global-header-display":"","ast-banner-title-visibility":"","ast-main-header-display":"","ast-hfb-above-header-display":"","ast-hfb-below-header-display":"","ast-hfb-mobile-header-display":"","site-post-title":"","ast-breadcrumbs-content":"","ast-featured-img":"","footer-sml-layout":"","ast-disable-related-posts":"","theme-transparent-header-meta":"default","adv-header-id-meta":"","stick-header-meta":"","header-above-stick-meta":"","header-main-stick-meta":"","header-below-stick-meta":"","astra-migrate-meta-layouts":"default","ast-page-background-enabled":"default","ast-page-background-meta":{"desktop":{"background-color":"","background-image":"","background-repeat":"repeat","background-position":"center center","background-size":"auto","background-attachment":"scroll","background-type":"","background-media":"","overlay-type":"","overlay-color":"","overlay-opacity":"","overlay-gradient":""},"tablet":{"background-color":"","background-image":"","background-repeat":"repeat","background-position":"center center","background-size":"auto","background-attachment":"scroll","background-type":"","background-media":"","overlay-type":"","overlay-color":"","overlay-opacity":"","overlay-gradient":""},"mobile":{"background-color":"","background-image":"","background-repeat":"repeat","background-position":"center center","background-size":"auto","background-attachment":"scroll","background-type":"","background-media":"","overlay-type":"","overlay-color":"","overlay-opacity":"","overlay-gradient":""}},"ast-content-background-meta":{"desktop":{"background-color":"var(--ast-global-color-5)","background-image":"","background-repeat":"repeat","background-position":"center center","background-size":"auto","background-attachment":"scroll","background-type":"","background-media":"","overlay-type":"","overlay-color":"","overlay-opacity":"","overlay-gradient":""},"tablet":{"background-color":"var(--ast-global-color-5)","background-image":"","background-repeat":"repeat","background-position":"center center","background-size":"auto","background-attachment":"scroll","background-type":"","background-media":"","overlay-type":"","overlay-color":"","overlay-opacity":"","overlay-gradient":""},"mobile":{"background-color":"var(--ast-global-color-5)","background-image":"","background-repeat":"repeat","background-position":"center center","background-size":"auto","background-attachment":"scroll","background-type":"","background-media":"","overlay-type":"","overlay-color":"","overlay-opacity":"","overlay-gradient":""}}},"product_brand":[],"product_cat":[15],"product_tag":[],"class_list":{"0":"post-5110","1":"product","2":"type-product","3":"status-publish","4":"has-post-thumbnail","6":"product_cat-uncategorized","7":"desktop-align-left","8":"tablet-align-left","9":"mobile-align-left","11":"first","12":"instock","13":"shipping-taxable","14":"product-type-simple"},"_links":{"self":[{"href":"https:\/\/www.linkseride.com\/fr_ca\/wp-json\/wp\/v2\/product\/5110","targetHints":{"allow":["GET"]}}],"collection":[{"href":"https:\/\/www.linkseride.com\/fr_ca\/wp-json\/wp\/v2\/product"}],"about":[{"href":"https:\/\/www.linkseride.com\/fr_ca\/wp-json\/wp\/v2\/types\/product"}],"wp:featuredmedia":[{"embeddable":true,"href":"https:\/\/www.linkseride.com\/fr_ca\/wp-json\/wp\/v2\/media\/5111"}],"wp:attachment":[{"href":"https:\/\/www.linkseride.com\/fr_ca\/wp-json\/wp\/v2\/media?parent=5110"}],"wp:term":[{"taxonomy":"product_brand","embeddable":true,"href":"https:\/\/www.linkseride.com\/fr_ca\/wp-json\/wp\/v2\/product_brand?post=5110"},{"taxonomy":"product_cat","embeddable":true,"href":"https:\/\/www.linkseride.com\/fr_ca\/wp-json\/wp\/v2\/product_cat?post=5110"},{"taxonomy":"product_tag","embeddable":true,"href":"https:\/\/www.linkseride.com\/fr_ca\/wp-json\/wp\/v2\/product_tag?post=5110"}],"curies":[{"name":"wp","href":"https:\/\/api.w.org\/{rel}","templated":true}]}}