{"id":6493,"date":"2022-04-16T08:28:17","date_gmt":"2022-04-16T08:28:17","guid":{"rendered":"http:\/\/linkseride.com\/?post_type=product&#038;p=6493"},"modified":"2022-04-17T01:35:25","modified_gmt":"2022-04-17T01:35:25","slug":"2022-fat-tire-escooter-701-new-design","status":"publish","type":"product","link":"https:\/\/www.linkseride.com\/fr_ca\/product\/2022-fat-tire-escooter-701-new-design\/","title":{"rendered":"2022 Fat Tire Escooter 701 Nouveau design Certifi\u00e9 EEC"},"content":{"rendered":"<p>Nous sommes passionn\u00e9s par ce que nous faisons pour notre avenir \u00e9lectrique, notamment <strong>les scooters \u00e9lectriques, <a href=\"https:\/\/www.linkseride.com\/fr_ca\/fabricant-de-motos-electriques\/\" target=\"_blank\" rel=\"noopener\">trottinette \u00e9lectrique \u00e0 gros pneus<\/a>, <a href=\"https:\/\/www.linkseride.com\/fr_ca\/fabricant-de-motos-electriques\/\" target=\"_blank\" rel=\"noopener\">scooter citycoco<\/a>, <a href=\"https:\/\/www.linkseride.com\/fr_ca\/electric-moped-manufacturer\/\" target=\"_blank\" rel=\"noopener\">cyclomoteur \u00e9lectrique<\/a><\/strong> etc.<\/p>\n<p>Linkseride model 701 fat tire escooter 2022 latest design with\u00a0 EEC COC certificate. This newly designed model with the large foot pedal part on the front are with comfortable riding feeling.<\/p>\n<p>We are coming with more new designs of fat tire electric scooters. EU and US warehouses will soon be in stock for this new model! come and let us know which color you prefer.<\/p>\n<p>Model 1: \ud83d\udef525km\/h with 2000W COC Certificate, max speed: 55-60km\/h after release of the speed limit.<\/p>\n<p>Model 2: \ud83d\udef545km\/h with 3000W COC Certificate, max speed: 75-80km\/h after release of the speed limit.<\/p>\n<div id='gallery-1' class='gallery galleryid-6493 gallery-columns-2 gallery-size-full'><figure class='gallery-item'>\n\t\t\t<div class='gallery-icon landscape'>\n\t\t\t\t<img fetchpriority=\"high\" decoding=\"async\" width=\"2560\" height=\"1440\" src=\"https:\/\/www.linkseride.com\/wp-content\/uploads\/2022\/04\/WechatIMG137-scaled.jpeg\" class=\"attachment-full size-full\" alt=\"fat tire escooter electric scooter manufacturer\" srcset=\"https:\/\/www.linkseride.com\/wp-content\/uploads\/2022\/04\/WechatIMG137-scaled.jpeg 2560w, https:\/\/www.linkseride.com\/wp-content\/uploads\/2022\/04\/WechatIMG137-300x169.jpeg 300w, https:\/\/www.linkseride.com\/wp-content\/uploads\/2022\/04\/WechatIMG137-1024x576.jpeg 1024w, https:\/\/www.linkseride.com\/wp-content\/uploads\/2022\/04\/WechatIMG137-768x432.jpeg 768w, https:\/\/www.linkseride.com\/wp-content\/uploads\/2022\/04\/WechatIMG137-1536x864.jpeg 1536w, https:\/\/www.linkseride.com\/wp-content\/uploads\/2022\/04\/WechatIMG137-2048x1152.jpeg 2048w, https:\/\/www.linkseride.com\/wp-content\/uploads\/2022\/04\/WechatIMG137-600x337.jpeg 600w\" sizes=\"(max-width: 2560px) 100vw, 2560px\" \/>\n\t\t\t<\/div><\/figure><figure class='gallery-item'>\n\t\t\t<div class='gallery-icon landscape'>\n\t\t\t\t<img decoding=\"async\" width=\"2560\" height=\"1440\" src=\"https:\/\/www.linkseride.com\/wp-content\/uploads\/2022\/04\/DSC06648-scaled.jpg\" class=\"attachment-full size-full\" alt=\"trottinette \u00e9lectrique \u00e0 gros pneus\" srcset=\"https:\/\/www.linkseride.com\/wp-content\/uploads\/2022\/04\/DSC06648-scaled.jpg 2560w, https:\/\/www.linkseride.com\/wp-content\/uploads\/2022\/04\/DSC06648-300x169.jpg 300w, https:\/\/www.linkseride.com\/wp-content\/uploads\/2022\/04\/DSC06648-1024x576.jpg 1024w, https:\/\/www.linkseride.com\/wp-content\/uploads\/2022\/04\/DSC06648-768x432.jpg 768w, https:\/\/www.linkseride.com\/wp-content\/uploads\/2022\/04\/DSC06648-1536x864.jpg 1536w, https:\/\/www.linkseride.com\/wp-content\/uploads\/2022\/04\/DSC06648-2048x1152.jpg 2048w, https:\/\/www.linkseride.com\/wp-content\/uploads\/2022\/04\/DSC06648-600x337.jpg 600w\" sizes=\"(max-width: 2560px) 100vw, 2560px\" \/>\n\t\t\t<\/div><\/figure>\n\t\t<\/div>\n\n<h2>what is the key features of this Fat Tire Escooter?<\/h2>\n<table width=\"638\">\n<tbody>\n<tr>\n<td style=\"font-weight: 400;\" width=\"114\"><strong>Moteur<\/strong><\/td>\n<td style=\"font-weight: 400;\" width=\"172\">2000W\/3000W<\/td>\n<td style=\"font-weight: 400;\" width=\"114\"><strong>Batterie<\/strong><\/td>\n<td style=\"font-weight: 400;\" width=\"238\">Batterie lithium amovible<\/td>\n<\/tr>\n<tr>\n<td style=\"font-weight: 400;\" width=\"114\"><strong>Frein<\/strong><\/td>\n<td style=\"font-weight: 400;\" width=\"172\">Hydraulic\u00a0Disc\u00a0Brake<\/td>\n<td style=\"font-weight: 400;\" width=\"114\"><strong>Capacit\u00e9 de la batterie<\/strong><\/td>\n<td style=\"font-weight: 400;\" width=\"238\">60V30AH\/40AH\/50AH<\/td>\n<\/tr>\n<tr>\n<td style=\"font-weight: 400;\" width=\"114\"><strong>Lumi\u00e8re<\/strong><\/td>\n<td style=\"font-weight: 400;\" width=\"172\">Phares, feux de virage et r\u00e9flecteurs arri\u00e8re \u00e0 diodes \u00e9lectroluminescentes (LED)<\/td>\n<td style=\"font-weight: 400;\" width=\"114\"><strong>Si\u00e8ge<\/strong><\/td>\n<td style=\"font-weight: 400;\" width=\"238\">Large\u00a0and\u00a0Comfortable\u00a0can\u00a0hold\u00a02\u00a0people<\/td>\n<\/tr>\n<tr>\n<td style=\"font-weight: 400;\" width=\"114\"><strong>Affichage<\/strong><\/td>\n<td style=\"font-weight: 400;\" width=\"172\">Color\u00a0Screen\u00a0Display<\/td>\n<td style=\"font-weight: 400;\" width=\"114\"><strong>Pneu<\/strong><\/td>\n<td style=\"font-weight: 400;\" width=\"238\">12\u00a0Inch\u00a0Fat\u00a0Tire<\/td>\n<\/tr>\n<tr>\n<td style=\"font-weight: 400;\" width=\"114\"><strong>Cadre<\/strong><\/td>\n<td style=\"font-weight: 400;\" width=\"172\">Tube en acier sans soudure<\/td>\n<td style=\"font-weight: 400;\" width=\"114\"><strong>Vitesse maximale<\/strong><\/td>\n<td style=\"font-weight: 400;\" width=\"238\">25\/45\u00a0km\/h\u00a0with\u00a0COC<br \/>\nreleased:\u00a060-65km\/h\/75-80\u00a0km\/h<\/td>\n<\/tr>\n<tr>\n<td style=\"font-weight: 400;\" width=\"114\"><strong>Suspension<\/strong><\/td>\n<td style=\"font-weight: 400;\" width=\"172\">Suspension avant Fourche ; Amortisseur arri\u00e8re \u00e0 double ressort<\/td>\n<td style=\"font-weight: 400;\" width=\"114\"><strong>Port\u00e9e maximale<\/strong><\/td>\n<td style=\"font-weight: 400;\" width=\"238\">60-100km per charge (affected by weight\/terrain\/weather\/etc)<\/td>\n<\/tr>\n<\/tbody>\n<\/table>\n<div class=\"rte\">\n<div class=\"rte\">\n<p><strong>Enough color option with this model 701<\/strong><\/p>\n<div id='gallery-2' class='gallery galleryid-6493 gallery-columns-3 gallery-size-full'><figure class='gallery-item'>\n\t\t\t<div class='gallery-icon landscape'>\n\t\t\t\t<img decoding=\"async\" width=\"2560\" height=\"1440\" src=\"https:\/\/www.linkseride.com\/wp-content\/uploads\/2022\/04\/DSC06557-scaled.jpg\" class=\"attachment-full size-full\" alt=\"fat tire escooter China Electric Scooter\" srcset=\"https:\/\/www.linkseride.com\/wp-content\/uploads\/2022\/04\/DSC06557-scaled.jpg 2560w, https:\/\/www.linkseride.com\/wp-content\/uploads\/2022\/04\/DSC06557-300x169.jpg 300w, https:\/\/www.linkseride.com\/wp-content\/uploads\/2022\/04\/DSC06557-1024x576.jpg 1024w, https:\/\/www.linkseride.com\/wp-content\/uploads\/2022\/04\/DSC06557-768x432.jpg 768w, https:\/\/www.linkseride.com\/wp-content\/uploads\/2022\/04\/DSC06557-1536x864.jpg 1536w, https:\/\/www.linkseride.com\/wp-content\/uploads\/2022\/04\/DSC06557-2048x1152.jpg 2048w, https:\/\/www.linkseride.com\/wp-content\/uploads\/2022\/04\/DSC06557-600x337.jpg 600w\" sizes=\"(max-width: 2560px) 100vw, 2560px\" \/>\n\t\t\t<\/div><\/figure><figure class='gallery-item'>\n\t\t\t<div class='gallery-icon landscape'>\n\t\t\t\t<img loading=\"lazy\" decoding=\"async\" width=\"2560\" height=\"1440\" src=\"https:\/\/www.linkseride.com\/wp-content\/uploads\/2022\/04\/DSC06561-scaled.jpg\" class=\"attachment-full size-full\" alt=\"trottinette \u00e9lectrique \u00e0 gros pneus\" srcset=\"https:\/\/www.linkseride.com\/wp-content\/uploads\/2022\/04\/DSC06561-scaled.jpg 2560w, https:\/\/www.linkseride.com\/wp-content\/uploads\/2022\/04\/DSC06561-300x169.jpg 300w, https:\/\/www.linkseride.com\/wp-content\/uploads\/2022\/04\/DSC06561-1024x576.jpg 1024w, https:\/\/www.linkseride.com\/wp-content\/uploads\/2022\/04\/DSC06561-768x432.jpg 768w, https:\/\/www.linkseride.com\/wp-content\/uploads\/2022\/04\/DSC06561-1536x864.jpg 1536w, https:\/\/www.linkseride.com\/wp-content\/uploads\/2022\/04\/DSC06561-2048x1152.jpg 2048w, https:\/\/www.linkseride.com\/wp-content\/uploads\/2022\/04\/DSC06561-600x337.jpg 600w\" sizes=\"(max-width: 2560px) 100vw, 2560px\" \/>\n\t\t\t<\/div><\/figure><figure class='gallery-item'>\n\t\t\t<div class='gallery-icon landscape'>\n\t\t\t\t<img loading=\"lazy\" decoding=\"async\" width=\"2560\" height=\"1440\" src=\"https:\/\/www.linkseride.com\/wp-content\/uploads\/2022\/04\/DSC06565-scaled.jpg\" class=\"attachment-full size-full\" alt=\"\" srcset=\"https:\/\/www.linkseride.com\/wp-content\/uploads\/2022\/04\/DSC06565-scaled.jpg 2560w, https:\/\/www.linkseride.com\/wp-content\/uploads\/2022\/04\/DSC06565-300x169.jpg 300w, https:\/\/www.linkseride.com\/wp-content\/uploads\/2022\/04\/DSC06565-1024x576.jpg 1024w, https:\/\/www.linkseride.com\/wp-content\/uploads\/2022\/04\/DSC06565-768x432.jpg 768w, https:\/\/www.linkseride.com\/wp-content\/uploads\/2022\/04\/DSC06565-1536x864.jpg 1536w, https:\/\/www.linkseride.com\/wp-content\/uploads\/2022\/04\/DSC06565-2048x1152.jpg 2048w, https:\/\/www.linkseride.com\/wp-content\/uploads\/2022\/04\/DSC06565-600x337.jpg 600w\" sizes=\"(max-width: 2560px) 100vw, 2560px\" \/>\n\t\t\t<\/div><\/figure>\n\t\t<\/div>\n\n<div id='gallery-3' class='gallery galleryid-6493 gallery-columns-4 gallery-size-full'><figure class='gallery-item'>\n\t\t\t<div class='gallery-icon landscape'>\n\t\t\t\t<img loading=\"lazy\" decoding=\"async\" width=\"2560\" height=\"1440\" src=\"https:\/\/www.linkseride.com\/wp-content\/uploads\/2022\/04\/DSC06672-scaled.jpg\" class=\"attachment-full size-full\" alt=\"\" srcset=\"https:\/\/www.linkseride.com\/wp-content\/uploads\/2022\/04\/DSC06672-scaled.jpg 2560w, https:\/\/www.linkseride.com\/wp-content\/uploads\/2022\/04\/DSC06672-300x169.jpg 300w, https:\/\/www.linkseride.com\/wp-content\/uploads\/2022\/04\/DSC06672-1024x576.jpg 1024w, https:\/\/www.linkseride.com\/wp-content\/uploads\/2022\/04\/DSC06672-768x432.jpg 768w, https:\/\/www.linkseride.com\/wp-content\/uploads\/2022\/04\/DSC06672-1536x864.jpg 1536w, https:\/\/www.linkseride.com\/wp-content\/uploads\/2022\/04\/DSC06672-2048x1152.jpg 2048w, https:\/\/www.linkseride.com\/wp-content\/uploads\/2022\/04\/DSC06672-600x337.jpg 600w\" sizes=\"(max-width: 2560px) 100vw, 2560px\" \/>\n\t\t\t<\/div><\/figure><figure class='gallery-item'>\n\t\t\t<div class='gallery-icon landscape'>\n\t\t\t\t<img loading=\"lazy\" decoding=\"async\" width=\"2560\" height=\"1440\" src=\"https:\/\/www.linkseride.com\/wp-content\/uploads\/2022\/04\/DSC06692-scaled.jpg\" class=\"attachment-full size-full\" alt=\"trottinette \u00e9lectrique \u00e0 gros pneus\" srcset=\"https:\/\/www.linkseride.com\/wp-content\/uploads\/2022\/04\/DSC06692-scaled.jpg 2560w, https:\/\/www.linkseride.com\/wp-content\/uploads\/2022\/04\/DSC06692-300x169.jpg 300w, https:\/\/www.linkseride.com\/wp-content\/uploads\/2022\/04\/DSC06692-1024x576.jpg 1024w, https:\/\/www.linkseride.com\/wp-content\/uploads\/2022\/04\/DSC06692-768x432.jpg 768w, https:\/\/www.linkseride.com\/wp-content\/uploads\/2022\/04\/DSC06692-1536x864.jpg 1536w, https:\/\/www.linkseride.com\/wp-content\/uploads\/2022\/04\/DSC06692-2048x1152.jpg 2048w, https:\/\/www.linkseride.com\/wp-content\/uploads\/2022\/04\/DSC06692-600x337.jpg 600w\" sizes=\"(max-width: 2560px) 100vw, 2560px\" \/>\n\t\t\t<\/div><\/figure><figure class='gallery-item'>\n\t\t\t<div class='gallery-icon landscape'>\n\t\t\t\t<img loading=\"lazy\" decoding=\"async\" width=\"2560\" height=\"1440\" src=\"https:\/\/www.linkseride.com\/wp-content\/uploads\/2022\/04\/DSC06719-scaled.jpg\" class=\"attachment-full size-full\" alt=\"trottinette \u00e9lectrique \u00e0 gros pneus\" srcset=\"https:\/\/www.linkseride.com\/wp-content\/uploads\/2022\/04\/DSC06719-scaled.jpg 2560w, https:\/\/www.linkseride.com\/wp-content\/uploads\/2022\/04\/DSC06719-300x169.jpg 300w, https:\/\/www.linkseride.com\/wp-content\/uploads\/2022\/04\/DSC06719-1024x576.jpg 1024w, https:\/\/www.linkseride.com\/wp-content\/uploads\/2022\/04\/DSC06719-768x432.jpg 768w, https:\/\/www.linkseride.com\/wp-content\/uploads\/2022\/04\/DSC06719-1536x864.jpg 1536w, https:\/\/www.linkseride.com\/wp-content\/uploads\/2022\/04\/DSC06719-2048x1152.jpg 2048w, https:\/\/www.linkseride.com\/wp-content\/uploads\/2022\/04\/DSC06719-600x337.jpg 600w\" sizes=\"(max-width: 2560px) 100vw, 2560px\" \/>\n\t\t\t<\/div><\/figure><figure class='gallery-item'>\n\t\t\t<div class='gallery-icon landscape'>\n\t\t\t\t<img loading=\"lazy\" decoding=\"async\" width=\"2560\" height=\"1440\" src=\"https:\/\/www.linkseride.com\/wp-content\/uploads\/2022\/04\/DSC06691-scaled.jpg\" class=\"attachment-full size-full\" alt=\"trottinette \u00e9lectrique \u00e0 gros pneus\" srcset=\"https:\/\/www.linkseride.com\/wp-content\/uploads\/2022\/04\/DSC06691-scaled.jpg 2560w, https:\/\/www.linkseride.com\/wp-content\/uploads\/2022\/04\/DSC06691-300x169.jpg 300w, https:\/\/www.linkseride.com\/wp-content\/uploads\/2022\/04\/DSC06691-1024x576.jpg 1024w, https:\/\/www.linkseride.com\/wp-content\/uploads\/2022\/04\/DSC06691-768x432.jpg 768w, https:\/\/www.linkseride.com\/wp-content\/uploads\/2022\/04\/DSC06691-1536x864.jpg 1536w, https:\/\/www.linkseride.com\/wp-content\/uploads\/2022\/04\/DSC06691-2048x1152.jpg 2048w, https:\/\/www.linkseride.com\/wp-content\/uploads\/2022\/04\/DSC06691-600x337.jpg 600w\" sizes=\"(max-width: 2560px) 100vw, 2560px\" \/>\n\t\t\t<\/div><\/figure>\n\t\t<\/div>\n\n<p><strong>Detailed spare parts<\/strong><\/p>\n<div id='gallery-4' class='gallery galleryid-6493 gallery-columns-4 gallery-size-full'><figure class='gallery-item'>\n\t\t\t<div class='gallery-icon portrait'>\n\t\t\t\t<img loading=\"lazy\" decoding=\"async\" width=\"1440\" height=\"2560\" src=\"https:\/\/www.linkseride.com\/wp-content\/uploads\/2022\/04\/DSC05966-scaled.jpg\" class=\"attachment-full size-full\" alt=\"fat tire escooter accessory\" srcset=\"https:\/\/www.linkseride.com\/wp-content\/uploads\/2022\/04\/DSC05966-scaled.jpg 1440w, https:\/\/www.linkseride.com\/wp-content\/uploads\/2022\/04\/DSC05966-169x300.jpg 169w, https:\/\/www.linkseride.com\/wp-content\/uploads\/2022\/04\/DSC05966-576x1024.jpg 576w, https:\/\/www.linkseride.com\/wp-content\/uploads\/2022\/04\/DSC05966-768x1366.jpg 768w, https:\/\/www.linkseride.com\/wp-content\/uploads\/2022\/04\/DSC05966-864x1536.jpg 864w, https:\/\/www.linkseride.com\/wp-content\/uploads\/2022\/04\/DSC05966-1152x2048.jpg 1152w, https:\/\/www.linkseride.com\/wp-content\/uploads\/2022\/04\/DSC05966-600x1067.jpg 600w\" sizes=\"(max-width: 1440px) 100vw, 1440px\" \/>\n\t\t\t<\/div><\/figure><figure class='gallery-item'>\n\t\t\t<div class='gallery-icon portrait'>\n\t\t\t\t<img loading=\"lazy\" decoding=\"async\" width=\"1440\" height=\"2560\" src=\"https:\/\/www.linkseride.com\/wp-content\/uploads\/2022\/04\/DSC05989-scaled.jpg\" class=\"attachment-full size-full\" alt=\"fat tire escooter accessory\" srcset=\"https:\/\/www.linkseride.com\/wp-content\/uploads\/2022\/04\/DSC05989-scaled.jpg 1440w, https:\/\/www.linkseride.com\/wp-content\/uploads\/2022\/04\/DSC05989-169x300.jpg 169w, https:\/\/www.linkseride.com\/wp-content\/uploads\/2022\/04\/DSC05989-576x1024.jpg 576w, https:\/\/www.linkseride.com\/wp-content\/uploads\/2022\/04\/DSC05989-768x1366.jpg 768w, https:\/\/www.linkseride.com\/wp-content\/uploads\/2022\/04\/DSC05989-864x1536.jpg 864w, https:\/\/www.linkseride.com\/wp-content\/uploads\/2022\/04\/DSC05989-1152x2048.jpg 1152w, https:\/\/www.linkseride.com\/wp-content\/uploads\/2022\/04\/DSC05989-600x1067.jpg 600w\" sizes=\"(max-width: 1440px) 100vw, 1440px\" \/>\n\t\t\t<\/div><\/figure><figure class='gallery-item'>\n\t\t\t<div class='gallery-icon portrait'>\n\t\t\t\t<img loading=\"lazy\" decoding=\"async\" width=\"1440\" height=\"2560\" src=\"https:\/\/www.linkseride.com\/wp-content\/uploads\/2022\/04\/DSC05963-scaled.jpg\" class=\"attachment-full size-full\" alt=\"trottinette \u00e9lectrique \u00e0 gros pneus\" srcset=\"https:\/\/www.linkseride.com\/wp-content\/uploads\/2022\/04\/DSC05963-scaled.jpg 1440w, https:\/\/www.linkseride.com\/wp-content\/uploads\/2022\/04\/DSC05963-169x300.jpg 169w, https:\/\/www.linkseride.com\/wp-content\/uploads\/2022\/04\/DSC05963-576x1024.jpg 576w, https:\/\/www.linkseride.com\/wp-content\/uploads\/2022\/04\/DSC05963-768x1366.jpg 768w, https:\/\/www.linkseride.com\/wp-content\/uploads\/2022\/04\/DSC05963-864x1536.jpg 864w, https:\/\/www.linkseride.com\/wp-content\/uploads\/2022\/04\/DSC05963-1152x2048.jpg 1152w, https:\/\/www.linkseride.com\/wp-content\/uploads\/2022\/04\/DSC05963-600x1067.jpg 600w\" sizes=\"(max-width: 1440px) 100vw, 1440px\" \/>\n\t\t\t<\/div><\/figure><figure class='gallery-item'>\n\t\t\t<div class='gallery-icon portrait'>\n\t\t\t\t<img loading=\"lazy\" decoding=\"async\" width=\"1440\" height=\"2560\" src=\"https:\/\/www.linkseride.com\/wp-content\/uploads\/2022\/04\/DSC05996-scaled-e1650159304971.jpg\" class=\"attachment-full size-full\" alt=\"fat tire escooter accessory\" srcset=\"https:\/\/www.linkseride.com\/wp-content\/uploads\/2022\/04\/DSC05996-scaled-e1650159304971.jpg 1440w, https:\/\/www.linkseride.com\/wp-content\/uploads\/2022\/04\/DSC05996-scaled-e1650159304971-169x300.jpg 169w, https:\/\/www.linkseride.com\/wp-content\/uploads\/2022\/04\/DSC05996-scaled-e1650159304971-576x1024.jpg 576w, https:\/\/www.linkseride.com\/wp-content\/uploads\/2022\/04\/DSC05996-scaled-e1650159304971-768x1365.jpg 768w, https:\/\/www.linkseride.com\/wp-content\/uploads\/2022\/04\/DSC05996-scaled-e1650159304971-864x1536.jpg 864w, https:\/\/www.linkseride.com\/wp-content\/uploads\/2022\/04\/DSC05996-scaled-e1650159304971-1152x2048.jpg 1152w, https:\/\/www.linkseride.com\/wp-content\/uploads\/2022\/04\/DSC05996-scaled-e1650159304971-600x1067.jpg 600w\" sizes=\"(max-width: 1440px) 100vw, 1440px\" \/>\n\t\t\t<\/div><\/figure>\n\t\t<\/div>\n\n<\/div>\n<\/div>\n<p>Nous avons \u00e9galement un autre nouveau mod\u00e8le de scooter Citycoco en forme de Harley. Si vous souhaitez plus d'informations, vous pouvez<a href=\"https:\/\/www.linkseride.com\/fr_ca\/fat-tire-scooter-electric\/\" target=\"_blank\" rel=\"noopener\"> Trouvez ici.<\/a><\/p>\n<p>Vous trouverez d'autres vid\u00e9os de pr\u00e9sentation ici :\u00a0<a href=\"https:\/\/www.youtube.com\/channel\/UCw4wsO7M_kRsCHTxcFeqTAA\" target=\"_blank\" rel=\"noopener\">https:\/\/www.youtube.com\/channel\/UCw4wsO7M_kRsCHTxcFeqTAA<\/a><\/p>\n<div class=\"ast-oembed-container\" style=\"height: 100%;\"><iframe title=\"Linkseride Fat Scooter Brand New Design 701 25KM\/H 45KM\/H EEC COC Proved\" width=\"500\" height=\"281\" src=\"https:\/\/www.youtube.com\/embed\/izcymGZaIOU?feature=oembed\" frameborder=\"0\" allow=\"accelerometer; autoplay; clipboard-write; encrypted-media; gyroscope; picture-in-picture; web-share\" referrerpolicy=\"strict-origin-when-cross-origin\" allowfullscreen><\/iframe><\/div>","protected":false},"excerpt":{"rendered":"<p>\u25cf 2022 Fat Tire Escooter 701 New Design EEC Certificated<\/p>\n<p>\u25cf Max speed 60-80km\/h<\/p>\n<p>\u25cf 2000W\/3000W brushless motor<\/p>\n<p>\u25cf 25km\/h &amp; 45 km\/h with COC certificate<\/p>\n<div>\u25cf Suspension avant et arri\u00e8re<\/div>","protected":false},"featured_media":6502,"template":"","meta":{"site-sidebar-layout":"default","site-content-layout":"default","ast-site-content-layout":"default","site-content-style":"default","site-sidebar-style":"default","ast-global-header-display":"","ast-banner-title-visibility":"","ast-main-header-display":"","ast-hfb-above-header-display":"","ast-hfb-below-header-display":"","ast-hfb-mobile-header-display":"","site-post-title":"","ast-breadcrumbs-content":"","ast-featured-img":"","footer-sml-layout":"","ast-disable-related-posts":"","theme-transparent-header-meta":"default","adv-header-id-meta":"","stick-header-meta":"","header-above-stick-meta":"","header-main-stick-meta":"","header-below-stick-meta":"","astra-migrate-meta-layouts":"default","ast-page-background-enabled":"default","ast-page-background-meta":{"desktop":{"background-color":"","background-image":"","background-repeat":"repeat","background-position":"center center","background-size":"auto","background-attachment":"scroll","background-type":"","background-media":"","overlay-type":"","overlay-color":"","overlay-opacity":"","overlay-gradient":""},"tablet":{"background-color":"","background-image":"","background-repeat":"repeat","background-position":"center center","background-size":"auto","background-attachment":"scroll","background-type":"","background-media":"","overlay-type":"","overlay-color":"","overlay-opacity":"","overlay-gradient":""},"mobile":{"background-color":"","background-image":"","background-repeat":"repeat","background-position":"center center","background-size":"auto","background-attachment":"scroll","background-type":"","background-media":"","overlay-type":"","overlay-color":"","overlay-opacity":"","overlay-gradient":""}},"ast-content-background-meta":{"desktop":{"background-color":"var(--ast-global-color-5)","background-image":"","background-repeat":"repeat","background-position":"center center","background-size":"auto","background-attachment":"scroll","background-type":"","background-media":"","overlay-type":"","overlay-color":"","overlay-opacity":"","overlay-gradient":""},"tablet":{"background-color":"var(--ast-global-color-5)","background-image":"","background-repeat":"repeat","background-position":"center center","background-size":"auto","background-attachment":"scroll","background-type":"","background-media":"","overlay-type":"","overlay-color":"","overlay-opacity":"","overlay-gradient":""},"mobile":{"background-color":"var(--ast-global-color-5)","background-image":"","background-repeat":"repeat","background-position":"center center","background-size":"auto","background-attachment":"scroll","background-type":"","background-media":"","overlay-type":"","overlay-color":"","overlay-opacity":"","overlay-gradient":""}}},"product_brand":[],"product_cat":[27,28],"product_tag":[38],"class_list":{"0":"post-6493","1":"product","2":"type-product","3":"status-publish","4":"has-post-thumbnail","6":"product_cat-electric-motorcycle","7":"product_cat-electric-scooter","8":"product_tag-citycoco-scooter","9":"desktop-align-left","10":"tablet-align-left","11":"mobile-align-left","13":"first","14":"instock","15":"shipping-taxable","16":"product-type-simple"},"_links":{"self":[{"href":"https:\/\/www.linkseride.com\/fr_ca\/wp-json\/wp\/v2\/product\/6493","targetHints":{"allow":["GET"]}}],"collection":[{"href":"https:\/\/www.linkseride.com\/fr_ca\/wp-json\/wp\/v2\/product"}],"about":[{"href":"https:\/\/www.linkseride.com\/fr_ca\/wp-json\/wp\/v2\/types\/product"}],"wp:featuredmedia":[{"embeddable":true,"href":"https:\/\/www.linkseride.com\/fr_ca\/wp-json\/wp\/v2\/media\/6502"}],"wp:attachment":[{"href":"https:\/\/www.linkseride.com\/fr_ca\/wp-json\/wp\/v2\/media?parent=6493"}],"wp:term":[{"taxonomy":"product_brand","embeddable":true,"href":"https:\/\/www.linkseride.com\/fr_ca\/wp-json\/wp\/v2\/product_brand?post=6493"},{"taxonomy":"product_cat","embeddable":true,"href":"https:\/\/www.linkseride.com\/fr_ca\/wp-json\/wp\/v2\/product_cat?post=6493"},{"taxonomy":"product_tag","embeddable":true,"href":"https:\/\/www.linkseride.com\/fr_ca\/wp-json\/wp\/v2\/product_tag?post=6493"}],"curies":[{"name":"wp","href":"https:\/\/api.w.org\/{rel}","templated":true}]}}