{"id":8215,"date":"2022-07-16T01:41:51","date_gmt":"2022-07-16T01:41:51","guid":{"rendered":"http:\/\/linkseride.com\/?post_type=product&#038;p=8215"},"modified":"2024-01-10T03:02:42","modified_gmt":"2024-01-10T03:02:42","slug":"helicoptere-m1-2-places-2000-w","status":"publish","type":"product","link":"https:\/\/www.linkseride.com\/fr_ca\/product\/e-chopper-m1-2-seater-2000w\/","title":{"rendered":"Linkseride E Chopper M1 2 places 2000 W 30 Ah Citycoco Scooter \u00e9lectrique"},"content":{"rendered":"<p>Nous sommes passionn\u00e9s par ce que nous faisons pour notre avenir \u00e9lectrique, notamment <strong><a href=\"https:\/\/www.linkseride.com\/fr_ca\/electric-scooter-manufacturer\/\" target=\"_blank\" rel=\"noopener\">scooters \u00e9lectriques<\/a>, <a href=\"https:\/\/www.linkseride.com\/fr_ca\/fat-tire-scooter-electric\/\" target=\"_blank\" rel=\"noopener\">trottinette \u00e9lectrique \u00e0 gros pneus<\/a>, <a href=\"https:\/\/www.linkseride.com\/fr_ca\/fabricant-de-motos-electriques\/\" target=\"_blank\" rel=\"noopener\">scooter citycoco<\/a>, <a href=\"https:\/\/www.linkseride.com\/fr_ca\/electric-moped-manufacturer\/\" target=\"_blank\" rel=\"noopener\">cyclomoteur \u00e9lectrique<\/a><\/strong> etc.<\/p>\n<p>Linkseride E Chopper M1 2 Seater 2000W 30Ah Citycoco Electric Scooter is an upgrade model for the original e chopper 1.0 (m1)model. Now we are adding the rear seat to meet all requirements for rental and leasing business so that you could carry your child with you.<\/p>\n<p><span style=\"font-size: 16px;\">US warehouses will be in stock for this new model by August 2022! come and secure yours.<\/span><\/p>\n<h2>what is the key features of this E Chopper M1 2 Seater Scooter?<\/h2>\n<table width=\"638\">\n<tbody>\n<tr>\n<td style=\"font-weight: 400;\" width=\"114\"><strong>Moteur<\/strong><\/td>\n<td style=\"font-weight: 400;\" width=\"172\">1500W \/ 2000W Brushless Motor<\/td>\n<td style=\"font-weight: 400;\" width=\"114\"><strong>Batterie<\/strong><\/td>\n<td style=\"font-weight: 400;\" width=\"238\">Batterie lithium amovible<\/td>\n<\/tr>\n<tr>\n<td style=\"font-weight: 400;\" width=\"114\"><strong>Frein<\/strong><\/td>\n<td style=\"font-weight: 400;\" width=\"172\">Frein \u00e0 disque hydraulique avant et arri\u00e8re<\/td>\n<td style=\"font-weight: 400;\" width=\"114\"><strong>Capacit\u00e9 de la batterie<\/strong><\/td>\n<td style=\"font-weight: 400;\" width=\"238\">60V 20Ah \/30Ah Lithium Battery<\/td>\n<\/tr>\n<tr>\n<td style=\"font-weight: 400;\" width=\"114\"><strong>Lumi\u00e8re<\/strong><\/td>\n<td style=\"font-weight: 400;\" width=\"172\">Phares, feux de virage et r\u00e9flecteurs arri\u00e8re \u00e0 diodes \u00e9lectroluminescentes (LED)<\/td>\n<td style=\"font-weight: 400;\" width=\"114\"><strong>Si\u00e8ge<\/strong><\/td>\n<td style=\"font-weight: 400;\" width=\"238\">2 si\u00e8ges<\/td>\n<\/tr>\n<tr>\n<td style=\"font-weight: 400;\" width=\"114\"><strong>Affichage<\/strong><\/td>\n<td style=\"font-weight: 400;\" width=\"172\">\u00c9cran LCD<\/td>\n<td style=\"font-weight: 400;\" width=\"114\"><strong>Pneu<\/strong><\/td>\n<td style=\"font-weight: 400;\" width=\"238\">12\u00a0Inch\u00a0Fat\u00a0Tire<\/td>\n<\/tr>\n<tr>\n<td style=\"font-weight: 400;\" width=\"114\"><strong>Cadre<\/strong><\/td>\n<td style=\"font-weight: 400;\" width=\"172\">Seamless\u00a0steel\u00a0pipe<\/td>\n<td style=\"font-weight: 400;\" width=\"114\"><strong>Vitesse maximale<\/strong><\/td>\n<td style=\"font-weight: 400;\" width=\"238\">45km\/h<\/td>\n<\/tr>\n<tr>\n<td style=\"font-weight: 400;\" width=\"114\"><strong>Suspension<\/strong><\/td>\n<td style=\"font-weight: 400;\" width=\"172\">Suspension avant Fourche ; Amortisseur arri\u00e8re \u00e0 double ressort<\/td>\n<td style=\"font-weight: 400;\" width=\"114\"><strong>Port\u00e9e maximale<\/strong><\/td>\n<td style=\"font-weight: 400;\" width=\"238\">60-80km per charge (affected by weight\/terrain\/weather\/etc)<\/td>\n<\/tr>\n<\/tbody>\n<\/table>\n<div class=\"rte\">\n<div class=\"rte\">\n<h2>Some more detailed product features for E Chopper M1 2 Seater Scooter.<\/h2>\n<div id='gallery-1' class='gallery galleryid-8215 gallery-columns-3 gallery-size-full'><figure class='gallery-item'>\n\t\t\t<div class='gallery-icon landscape'>\n\t\t\t\t<img fetchpriority=\"high\" decoding=\"async\" width=\"2560\" height=\"1920\" src=\"https:\/\/www.linkseride.com\/wp-content\/uploads\/2022\/07\/linkseride-e-chopper-1-scaled.jpg\" class=\"attachment-full size-full\" alt=\"linkseride et chopper\" srcset=\"https:\/\/www.linkseride.com\/wp-content\/uploads\/2022\/07\/linkseride-e-chopper-1-scaled.jpg 2560w, https:\/\/www.linkseride.com\/wp-content\/uploads\/2022\/07\/linkseride-e-chopper-1-300x225.jpg 300w, https:\/\/www.linkseride.com\/wp-content\/uploads\/2022\/07\/linkseride-e-chopper-1-1024x768.jpg 1024w, https:\/\/www.linkseride.com\/wp-content\/uploads\/2022\/07\/linkseride-e-chopper-1-768x576.jpg 768w, https:\/\/www.linkseride.com\/wp-content\/uploads\/2022\/07\/linkseride-e-chopper-1-1536x1152.jpg 1536w, https:\/\/www.linkseride.com\/wp-content\/uploads\/2022\/07\/linkseride-e-chopper-1-2048x1536.jpg 2048w, https:\/\/www.linkseride.com\/wp-content\/uploads\/2022\/07\/linkseride-e-chopper-1-600x450.jpg 600w\" sizes=\"(max-width: 2560px) 100vw, 2560px\" \/>\n\t\t\t<\/div><\/figure><figure class='gallery-item'>\n\t\t\t<div class='gallery-icon landscape'>\n\t\t\t\t<img decoding=\"async\" width=\"2560\" height=\"1920\" src=\"https:\/\/www.linkseride.com\/wp-content\/uploads\/2022\/07\/linkseride-e-chopper-2-scaled.jpg\" class=\"attachment-full size-full\" alt=\"linkseride et chopper\" srcset=\"https:\/\/www.linkseride.com\/wp-content\/uploads\/2022\/07\/linkseride-e-chopper-2-scaled.jpg 2560w, https:\/\/www.linkseride.com\/wp-content\/uploads\/2022\/07\/linkseride-e-chopper-2-300x225.jpg 300w, https:\/\/www.linkseride.com\/wp-content\/uploads\/2022\/07\/linkseride-e-chopper-2-1024x768.jpg 1024w, https:\/\/www.linkseride.com\/wp-content\/uploads\/2022\/07\/linkseride-e-chopper-2-768x576.jpg 768w, https:\/\/www.linkseride.com\/wp-content\/uploads\/2022\/07\/linkseride-e-chopper-2-1536x1152.jpg 1536w, https:\/\/www.linkseride.com\/wp-content\/uploads\/2022\/07\/linkseride-e-chopper-2-2048x1536.jpg 2048w, https:\/\/www.linkseride.com\/wp-content\/uploads\/2022\/07\/linkseride-e-chopper-2-600x450.jpg 600w\" sizes=\"(max-width: 2560px) 100vw, 2560px\" \/>\n\t\t\t<\/div><\/figure><figure class='gallery-item'>\n\t\t\t<div class='gallery-icon landscape'>\n\t\t\t\t<img decoding=\"async\" width=\"2560\" height=\"1920\" src=\"https:\/\/www.linkseride.com\/wp-content\/uploads\/2022\/07\/linkseride-e-chopper-3-scaled.jpg\" class=\"attachment-full size-full\" alt=\"linkseride et chopper\" srcset=\"https:\/\/www.linkseride.com\/wp-content\/uploads\/2022\/07\/linkseride-e-chopper-3-scaled.jpg 2560w, https:\/\/www.linkseride.com\/wp-content\/uploads\/2022\/07\/linkseride-e-chopper-3-300x225.jpg 300w, https:\/\/www.linkseride.com\/wp-content\/uploads\/2022\/07\/linkseride-e-chopper-3-1024x768.jpg 1024w, https:\/\/www.linkseride.com\/wp-content\/uploads\/2022\/07\/linkseride-e-chopper-3-768x576.jpg 768w, https:\/\/www.linkseride.com\/wp-content\/uploads\/2022\/07\/linkseride-e-chopper-3-1536x1152.jpg 1536w, https:\/\/www.linkseride.com\/wp-content\/uploads\/2022\/07\/linkseride-e-chopper-3-2048x1536.jpg 2048w, https:\/\/www.linkseride.com\/wp-content\/uploads\/2022\/07\/linkseride-e-chopper-3-600x450.jpg 600w\" sizes=\"(max-width: 2560px) 100vw, 2560px\" \/>\n\t\t\t<\/div><\/figure>\n\t\t<\/div>\n\n<\/div>\n<\/div>\n<div id='gallery-2' class='gallery galleryid-8215 gallery-columns-3 gallery-size-full'><figure class='gallery-item'>\n\t\t\t<div class='gallery-icon landscape'>\n\t\t\t\t<img loading=\"lazy\" decoding=\"async\" width=\"2560\" height=\"1920\" src=\"https:\/\/www.linkseride.com\/wp-content\/uploads\/2022\/07\/linkseride-e-chopper-4-scaled.jpg\" class=\"attachment-full size-full\" alt=\"linkseride et chopper\" srcset=\"https:\/\/www.linkseride.com\/wp-content\/uploads\/2022\/07\/linkseride-e-chopper-4-scaled.jpg 2560w, https:\/\/www.linkseride.com\/wp-content\/uploads\/2022\/07\/linkseride-e-chopper-4-300x225.jpg 300w, https:\/\/www.linkseride.com\/wp-content\/uploads\/2022\/07\/linkseride-e-chopper-4-1024x768.jpg 1024w, https:\/\/www.linkseride.com\/wp-content\/uploads\/2022\/07\/linkseride-e-chopper-4-768x576.jpg 768w, https:\/\/www.linkseride.com\/wp-content\/uploads\/2022\/07\/linkseride-e-chopper-4-1536x1152.jpg 1536w, https:\/\/www.linkseride.com\/wp-content\/uploads\/2022\/07\/linkseride-e-chopper-4-2048x1536.jpg 2048w, https:\/\/www.linkseride.com\/wp-content\/uploads\/2022\/07\/linkseride-e-chopper-4-600x450.jpg 600w\" sizes=\"(max-width: 2560px) 100vw, 2560px\" \/>\n\t\t\t<\/div><\/figure><figure class='gallery-item'>\n\t\t\t<div class='gallery-icon landscape'>\n\t\t\t\t<img loading=\"lazy\" decoding=\"async\" width=\"2560\" height=\"1920\" src=\"https:\/\/www.linkseride.com\/wp-content\/uploads\/2022\/07\/linkseride-e-chopper-5-scaled.jpg\" class=\"attachment-full size-full\" alt=\"linkseride et chopper\" srcset=\"https:\/\/www.linkseride.com\/wp-content\/uploads\/2022\/07\/linkseride-e-chopper-5-scaled.jpg 2560w, https:\/\/www.linkseride.com\/wp-content\/uploads\/2022\/07\/linkseride-e-chopper-5-300x225.jpg 300w, https:\/\/www.linkseride.com\/wp-content\/uploads\/2022\/07\/linkseride-e-chopper-5-1024x768.jpg 1024w, https:\/\/www.linkseride.com\/wp-content\/uploads\/2022\/07\/linkseride-e-chopper-5-768x576.jpg 768w, https:\/\/www.linkseride.com\/wp-content\/uploads\/2022\/07\/linkseride-e-chopper-5-1536x1152.jpg 1536w, https:\/\/www.linkseride.com\/wp-content\/uploads\/2022\/07\/linkseride-e-chopper-5-2048x1536.jpg 2048w, https:\/\/www.linkseride.com\/wp-content\/uploads\/2022\/07\/linkseride-e-chopper-5-600x450.jpg 600w\" sizes=\"(max-width: 2560px) 100vw, 2560px\" \/>\n\t\t\t<\/div><\/figure><figure class='gallery-item'>\n\t\t\t<div class='gallery-icon landscape'>\n\t\t\t\t<img loading=\"lazy\" decoding=\"async\" width=\"2560\" height=\"1920\" src=\"https:\/\/www.linkseride.com\/wp-content\/uploads\/2022\/07\/linkseride-e-chopper-6-scaled.jpg\" class=\"attachment-full size-full\" alt=\"linkseride et chopper\" srcset=\"https:\/\/www.linkseride.com\/wp-content\/uploads\/2022\/07\/linkseride-e-chopper-6-scaled.jpg 2560w, https:\/\/www.linkseride.com\/wp-content\/uploads\/2022\/07\/linkseride-e-chopper-6-300x225.jpg 300w, https:\/\/www.linkseride.com\/wp-content\/uploads\/2022\/07\/linkseride-e-chopper-6-1024x768.jpg 1024w, https:\/\/www.linkseride.com\/wp-content\/uploads\/2022\/07\/linkseride-e-chopper-6-768x576.jpg 768w, https:\/\/www.linkseride.com\/wp-content\/uploads\/2022\/07\/linkseride-e-chopper-6-1536x1152.jpg 1536w, https:\/\/www.linkseride.com\/wp-content\/uploads\/2022\/07\/linkseride-e-chopper-6-2048x1536.jpg 2048w, https:\/\/www.linkseride.com\/wp-content\/uploads\/2022\/07\/linkseride-e-chopper-6-600x450.jpg 600w\" sizes=\"(max-width: 2560px) 100vw, 2560px\" \/>\n\t\t\t<\/div><\/figure>\n\t\t<\/div>\n\n<p>&nbsp;<\/p>\n<p>Nous avons \u00e9galement un autre nouveau mod\u00e8le de scooter Citycoco en forme de Harley. Si vous souhaitez plus d'informations, vous pouvez<a href=\"https:\/\/www.linkseride.com\/fr_ca\/fat-tire-scooter-electric\/\" target=\"_blank\" rel=\"noopener\"> Trouvez ici.<\/a><\/p>\n<p>Vous trouverez d'autres vid\u00e9os de pr\u00e9sentation ici :\u00a0<a href=\"https:\/\/www.youtube.com\/channel\/UCw4wsO7M_kRsCHTxcFeqTAA\" target=\"_blank\" rel=\"noopener\">https:\/\/www.youtube.com\/channel\/UCw4wsO7M_kRsCHTxcFeqTAA<\/a><\/p>\n<div class=\"ast-oembed-container\" style=\"height: 100%;\"><iframe title=\"Linkseride E Chopper M1 2 places 2000 W 30 Ah Citycoco Scooter \u00e9lectrique\" width=\"500\" height=\"281\" src=\"https:\/\/www.youtube.com\/embed\/bWrSQhsybsY?feature=oembed\" frameborder=\"0\" allow=\"accelerometer; autoplay; clipboard-write; encrypted-media; gyroscope; picture-in-picture; web-share\" referrerpolicy=\"strict-origin-when-cross-origin\" allowfullscreen><\/iframe><\/div>","protected":false},"excerpt":{"rendered":"<p>\u25cf Linkseride E Chopper M1 2 Seater<\/p>\n<p>\u25cf 2000W 30Ah Citycoco Electric Scooter<\/p>\n<p>\u25cf Suspension avant et arri\u00e8re<\/p>\n<p>\u25cf US warehoue in stock for fast local shipping<\/p>\n<p>&nbsp;<\/p>","protected":false},"featured_media":8222,"template":"","meta":{"site-sidebar-layout":"default","site-content-layout":"default","ast-site-content-layout":"default","site-content-style":"default","site-sidebar-style":"default","ast-global-header-display":"","ast-banner-title-visibility":"","ast-main-header-display":"","ast-hfb-above-header-display":"","ast-hfb-below-header-display":"","ast-hfb-mobile-header-display":"","site-post-title":"","ast-breadcrumbs-content":"","ast-featured-img":"","footer-sml-layout":"","ast-disable-related-posts":"","theme-transparent-header-meta":"default","adv-header-id-meta":"","stick-header-meta":"","header-above-stick-meta":"","header-main-stick-meta":"","header-below-stick-meta":"","astra-migrate-meta-layouts":"set","ast-page-background-enabled":"default","ast-page-background-meta":{"desktop":{"background-color":"","background-image":"","background-repeat":"repeat","background-position":"center center","background-size":"auto","background-attachment":"scroll","background-type":"","background-media":"","overlay-type":"","overlay-color":"","overlay-opacity":"","overlay-gradient":""},"tablet":{"background-color":"","background-image":"","background-repeat":"repeat","background-position":"center center","background-size":"auto","background-attachment":"scroll","background-type":"","background-media":"","overlay-type":"","overlay-color":"","overlay-opacity":"","overlay-gradient":""},"mobile":{"background-color":"","background-image":"","background-repeat":"repeat","background-position":"center center","background-size":"auto","background-attachment":"scroll","background-type":"","background-media":"","overlay-type":"","overlay-color":"","overlay-opacity":"","overlay-gradient":""}},"ast-content-background-meta":{"desktop":{"background-color":"var(--ast-global-color-5)","background-image":"","background-repeat":"repeat","background-position":"center center","background-size":"auto","background-attachment":"scroll","background-type":"","background-media":"","overlay-type":"","overlay-color":"","overlay-opacity":"","overlay-gradient":""},"tablet":{"background-color":"var(--ast-global-color-5)","background-image":"","background-repeat":"repeat","background-position":"center center","background-size":"auto","background-attachment":"scroll","background-type":"","background-media":"","overlay-type":"","overlay-color":"","overlay-opacity":"","overlay-gradient":""},"mobile":{"background-color":"var(--ast-global-color-5)","background-image":"","background-repeat":"repeat","background-position":"center center","background-size":"auto","background-attachment":"scroll","background-type":"","background-media":"","overlay-type":"","overlay-color":"","overlay-opacity":"","overlay-gradient":""}}},"product_brand":[],"product_cat":[27,28],"product_tag":[38,50],"class_list":{"0":"post-8215","1":"product","2":"type-product","3":"status-publish","4":"has-post-thumbnail","6":"product_cat-electric-motorcycle","7":"product_cat-electric-scooter","8":"product_tag-citycoco-scooter","9":"product_tag-fat-tire-scooter","10":"desktop-align-left","11":"tablet-align-left","12":"mobile-align-left","14":"first","15":"instock","16":"shipping-taxable","17":"product-type-simple"},"_links":{"self":[{"href":"https:\/\/www.linkseride.com\/fr_ca\/wp-json\/wp\/v2\/product\/8215","targetHints":{"allow":["GET"]}}],"collection":[{"href":"https:\/\/www.linkseride.com\/fr_ca\/wp-json\/wp\/v2\/product"}],"about":[{"href":"https:\/\/www.linkseride.com\/fr_ca\/wp-json\/wp\/v2\/types\/product"}],"wp:featuredmedia":[{"embeddable":true,"href":"https:\/\/www.linkseride.com\/fr_ca\/wp-json\/wp\/v2\/media\/8222"}],"wp:attachment":[{"href":"https:\/\/www.linkseride.com\/fr_ca\/wp-json\/wp\/v2\/media?parent=8215"}],"wp:term":[{"taxonomy":"product_brand","embeddable":true,"href":"https:\/\/www.linkseride.com\/fr_ca\/wp-json\/wp\/v2\/product_brand?post=8215"},{"taxonomy":"product_cat","embeddable":true,"href":"https:\/\/www.linkseride.com\/fr_ca\/wp-json\/wp\/v2\/product_cat?post=8215"},{"taxonomy":"product_tag","embeddable":true,"href":"https:\/\/www.linkseride.com\/fr_ca\/wp-json\/wp\/v2\/product_tag?post=8215"}],"curies":[{"name":"wp","href":"https:\/\/api.w.org\/{rel}","templated":true}]}}