{"id":8484,"date":"2022-08-26T08:36:09","date_gmt":"2022-08-26T08:36:09","guid":{"rendered":"http:\/\/linkseride.com\/?post_type=product&#038;p=8484"},"modified":"2026-01-08T09:07:22","modified_gmt":"2026-01-08T09:07:22","slug":"electric-three-wheel-scooter-2000w","status":"publish","type":"product","link":"https:\/\/www.linkseride.com\/fr_ca\/product\/electric-three-wheel-scooter-2000w\/","title":{"rendered":"CP3 Scooter \u00e9lectrique \u00e0 trois roues 2000w"},"content":{"rendered":"<h2>Linkseride CP3 Electric Three wheel Scooter 2000w<\/h2>\n<p>We are Chinese electric golf scooter manufacturer since 2014.\u00a0We are passionate about what we are doing with our electric future, including <strong>les scooters \u00e9lectriques, <a href=\"https:\/\/www.linkseride.com\/fr_ca\/fabricant-de-motos-electriques\/\" target=\"_blank\" rel=\"noopener\">scooter \u00e0 pneus larges<\/a>, <a href=\"https:\/\/www.linkseride.com\/fr_ca\/fabricant-de-motos-electriques\/\" target=\"_blank\" rel=\"noopener\">scooter citycoco<\/a>, <a href=\"https:\/\/www.linkseride.com\/fr_ca\/electric-moped-manufacturer\/\" target=\"_blank\" rel=\"noopener\">cyclomoteur \u00e9lectrique<\/a><\/strong> etc.<\/p>\n<p>This Electric Three wheel Scooter 2000w is with front and rear 10inch size. The electric trike scooter is \u00a0powered by a 2000w motor, 60V 40Ah battery.3 wheels option will be more stable during riding. The max range of <a href=\"https:\/\/www.linkseride.com\/fr_ca\/trike-scooter-electric-tricycle-manufacturer\/\" target=\"_blank\" rel=\"noopener\"><b>electric three wheel scooter<\/b><\/a> could reach 30 to 45 km per single 20Ah battery. This three wheel electric scooter 2000w support double removable li-ion battery, max speed is 45 km\/h.<\/p>\n<div id='gallery-1' class='gallery galleryid-8484 gallery-columns-3 gallery-size-full'><figure class='gallery-item'>\n\t\t\t<div class='gallery-icon landscape'>\n\t\t\t\t<img fetchpriority=\"high\" decoding=\"async\" width=\"1000\" height=\"1000\" src=\"https:\/\/www.linkseride.com\/wp-content\/uploads\/2022\/08\/black-2.jpg\" class=\"attachment-full size-full\" alt=\"three wheel scooter\" srcset=\"https:\/\/www.linkseride.com\/wp-content\/uploads\/2022\/08\/black-2.jpg 1000w, https:\/\/www.linkseride.com\/wp-content\/uploads\/2022\/08\/black-2-300x300.jpg 300w, https:\/\/www.linkseride.com\/wp-content\/uploads\/2022\/08\/black-2-150x150.jpg 150w, https:\/\/www.linkseride.com\/wp-content\/uploads\/2022\/08\/black-2-768x768.jpg 768w, https:\/\/www.linkseride.com\/wp-content\/uploads\/2022\/08\/black-2-600x600.jpg 600w, https:\/\/www.linkseride.com\/wp-content\/uploads\/2022\/08\/black-2-100x100.jpg 100w\" sizes=\"(max-width: 1000px) 100vw, 1000px\" \/>\n\t\t\t<\/div><\/figure><figure class='gallery-item'>\n\t\t\t<div class='gallery-icon landscape'>\n\t\t\t\t<img decoding=\"async\" width=\"1000\" height=\"1000\" src=\"https:\/\/www.linkseride.com\/wp-content\/uploads\/2022\/04\/electric-golf-scooter-3.jpg\" class=\"attachment-full size-full\" alt=\"scooter de golf \u00e9lectrique\" aria-describedby=\"gallery-1-6608\" srcset=\"https:\/\/www.linkseride.com\/wp-content\/uploads\/2022\/04\/electric-golf-scooter-3.jpg 1000w, https:\/\/www.linkseride.com\/wp-content\/uploads\/2022\/04\/electric-golf-scooter-3-300x300.jpg 300w, https:\/\/www.linkseride.com\/wp-content\/uploads\/2022\/04\/electric-golf-scooter-3-150x150.jpg 150w, https:\/\/www.linkseride.com\/wp-content\/uploads\/2022\/04\/electric-golf-scooter-3-768x768.jpg 768w, https:\/\/www.linkseride.com\/wp-content\/uploads\/2022\/04\/electric-golf-scooter-3-600x600.jpg 600w, https:\/\/www.linkseride.com\/wp-content\/uploads\/2022\/04\/electric-golf-scooter-3-100x100.jpg 100w\" sizes=\"(max-width: 1000px) 100vw, 1000px\" \/>\n\t\t\t<\/div>\n\t\t\t\t<figcaption class='wp-caption-text gallery-caption' id='gallery-1-6608'>\n\t\t\t\toption 1: add a bracket\n\t\t\t\t<\/figcaption><\/figure><figure class='gallery-item'>\n\t\t\t<div class='gallery-icon landscape'>\n\t\t\t\t<img decoding=\"async\" width=\"1000\" height=\"1000\" src=\"https:\/\/www.linkseride.com\/wp-content\/uploads\/2022\/08\/black-5.png\" class=\"attachment-full size-full\" alt=\"three wheel scooter\" srcset=\"https:\/\/www.linkseride.com\/wp-content\/uploads\/2022\/08\/black-5.png 1000w, https:\/\/www.linkseride.com\/wp-content\/uploads\/2022\/08\/black-5-300x300.png 300w, https:\/\/www.linkseride.com\/wp-content\/uploads\/2022\/08\/black-5-150x150.png 150w, https:\/\/www.linkseride.com\/wp-content\/uploads\/2022\/08\/black-5-768x768.png 768w, https:\/\/www.linkseride.com\/wp-content\/uploads\/2022\/08\/black-5-600x600.png 600w, https:\/\/www.linkseride.com\/wp-content\/uploads\/2022\/08\/black-5-100x100.png 100w\" sizes=\"(max-width: 1000px) 100vw, 1000px\" \/>\n\t\t\t<\/div><\/figure>\n\t\t<\/div>\n\n<h2>what is the features of this CP3 Electric Three wheel Scooter 2000w?<\/h2>\n<ul>\n<li>2000w rated power provide excellent hill climbing ability<\/li>\n<li>Optional 2 sets of Lithium-Ion \u201cQuick-swap\u201d Battery (40ah)\u00a0 ensure a max range of 70km<\/li>\n<li><strong>D.O.T listed Scooter Manufacturer<\/strong> ( Speed limit: 45km\/h ), you can get registeration in some states.<\/li>\n<li>Includes rear braket, US warehoue black color in stock.<\/li>\n<li>Option 2 places avec mat\u00e9riau amortissant pour am\u00e9liorer les sensations de conduite<\/li>\n<\/ul>\n<table>\n<tbody>\n<tr>\n<td>Puissance du moteur<\/td>\n<td>2000w<\/td>\n<\/tr>\n<tr>\n<td>Vitesse maximale<\/td>\n<td>45km\/h<\/td>\n<\/tr>\n<tr>\n<td>Port\u00e9e maximale<\/td>\n<td>60 km<\/td>\n<\/tr>\n<tr>\n<td>Capacit\u00e9 de la batterie<\/td>\n<td>60V 20Ah\/60V 40Ah<\/td>\n<\/tr>\n<tr>\n<td>Mat\u00e9riau du cadre<\/td>\n<td>Tube d'acier sans soudure<\/td>\n<\/tr>\n<tr>\n<td>Pneu<\/td>\n<td>10 pouces<\/td>\n<\/tr>\n<tr>\n<td>Chargement maximal<\/td>\n<td>200 kg<\/td>\n<\/tr>\n<tr>\n<td>N.W\/G.W<\/td>\n<td>89kg<\/td>\n<\/tr>\n<tr>\n<td>Other features<\/td>\n<td>Phone holder with USB port<\/p>\n<p>rear rack\/bracket<\/td>\n<\/tr>\n<\/tbody>\n<\/table>\n<p><img loading=\"lazy\" decoding=\"async\" class=\"alignnone wp-image-11015 size-full\" src=\"https:\/\/www.linkseride.com\/wp-content\/uploads\/2022\/08\/CP3.png\" alt=\"\" width=\"1280\" height=\"720\" srcset=\"https:\/\/www.linkseride.com\/wp-content\/uploads\/2022\/08\/CP3.png 1280w, https:\/\/www.linkseride.com\/wp-content\/uploads\/2022\/08\/CP3-300x169.png 300w, https:\/\/www.linkseride.com\/wp-content\/uploads\/2022\/08\/CP3-1024x576.png 1024w, https:\/\/www.linkseride.com\/wp-content\/uploads\/2022\/08\/CP3-768x432.png 768w, https:\/\/www.linkseride.com\/wp-content\/uploads\/2022\/08\/CP3-600x338.png 600w\" sizes=\"(max-width: 1280px) 100vw, 1280px\" \/><\/p>\n<p>&nbsp;<\/p>\n<h2>Why choosing this kind of Electric Three wheel Scooter?<\/h2>\n<p>Nous avons \u00e9galement d'autres mod\u00e8les de scooters de golf \u00e9lectriques \u00e0 conducteur unique, si vous avez besoin de plus d'informations, vous pouvez<a href=\"https:\/\/www.linkseride.com\/fr_ca\/fat-tire-golf-scooter-golf-cart-trouring\/\" target=\"_blank\" rel=\"noopener\"> Trouvez ici.<\/a><\/p>\n<p>Vous trouverez d'autres vid\u00e9os de pr\u00e9sentation ici : <a href=\"https:\/\/www.youtube.com\/c\/LinksErideTech\" target=\"_blank\" rel=\"noopener\">https:\/\/www.youtube.com\/c\/LinksErideTech<\/a><\/p>\n<div class=\"ast-oembed-container\" style=\"height: 100%;\"><iframe title=\"How to Install the CP3 Three Wheel Electric Trike Scooter from the Package\" width=\"500\" height=\"281\" src=\"https:\/\/www.youtube.com\/embed\/UQGyWv2aFWE?feature=oembed&#038;enablejsapi=1&#038;origin=https:\/\/www.linkseride.com\" frameborder=\"0\" allow=\"accelerometer; autoplay; clipboard-write; encrypted-media; gyroscope; picture-in-picture; web-share\" referrerpolicy=\"strict-origin-when-cross-origin\" allowfullscreen><\/iframe><\/div>\n<div class=\"ast-oembed-container\" style=\"height: 100%;\"><iframe title=\"CP 3 Electric Scooter Citycoco Super 3 wheels Scooter EEC COC 25km\/h or 45km\/h\" width=\"500\" height=\"281\" src=\"https:\/\/www.youtube.com\/embed\/ic0scxsVikQ?feature=oembed&#038;enablejsapi=1&#038;origin=https:\/\/www.linkseride.com\" frameborder=\"0\" allow=\"accelerometer; autoplay; clipboard-write; encrypted-media; gyroscope; picture-in-picture; web-share\" referrerpolicy=\"strict-origin-when-cross-origin\" allowfullscreen><\/iframe><\/div>","protected":false},"excerpt":{"rendered":"<p>\u25cf Electric Three-wheel Scooter 2000w US Warehouse <strong>California Warehouse (the US only)<\/strong><\/p>\n<p>\u25cf 2000w rated power to provide excellent hill climbing ability<\/p>\n<p>\u25cf Includes rear bracket, US warehouse black color in stock.<\/p>\n<p>\u25cf 2-seated option with a cushioned material to improve riding feelings<\/p>\n<p>\u25cf Optional 2 sets of Lithium-Ion \u201cQuick-swap\u201d Battery (40ah) to ensure a max range of 70km<\/p>","protected":false},"featured_media":8490,"template":"","meta":{"site-sidebar-layout":"default","site-content-layout":"default","ast-site-content-layout":"default","site-content-style":"default","site-sidebar-style":"default","ast-global-header-display":"","ast-banner-title-visibility":"","ast-main-header-display":"","ast-hfb-above-header-display":"","ast-hfb-below-header-display":"","ast-hfb-mobile-header-display":"","site-post-title":"","ast-breadcrumbs-content":"","ast-featured-img":"","footer-sml-layout":"","ast-disable-related-posts":"","theme-transparent-header-meta":"default","adv-header-id-meta":"","stick-header-meta":"","header-above-stick-meta":"","header-main-stick-meta":"","header-below-stick-meta":"","astra-migrate-meta-layouts":"set","ast-page-background-enabled":"default","ast-page-background-meta":{"desktop":{"background-color":"","background-image":"","background-repeat":"repeat","background-position":"center center","background-size":"auto","background-attachment":"scroll","background-type":"","background-media":"","overlay-type":"","overlay-color":"","overlay-opacity":"","overlay-gradient":""},"tablet":{"background-color":"","background-image":"","background-repeat":"repeat","background-position":"center center","background-size":"auto","background-attachment":"scroll","background-type":"","background-media":"","overlay-type":"","overlay-color":"","overlay-opacity":"","overlay-gradient":""},"mobile":{"background-color":"","background-image":"","background-repeat":"repeat","background-position":"center center","background-size":"auto","background-attachment":"scroll","background-type":"","background-media":"","overlay-type":"","overlay-color":"","overlay-opacity":"","overlay-gradient":""}},"ast-content-background-meta":{"desktop":{"background-color":"var(--ast-global-color-5)","background-image":"","background-repeat":"repeat","background-position":"center center","background-size":"auto","background-attachment":"scroll","background-type":"","background-media":"","overlay-type":"","overlay-color":"","overlay-opacity":"","overlay-gradient":""},"tablet":{"background-color":"var(--ast-global-color-5)","background-image":"","background-repeat":"repeat","background-position":"center center","background-size":"auto","background-attachment":"scroll","background-type":"","background-media":"","overlay-type":"","overlay-color":"","overlay-opacity":"","overlay-gradient":""},"mobile":{"background-color":"var(--ast-global-color-5)","background-image":"","background-repeat":"repeat","background-position":"center center","background-size":"auto","background-attachment":"scroll","background-type":"","background-media":"","overlay-type":"","overlay-color":"","overlay-opacity":"","overlay-gradient":""}}},"product_brand":[],"product_cat":[28],"product_tag":[38],"class_list":{"0":"post-8484","1":"product","2":"type-product","3":"status-publish","4":"has-post-thumbnail","6":"product_cat-electric-scooter","7":"product_tag-citycoco-scooter","8":"desktop-align-left","9":"tablet-align-left","10":"mobile-align-left","12":"first","13":"instock","14":"shipping-taxable","15":"product-type-simple"},"_links":{"self":[{"href":"https:\/\/www.linkseride.com\/fr_ca\/wp-json\/wp\/v2\/product\/8484","targetHints":{"allow":["GET"]}}],"collection":[{"href":"https:\/\/www.linkseride.com\/fr_ca\/wp-json\/wp\/v2\/product"}],"about":[{"href":"https:\/\/www.linkseride.com\/fr_ca\/wp-json\/wp\/v2\/types\/product"}],"wp:featuredmedia":[{"embeddable":true,"href":"https:\/\/www.linkseride.com\/fr_ca\/wp-json\/wp\/v2\/media\/8490"}],"wp:attachment":[{"href":"https:\/\/www.linkseride.com\/fr_ca\/wp-json\/wp\/v2\/media?parent=8484"}],"wp:term":[{"taxonomy":"product_brand","embeddable":true,"href":"https:\/\/www.linkseride.com\/fr_ca\/wp-json\/wp\/v2\/product_brand?post=8484"},{"taxonomy":"product_cat","embeddable":true,"href":"https:\/\/www.linkseride.com\/fr_ca\/wp-json\/wp\/v2\/product_cat?post=8484"},{"taxonomy":"product_tag","embeddable":true,"href":"https:\/\/www.linkseride.com\/fr_ca\/wp-json\/wp\/v2\/product_tag?post=8484"}],"curies":[{"name":"wp","href":"https:\/\/api.w.org\/{rel}","templated":true}]}}